{"id":8651,"date":"2020-06-11T10:55:14","date_gmt":"2020-06-11T08:55:14","guid":{"rendered":"https:\/\/calabizo.com\/producto\/estufado-de-grao-de-bico-com-calabizo-frasco-grande-2-3-porcoes\/"},"modified":"2023-02-07T20:28:10","modified_gmt":"2023-02-07T19:28:10","slug":"potaje-de-grao-de-bico-con-calabizo-tamano-grande-2-3-racoes","status":"publish","type":"product","link":"https:\/\/calabizo.com\/pt-pt\/producto\/potaje-de-grao-de-bico-con-calabizo-tamano-grande-2-3-racoes\/","title":{"rendered":"Caixa de pote de gr\u00e3o-de-bico com calabizo. 12 frascos de 720 g."},"content":{"rendered":"","protected":false},"excerpt":{"rendered":"<div class=\"producto-descripcion\">\n<div class=\"btns-packs\">\n<div class=\"btn-pack\">\n      <a class=\"current-pack\">Pacote de 12<\/a>\n    <\/div>\n<\/p><\/div>\n<div class=\"producto-introduccion\">\n<p>Desfrute do primeiro guisado de gr\u00e3o-de-bico vegan no mercado com um sabor reconhecido do guisado &#8220;ao longo da vida&#8221; que lhe d\u00e1 a nossa salsicha de ab\u00f3bora, o calabizo.<\/p>\n<p>O melhor? Um prato preparado saboroso e nutritivo apenas aquecer e pronto!  <a id=\"producto-intro-vermas\" class=\"cerrado\">Veja mais.<\/a><\/p>\n<div id=\"producto-intro-contmas\">\n<p>Ideal para dias em que n\u00e3o tenha tempo ou desejo de cozinhar ou se tenha esquecido de colocar as leguminosas embebidas, em Calabizo oferecemos-lhe este prato preparado, feito apenas com ingredientes vegetais e que s\u00f3 tem de aquecer e estar\u00e1 pronto para desfrutar.<\/p>\n<ul>\n<li>Caixa de 12 frascos de vidro de 720 g.(2-3 por\u00e7\u00f5es)<br \/>(peso aprox. 12 kg.)<\/li>\n<li>Tem 3 anos de consumo preferencial<\/li>\n<li>N\u00e3o \u00e9 necess\u00e1rio arrefecimento, exceto se estiver aberto.<\/li>\n<\/ul><\/div>\n<\/p><\/div>\n<div class=\"producto-caracteristicas\">\n<div class=\"lista-producto-caracteristicas\">\n<div class=\"producto-caract-indiv\">\n<div class=\"producto-ind-iconos\">\n          <img decoding=\"async\" src=\"\/wp-content\/uploads\/2021\/01\/fp-frio.png\"\/>\n        <\/div>\n<div class=\"producto-ind-titulo\">\n<p>N\u00e3o precisa de frio<\/p>\n<\/p><\/div>\n<\/p><\/div>\n<div class=\"producto-caract-indiv\">\n<div class=\"producto-ind-iconos\">\n          <img decoding=\"async\" src=\"\/wp-content\/uploads\/2021\/01\/fp-aditivos.png\"\/>\n        <\/div>\n<div class=\"producto-ind-titulo\">\n<p>Sem aditivos<\/p>\n<\/p><\/div>\n<\/p><\/div>\n<div class=\"producto-caract-indiv\">\n<div class=\"producto-ind-iconos\">\n          <img decoding=\"async\" src=\"\/wp-content\/uploads\/2021\/01\/fp-sojagluten.png\"\/>\n        <\/div>\n<div class=\"producto-ind-titulo\">\n<p>Sem soja\/sem gl\u00faten<\/p>\n<\/p><\/div>\n<\/p><\/div>\n<div class=\"producto-caract-indiv\">\n<div class=\"producto-ind-iconos\">\n          <img decoding=\"async\" src=\"\/wp-content\/uploads\/2021\/01\/fp-colesterol.png\"\/>\n        <\/div>\n<div class=\"producto-ind-titulo\">\n<p>Sem colesterol<\/p>\n<\/p><\/div>\n<\/p><\/div>\n<div class=\"producto-caract-indiv\">\n<div class=\"producto-ind-iconos\">\n          <img decoding=\"async\" src=\"\/wp-content\/uploads\/2021\/01\/fp-calorias.png\"\/>\n        <\/div>\n<div class=\"producto-ind-titulo\">\n<p>Baixo em calorias<\/p>\n<\/p><\/div>\n<\/p><\/div>\n<div class=\"producto-caract-indiv\">\n<div class=\"producto-ind-iconos\">\n          <img decoding=\"async\" src=\"\/wp-content\/uploads\/2021\/01\/fp-fibra.png\"\/>\n        <\/div>\n<div class=\"producto-ind-titulo\">\n<p>Rico em fibra<\/p>\n<\/p><\/div>\n<\/p><\/div>\n<\/p><\/div>\n<div class=\"producto-desplegables\">\n<div class=\"bloque-desplegable\">\n<div id=\"producto-despleg-tit-ingredientes\" class=\"cerrado desplegable\">\n<h3>Ingredientes<\/h3>\n<p>+<\/p>\n<\/p><\/div>\n<div id=\"producto-despleg-ingredientes\">\n<p>Gr\u00e3o-de-bico, cebola, tomate, cenoura, azeite virgem extra (AOVE), pimenta, espinafres, calabizo (salsicha de ab\u00f3bora, 100% vegetal), alho, sal e \u00e1gua de cozedura.<\/p>\n<p>O fodding de gr\u00e3o-de-bico \u00e9 um produto vegan, sem gl\u00faten.<\/p>\n<\/p><\/div>\n<\/p><\/div>\n<div class=\"bloque-desplegable\">\n<div id=\"producto-despleg-tit-informacion\" class=\"cerrado desplegable\">\n<h3>Informa\u00e7\u00e3o nutricional<\/h3>\n<p>+<\/p>\n<\/p><\/div>\n<div id=\"producto-despleg-informacion\">\n<p>(valores m\u00e9dios por 100 g.)<\/p>\n<table>\n<tbody>\n<tr>\n<td>Valor energ\u00e9tico:<\/td>\n<td>369 kj\/88 kcal<\/td>\n<\/tr>\n<tr>\n<td>Gordura:<\/td>\n<td>3,6g<\/td>\n<\/tr>\n<tr>\n<td>Dos quais, saturados:<\/td>\n<td>0,6g<\/td>\n<\/tr>\n<tr>\n<td>Hidratos de carbono:<\/td>\n<td>9,3g<\/td>\n<\/tr>\n<tr>\n<td>Dos quais, a\u00e7\u00facares:<\/td>\n<td>1.2g<\/td>\n<\/tr>\n<tr>\n<td>Prote\u00ednas:<\/td>\n<td>4.6g<\/td>\n<\/tr>\n<tr>\n<td>Sal:<\/td>\n<td>0,9g<\/td>\n<\/tr>\n<\/tbody>\n<\/table><\/div>\n<\/p><\/div>\n<div class=\"bloque-desplegable\">\n<div id=\"producto-despleg-tit-sugerencias\" class=\"cerrado desplegable\">\n<h3>Sugest\u00f5es de prepara\u00e7\u00e3o<\/h3>\n<p>+<\/p>\n<\/p><\/div>\n<div id=\"producto-despleg-sugerencias\">\n<p>Aque\u00e7a-se e est\u00e1 feito!<\/p>\n<p>Um prato de colher f\u00e1cil, confort\u00e1vel, saud\u00e1vel e nutritivo.<\/p>\n<p>Escolha como aquec\u00ea-lo e em poucos minutos voc\u00ea vai desfrutar deste saboroso prato de colher.<\/p>\n<div class=\"producto-suger-tip\">\n<div class=\"div-sugerencias\">\n<div class=\"img-sugerencias\">\n                  <img decoding=\"async\" src=\"\/wp-content\/uploads\/2021\/01\/olla.png\">\n                <\/div>\n<div class=\"p-sugerencias\">\n<p class=\"producto-suger-tip-titulo tit-potaje\">Pote\/Tartera<\/p>\n<\/p><\/div>\n<\/p><\/div>\n<div class=\"div-sugerencias\">\n<div class=\"img-sugerencias\">\n                  <img decoding=\"async\" src=\"\/wp-content\/uploads\/2021\/01\/banomaria.png\">\n                <\/div>\n<div class=\"p-sugerencias\">\n<p class=\"producto-suger-tip-titulo tit-potaje\">Banho Maria<\/p>\n<\/p><\/div>\n<\/p><\/div>\n<div class=\"div-sugerencias\">\n<div class=\"img-sugerencias\">\n                  <img decoding=\"async\" src=\"\/wp-content\/uploads\/2021\/01\/micro.png\">\n                <\/div>\n<div class=\"p-sugerencias\">\n<p class=\"producto-suger-tip-titulo tit-potaje\">Micro-ondas<\/p>\n<\/p><\/div>\n<\/p><\/div>\n<div class=\"div-sugerencias\">\n<div class=\"p-sugerencias\">\n<p><strong>Na hashtag #recetasconcalabizo<\/strong> encontrar\u00e1 v\u00e1rias formas de provar Calabizo<\/p>\n<p class=\"p-recetas\"><strong>Descubra a<\/strong> nossa <a target=\"_blank\" href=\"\/pt-pt\/recetas\/\" rel=\"noopener\">sec\u00e7\u00e3o de Receitas.<\/a><\/p>\n<\/p><\/div>\n<\/p><\/div>\n<\/p><\/div>\n<h3>Recomenda\u00e7\u00f5es de utiliza\u00e7\u00e3o<\/h3>\n<div class=\"lista-recomendaciones\">\n<ul>\n<li>Tem um consumo preferencial de 3 anos<\/li>\n<li>Uma vez aberto, consumir no prazo de 2 dias.<\/li>\n<li>Uma vez aberto, deve ser mantido frio.<\/li>\n<\/ul><\/div>\n<\/p><\/div>\n<\/p><\/div>\n<\/p><\/div>\n<\/p><\/div>\n<\/div>\n","protected":false},"featured_media":29829,"comment_status":"closed","ping_status":"closed","template":"","meta":{"_acf_changed":false},"product_brand":[],"product_cat":[282],"product_tag":[362,458,461,457,459,460,367,369,380],"class_list":{"0":"post-8651","1":"product","2":"type-product","3":"status-publish","4":"has-post-thumbnail","6":"product_cat-estufado-de-grao-de-bico","7":"product_tag-calabizo-pt-pt","8":"product_tag-garbanzos-pt-pt","9":"product_tag-pack-de-12-pt-pt","10":"product_tag-potaje-pt-pt","11":"product_tag-potaje-de-garbanzos-pt-pt","12":"product_tag-potaje-vegano-pt-pt","13":"product_tag-sin-gluten-pt-pt","14":"product_tag-vegano-pt-pt","15":"product_tag-vegetal-pt-pt","17":"first","18":"instock","19":"sold-individually","20":"taxable","21":"shipping-taxable","22":"purchasable","23":"product-type-simple"},"acf":[],"_links":{"self":[{"href":"https:\/\/calabizo.com\/pt-pt\/wp-json\/wp\/v2\/product\/8651","targetHints":{"allow":["GET"]}}],"collection":[{"href":"https:\/\/calabizo.com\/pt-pt\/wp-json\/wp\/v2\/product"}],"about":[{"href":"https:\/\/calabizo.com\/pt-pt\/wp-json\/wp\/v2\/types\/product"}],"replies":[{"embeddable":true,"href":"https:\/\/calabizo.com\/pt-pt\/wp-json\/wp\/v2\/comments?post=8651"}],"version-history":[{"count":8,"href":"https:\/\/calabizo.com\/pt-pt\/wp-json\/wp\/v2\/product\/8651\/revisions"}],"predecessor-version":[{"id":25101,"href":"https:\/\/calabizo.com\/pt-pt\/wp-json\/wp\/v2\/product\/8651\/revisions\/25101"}],"wp:featuredmedia":[{"embeddable":true,"href":"https:\/\/calabizo.com\/pt-pt\/wp-json\/wp\/v2\/media\/29829"}],"wp:attachment":[{"href":"https:\/\/calabizo.com\/pt-pt\/wp-json\/wp\/v2\/media?parent=8651"}],"wp:term":[{"taxonomy":"product_brand","embeddable":true,"href":"https:\/\/calabizo.com\/pt-pt\/wp-json\/wp\/v2\/product_brand?post=8651"},{"taxonomy":"product_cat","embeddable":true,"href":"https:\/\/calabizo.com\/pt-pt\/wp-json\/wp\/v2\/product_cat?post=8651"},{"taxonomy":"product_tag","embeddable":true,"href":"https:\/\/calabizo.com\/pt-pt\/wp-json\/wp\/v2\/product_tag?post=8651"}],"curies":[{"name":"wp","href":"https:\/\/api.w.org\/{rel}","templated":true}]}}