{"id":8593,"date":"2015-10-08T10:26:02","date_gmt":"2015-10-08T08:26:02","guid":{"rendered":"https:\/\/calabizo.com\/producto\/calabizo-picante-embalagem-de-6-unidades\/"},"modified":"2022-12-11T23:27:51","modified_gmt":"2022-12-11T22:27:51","slug":"calabizo-picante-pacote-de-6-unidades","status":"publish","type":"product","link":"https:\/\/calabizo.com\/pt-pt\/producto\/calabizo-picante-pacote-de-6-unidades\/","title":{"rendered":"Calabizo picante. Pacote de 6 pcs."},"content":{"rendered":"","protected":false},"excerpt":{"rendered":"<div class=\"producto-descripcion\">\n<div class=\"btns-packs\">\n<p>Escolha o Pack<\/p>\n<div class=\"btn-pack\">\n      <a href=\"\/pt-pt\/producto\/calabizo-picante-pacote-de-3-unidades\/\">Pacote de 3<\/a>\n    <\/div>\n<div class=\"btn-pack\">\n      <a class=\"current-pack\">Pacote de 6<\/a>\n    <\/div>\n<\/p><\/div>\n<div class=\"producto-introduccion\">\n<p>Desfrute de Calabizo na sua vers\u00e3o mais picante, a primeira salsicha de ab\u00f3bora vegetal; vegan e sem gl\u00faten. Feito da forma tradicional: fumado em madeira de carvalho e curado e com todo o sabor do chouri\u00e7o. <a id=\"producto-intro-vermas\" class=\"cerrado\">Veja mais.<\/a><\/p>\n<div id=\"producto-intro-contmas\">\n<p>Com base numa receita ancestral de chouri\u00e7o de ab\u00f3bora galega, o calabizo \u00e9 feito apenas com ingredientes vegetais seguindo o modo tradicional de fumar e curar durante algumas semanas, sem usar quaisquer aditivos.<\/p>\n<p>Uma alternativa ideal para todos os tipos de dietas pelo seu alto valor nutricional, baixa ingest\u00e3o cal\u00f3rica, alto teor de fibra, rico em antioxidantes, fonte de vitamina B6.<\/p>\n<ul>\n<li>Embalagem de 6 calabizos picantes (peso aprox. 240 g.)<\/li>\n<li>Consumo Preferencial de 1 ano<\/li>\n<li>N\u00e3o \u00e9 necess\u00e1rio arrefecimento<\/li>\n<\/ul><\/div>\n<\/p><\/div>\n<div class=\"producto-caracteristicas\">\n<div class=\"lista-producto-caracteristicas\">\n<div class=\"producto-caract-indiv\">\n<div class=\"producto-ind-iconos\">\n          <img decoding=\"async\" src=\"\/wp-content\/uploads\/2021\/01\/fp-frio.png\"\/>\n        <\/div>\n<div class=\"producto-ind-titulo\">\n<p>N\u00e3o precisa de frio<\/p>\n<\/p><\/div>\n<\/p><\/div>\n<div class=\"producto-caract-indiv\">\n<div class=\"producto-ind-iconos\">\n          <img decoding=\"async\" src=\"\/wp-content\/uploads\/2021\/01\/fp-aditivos.png\"\/>\n        <\/div>\n<div class=\"producto-ind-titulo\">\n<p>Sem aditivos<\/p>\n<\/p><\/div>\n<\/p><\/div>\n<div class=\"producto-caract-indiv\">\n<div class=\"producto-ind-iconos\">\n          <img decoding=\"async\" src=\"\/wp-content\/uploads\/2021\/01\/fp-sojagluten.png\"\/>\n        <\/div>\n<div class=\"producto-ind-titulo\">\n<p>Sem soja\/sem gl\u00faten<\/p>\n<\/p><\/div>\n<\/p><\/div>\n<div class=\"producto-caract-indiv\">\n<div class=\"producto-ind-iconos\">\n          <img decoding=\"async\" src=\"\/wp-content\/uploads\/2021\/01\/fp-colesterol.png\"\/>\n        <\/div>\n<div class=\"producto-ind-titulo\">\n<p>Sem colesterol<\/p>\n<\/p><\/div>\n<\/p><\/div>\n<div class=\"producto-caract-indiv\">\n<div class=\"producto-ind-iconos\">\n          <img decoding=\"async\" src=\"\/wp-content\/uploads\/2021\/01\/fp-calorias.png\"\/>\n        <\/div>\n<div class=\"producto-ind-titulo\">\n<p>Baixo em calorias<\/p>\n<\/p><\/div>\n<\/p><\/div>\n<div class=\"producto-caract-indiv\">\n<div class=\"producto-ind-iconos\">\n          <img decoding=\"async\" src=\"\/wp-content\/uploads\/2021\/01\/fp-fibra.png\"\/>\n        <\/div>\n<div class=\"producto-ind-titulo\">\n<p>Rico em fibra<\/p>\n<\/p><\/div>\n<\/p><\/div>\n<\/p><\/div>\n<div class=\"producto-desplegables\">\n<div class=\"bloque-desplegable\">\n<div id=\"producto-despleg-tit-ingredientes\" class=\"cerrado desplegable\">\n<h3>Ingredientes<\/h3>\n<p>+<\/p>\n<\/p><\/div>\n<div id=\"producto-despleg-ingredientes\">\n<p>Ab\u00f3bora (90%) , cebola, azeite virgem extra (AOVE), p\u00e1prica, sal, alho e or\u00e9g\u00e3os.<\/p>\n<p>Salsichas em inv\u00f3lucro artificial de celulose (origem vegetal). N\u00e3o \u00e9 comest\u00edvel.<\/p>\n<\/p><\/div>\n<\/p><\/div>\n<div class=\"bloque-desplegable\">\n<div id=\"producto-despleg-tit-informacion\" class=\"cerrado desplegable\">\n<h3>Informa\u00e7\u00e3o nutricional<\/h3>\n<p>+<\/p>\n<\/p><\/div>\n<div id=\"producto-despleg-informacion\">\n<p>(valores m\u00e9dios por 100 g.)<\/p>\n<table>\n<tbody>\n<tr>\n<td>Valor energ\u00e9tico:<\/td>\n<td>1.093 kj\/261 kcal<\/td>\n<\/tr>\n<tr>\n<td>Gordura:<\/td>\n<td>16g<\/td>\n<\/tr>\n<tr>\n<td>Dos quais, saturados:<\/td>\n<td>2.4g<\/td>\n<\/tr>\n<tr>\n<td>Hidratos de carbono:<\/td>\n<td>21g<\/td>\n<\/tr>\n<tr>\n<td>Dos quais, a\u00e7\u00facares:<\/td>\n<td>1,6g<\/td>\n<\/tr>\n<tr>\n<td>Prote\u00ednas:<\/td>\n<td>8.2g<\/td>\n<\/tr>\n<tr>\n<td>Fibra alimentar:<\/td>\n<td>16,5g<\/td>\n<\/tr>\n<tr>\n<td>Sal:<\/td>\n<td>1,9g<\/td>\n<\/tr>\n<\/tbody>\n<\/table><\/div>\n<\/p><\/div>\n<div class=\"bloque-desplegable\">\n<div id=\"producto-despleg-tit-sugerencias\" class=\"cerrado desplegable\">\n<h3>Sugest\u00f5es de prepara\u00e7\u00e3o<\/h3>\n<p>+<\/p>\n<\/p><\/div>\n<div id=\"producto-despleg-sugerencias\">\n<div class=\"producto-suger-tip\">\n<div class=\"div-sugerencias\">\n<div class=\"img-sugerencias\">\n                  <img decoding=\"async\" src=\"\/wp-content\/uploads\/2021\/01\/plancha.png\">\n                <\/div>\n<div class=\"p-sugerencias\">\n<p class=\"producto-suger-tip-titulo\">Grelhado<\/p>\n<p>Deite algumas gotas de \u00f3leo numa frigideira, adicione o calabizo e deixe-o assar bem de ambos os lados.<\/p>\n<\/p><\/div>\n<\/p><\/div>\n<div class=\"div-sugerencias\">\n<div class=\"img-sugerencias\">\n                  <img decoding=\"async\" src=\"\/wp-content\/uploads\/2021\/01\/crudo.png\">\n                <\/div>\n<div class=\"p-sugerencias\">\n<p class=\"producto-suger-tip-titulo\">Consumo bruto<\/p>\n<p>Pode prov\u00e1-lo agora ou deixar o processo de cura continuar num local fresco e seco fora do recipiente de v\u00e1cuo.<\/p>\n<\/p><\/div>\n<\/p><\/div>\n<div class=\"div-sugerencias\">\n<div class=\"img-sugerencias\">\n                  <img decoding=\"async\" src=\"\/wp-content\/uploads\/2021\/01\/barbacoa.png\">\n                <\/div>\n<div class=\"p-sugerencias\">\n<p class=\"producto-suger-tip-titulo\">O melhor para churrasco<\/p>\n<p>Coloque os calabizos na grelha e grelhe-os, sem ficar muito assado.<\/p>\n<\/p><\/div>\n<\/p><\/div>\n<div class=\"div-sugerencias\">\n<div class=\"img-sugerencias\">\n                  <img decoding=\"async\" src=\"\/wp-content\/uploads\/2021\/01\/otras.png\">\n                <\/div>\n<div class=\"p-sugerencias\">\n<p class=\"producto-suger-tip-titulo\">Outras formas de prepara\u00e7\u00e3o<\/p>\n<p>Retire o chef para dentro e use calabizo nas suas receitas: pratos de colher, potajes, guisados, pizzas, tortilhas, pratos de arroz, massas. Para guisados e assim por diante, a nossa recomenda\u00e7\u00e3o \u00e9 pr\u00e9-remover o intestino artificial, picar e realojar junto com um sofrito, melhorando assim o seu sabor.<\/p>\n<p><strong>Na hashtag #recetasconcalabizo<\/strong> encontrar\u00e1 v\u00e1rias formas de provar Calabizo<\/p>\n<p class=\"p-recetas\"><strong>Descubra a<\/strong> nossa <a target=\"_blank\" href=\"\/pt-pt\/recetas\/\" rel=\"noopener\">sec\u00e7\u00e3o de Receitas.<\/a><\/p>\n<\/p><\/div>\n<\/p><\/div>\n<\/p><\/div>\n<h3>Recomenda\u00e7\u00f5es de utiliza\u00e7\u00e3o<\/h3>\n<div class=\"lista-recomendaciones\">\n<ul>\n<li>Abra 10 minutos antes de consumir.<\/li>\n<li>Antes de consumir, retire o inv\u00f3lucro artificial em que est\u00e1 frio.<\/li>\n<li>N\u00e3o requer refrigera\u00e7\u00e3o, mas uma vez abertas, \u00e9 aconselh\u00e1vel mant\u00ea-las frias.<\/li>\n<\/ul><\/div>\n<\/p><\/div>\n<\/p><\/div>\n<\/p><\/div>\n<\/p><\/div>\n<\/div>\n","protected":false},"featured_media":8594,"comment_status":"closed","ping_status":"closed","template":"","meta":{"_acf_changed":false},"product_brand":[],"product_cat":[281],"product_tag":[362,433,435,434,364,437,436,417,366,368,369,380],"class_list":{"0":"post-8593","1":"product","2":"type-product","3":"status-publish","4":"has-post-thumbnail","6":"product_cat-calabizos-pt-pt","7":"product_tag-calabizo-pt-pt","8":"product_tag-chorizo-de-calabaza-pt-pt","9":"product_tag-chorizo-vegano-pt-pt","10":"product_tag-chorizo-vegetal-pt-pt","11":"product_tag-embutido-de-calabaza-pt-pt","12":"product_tag-embutido-vegano-pt-pt","13":"product_tag-embutido-vegetal-pt-pt","14":"product_tag-pack-de-6-pt-pt","15":"product_tag-picante-pt-pt","16":"product_tag-tradicional-pt-pt","17":"product_tag-vegano-pt-pt","18":"product_tag-vegetal-pt-pt","20":"first","21":"instock","22":"taxable","23":"shipping-taxable","24":"purchasable","25":"product-type-simple"},"acf":[],"_links":{"self":[{"href":"https:\/\/calabizo.com\/pt-pt\/wp-json\/wp\/v2\/product\/8593","targetHints":{"allow":["GET"]}}],"collection":[{"href":"https:\/\/calabizo.com\/pt-pt\/wp-json\/wp\/v2\/product"}],"about":[{"href":"https:\/\/calabizo.com\/pt-pt\/wp-json\/wp\/v2\/types\/product"}],"replies":[{"embeddable":true,"href":"https:\/\/calabizo.com\/pt-pt\/wp-json\/wp\/v2\/comments?post=8593"}],"version-history":[{"count":8,"href":"https:\/\/calabizo.com\/pt-pt\/wp-json\/wp\/v2\/product\/8593\/revisions"}],"predecessor-version":[{"id":14437,"href":"https:\/\/calabizo.com\/pt-pt\/wp-json\/wp\/v2\/product\/8593\/revisions\/14437"}],"wp:featuredmedia":[{"embeddable":true,"href":"https:\/\/calabizo.com\/pt-pt\/wp-json\/wp\/v2\/media\/8594"}],"wp:attachment":[{"href":"https:\/\/calabizo.com\/pt-pt\/wp-json\/wp\/v2\/media?parent=8593"}],"wp:term":[{"taxonomy":"product_brand","embeddable":true,"href":"https:\/\/calabizo.com\/pt-pt\/wp-json\/wp\/v2\/product_brand?post=8593"},{"taxonomy":"product_cat","embeddable":true,"href":"https:\/\/calabizo.com\/pt-pt\/wp-json\/wp\/v2\/product_cat?post=8593"},{"taxonomy":"product_tag","embeddable":true,"href":"https:\/\/calabizo.com\/pt-pt\/wp-json\/wp\/v2\/product_tag?post=8593"}],"curies":[{"name":"wp","href":"https:\/\/api.w.org\/{rel}","templated":true}]}}