{"id":27260,"date":"2024-02-15T09:03:09","date_gmt":"2024-02-15T08:03:09","guid":{"rendered":"https:\/\/calabizo.com\/producto\/hummus-picante-con-calabizo\/"},"modified":"2026-03-03T12:44:51","modified_gmt":"2026-03-03T11:44:51","slug":"hummus-picante-con-calabizo","status":"publish","type":"product","link":"https:\/\/calabizo.com\/pt-pt\/producto\/hummus-picante-con-calabizo\/","title":{"rendered":"Hummus picante con calabizo"},"content":{"rendered":"","protected":false},"excerpt":{"rendered":"<div class=\"producto-descripcion\">\n<div class=\"btns-packs\">\n<p>Elige el Pack<\/p>\n<div class=\"btn-pack\"><a class=\"current-pack\">Estuche con lata 120 g<\/a><\/div>\n<\/div>\n<div class=\"producto-introduccion\">\n<p>Disfruta de la receta cl\u00e1sica oriental de hummus, en versi\u00f3n picante, con el sabor de algo tan nuestro como es el chorizo, que le confiere nuestro sabroso embutido de calabaza, el calabizo. <a id=\"producto-intro-vermas\" class=\"cerrado\"><\/a>Ver m\u00e1s.<\/p>\n<div id=\"producto-intro-contmas\">\n<p>Un sabroso y nutritivo untable elaborado con ingredientes de primera calidad: garbanzos de Le\u00f3n, aceite de oliva virgen extra, tahini y calabizo.<\/p>\n<p>\u00bfLo mejor? Este delicioso untable de garbanzos con calabizo lo podr\u00e1s llevar a cualquier lugar porque no precisa fr\u00edo!<\/p>\n<\/div>\n<\/div>\n<div class=\"producto-caracteristicas\">\n<div class=\"lista-producto-caracteristicas\">\n<div class=\"producto-caract-indiv\">\n<div class=\"producto-ind-iconos\"><img decoding=\"async\" src=\"\/wp-content\/uploads\/2021\/01\/fp-frio.png\" \/><\/div>\n<div class=\"producto-ind-titulo\">\n<p>No necesita fr\u00edo<\/p>\n<\/div>\n<\/div>\n<div class=\"producto-caract-indiv\">\n<div class=\"producto-ind-iconos\"><img decoding=\"async\" src=\"\/wp-content\/uploads\/2021\/01\/fp-aditivos.png\" \/><\/div>\n<div class=\"producto-ind-titulo\">\n<p>Sin Aditivos<\/p>\n<\/div>\n<\/div>\n<div class=\"producto-caract-indiv\">\n<div class=\"producto-ind-iconos\"><img decoding=\"async\" src=\"\/wp-content\/uploads\/2021\/01\/fp-sojagluten.png\" \/><\/div>\n<div class=\"producto-ind-titulo\">\n<p>Sin soja\/<br \/>\nsin gluten<\/p>\n<\/div>\n<\/div>\n<div class=\"producto-caract-indiv\">\n<div class=\"producto-ind-iconos\"><img decoding=\"async\" src=\"\/wp-content\/uploads\/2021\/01\/fp-colesterol.png\" \/><\/div>\n<div class=\"producto-ind-titulo\">\n<p>Sin colesterol<\/p>\n<\/div>\n<\/div>\n<div class=\"producto-caract-indiv\">\n<div class=\"producto-ind-iconos\"><img decoding=\"async\" src=\"\/wp-content\/uploads\/2021\/01\/fp-calorias.png\" \/><\/div>\n<div class=\"producto-ind-titulo\">\n<p>Bajo en calor\u00edas<\/p>\n<\/div>\n<\/div>\n<div class=\"producto-caract-indiv\">\n<div class=\"producto-ind-iconos\"><img decoding=\"async\" src=\"\/wp-content\/uploads\/2021\/01\/fp-fibra.png\" \/><\/div>\n<div class=\"producto-ind-titulo\">\n<p>Rico en fibra<\/p>\n<\/div>\n<\/div>\n<\/div>\n<div class=\"producto-desplegables\">\n<div class=\"bloque-desplegable\">\n<div id=\"producto-despleg-tit-ingredientes\" class=\"cerrado desplegable\">\n<h3>Ingredientes<\/h3>\n<p>+<\/p>\n<\/div>\n<div id=\"producto-despleg-ingredientes\">\n<p>Garbanzo de Le\u00f3n cocido (76%) (garbanzo, agua y sal), aceite de oliva virgen extra (11%), tahini (s\u00e9samo tostado), calabizo (calabaza, cebolla, aove, piment\u00f3n, sal, ajo y or\u00e9gano), vinagre y especias.<\/p>\n<\/div>\n<\/div>\n<div class=\"bloque-desplegable\">\n<div id=\"producto-despleg-tit-informacion\" class=\"cerrado desplegable\">\n<h3>Informaci\u00f3n nutricional<\/h3>\n<p>+<\/p>\n<\/div>\n<div id=\"producto-despleg-informacion\">\n<p>(valores medios por 100 g.)<\/p>\n<table>\n<tbody>\n<tr>\n<td>Valor energ\u00e9tico:<\/td>\n<td>930 kj\/224 kcal<\/td>\n<\/tr>\n<tr>\n<td>Grasas:<\/td>\n<td>16,9 g<\/td>\n<\/tr>\n<tr>\n<td>De las cuales, saturadas:<\/td>\n<td>2,9 g<\/td>\n<\/tr>\n<tr>\n<td>Hidratos de carbono:<\/td>\n<td>12,13 g<\/td>\n<\/tr>\n<tr>\n<td>De los cuales, az\u00facares:<\/td>\n<td>1,1 g<\/td>\n<\/tr>\n<tr>\n<td>Prote\u00ednas:<\/td>\n<td>5,6 g<\/td>\n<\/tr>\n<tr>\n<td>Fibra alimentaria:<\/td>\n<td>4,9 g<\/td>\n<\/tr>\n<tr>\n<td>Sal:<\/td>\n<td>0,9 g<\/td>\n<\/tr>\n<\/tbody>\n<\/table>\n<\/div>\n<\/div>\n<div class=\"bloque-desplegable\">\n<div id=\"producto-despleg-tit-sugerencias\" class=\"cerrado desplegable\">\n<h3>Sugerencias de preparaci\u00f3n<\/h3>\n<p>+<\/p>\n<\/div>\n<div id=\"producto-despleg-sugerencias\">\n<div class=\"producto-suger-tip\">\n<div class=\"div-sugerencias\">\n<div class=\"img-sugerencias\"><img decoding=\"async\" src=\"\/wp-content\/uploads\/2023\/12\/nachos2.png\" \/><\/div>\n<div class=\"p-sugerencias\">\n<p class=\"producto-suger-tip-titulo\">\u00a1Para dipear!<\/p>\n<p>Con palitos de pan, crudit\u00e9s, nachos&#8230;<\/p>\n<\/div>\n<\/div>\n<div class=\"div-sugerencias\">\n<div class=\"img-sugerencias\"><img decoding=\"async\" src=\"\/wp-content\/uploads\/2023\/12\/butter.png\" \/><\/div>\n<div class=\"p-sugerencias\">\n<p class=\"producto-suger-tip-titulo\">\u00a1Para untar!<\/p>\n<p>En tostadas, s\u00e1ndwiches, pan de pita y bocadillos.<\/p>\n<\/div>\n<\/div>\n<div class=\"div-sugerencias\">\n<div class=\"img-sugerencias\"><img decoding=\"async\" src=\"\/wp-content\/uploads\/2023\/12\/sauce.png\" \/><\/div>\n<div class=\"p-sugerencias\">\n<p class=\"producto-suger-tip-titulo\">\u00a1Para guarnici\u00f3n!<\/p>\n<p>Para rellenos, salsas y guarniciones<\/p>\n<\/div>\n<\/div>\n<\/div>\n<p>&nbsp;<\/p>\n<h3>Recomendaciones de uso<\/h3>\n<div class=\"lista-recomendaciones\">\n<ul>\n<li>Una vez abierto conservar en fr\u00edo entre 2\u00ba y 8\u00ba, y consumir en un plazo m\u00e1ximo de 2 d\u00edas.<\/li>\n<li>Abrir el envase, remover y consumir directamente con palitos de pan, crudit\u00e9s, en tostadas&#8230;<\/li>\n<\/ul>\n<\/div>\n<\/div>\n<\/div>\n<\/div>\n<\/div>\n<\/div>\n","protected":false},"featured_media":27234,"comment_status":"closed","ping_status":"closed","template":"","meta":{"_acf_changed":false},"product_brand":[],"product_cat":[1068],"product_tag":[379,362,1069,367,368,369,380],"class_list":{"0":"post-27260","1":"product","2":"type-product","3":"status-publish","4":"has-post-thumbnail","6":"product_cat-hummus-pt-pt","7":"product_tag-calabaza-pt-pt","8":"product_tag-calabizo-pt-pt","9":"product_tag-hummus-pt-pt","10":"product_tag-sin-gluten-pt-pt","11":"product_tag-tradicional-pt-pt","12":"product_tag-vegano-pt-pt","13":"product_tag-vegetal-pt-pt","15":"first","16":"instock","17":"taxable","18":"shipping-taxable","19":"purchasable","20":"product-type-simple"},"acf":[],"_links":{"self":[{"href":"https:\/\/calabizo.com\/pt-pt\/wp-json\/wp\/v2\/product\/27260","targetHints":{"allow":["GET"]}}],"collection":[{"href":"https:\/\/calabizo.com\/pt-pt\/wp-json\/wp\/v2\/product"}],"about":[{"href":"https:\/\/calabizo.com\/pt-pt\/wp-json\/wp\/v2\/types\/product"}],"replies":[{"embeddable":true,"href":"https:\/\/calabizo.com\/pt-pt\/wp-json\/wp\/v2\/comments?post=27260"}],"version-history":[{"count":4,"href":"https:\/\/calabizo.com\/pt-pt\/wp-json\/wp\/v2\/product\/27260\/revisions"}],"predecessor-version":[{"id":29602,"href":"https:\/\/calabizo.com\/pt-pt\/wp-json\/wp\/v2\/product\/27260\/revisions\/29602"}],"wp:featuredmedia":[{"embeddable":true,"href":"https:\/\/calabizo.com\/pt-pt\/wp-json\/wp\/v2\/media\/27234"}],"wp:attachment":[{"href":"https:\/\/calabizo.com\/pt-pt\/wp-json\/wp\/v2\/media?parent=27260"}],"wp:term":[{"taxonomy":"product_brand","embeddable":true,"href":"https:\/\/calabizo.com\/pt-pt\/wp-json\/wp\/v2\/product_brand?post=27260"},{"taxonomy":"product_cat","embeddable":true,"href":"https:\/\/calabizo.com\/pt-pt\/wp-json\/wp\/v2\/product_cat?post=27260"},{"taxonomy":"product_tag","embeddable":true,"href":"https:\/\/calabizo.com\/pt-pt\/wp-json\/wp\/v2\/product_tag?post=27260"}],"curies":[{"name":"wp","href":"https:\/\/api.w.org\/{rel}","templated":true}]}}