{"id":8377,"date":"2015-08-26T08:54:00","date_gmt":"2015-08-26T08:54:00","guid":{"rendered":"https:\/\/calabizo.com\/en-los-medios\/"},"modified":"2021-01-29T12:25:50","modified_gmt":"2021-01-29T11:25:50","slug":"en-los-medios","status":"publish","type":"page","link":"https:\/\/calabizo.com\/pt-pt\/en-los-medios\/","title":{"rendered":"Nos meios de comunica\u00e7\u00e3o"},"content":{"rendered":"<div class=\"wpb-content-wrapper\"><p>[vc_row fullwidth=&#8221;true&#8221; css=&#8221;.vc_custom_1606471576103{background-image: url(https:\/\/calabizo.com\/wp-content\/uploads\/2020\/11\/en_medios.jpg?id=7615) !important;}&#8221;][vc_column][vc_custom_heading text=&#8221;Nos meios de comunica\u00e7\u00e3o&#8221; font_container=&#8221;tag:h1|text_align:center|color:%23ffffff&#8221; use_theme_fonts=&#8221;yes&#8221; css=&#8221;.vc_custom_1611309342548{margin-top: 100px !important;margin-bottom: 100px !important;}&#8221; el_class=&#8221;titulo-cabecera element-hidden&#8221;][vc_custom_heading text=&#8221;Calabizo em&#8221; font_container=&#8221;tag:h1|text_align:center|color:%23ffffff&#8221; use_theme_fonts=&#8221;yes&#8221; css=&#8221;.vc_custom_1611310085618{margin-top: 100px !important;margin-bottom: 5px !important;}&#8221; el_class=&#8221;titulo-cabecera element-hidden-pc&#8221;][vc_custom_heading text=&#8221;os meios de comunica\u00e7\u00e3o&#8221; font_container=&#8221;tag:h1|text_align:center|color:%23ffffff&#8221; use_theme_fonts=&#8221;yes&#8221; css=&#8221;.vc_custom_1611309388292{margin-bottom: 100px !important;}&#8221; el_class=&#8221;titulo-cabecera element-hidden-pc&#8221;][\/vc_column][\/vc_row][vc_row css=&#8221;.vc_custom_1611310186335{margin-top: 50px !important;margin-bottom: 0px !important;}&#8221; el_class=&#8221;bq-medios-text&#8221;][vc_column width=&#8221;1\/6&#8243;][\/vc_column][vc_column width=&#8221;2\/3&#8243; css=&#8221;.vc_custom_1610534041183{margin-bottom: 0px !important;}&#8221;][vc_column_text css=&#8221;.vc_custom_1610361146256{margin-bottom: 0px !important;}&#8221;]<\/p>\n<p style=\"text-align: center;\"><span style=\"color: #3f3f3f;\">Desde a nossa cria\u00e7\u00e3o,<strong> a Calabizo<\/strong> tem sido alvo de reportagens, entrevistas e artigos relacionados com a gastronomia, inova\u00e7\u00e3o, produtos biol\u00f3gicos, op\u00e7\u00f5es vegan e vegetarianas, produ\u00e7\u00e3o sustent\u00e1vel, economia e desenvolvimento local, empreendedorismo&#8230;<\/span><\/p>\n<p style=\"text-align: center;\"><span style=\"color: #3f3f3f;\">Num mundo onde as tend\u00eancias s\u00e3o direcionadas para uma dieta mais baseada em plantas, os nossos produtos sempre despertaram curiosidade e interesse. <\/span><\/p>\n<p style=\"text-align: center;\"><span style=\"color: #3f3f3f;\">\u00c9 assim que falam de Calabizo nos meios de comunica\u00e7\u00e3o:<\/span><\/p>\n<p>[\/vc_column_text][\/vc_column][vc_column width=&#8221;1\/6&#8243;][\/vc_column][\/vc_row][vc_row el_class=&#8221;bq-medios-grid&#8221;][vc_column][vc_column_text css=&#8221;.vc_custom_1611919544599{margin-top: 20px !important;margin-bottom: 0px !important;}&#8221;][the_grid name=&#8221;Medios PT&#8221;][\/vc_column_text][\/vc_column][\/vc_row][vc_row fullwidth=&#8221;true&#8221; el_class=&#8221;img-footer-inline&#8221;][vc_column][vc_empty_space][\/vc_column][vc_column width=&#8221;1\/3&#8243; css=&#8221;.vc_custom_1605865149458{margin-right: 0px !important;margin-left: 0px !important;padding-right: 0px !important;padding-left: 0px !important;}&#8221;][vc_single_image image=&#8221;7606&#8243; img_size=&#8221;full&#8221; alignment=&#8221;center&#8221; css=&#8221;.vc_custom_1606905770835{margin-bottom: 0px !important;}&#8221;][\/vc_column][vc_column width=&#8221;1\/3&#8243; css=&#8221;.vc_custom_1605865225539{margin-right: 0px !important;margin-left: 0px !important;padding-right: 0px !important;padding-left: 0px !important;}&#8221;][vc_single_image image=&#8221;7604&#8243; img_size=&#8221;full&#8221; css=&#8221;.vc_custom_1606905774343{margin-bottom: 0px !important;}&#8221;][\/vc_column][vc_column width=&#8221;1\/3&#8243; css=&#8221;.vc_custom_1605865231233{margin-right: 0px !important;margin-left: 0px !important;padding-right: 0px !important;padding-left: 0px !important;}&#8221;][vc_single_image image=&#8221;7605&#8243; img_size=&#8221;full&#8221; css=&#8221;.vc_custom_1606905777936{margin-bottom: 0px !important;}&#8221;][\/vc_column][\/vc_row]<\/p>\n<\/div>","protected":false},"excerpt":{"rendered":"<p>[vc_row fullwidth=&#8221;true&#8221; css=&#8221;.vc_custom_1606471576103{background-image: url(https:\/\/calabizo.com\/wp-content\/uploads\/2020\/11\/en_medios.jpg?id=7615) !important;}&#8221;][vc_column][vc_custom_heading text=&#8221;Nos meios de comunica\u00e7\u00e3o&#8221; font_container=&#8221;tag:h1|text_align:center|color:%23ffffff&#8221; use_theme_fonts=&#8221;yes&#8221; css=&#8221;.vc_custom_1611309342548{margin-top: 100px !important;margin-bottom: 100px !important;}&#8221; el_class=&#8221;titulo-cabecera element-hidden&#8221;][vc_custom_heading text=&#8221;Calabizo em&#8221; font_container=&#8221;tag:h1|text_align:center|color:%23ffffff&#8221; use_theme_fonts=&#8221;yes&#8221; css=&#8221;.vc_custom_1611310085618{margin-top: 100px !important;margin-bottom: 5px !important;}&#8221; el_class=&#8221;titulo-cabecera element-hidden-pc&#8221;][vc_custom_heading text=&#8221;os meios de comunica\u00e7\u00e3o&#8221; font_container=&#8221;tag:h1|text_align:center|color:%23ffffff&#8221; use_theme_fonts=&#8221;yes&#8221; css=&#8221;.vc_custom_1611309388292{margin-bottom: 100px !important;}&#8221; el_class=&#8221;titulo-cabecera element-hidden-pc&#8221;][\/vc_column][\/vc_row][vc_row css=&#8221;.vc_custom_1611310186335{margin-top: 50px !important;margin-bottom: 0px !important;}&#8221; el_class=&#8221;bq-medios-text&#8221;][vc_column width=&#8221;1\/6&#8243;][\/vc_column][vc_column width=&#8221;2\/3&#8243; css=&#8221;.vc_custom_1610534041183{margin-bottom: 0px !important;}&#8221;][vc_column_text css=&#8221;.vc_custom_1610361146256{margin-bottom: 0px !important;}&#8221;] Desde [&hellip;]<\/p>\n","protected":false},"author":1,"featured_media":0,"parent":0,"menu_order":0,"comment_status":"open","ping_status":"open","template":"","meta":{"_acf_changed":false,"footnotes":""},"class_list":["post-8377","page","type-page","status-publish","hentry"],"acf":[],"_links":{"self":[{"href":"https:\/\/calabizo.com\/pt-pt\/wp-json\/wp\/v2\/pages\/8377","targetHints":{"allow":["GET"]}}],"collection":[{"href":"https:\/\/calabizo.com\/pt-pt\/wp-json\/wp\/v2\/pages"}],"about":[{"href":"https:\/\/calabizo.com\/pt-pt\/wp-json\/wp\/v2\/types\/page"}],"author":[{"embeddable":true,"href":"https:\/\/calabizo.com\/pt-pt\/wp-json\/wp\/v2\/users\/1"}],"replies":[{"embeddable":true,"href":"https:\/\/calabizo.com\/pt-pt\/wp-json\/wp\/v2\/comments?post=8377"}],"version-history":[{"count":5,"href":"https:\/\/calabizo.com\/pt-pt\/wp-json\/wp\/v2\/pages\/8377\/revisions"}],"predecessor-version":[{"id":15062,"href":"https:\/\/calabizo.com\/pt-pt\/wp-json\/wp\/v2\/pages\/8377\/revisions\/15062"}],"wp:attachment":[{"href":"https:\/\/calabizo.com\/pt-pt\/wp-json\/wp\/v2\/media?parent=8377"}],"curies":[{"name":"wp","href":"https:\/\/api.w.org\/{rel}","templated":true}]}}