{"id":8343,"date":"2015-08-26T08:33:06","date_gmt":"2015-08-26T08:33:06","guid":{"rendered":"https:\/\/calabizo.com\/nosotras\/"},"modified":"2022-01-12T10:56:44","modified_gmt":"2022-01-12T09:56:44","slug":"nosotras","status":"publish","type":"page","link":"https:\/\/calabizo.com\/pt-pt\/nosotras\/","title":{"rendered":"N\u00f3s"},"content":{"rendered":"<div class=\"wpb-content-wrapper\"><p>[vc_row fullwidth=&#8221;true&#8221; css=&#8221;.vc_custom_1606504027231{background-image: url(https:\/\/calabizo.com\/wp-content\/uploads\/2020\/11\/en_medios.jpg?id=7615) !important;background-position: center !important;background-repeat: no-repeat !important;background-size: cover !important;}&#8221;][vc_column][vc_custom_heading text=&#8221;N\u00f3s&#8221; font_container=&#8221;tag:h1|text_align:center|color:%23ffffff&#8221; use_theme_fonts=&#8221;yes&#8221; css=&#8221;.vc_custom_1608630428269{margin-top: 100px !important;margin-bottom: 100px !important;}&#8221; el_class=&#8221;titulo-cabecera&#8221;][\/vc_column][\/vc_row][vc_row css=&#8221;.vc_custom_1611313047103{margin-top: 40px !important;}&#8221; el_class=&#8221;bq-nosotras-mision&#8221;][vc_column width=&#8221;1\/6&#8243;][\/vc_column][vc_column width=&#8221;2\/3&#8243; el_class=&#8221;p-justify bq-nosotras-txt-1&#8243;][vc_custom_heading text=&#8221;Miss\u00e3o&#8221; font_container=&#8221;tag:h2|text_align:center&#8221; use_theme_fonts=&#8221;yes&#8221; css=&#8221;.vc_custom_1610443697345{margin-bottom: 20px !important;}&#8221; el_id=&#8221;mision&#8221;][vc_column_text css=&#8221;.vc_custom_1610444998463{margin-bottom: 40px !important;}&#8221;]<\/p>\n<p style=\"text-align: center;\">Na Calabizo queremos contribuir e fazer parte da mudan\u00e7a para um novo sistema alimentar mais saud\u00e1vel e respeitador do nosso meio ambiente, proporcionando alternativas gastron\u00f3micas inovadoras baseadas na tradi\u00e7\u00e3o e que ajudam a reduzir o consumo de carne e a aumentar a ingest\u00e3o de vegetais, t\u00e3o importantes para a nossa dieta.<\/p>\n<p style=\"text-align: center;\">Acreditamos na sustentabilidade e na responsabilidade social e temo-lo em considera\u00e7\u00e3o na escolha dos nossos fornecedores, clientes e colaboradores. \u00c9 por isso que trabalhamos com agricultores locais, comprometidos com o meio ambiente e com o pequeno com\u00e9rcio que tornam poss\u00edvel um mercado de proximidade.<\/p>\n<p>[\/vc_column_text][\/vc_column][vc_column width=&#8221;1\/6&#8243;][\/vc_column][\/vc_row][vc_row css=&#8221;.vc_custom_1611313057349{margin-bottom: 80px !important;}&#8221; el_class=&#8221;bq-nosotras-condic&#8221;][vc_column width=&#8221;1\/6&#8243;][\/vc_column][vc_column width=&#8221;1\/6&#8243; css=&#8221;.vc_custom_1608630838479{padding-right: 0px !important;padding-left: 0px !important;}&#8221;][vc_single_image image=&#8221;9269&#8243; img_size=&#8221;100&#215;100&#8243; alignment=&#8221;center&#8221; css=&#8221;.vc_custom_1610444961729{margin-bottom: 10px !important;}&#8221;][vc_custom_heading text=&#8221;Bom para o planeta&#8221; font_container=&#8221;tag:h4|text_align:center&#8221; use_theme_fonts=&#8221;yes&#8221; el_class=&#8221;titulo-caracteristicas&#8221;][\/vc_column][vc_column width=&#8221;1\/6&#8243; css=&#8221;.vc_custom_1608630843653{padding-right: 0px !important;padding-left: 0px !important;}&#8221;][vc_single_image image=&#8221;9263&#8243; img_size=&#8221;100&#215;100&#8243; alignment=&#8221;center&#8221; css=&#8221;.vc_custom_1610444966429{margin-bottom: 10px !important;}&#8221;][vc_custom_heading text=&#8221;Sem crueldade animal&#8221; font_container=&#8221;tag:h4|text_align:center&#8221; use_theme_fonts=&#8221;yes&#8221; el_class=&#8221;titulo-caracteristicas&#8221;][\/vc_column][vc_column width=&#8221;1\/6&#8243; css=&#8221;.vc_custom_1608630849692{padding-right: 0px !important;padding-left: 0px !important;}&#8221;][vc_single_image image=&#8221;9257&#8243; img_size=&#8221;100&#215;100&#8243; alignment=&#8221;center&#8221; css=&#8221;.vc_custom_1610444971390{margin-bottom: 10px !important;}&#8221;][vc_custom_heading text=&#8221;Bom para a sua sa\u00fade&#8221; font_container=&#8221;tag:h4|text_align:center&#8221; use_theme_fonts=&#8221;yes&#8221; el_class=&#8221;titulo-caracteristicas&#8221;][\/vc_column][vc_column width=&#8221;1\/6&#8243; css=&#8221;.vc_custom_1608630855846{padding-right: 0px !important;padding-left: 0px !important;}&#8221;][vc_single_image image=&#8221;9275&#8243; img_size=&#8221;100&#215;100&#8243; alignment=&#8221;center&#8221; css=&#8221;.vc_custom_1610444976160{margin-bottom: 10px !important;}&#8221;][vc_custom_heading text=&#8221;Saboroso&#8221; font_container=&#8221;tag:h4|text_align:center&#8221; use_theme_fonts=&#8221;yes&#8221; el_class=&#8221;titulo-caracteristicas&#8221;][\/vc_column][vc_column width=&#8221;1\/6&#8243;][\/vc_column][\/vc_row][vc_row css=&#8221;.vc_custom_1611313067602{margin-top: 40px !important;}&#8221; el_class=&#8221;bq-nosotras-historia&#8221;][vc_column width=&#8221;1\/6&#8243;][\/vc_column][vc_column width=&#8221;2\/3&#8243; el_class=&#8221;p-justify&#8221;][vc_custom_heading text=&#8221;Hist\u00f3ria&#8221; font_container=&#8221;tag:h2|text_align:center&#8221; use_theme_fonts=&#8221;yes&#8221; css=&#8221;.vc_custom_1610443706471{margin-bottom: 20px !important;}&#8221; el_id=&#8221;historia&#8221;][vc_column_text css=&#8221;.vc_custom_1610445080519{margin-bottom: 50px !important;}&#8221;]<\/p>\n<p style=\"text-align: center;\" align=\"JUSTIFY\">A Calabizo foi criada por tr\u00eas mulheres empreendedoras, Edurne, Sofia e Keila; tr\u00eas profissionais provenientes de diferentes setores complementares que decidiram reunir o seu &#8220;know-how&#8221; para criar um projeto alimentar baseado em vegetais, e para desenvolver produtos veganos, saud\u00e1veis, elaborados de forma artesanal com um sabor especial e aut\u00eantico.<\/p>\n<p style=\"text-align: center;\" align=\"JUSTIFY\">Em 2013 surge a ideia e em 2015 foi transformada numa realidade empresarial gra\u00e7as ao programa de acelera\u00e7\u00e3o de empresas e empreendedores: VIAGALICIA, promovido pelo Consorcio de la Zona Franca de Vigo e pela Xunta de Galicia.<\/p>\n<p style=\"text-align: center;\" align=\"JUSTIFY\">A Calabizo \u00e9 formada por uma equipa de mulheres envolvidas num objetivo comum: satisfazer os paladares mais curiosos e inquietos, que procuram algo mais do que comida nos alimentos que consomem, atrav\u00e9s das nossas op\u00e7\u00f5es gastron\u00f3micas.<\/p>\n<p>[\/vc_column_text][\/vc_column][vc_column width=&#8221;1\/6&#8243;][\/vc_column][\/vc_row][vc_row el_class=&#8221;bq-nosotras-img-ppal&#8221;][vc_column][vc_single_image image=&#8221;7716&#8243; img_size=&#8221;full&#8221; alignment=&#8221;center&#8221;][\/vc_column][\/vc_row][vc_row el_class=&#8221;bq-nosotras-fund&#8221;][vc_column][vc_custom_heading text=&#8221;Fundadoras&#8221; font_container=&#8221;tag:h2|text_align:center&#8221; use_theme_fonts=&#8221;yes&#8221; css=&#8221;.vc_custom_1610443734131{margin-top: 20px !important;margin-bottom: 30px !important;}&#8221; el_id=&#8221;conocenos&#8221;][vc_row_inner css=&#8221;.vc_custom_1610444388845{margin-bottom: 50px !important;}&#8221; el_class=&#8221;p-justify&#8221;][vc_column_inner width=&#8221;1\/3&#8243; css=&#8221;.vc_custom_1606728507012{margin-right: 10px !important;margin-left: 10px !important;border-right-width: 3px !important;padding-top: 0px !important;padding-right: 20px !important;padding-left: 20px !important;border-right-color: #e2e2e2 !important;border-right-style: solid !important;}&#8221;][vc_single_image image=&#8221;7715&#8243; img_size=&#8221;full&#8221; alignment=&#8221;center&#8221; el_class=&#8221;round-image&#8221; css=&#8221;.vc_custom_1613038402537{margin-bottom: 35px !important;}&#8221;][vc_custom_heading text=&#8221;Edurne Sendra de Sa\u00e1&#8221; font_container=&#8221;tag:h4|text_align:center&#8221; use_theme_fonts=&#8221;yes&#8221;][vc_custom_heading text=&#8221;CEO \u00c1rea da Gest\u00e3o&#8221; font_container=&#8221;tag:h4|text_align:center|color:%23e64e1c&#8221; use_theme_fonts=&#8221;yes&#8221;][vc_column_text css=&#8221;.vc_custom_1609168209309{margin-bottom: 0px !important;}&#8221;]<\/p>\n<p style=\"text-align: center;\" align=\"JUSTIFY\">Sou engenheira agr\u00f3noma e trabalho no ramo da ind\u00fastria agroalimentar desde 1998. Comecei a minha jornada profissional centrada exclusivamente no campo e, pouco a pouco, fui entrando nas ind\u00fastrias de transforma\u00e7\u00e3o, visto que estou convencida de que a agricultura crescer\u00e1 de forma sustent\u00e1vel se n\u00f3s, as empresas agroalimentares, acrescentarmos valor aos produtos do campo.<\/p>\n<p>[\/vc_column_text][\/vc_column_inner][vc_column_inner width=&#8221;1\/3&#8243; css=&#8221;.vc_custom_1606728496174{margin-right: 10px !important;margin-left: 10px !important;padding-top: 0px !important;padding-right: 20px !important;padding-left: 20px !important;}&#8221;][vc_single_image image=&#8221;7718&#8243; img_size=&#8221;full&#8221; alignment=&#8221;center&#8221; el_class=&#8221;round-image&#8221; css=&#8221;.vc_custom_1613038746447{margin-bottom: 32px !important;}&#8221;][vc_custom_heading text=&#8221;Sofia Calvo Arias&#8221; font_container=&#8221;tag:h4|text_align:center&#8221; use_theme_fonts=&#8221;yes&#8221;][vc_custom_heading text=&#8221;\u00c1rea da Produ\u00e7\u00e3o&#8221; font_container=&#8221;tag:h4|text_align:center|color:%23e64e1c&#8221; use_theme_fonts=&#8221;yes&#8221;][vc_column_text css=&#8221;.vc_custom_1610385232411{margin-bottom: 0px !important;}&#8221;]<\/p>\n<p style=\"text-align: center;\" align=\"JUSTIFY\">Sou engenheira t\u00e9cnica agr\u00e1ria e o que realmente gosto \u00e9 da cozinha, por isso, passei grande parte da minha vida profissional \u00e0 volta dela. Dediquei mais de quinze anos ao ramo da restaura\u00e7\u00e3o, sendo que nos dois \u00faltimos me especializei em restaurantes vegetarianos. Gosto de criar novas receitas e, por isso, uma das minhas tarefas na Calabizo \u00e9 pensar e desenvolver novos pratos \u00e0 base de vegetais seguindo a filosofia do nosso projeto.<\/p>\n<p>[\/vc_column_text][\/vc_column_inner][vc_column_inner width=&#8221;1\/3&#8243; css=&#8221;.vc_custom_1613038651226{margin-right: 10px !important;margin-left: 10px !important;border-left-width: 3px !important;padding-top: 0px !important;padding-right: 20px !important;padding-bottom: 24px !important;padding-left: 20px !important;border-left-color: #e2e2e2 !important;border-left-style: solid !important;}&#8221;][vc_single_image image=&#8221;7717&#8243; img_size=&#8221;full&#8221; alignment=&#8221;center&#8221; el_class=&#8221;round-image&#8221; css=&#8221;.vc_custom_1613038417181{margin-bottom: 35px !important;}&#8221;][vc_custom_heading text=&#8221;Keila Pousa Arbones&#8221; font_container=&#8221;tag:h4|text_align:center&#8221; use_theme_fonts=&#8221;yes&#8221;][vc_custom_heading text=&#8221;\u00c1rea Comercial&#8221; font_container=&#8221;tag:h4|text_align:center|color:%23e64e1c&#8221; use_theme_fonts=&#8221;yes&#8221;][vc_column_text css=&#8221;.vc_custom_1641981115546{margin-bottom: 0px !important;}&#8221;]<\/p>\n<p style=\"text-align: center;\" align=\"JUSTIFY\">Sou licenciada em economia e a minha experi\u00eancia profissional esteve sempre ligada ao setor dos servi\u00e7os. Sempre gostei de criar uma liga\u00e7\u00e3o entre as necessidades das pessoas e os servi\u00e7os ou produtos que as suprem. Adoro apresentar Calabizo a quem penso que possa estar interessado, sendo a minha principal tarefa o relacionamento com o cliente e o marketing.<\/p>\n<p>[\/vc_column_text][\/vc_column_inner][\/vc_row_inner][\/vc_column][\/vc_row][vc_row fullwidth=&#8221;true&#8221; el_class=&#8221;img-footer-inline&#8221;][vc_column width=&#8221;1\/3&#8243; css=&#8221;.vc_custom_1605694987424{margin-right: 0px !important;margin-left: 0px !important;padding-right: 0px !important;padding-left: 0px !important;}&#8221;][vc_single_image image=&#8221;7647&#8243; img_size=&#8221;full&#8221; css=&#8221;.vc_custom_1606905847336{margin-bottom: 0px !important;}&#8221;][\/vc_column][vc_column width=&#8221;1\/3&#8243; css=&#8221;.vc_custom_1605695001576{margin-right: 0px !important;margin-left: 0px !important;padding-right: 0px !important;padding-left: 0px !important;}&#8221;][vc_single_image image=&#8221;7649&#8243; img_size=&#8221;full&#8221; css=&#8221;.vc_custom_1606905852523{margin-bottom: 0px !important;}&#8221;][\/vc_column][vc_column width=&#8221;1\/3&#8243; css=&#8221;.vc_custom_1605695007944{margin-right: 0px !important;margin-left: 0px !important;padding-right: 0px !important;padding-left: 0px !important;}&#8221;][vc_single_image image=&#8221;7648&#8243; img_size=&#8221;full&#8221; css=&#8221;.vc_custom_1606905855950{margin-bottom: 0px !important;}&#8221;][\/vc_column][\/vc_row]<\/p>\n<\/div>","protected":false},"excerpt":{"rendered":"<p>[vc_row fullwidth=&#8221;true&#8221; css=&#8221;.vc_custom_1606504027231{background-image: url(https:\/\/calabizo.com\/wp-content\/uploads\/2020\/11\/en_medios.jpg?id=7615) !important;background-position: center !important;background-repeat: no-repeat !important;background-size: cover !important;}&#8221;][vc_column][vc_custom_heading text=&#8221;N\u00f3s&#8221; font_container=&#8221;tag:h1|text_align:center|color:%23ffffff&#8221; use_theme_fonts=&#8221;yes&#8221; css=&#8221;.vc_custom_1608630428269{margin-top: 100px !important;margin-bottom: 100px !important;}&#8221; el_class=&#8221;titulo-cabecera&#8221;][\/vc_column][\/vc_row][vc_row css=&#8221;.vc_custom_1611313047103{margin-top: 40px !important;}&#8221; el_class=&#8221;bq-nosotras-mision&#8221;][vc_column width=&#8221;1\/6&#8243;][\/vc_column][vc_column width=&#8221;2\/3&#8243; el_class=&#8221;p-justify bq-nosotras-txt-1&#8243;][vc_custom_heading text=&#8221;Miss\u00e3o&#8221; font_container=&#8221;tag:h2|text_align:center&#8221; use_theme_fonts=&#8221;yes&#8221; css=&#8221;.vc_custom_1610443697345{margin-bottom: 20px !important;}&#8221; el_id=&#8221;mision&#8221;][vc_column_text css=&#8221;.vc_custom_1610444998463{margin-bottom: 40px !important;}&#8221;] Na Calabizo queremos contribuir e fazer parte da mudan\u00e7a para um novo sistema alimentar mais saud\u00e1vel e [&hellip;]<\/p>\n","protected":false},"author":1,"featured_media":0,"parent":0,"menu_order":0,"comment_status":"open","ping_status":"open","template":"","meta":{"_acf_changed":false,"footnotes":""},"class_list":["post-8343","page","type-page","status-publish","hentry"],"acf":[],"_links":{"self":[{"href":"https:\/\/calabizo.com\/pt-pt\/wp-json\/wp\/v2\/pages\/8343","targetHints":{"allow":["GET"]}}],"collection":[{"href":"https:\/\/calabizo.com\/pt-pt\/wp-json\/wp\/v2\/pages"}],"about":[{"href":"https:\/\/calabizo.com\/pt-pt\/wp-json\/wp\/v2\/types\/page"}],"author":[{"embeddable":true,"href":"https:\/\/calabizo.com\/pt-pt\/wp-json\/wp\/v2\/users\/1"}],"replies":[{"embeddable":true,"href":"https:\/\/calabizo.com\/pt-pt\/wp-json\/wp\/v2\/comments?post=8343"}],"version-history":[{"count":7,"href":"https:\/\/calabizo.com\/pt-pt\/wp-json\/wp\/v2\/pages\/8343\/revisions"}],"predecessor-version":[{"id":21947,"href":"https:\/\/calabizo.com\/pt-pt\/wp-json\/wp\/v2\/pages\/8343\/revisions\/21947"}],"wp:attachment":[{"href":"https:\/\/calabizo.com\/pt-pt\/wp-json\/wp\/v2\/media?parent=8343"}],"curies":[{"name":"wp","href":"https:\/\/api.w.org\/{rel}","templated":true}]}}