{"id":8295,"date":"2014-11-03T19:44:43","date_gmt":"2014-11-03T19:44:43","guid":{"rendered":"https:\/\/calabizo.com\/home-one-page-scroll\/"},"modified":"2025-01-02T09:23:22","modified_gmt":"2025-01-02T08:23:22","slug":"home-one-page-scroll","status":"publish","type":"page","link":"https:\/\/calabizo.com\/pt-pt\/","title":{"rendered":"Casa"},"content":{"rendered":"<div class=\"wpb-content-wrapper\"><p>[vc_row fullwidth=&#8221;true&#8221; css=&#8221;.vc_custom_1607597004884{padding-top: 55px !important;padding-bottom: 75px !important;background-image: url(https:\/\/calabizo.com\/wp-content\/uploads\/2020\/11\/home.jpg?id=7655) !important;background-position: center !important;background-repeat: no-repeat !important;background-size: cover !important;}&#8221;][vc_column ovic_custom_id=&#8221;ovic_custom_5fae577a15c63&#8243; css_desktop=&#8221;.vc_custom_1605260632336{background-image: url(https:\/\/calabizo.com\/wp-content\/uploads\/2020\/11\/spices-4185324_1280.jpg?id=7074) !important;}&#8221;][vc_custom_heading text=&#8221;Calabizo, explos\u00e3o de sabor&#8221; font_container=&#8221;tag:h1|text_align:center|color:%23ffffff&#8221; use_theme_fonts=&#8221;yes&#8221; ovic_custom_id=&#8221;ovic_custom_5fae577a15c65&#8243; hidden_markup_01=&#8221;&#8221; hidden_markup_desktop=&#8221;&#8221; hidden_markup_laptop=&#8221;&#8221; hidden_markup_tablet=&#8221;&#8221; hidden_markup_ipad=&#8221;&#8221; hidden_markup_mobile=&#8221;&#8221; css=&#8221;.vc_custom_1610357876222{margin-top: 100px !important;margin-bottom: 5px !important;}&#8221; el_class=&#8221;titulo-cabecera&#8221;][vc_custom_heading text=&#8221;100% vegetal&#8221; font_container=&#8221;tag:h1|text_align:center|color:%23ffffff&#8221; use_theme_fonts=&#8221;yes&#8221; ovic_custom_id=&#8221;ovic_custom_5fae577a15c65&#8243; hidden_markup_01=&#8221;&#8221; hidden_markup_desktop=&#8221;&#8221; hidden_markup_laptop=&#8221;&#8221; hidden_markup_tablet=&#8221;&#8221; hidden_markup_ipad=&#8221;&#8221; hidden_markup_mobile=&#8221;&#8221; css=&#8221;.vc_custom_1610357887913{margin-bottom: 30px !important;}&#8221; el_class=&#8221;titulo-cabecera&#8221;][vc_btn title=&#8221;COMPRAR ONLINE&#8221; style=&#8221;flat&#8221; shape=&#8221;square&#8221; color=&#8221;warning&#8221; align=&#8221;center&#8221; ovic_custom_id=&#8221;ovic_custom_5fae577a15c66&#8243; link=&#8221;url:https%3A%2F%2Fcalabizo.com%2Fpt-pt%2Fla-tienda%2F|title:La%20Tienda&#8221; el_class=&#8221;btn-naranja&#8221;][vc_icon icon_fontawesome=&#8221;fas fa-chevron-circle-down&#8221; color=&#8221;white&#8221; background_style=&#8221;rounded&#8221; background_color=&#8221;custom&#8221; size=&#8221;lg&#8221; align=&#8221;center&#8221; link=&#8221;url:https%3A%2F%2Fcalabizo.com%2Fpt-pt%2Fla-tienda%2F|title:La%20Tienda&#8221; ovic_custom_id=&#8221;ovic_custom_5fae577a15c67&#8243; css=&#8221;.vc_custom_1616067882364{margin-bottom: 40px !important;}&#8221;][vc_custom_heading text=&#8221;Frete gr\u00e1tis a partir de \u20ac 60&#8243; font_container=&#8221;tag:h4|text_align:center&#8221; use_theme_fonts=&#8221;yes&#8221; el_class=&#8221;banner-envio-gratuito&#8221;][vc_custom_heading text=&#8221;Para Espanha e Portugal (exceto ilhas)&#8221; font_container=&#8221;tag:h6|text_align:center&#8221; use_theme_fonts=&#8221;yes&#8221; el_class=&#8221;banner-envio-gratuito-segundo&#8221;][\/vc_column][\/vc_row][vc_row fullwidth=&#8221;true&#8221; css=&#8221;.vc_custom_1608550319286{background-image: url(https:\/\/calabizo.com\/wp-content\/uploads\/2020\/12\/Fondo-pared-1.jpg?id=8723) !important;background-position: center !important;background-repeat: no-repeat !important;background-size: cover !important;}&#8221;][vc_column css=&#8221;.vc_custom_1605522259687{padding-bottom: 80px !important;background-image: url(https:\/\/calabizo.com\/wp-content\/uploads\/2020\/11\/crumpled-2537807_1920.jpg?id=7141) !important;background-position: 0 0 !important;background-repeat: repeat !important;}&#8221;][vc_row_inner is_fullwidth_content=&#8221;false&#8221;][vc_column_inner width=&#8221;1\/6&#8243;][\/vc_column_inner][vc_column_inner width=&#8221;2\/3&#8243;][vc_custom_heading text=&#8221;Apimentar os pratos!&#8221; font_container=&#8221;tag:h2|text_align:center|color:%23111111&#8243; use_theme_fonts=&#8221;yes&#8221; css=&#8221;.vc_custom_1608550376486{margin-top: 50px !important;}&#8221; el_class=&#8221;titulo-resaltado&#8221;][vc_column_text css=&#8221;.vc_custom_1609166526188{margin-bottom: 0px !important;}&#8221;]<\/p>\n<p style=\"text-align: center;\" align=\"JUSTIFY\">A Calabizo oferece-lhe alternativas 100% vegetais para que possa desfrutar dos sabores habituais, de forma saud\u00e1vel e nutritiva. Experimente o nosso famoso &#8216;calabizo&#8217; e pote de gr\u00e3o-de-bico com calabizo!<\/p>\n<p style=\"text-align: center;\" align=\"JUSTIFY\">Aposte no Calabizo nas suas receitas e desfrute de alimentos que respeitem o mundo animal e o ambiente, ao mesmo tempo que cuida da sua sa\u00fade e da sua!<\/p>\n<p>[\/vc_column_text][\/vc_column_inner][vc_column_inner width=&#8221;1\/6&#8243;][\/vc_column_inner][\/vc_row_inner][vc_row_inner attached=&#8221;true&#8221; is_fullwidth_content=&#8221;false&#8221; column_padding=&#8221;1&#8243; css=&#8221;.vc_custom_1608550308029{padding-right: 20px !important;padding-left: 20px !important;background-position: center !important;background-repeat: no-repeat !important;background-size: cover !important;}&#8221; el_id=&#8221;grid-saborea&#8221;][vc_column_inner width=&#8221;1\/2&#8243; css=&#8221;.vc_custom_1607937356782{background-image: url(https:\/\/calabizo.com\/wp-content\/uploads\/2020\/11\/footer520.jpg?id=7610) !important;background-position: center !important;background-repeat: no-repeat !important;background-size: cover !important;}&#8221;][vc_custom_heading text=&#8221;Calabizo&#8221; font_container=&#8221;tag:h2|text_align:center|color:%23ffffff&#8221; use_theme_fonts=&#8221;yes&#8221; link=&#8221;url:https%3A%2F%2Fcalabizo.com%2Fpt-pt%2Fla-tienda%2F%23producto-calabizo&#8221; css=&#8221;.vc_custom_1611913000955{padding-top: 120px !important;padding-bottom: 160px !important;}&#8221; el_class=&#8221;titulos-saborea&#8221;][\/vc_column_inner][vc_column_inner width=&#8221;1\/2&#8243; css=&#8221;.vc_custom_1607358876628{background-image: url(https:\/\/calabizo.com\/wp-content\/uploads\/2020\/11\/footer514.jpg?id=7629) !important;background-position: center !important;background-repeat: no-repeat !important;background-size: cover !important;}&#8221;][vc_custom_heading text=&#8221;Guisado&#8221; font_container=&#8221;tag:h2|text_align:center|color:%23ffffff&#8221; use_theme_fonts=&#8221;yes&#8221; link=&#8221;url:https%3A%2F%2Fcalabizo.com%2Fpt-pt%2Fla-tienda%2F%23producto-potaje&#8221; css=&#8221;.vc_custom_1611913017636{padding-top: 120px !important;padding-bottom: 160px !important;}&#8221; el_class=&#8221;titulos-saborea&#8221;][\/vc_column_inner][\/vc_row_inner][vc_row_inner css=&#8221;.vc_custom_1605521930746{margin-top: 40px !important;}&#8221;][vc_column_inner width=&#8221;1\/2&#8243; css=&#8221;.vc_custom_1606990358482{margin-right: 0px !important;}&#8221;][vc_btn title=&#8221;LOJA ONLINE&#8221; style=&#8221;flat&#8221; shape=&#8221;square&#8221; color=&#8221;warning&#8221; align=&#8221;right&#8221; ovic_custom_id=&#8221;ovic_custom_5fae577a15c66&#8243; link=&#8221;url:https%3A%2F%2Fcalabizo.com%2Fpt-pt%2Fla-tienda%2F|title:La%20Tienda&#8221; el_class=&#8221;btn-naranja&#8221; css=&#8221;.vc_custom_1611912985177{margin-right: 0px !important;}&#8221;][\/vc_column_inner][vc_column_inner width=&#8221;1\/2&#8243; css=&#8221;.vc_custom_1606990362521{margin-left: 0px !important;}&#8221;][vc_btn title=&#8221;LOJA F\u00cdSICA&#8221; style=&#8221;flat&#8221; shape=&#8221;square&#8221; color=&#8221;warning&#8221; align=&#8221;left&#8221; ovic_custom_id=&#8221;ovic_custom_5fae577a15c66&#8243; link=&#8221;url:https%3A%2F%2Fcalabizo.com%2Fpt-pt%2Fdonde-encontrarnos%2F|title:D%C3%B3nde%20encontrarnos&#8221; el_class=&#8221;btn-naranja&#8221; css=&#8221;.vc_custom_1611913036391{margin-left: 0px !important;}&#8221;][\/vc_column_inner][\/vc_row_inner][\/vc_column][\/vc_row][vc_row css=&#8221;.vc_custom_1610967225357{margin-bottom: 20px !important;}&#8221; el_class=&#8221;descubre-sabor&#8221;][vc_column width=&#8221;1\/2&#8243;][vc_single_image image=&#8221;9195&#8243; img_size=&#8221;full&#8221; css=&#8221;.vc_custom_1610442165410{margin-top: -80px !important;}&#8221;][\/vc_column][vc_column width=&#8221;1\/2&#8243; css=&#8221;.vc_custom_1608631474685{margin-top: 80px !important;padding-right: 30px !important;padding-left: 60px !important;}&#8221;][vc_custom_heading text=&#8221;Descubra um mundo de sabor 100% vegetal&#8221; font_container=&#8221;tag:h2|text_align:left|color:%23111111&#8243; use_theme_fonts=&#8221;yes&#8221;][vc_column_text css=&#8221;.vc_custom_1608631331152{margin-bottom: 0px !important;}&#8221;]<\/p>\n<p style=\"text-align: left;\" align=\"JUSTIFY\"><span style=\"color: #3f3f3f;\">Nutritivos e saborosos, os produtos Calabizo s\u00e3o 100% vegetais. S\u00e3o fabricados na Galiza de forma tradicional, com mat\u00e9ria-prima de qualidade e sem utiliza\u00e7\u00e3o de aditivos de qualquer tipo. A nossa salsicha de ab\u00f3bora e guisado de gr\u00e3o-de-bico com calabizo surpreendem todos os paladares, pelo seu sabor \u00fanico e aut\u00eantico.<\/span><\/p>\n<p>[\/vc_column_text][vc_btn title=&#8221;SAIBA MAIS&#8221; style=&#8221;flat&#8221; shape=&#8221;square&#8221; color=&#8221;warning&#8221; align=&#8221;left&#8221; ovic_custom_id=&#8221;ovic_custom_5fae577a15c66&#8243; link=&#8221;url:https%3A%2F%2Fcalabizo.com%2Fpt-pt%2Fnuestros-productos%2F|title:Nuestros%20productos&#8221; el_class=&#8221;btn-naranja&#8221;][\/vc_column][\/vc_row][vc_row fullwidth=&#8221;true&#8221; css=&#8221;.vc_custom_1606215728383{background-image: url(https:\/\/calabizo.com\/wp-content\/uploads\/2020\/11\/fondo-calabazas.jpg?id=7486) !important;background-position: center !important;background-repeat: no-repeat !important;background-size: cover !important;}&#8221;][vc_column][vc_custom_heading text=&#8221;Alimentos inovadores com todo o sabor tradicional!&#8221; font_container=&#8221;tag:h2|text_align:center|color:%23ffffff&#8221; use_theme_fonts=&#8221;yes&#8221; css=&#8221;.vc_custom_1610357944127{margin-top: 50px !important;padding-right: 100px !important;padding-bottom: 30px !important;padding-left: 100px !important;}&#8221;][\/vc_column][\/vc_row][vc_row fullwidth=&#8221;true&#8221; css=&#8221;.vc_custom_1610968089716{margin-top: 70px !important;margin-bottom: 100px !important;}&#8221; el_class=&#8221;tres-caract&#8221;][vc_column][vc_row_inner][vc_column_inner el_class=&#8221;element-hidden&#8221; width=&#8221;1\/5&#8243;][\/vc_column_inner][vc_column_inner width=&#8221;1\/5&#8243;][vc_single_image image=&#8221;9393&#8243; img_size=&#8221;80&#215;80&#8243; alignment=&#8221;center&#8221; css=&#8221;.vc_custom_1610528712687{margin-bottom: 30px !important;}&#8221;][vc_custom_heading text=&#8221;Saud\u00e1vel&#8221; font_container=&#8221;tag:h4|text_align:center|color:%23111111&#8243; use_theme_fonts=&#8221;yes&#8221;][vc_column_text css=&#8221;.vc_custom_1609167172684{margin-bottom: 0px !important;}&#8221;]<\/p>\n<p style=\"text-align: center;\">Rico em vitaminas, fibras e antioxidantes, com grande contribui\u00e7\u00e3o nutricional e poucas calorias.<\/p>\n<p>[\/vc_column_text][\/vc_column_inner][vc_column_inner width=&#8221;1\/5&#8243;][vc_single_image image=&#8221;9399&#8243; img_size=&#8221;80&#215;80&#8243; alignment=&#8221;center&#8221; css=&#8221;.vc_custom_1610528721866{margin-bottom: 30px !important;}&#8221;][vc_custom_heading text=&#8221;Sustent\u00e1vel&#8221; font_container=&#8221;tag:h4|text_align:center|color:%23111111&#8243; use_theme_fonts=&#8221;yes&#8221;][vc_column_text css=&#8221;.vc_custom_1609167185535{margin-bottom: 0px !important;}&#8221;]<\/p>\n<p style=\"text-align: center;\" align=\"JUSTIFY\"><span style=\"color: #3f3f3f; font-family: helvetica, arial, sans-serif;\">Com ingredientes vegetais e de proximidade fazemos um ambiente mais sustent\u00e1vel para todos.<\/span><\/p>\n<p>[\/vc_column_text][\/vc_column_inner][vc_column_inner width=&#8221;1\/5&#8243;][vc_single_image image=&#8221;9387&#8243; img_size=&#8221;80&#215;80&#8243; alignment=&#8221;center&#8221; css=&#8221;.vc_custom_1610528730017{margin-bottom: 30px !important;}&#8221;][vc_custom_heading text=&#8221;Somos produtores.&#8221; font_container=&#8221;tag:h4|text_align:center|color:%23111111&#8243; use_theme_fonts=&#8221;yes&#8221;][vc_column_text css=&#8221;.vc_custom_1609167197618{margin-bottom: 0px !important;}&#8221;]<\/p>\n<p style=\"text-align: center;\"><span style=\"font-family: helvetica, arial, sans-serif;\">Fabricado na Galiza, com mat\u00e9ria-prima nacional e com base em receitas tradicionais.<\/span><\/p>\n<p>[\/vc_column_text][\/vc_column_inner][vc_column_inner el_class=&#8221;element-hidden&#8221; width=&#8221;1\/5&#8243;][\/vc_column_inner][\/vc_row_inner][\/vc_column][\/vc_row][vc_row fullwidth=&#8221;true&#8221; css=&#8221;.vc_custom_1606993082610{margin-bottom: 40px !important;background-image: url(https:\/\/calabizo.com\/wp-content\/uploads\/2020\/11\/fondo-madera_n.jpg?id=7587) !important;}&#8221; el_class=&#8221;banner-recetas&#8221;][vc_column][vc_row_inner][vc_column_inner width=&#8221;1\/6&#8243;][\/vc_column_inner][vc_column_inner width=&#8221;2\/3&#8243;][vc_custom_heading text=&#8221;Inspire-se nas nossas receitas!&#8221; font_container=&#8221;tag:h2|text_align:center|color:%23ffffff&#8221; use_theme_fonts=&#8221;yes&#8221; css=&#8221;.vc_custom_1608632644513{margin-top: 55px !important;margin-bottom: 60px !important;}&#8221;][vc_column_text css=&#8221;.vc_custom_1614679619627{margin-bottom: 0px !important;}&#8221;][the_grid name=&#8221;Recetas (Inicio) PT&#8221;][\/vc_column_text][vc_btn title=&#8221;VER MAIS&#8221; style=&#8221;flat&#8221; shape=&#8221;square&#8221; color=&#8221;warning&#8221; align=&#8221;center&#8221; ovic_custom_id=&#8221;ovic_custom_5fae577a15c66&#8243; link=&#8221;url:https%3A%2F%2Fcalabizo.com%2Fpt-pt%2Frecetas%2F|title:Recetas&#8221; el_class=&#8221;btn-naranja&#8221; css=&#8221;.vc_custom_1614679631359{margin-top: 20px !important;margin-bottom: 50px !important;}&#8221;][\/vc_column_inner][vc_column_inner width=&#8221;1\/6&#8243;][\/vc_column_inner][\/vc_row_inner][\/vc_column][\/vc_row][vc_row fullwidth=&#8221;true&#8221; el_class=&#8221;img-footer-inline&#8221;][vc_column width=&#8221;1\/3&#8243; css=&#8221;.vc_custom_1606905483738{margin-right: 0px !important;margin-left: 0px !important;padding-right: 0px !important;padding-left: 0px !important;}&#8221;][vc_single_image image=&#8221;7636&#8243; img_size=&#8221;full&#8221; css=&#8221;.vc_custom_1606905478401{margin-right: 0px !important;margin-bottom: 0px !important;margin-left: 0px !important;}&#8221;][\/vc_column][vc_column width=&#8221;1\/3&#8243; css=&#8221;.vc_custom_1605605634834{margin-right: 0px !important;margin-left: 0px !important;padding-right: 0px !important;padding-left: 0px !important;}&#8221;][vc_single_image image=&#8221;7653&#8243; img_size=&#8221;full&#8221; css=&#8221;.vc_custom_1606905474227{margin-right: 0px !important;margin-bottom: 0px !important;margin-left: 0px !important;}&#8221;][\/vc_column][vc_column width=&#8221;1\/3&#8243; css=&#8221;.vc_custom_1605605660522{margin-right: 0px !important;margin-left: 0px !important;padding-right: 0px !important;padding-left: 0px !important;}&#8221;][vc_single_image image=&#8221;7649&#8243; img_size=&#8221;full&#8221; css=&#8221;.vc_custom_1606905490885{margin-right: 0px !important;margin-bottom: 0px !important;margin-left: 0px !important;}&#8221;][\/vc_column][\/vc_row]<\/p>\n<\/div>","protected":false},"excerpt":{"rendered":"<p>[vc_row fullwidth=&#8221;true&#8221; css=&#8221;.vc_custom_1607597004884{padding-top: 55px !important;padding-bottom: 75px !important;background-image: url(https:\/\/calabizo.com\/wp-content\/uploads\/2020\/11\/home.jpg?id=7655) !important;background-position: center !important;background-repeat: no-repeat !important;background-size: cover !important;}&#8221;][vc_column ovic_custom_id=&#8221;ovic_custom_5fae577a15c63&#8243; css_desktop=&#8221;.vc_custom_1605260632336{background-image: url(https:\/\/calabizo.com\/wp-content\/uploads\/2020\/11\/spices-4185324_1280.jpg?id=7074) !important;}&#8221;][vc_custom_heading text=&#8221;Calabizo, explos\u00e3o de sabor&#8221; font_container=&#8221;tag:h1|text_align:center|color:%23ffffff&#8221; use_theme_fonts=&#8221;yes&#8221; ovic_custom_id=&#8221;ovic_custom_5fae577a15c65&#8243; hidden_markup_01=&#8221;&#8221; hidden_markup_desktop=&#8221;&#8221; hidden_markup_laptop=&#8221;&#8221; hidden_markup_tablet=&#8221;&#8221; hidden_markup_ipad=&#8221;&#8221; hidden_markup_mobile=&#8221;&#8221; css=&#8221;.vc_custom_1610357876222{margin-top: 100px !important;margin-bottom: 5px !important;}&#8221; el_class=&#8221;titulo-cabecera&#8221;][vc_custom_heading text=&#8221;100% vegetal&#8221; font_container=&#8221;tag:h1|text_align:center|color:%23ffffff&#8221; use_theme_fonts=&#8221;yes&#8221; ovic_custom_id=&#8221;ovic_custom_5fae577a15c65&#8243; hidden_markup_01=&#8221;&#8221; hidden_markup_desktop=&#8221;&#8221; hidden_markup_laptop=&#8221;&#8221; hidden_markup_tablet=&#8221;&#8221; hidden_markup_ipad=&#8221;&#8221; hidden_markup_mobile=&#8221;&#8221; css=&#8221;.vc_custom_1610357887913{margin-bottom: 30px !important;}&#8221; el_class=&#8221;titulo-cabecera&#8221;][vc_btn title=&#8221;COMPRAR ONLINE&#8221; [&hellip;]<\/p>\n","protected":false},"author":1,"featured_media":0,"parent":0,"menu_order":0,"comment_status":"open","ping_status":"open","template":"","meta":{"_acf_changed":false,"footnotes":""},"class_list":["post-8295","page","type-page","status-publish","hentry"],"acf":[],"_links":{"self":[{"href":"https:\/\/calabizo.com\/pt-pt\/wp-json\/wp\/v2\/pages\/8295","targetHints":{"allow":["GET"]}}],"collection":[{"href":"https:\/\/calabizo.com\/pt-pt\/wp-json\/wp\/v2\/pages"}],"about":[{"href":"https:\/\/calabizo.com\/pt-pt\/wp-json\/wp\/v2\/types\/page"}],"author":[{"embeddable":true,"href":"https:\/\/calabizo.com\/pt-pt\/wp-json\/wp\/v2\/users\/1"}],"replies":[{"embeddable":true,"href":"https:\/\/calabizo.com\/pt-pt\/wp-json\/wp\/v2\/comments?post=8295"}],"version-history":[{"count":13,"href":"https:\/\/calabizo.com\/pt-pt\/wp-json\/wp\/v2\/pages\/8295\/revisions"}],"predecessor-version":[{"id":28491,"href":"https:\/\/calabizo.com\/pt-pt\/wp-json\/wp\/v2\/pages\/8295\/revisions\/28491"}],"wp:attachment":[{"href":"https:\/\/calabizo.com\/pt-pt\/wp-json\/wp\/v2\/media?parent=8295"}],"curies":[{"name":"wp","href":"https:\/\/api.w.org\/{rel}","templated":true}]}}