{"id":8146,"date":"2020-12-15T11:16:34","date_gmt":"2020-12-15T10:16:34","guid":{"rendered":"https:\/\/calabizo.com\/cookies\/"},"modified":"2021-01-26T00:08:34","modified_gmt":"2021-01-25T23:08:34","slug":"cookies","status":"publish","type":"page","link":"https:\/\/calabizo.com\/pt-pt\/cookies\/","title":{"rendered":"Utiliza\u00e7\u00e3o de Cookies"},"content":{"rendered":"\n<p><strong>Cookies<\/strong><\/p>\n\n<p>Um cookie \u00e9 um ficheiro que \u00e9 descarregado para o seu computador quando acede a determinados s\u00edtios Web. Os cookies permitem aos s\u00edtios Web, entre outras coisas, armazenar e recuperar informa\u00e7\u00f5es sobre os h\u00e1bitos de navega\u00e7\u00e3o de um utilizador ou do seu equipamento e, dependendo da informa\u00e7\u00e3o que contenham e da forma como utiliza o seu equipamento, para reconhecer o utilizador. O navegador do utilizador guarda cookies no disco duro apenas durante a sess\u00e3o em curso, ocupando o m\u00ednimo espa\u00e7o de mem\u00f3ria e n\u00e3o prejudicando o seu computador. Os cookies n\u00e3o cont\u00eam nenhum tipo de informa\u00e7\u00e3o pessoal espec\u00edfica e a maioria \u00e9 eliminada do disco duro assim que a sess\u00e3o no navegador \u00e9 terminada (os designados cookies de sess\u00e3o).<\/p>\n\n<p>A maioria dos navegadores aceita os cookies por predefini\u00e7\u00e3o e permite ou impede os cookies tempor\u00e1rios ou guardados atrav\u00e9s das defini\u00e7\u00f5es de seguran\u00e7a.<\/p>\n\n<p>Sem o seu consentimento expresso \u2013 ativando cookies no seu browser \u2013 calabizo.com n\u00e3o <a href=\"https:\/\/calabizo.com\/pt-pt\/\">ligar\u00e3o<\/a> nos cookies os dados armazenados com os seus dados pessoais fornecidos no momento do registo ou compra.<\/p>\n\n<p><strong>Que tipos de cookies este site utiliza?<\/strong><\/p>\n\n<p>\u2013 Cookies t\u00e9cnicos: estes cookies permitem ao utilizador navegar atrav\u00e9s de uma p\u00e1gina Web, plataforma ou aplica\u00e7\u00e3o e utilizar as diferentes op\u00e7\u00f5es ou servi\u00e7os dispon\u00edveis, como controlar o tr\u00e1fico e a comunica\u00e7\u00e3o de dados, identificar a sess\u00e3o, aceder a partes de acesso restrito, recordar os elementos que integram um pedido, realizar o processo de compra de um pedido, realizar o pedido de inscri\u00e7\u00e3o ou participa\u00e7\u00e3o num evento, utilizar elementos de seguran\u00e7a durante a navega\u00e7\u00e3o, armazenar conte\u00fados para a difus\u00e3o de v\u00eddeos ou som ou partilhar conte\u00fados atrav\u00e9s das redes sociais.<\/p>\n\n<p>\u2013 Cookies de personaliza\u00e7\u00e3o: estes cookies permitem ao utilizador aceder ao servi\u00e7o com algumas carater\u00edsticas de car\u00e1ter geral predefinidas em fun\u00e7\u00e3o de uma s\u00e9rie de crit\u00e9rios no terminal do utilizador, como, por exemplo, o idioma, o tipo de navegador atrav\u00e9s do qual se acede ao servi\u00e7o, a configura\u00e7\u00e3o regional a partir da qual acede ao servi\u00e7o, etc.<\/p>\n\n<p>\u2013 Cookies de an\u00e1lise: estes s\u00e3o os cookies que, quando adequadamente tratados por n\u00f3s ou terceiros, nos permitem contabilizar o n\u00famero de utilizadores e realizar a medi\u00e7\u00e3o e an\u00e1lise estat\u00edstica da utiliza\u00e7\u00e3o que os utilizadores fazem do servi\u00e7o oferecido. Para o efeito, analisamos a navega\u00e7\u00e3o que efetua no nosso s\u00edtio Web e tentamos melhorar a nossa oferta de produtos ou servi\u00e7os.<\/p>\n\n<p>\u2013 Cookies de publicidade: estes s\u00e3o os cookies que, quando adequadamente tratados por n\u00f3s ou terceiros, nos permitem gerir a oferta dos espa\u00e7os publicit\u00e1rios dispon\u00edveis no nosso s\u00edtio Web do modo mais eficaz poss\u00edvel, adaptando o conte\u00fado do an\u00fancio ao conte\u00fado do servi\u00e7o solicitado ou \u00e0 utiliza\u00e7\u00e3o que faz do nosso s\u00edtio Web. Para o efeito, poderemos analisar os seus h\u00e1bitos de navega\u00e7\u00e3o na Internet e mostrar-lhe publicidade relacionada com o seu perfil de navega\u00e7\u00e3o.<\/p>\n\n<p>\u2013 Cookies de publicidade comportamental: estes cookies permitem gerir, de modo o mais eficaz poss\u00edvel, os espa\u00e7os publicit\u00e1rios que o editor tenha inclu\u00eddo num s\u00edtio Web, numa aplica\u00e7\u00e3o ou numa plataforma que utiliza para prestar o servi\u00e7o solicitado. Estes cookies armazenam informa\u00e7\u00f5es sobre o comportamento dos utilizadores, obtidas atrav\u00e9s da observa\u00e7\u00e3o cont\u00ednua dos seus h\u00e1bitos de navega\u00e7\u00e3o, o que permite desenvolver um perfil espec\u00edfico e mostrar publicidade em fun\u00e7\u00e3o do mesmo.<\/p>\n\n<p>\u2013 Cookies de terceiros: O Website  <a href=\"https:\/\/calabizo.com\/pt-pt\/\">calabizo.com<\/a> podem usar servi\u00e7os de terceiros que, sem  <a href=\"http:\/\/google.com\">google.com,<\/a>recolher informa\u00e7\u00e3o para fins estat\u00edsticos, utiliza\u00e7\u00e3o do Site pelo utilizador e para a presta\u00e7\u00e3o de outros servi\u00e7os relacionados com a atividade do Website e outros servi\u00e7os de Internet.<\/p>\n\n<p>Em particular, este site utiliza o Google Analytics, um servi\u00e7o de an\u00e1lise web fornecido pela Google, Inc. sediada nos Estados Unidos em 1600 Anfiteatro Parkway, Mountain View, Calif\u00f3rnia 94043. Para a presta\u00e7\u00e3o destes servi\u00e7os, utilizam cookies que recolhem informa\u00e7\u00f5es, incluindo o endere\u00e7o IP do utilizador, que ser\u00e3o transmitidos, processados e armazenados pela Google nos termos estabelecidos no <a href=\"http:\/\/google.com\">Google.com.<\/a> Incluindo a poss\u00edvel transmiss\u00e3o dessas informa\u00e7\u00f5es a terceiros por raz\u00f5es de exig\u00eancia legal ou quando tais terceiros processam a informa\u00e7\u00e3o em nome da Google.<\/p>\n","protected":false},"excerpt":{"rendered":"<p>Cookies Um cookie \u00e9 um ficheiro que \u00e9 descarregado para o seu computador quando acede a determinados s\u00edtios Web. Os cookies permitem aos s\u00edtios Web, entre outras coisas, armazenar e recuperar informa\u00e7\u00f5es sobre os h\u00e1bitos de navega\u00e7\u00e3o de um utilizador ou do seu equipamento e, dependendo da informa\u00e7\u00e3o que contenham e da forma como utiliza [&hellip;]<\/p>\n","protected":false},"author":1,"featured_media":0,"parent":0,"menu_order":0,"comment_status":"open","ping_status":"open","template":"","meta":{"_acf_changed":false,"footnotes":""},"class_list":["post-8146","page","type-page","status-publish","hentry"],"acf":[],"_links":{"self":[{"href":"https:\/\/calabizo.com\/pt-pt\/wp-json\/wp\/v2\/pages\/8146","targetHints":{"allow":["GET"]}}],"collection":[{"href":"https:\/\/calabizo.com\/pt-pt\/wp-json\/wp\/v2\/pages"}],"about":[{"href":"https:\/\/calabizo.com\/pt-pt\/wp-json\/wp\/v2\/types\/page"}],"author":[{"embeddable":true,"href":"https:\/\/calabizo.com\/pt-pt\/wp-json\/wp\/v2\/users\/1"}],"replies":[{"embeddable":true,"href":"https:\/\/calabizo.com\/pt-pt\/wp-json\/wp\/v2\/comments?post=8146"}],"version-history":[{"count":5,"href":"https:\/\/calabizo.com\/pt-pt\/wp-json\/wp\/v2\/pages\/8146\/revisions"}],"predecessor-version":[{"id":11164,"href":"https:\/\/calabizo.com\/pt-pt\/wp-json\/wp\/v2\/pages\/8146\/revisions\/11164"}],"wp:attachment":[{"href":"https:\/\/calabizo.com\/pt-pt\/wp-json\/wp\/v2\/media?parent=8146"}],"curies":[{"name":"wp","href":"https:\/\/api.w.org\/{rel}","templated":true}]}}