{"id":8120,"date":"2020-12-15T10:31:40","date_gmt":"2020-12-15T09:31:40","guid":{"rendered":"https:\/\/calabizo.com\/protecao-de-dados-pessoais\/"},"modified":"2021-02-15T11:18:10","modified_gmt":"2021-02-15T10:18:10","slug":"protecao-de-dados-pessoais","status":"publish","type":"page","link":"https:\/\/calabizo.com\/pt-pt\/protecao-de-dados-pessoais\/","title":{"rendered":"Prote\u00e7\u00e3o de dados pessoais"},"content":{"rendered":"\n<p>O tratamento dos dados pessoais realizado atrav\u00e9s do presente s\u00edtio Web est\u00e1 sujeito ao disposto na Lei 15\/1999 sobre Prote\u00e7\u00e3o de Dados Pessoais e nos outros regulamentos aplic\u00e1veis.<\/p>\n\n<p><b>Formul\u00e1rios<\/b><\/p>\n\n<p>Em conformidade com o artigo 5.\u00ba da lei referida acima, qualquer formul\u00e1rio de recolha de dados ser\u00e1 acompanhado das informa\u00e7\u00f5es relativas aos crit\u00e9rios seguidos pela FIABLONE S.L. no que diz respeito ao tratamento dos dados pessoais que o utilizador tenha de forma livre e volunt\u00e1ria fornecido atrav\u00e9s deste s\u00edtio Web.<\/p>\n\n<p><b>DIREITOS DE ACESSO, RETIFICA\u00c7\u00c3O, CANCELAMENTO E OPOSI\u00c7\u00c3O<\/b><\/p>\n\n<p>Informa-se que os direitos de acesso, retifica\u00e7\u00e3o, cancelamento e oposi\u00e7\u00e3o podem ser exercidos por escrito, acompanhados de uma c\u00f3pia do documento oficial que o identifica, endere\u00e7ado ao endere\u00e7o indicado abaixo ou ao endere\u00e7o de e-mail: info@calabizo.com<\/p>\n\n<p>FIABLONE SL<\/p>\n\n<p>R\u00faa Madanela, 15 Navio 6C  <\/p>\n\n<p>Parque Empresarial de Porto de Molle<\/p>\n\n<p>36350 Nigr\u00e1n (Pontevedra)<\/p>\n\n<p>Galiza &#8211; Espanha<\/p>\n\n<p><b>Links<\/b><\/p>\n\n<p>A presente pol\u00edtica de privacidade s\u00f3 \u00e9 aplic\u00e1vel ao s\u00edtio Web WWW.CALABIZO.COM. A sua aplica\u00e7\u00e3o n\u00e3o \u00e9 garantida no \u00e2mbito dos acessos atrav\u00e9s de links para o presente s\u00edtio Web, nem de links a partir deste s\u00edtio Web para os s\u00edtios Web de terceiros.<\/p>\n","protected":false},"excerpt":{"rendered":"<p>O tratamento dos dados pessoais realizado atrav\u00e9s do presente s\u00edtio Web est\u00e1 sujeito ao disposto na Lei 15\/1999 sobre Prote\u00e7\u00e3o de Dados Pessoais e nos outros regulamentos aplic\u00e1veis. Formul\u00e1rios Em conformidade com o artigo 5.\u00ba da lei referida acima, qualquer formul\u00e1rio de recolha de dados ser\u00e1 acompanhado das informa\u00e7\u00f5es relativas aos crit\u00e9rios seguidos pela FIABLONE [&hellip;]<\/p>\n","protected":false},"author":1,"featured_media":0,"parent":0,"menu_order":0,"comment_status":"open","ping_status":"open","template":"","meta":{"_acf_changed":false,"footnotes":""},"class_list":["post-8120","page","type-page","status-publish","hentry"],"acf":[],"_links":{"self":[{"href":"https:\/\/calabizo.com\/pt-pt\/wp-json\/wp\/v2\/pages\/8120","targetHints":{"allow":["GET"]}}],"collection":[{"href":"https:\/\/calabizo.com\/pt-pt\/wp-json\/wp\/v2\/pages"}],"about":[{"href":"https:\/\/calabizo.com\/pt-pt\/wp-json\/wp\/v2\/types\/page"}],"author":[{"embeddable":true,"href":"https:\/\/calabizo.com\/pt-pt\/wp-json\/wp\/v2\/users\/1"}],"replies":[{"embeddable":true,"href":"https:\/\/calabizo.com\/pt-pt\/wp-json\/wp\/v2\/comments?post=8120"}],"version-history":[{"count":5,"href":"https:\/\/calabizo.com\/pt-pt\/wp-json\/wp\/v2\/pages\/8120\/revisions"}],"predecessor-version":[{"id":14796,"href":"https:\/\/calabizo.com\/pt-pt\/wp-json\/wp\/v2\/pages\/8120\/revisions\/14796"}],"wp:attachment":[{"href":"https:\/\/calabizo.com\/pt-pt\/wp-json\/wp\/v2\/media?parent=8120"}],"curies":[{"name":"wp","href":"https:\/\/api.w.org\/{rel}","templated":true}]}}