{"id":11743,"date":"2021-01-29T10:48:10","date_gmt":"2021-01-29T09:48:10","guid":{"rendered":"https:\/\/calabizo.com\/uma-breve-descricao-do-projeto\/"},"modified":"2021-01-29T11:33:22","modified_gmt":"2021-01-29T10:33:22","slug":"uma-breve-descricao-do-projeto","status":"publish","type":"page","link":"https:\/\/calabizo.com\/pt-pt\/uma-breve-descricao-do-projeto\/","title":{"rendered":"Uma breve descri\u00e7\u00e3o do Projeto"},"content":{"rendered":"<div class=\"wpb-content-wrapper\"><p>[vc_row][vc_column][vc_column_text css=&#8221;.vc_custom_1474460620696{margin-top: 250px !important;}&#8221;]<\/p>\n<p style=\"text-align: center;\"><strong>Breve descri\u00e7\u00e3o do projeto:<\/strong><\/p>\n<p>[\/vc_column_text][vc_column_text css=&#8221;.vc_custom_1474462096420{margin-top: 0px !important;margin-bottom: 150px !important;}&#8221;]<\/p>\n<p style=\"text-align: center;\">Projeto de investimento para novos empreendedores (GALICIA EMPRENDE) cofinanciado pelo Fundo Europeu de Desenvolvimento Regional no \u00e2mbito do programa operacional Feder Galiza 2014-2020.<\/p>\n<p style=\"text-align: center;\">O projeto consiste na implementa\u00e7\u00e3o de uma nova f\u00e1brica com m\u00e1quinas adaptadas ao produto transformado, tendo em conta as caracter\u00edsticas espec\u00edficas da Calabizo.<\/p>\n<p>[\/vc_column_text][\/vc_column][\/vc_row]<\/p>\n<\/div>","protected":false},"excerpt":{"rendered":"<p>[vc_row][vc_column][vc_column_text css=&#8221;.vc_custom_1474460620696{margin-top: 250px !important;}&#8221;] Breve descri\u00e7\u00e3o do projeto: [\/vc_column_text][vc_column_text css=&#8221;.vc_custom_1474462096420{margin-top: 0px !important;margin-bottom: 150px !important;}&#8221;] Projeto de investimento para novos empreendedores (GALICIA EMPRENDE) cofinanciado pelo Fundo Europeu de Desenvolvimento Regional no \u00e2mbito do programa operacional Feder Galiza 2014-2020. O projeto consiste na implementa\u00e7\u00e3o de uma nova f\u00e1brica com m\u00e1quinas adaptadas ao produto transformado, tendo em conta [&hellip;]<\/p>\n","protected":false},"author":3,"featured_media":0,"parent":0,"menu_order":0,"comment_status":"open","ping_status":"open","template":"","meta":{"_acf_changed":false,"footnotes":""},"class_list":["post-11743","page","type-page","status-publish","hentry"],"acf":[],"_links":{"self":[{"href":"https:\/\/calabizo.com\/pt-pt\/wp-json\/wp\/v2\/pages\/11743","targetHints":{"allow":["GET"]}}],"collection":[{"href":"https:\/\/calabizo.com\/pt-pt\/wp-json\/wp\/v2\/pages"}],"about":[{"href":"https:\/\/calabizo.com\/pt-pt\/wp-json\/wp\/v2\/types\/page"}],"author":[{"embeddable":true,"href":"https:\/\/calabizo.com\/pt-pt\/wp-json\/wp\/v2\/users\/3"}],"replies":[{"embeddable":true,"href":"https:\/\/calabizo.com\/pt-pt\/wp-json\/wp\/v2\/comments?post=11743"}],"version-history":[{"count":1,"href":"https:\/\/calabizo.com\/pt-pt\/wp-json\/wp\/v2\/pages\/11743\/revisions"}],"predecessor-version":[{"id":11746,"href":"https:\/\/calabizo.com\/pt-pt\/wp-json\/wp\/v2\/pages\/11743\/revisions\/11746"}],"wp:attachment":[{"href":"https:\/\/calabizo.com\/pt-pt\/wp-json\/wp\/v2\/media?parent=11743"}],"curies":[{"name":"wp","href":"https:\/\/api.w.org\/{rel}","templated":true}]}}