{"id":8631,"date":"2020-06-11T10:55:14","date_gmt":"2020-06-11T08:55:14","guid":{"rendered":"https:\/\/calabizo.com\/producto\/potaxe-de-garavanzos-con-calabizo-tamano-grande-2-3-racions\/"},"modified":"2026-01-12T08:59:03","modified_gmt":"2026-01-12T07:59:03","slug":"guiso-de-garavanzos-con-calabizo-de-2-3-racions","status":"publish","type":"product","link":"https:\/\/calabizo.com\/gl\/producto\/guiso-de-garavanzos-con-calabizo-de-2-3-racions\/","title":{"rendered":"Caixa de Cocido de Garavanzos con Calabizo. 12 frascos de 720 g."},"content":{"rendered":"","protected":false},"excerpt":{"rendered":"<div class=\"producto-descripcion\">\n<div class=\"btns-packs\">\n<div class=\"btn-pack\">\n      <a class=\"current-pack\">Paquete de 12<\/a>\n    <\/div>\n<\/p><\/div>\n<div class=\"producto-introduccion\">\n<p>Goza do primeiro cocido vegano de garavanzos no mercado cun reco\u00f1ecido sabor ao cocido \u201ctradicional\u201d que lle d\u00e1 a nosa salchicha de cabaza, calabizo.<\/p>\n<p>O mellor? Un prato preparado saboroso e nutritivo s\u00f3 quecer e listo! <a id=\"producto-intro-vermas\" class=\"cerrado\">Ver m\u00e1is.<\/a><\/p>\n<div id=\"producto-intro-contmas\">\n<p>Ideal para d\u00edas nos que non tes tempo nin ganas de coci\u00f1ar ou esqueciches de empapar as leguminosas, en Calabizo ofrec\u00e9mosche este prato preparado, feito s\u00f3 con ingredientes vexetais e que s\u00f3 ter\u00e1s que quentar e estar\u00e1 listo para gozar.<\/p>\n<ul class=\"element-hidden\">\n<li>Caixa de 12 frascos de vidro de 720 g. (2-3 raci\u00f3ns)<br \/>(peso aprox. 12 kg.)<\/li>\n<li>Presenta 3 anos de consumo preferente<\/li>\n<li>Non precisa refrixeraci\u00f3n, excepto se est\u00e1 aberto<\/li>\n<\/ul>\n<ul class=\"element-hidden-pc\">\n<li>Caixa de 12 frascos de vidro de 720 g<\/li>\n<li>Cada frasco 2-3 raci\u00f3ns<\/li>\n<li>Peso aprox caixa: 12 kg<\/li>\n<li>Consumo preferente de 3 anos<\/li>\n<li>Non precisa refrixeraci\u00f3n, excepto se est\u00e1 abierto<\/li>\n<\/ul><\/div>\n<\/p><\/div>\n<div class=\"producto-caracteristicas\">\n<div class=\"lista-producto-caracteristicas\">\n<div class=\"producto-caract-indiv\">\n<div class=\"producto-ind-iconos\">\n          <img decoding=\"async\" src=\"\/wp-content\/uploads\/2021\/01\/fp-frio.png\"\/>\n        <\/div>\n<div class=\"producto-ind-titulo\">\n<p>Non precisa fr\u00edo<\/p>\n<\/p><\/div>\n<\/p><\/div>\n<div class=\"producto-caract-indiv\">\n<div class=\"producto-ind-iconos\">\n          <img decoding=\"async\" src=\"\/wp-content\/uploads\/2021\/01\/fp-aditivos.png\"\/>\n        <\/div>\n<div class=\"producto-ind-titulo\">\n<p>Sen Aditivos<\/p>\n<\/p><\/div>\n<\/p><\/div>\n<div class=\"producto-caract-indiv\">\n<div class=\"producto-ind-iconos\">\n          <img decoding=\"async\" src=\"\/wp-content\/uploads\/2021\/01\/fp-sojagluten.png\"\/>\n        <\/div>\n<div class=\"producto-ind-titulo\">\n<p>Sen soia\/ Sen glute<\/p>\n<\/p><\/div>\n<\/p><\/div>\n<div class=\"producto-caract-indiv\">\n<div class=\"producto-ind-iconos\">\n          <img decoding=\"async\" src=\"\/wp-content\/uploads\/2021\/01\/fp-colesterol.png\"\/>\n        <\/div>\n<div class=\"producto-ind-titulo\">\n<p>Sen colesterol<\/p>\n<\/p><\/div>\n<\/p><\/div>\n<div class=\"producto-caract-indiv\">\n<div class=\"producto-ind-iconos\">\n          <img decoding=\"async\" src=\"\/wp-content\/uploads\/2021\/01\/fp-calorias.png\"\/>\n        <\/div>\n<div class=\"producto-ind-titulo\">\n<p>Baixo en calor\u00edas<\/p>\n<\/p><\/div>\n<\/p><\/div>\n<div class=\"producto-caract-indiv\">\n<div class=\"producto-ind-iconos\">\n          <img decoding=\"async\" src=\"\/wp-content\/uploads\/2021\/01\/fp-fibra.png\"\/>\n        <\/div>\n<div class=\"producto-ind-titulo\">\n<p>Rico en fibra<\/p>\n<\/p><\/div>\n<\/p><\/div>\n<\/p><\/div>\n<div class=\"producto-desplegables\">\n<div class=\"bloque-desplegable\">\n<div id=\"producto-despleg-tit-ingredientes\" class=\"cerrado desplegable\">\n<h3>Ingredientes<\/h3>\n<p>+<\/p>\n<\/p><\/div>\n<div id=\"producto-despleg-ingredientes\">\n<p>Garavanzos, cebola, tomate, cenoria, aceite de oliva virxe extra (AOVE), pementa, espinacas, calabizo (embutido de cabaza, 100% vexetal), allo, sal e auga de cocci\u00f3n.<\/p>\n<p>O cocido de garavanzos \u00e9 un produto vegano e sen glute.<\/p>\n<\/p><\/div>\n<\/p><\/div>\n<div class=\"bloque-desplegable\">\n<div id=\"producto-despleg-tit-informacion\" class=\"cerrado desplegable\">\n<h3>Informaci\u00f3n nutricional<\/h3>\n<p>+<\/p>\n<\/p><\/div>\n<div id=\"producto-despleg-informacion\">\n<p>(valores medios por 100 g.)<\/p>\n<table>\n<tbody>\n<tr>\n<td>Valor enerx\u00e9tico:<\/td>\n<td>369 kj\/88 kcal<\/td>\n<\/tr>\n<tr>\n<td>Graxas:<\/td>\n<td>3,6 g<\/td>\n<\/tr>\n<tr>\n<td>Das cales, saturadas:<\/td>\n<td>0,6 g<\/td>\n<\/tr>\n<tr>\n<td>Hidratos de carbono:<\/td>\n<td>9,3 g<\/td>\n<\/tr>\n<tr>\n<td>Dos cales, azucres:<\/td>\n<td>1,2 g<\/td>\n<\/tr>\n<tr>\n<td>Prote\u00ednas:<\/td>\n<td>4,6 g<\/td>\n<\/tr>\n<tr>\n<td>Sal:<\/td>\n<td>0,9 g<\/td>\n<\/tr>\n<\/tbody>\n<\/table><\/div>\n<\/p><\/div>\n<div class=\"bloque-desplegable\">\n<div id=\"producto-despleg-tit-sugerencias\" class=\"cerrado desplegable\">\n<h3>Suxerencias de preparaci\u00f3n<\/h3>\n<p>+<\/p>\n<\/p><\/div>\n<div id=\"producto-despleg-sugerencias\">\n<p>Quentar e listo!<\/p>\n<p>Un prato de culler sinxelo, c\u00f3modo, saudable e nutritivo.<\/p>\n<p>Escolle como quentalo e nuns minutos gozar\u00e1s deste saboroso prato de culler.<\/p>\n<div class=\"producto-suger-tip\">\n<div class=\"div-sugerencias\">\n<div class=\"img-sugerencias\">\n                  <img decoding=\"async\" src=\"\/wp-content\/uploads\/2021\/01\/banomaria.png\"\/>\n                <\/div>\n<div class=\"p-sugerencias\">\n<p class=\"producto-suger-tip-titulo tit-potaje\">\u00d3 ba\u00f1o Mar\u00eda<\/p>\n<\/p><\/div>\n<\/p><\/div>\n<div class=\"div-sugerencias\">\n<div class=\"img-sugerencias\">\n                  <img decoding=\"async\" src=\"\/wp-content\/uploads\/2021\/01\/olla.png\"\/>\n                <\/div>\n<div class=\"p-sugerencias\">\n<p class=\"producto-suger-tip-titulo tit-potaje\">En pota\/ tarteira<\/p>\n<\/p><\/div>\n<\/p><\/div>\n<div class=\"div-sugerencias\">\n<div class=\"img-sugerencias\">\n                  <img decoding=\"async\" src=\"\/wp-content\/uploads\/2021\/01\/micro.png\"\/>\n                <\/div>\n<div class=\"p-sugerencias\">\n<p class=\"producto-suger-tip-titulo tit-potaje\">No microondas<\/p>\n<\/p><\/div>\n<\/p><\/div>\n<div class=\"div-sugerencias\">\n<div class=\"p-sugerencias\">\n<p><strong>No hashtag #recetasconcalabizo<\/strong> atopar\u00e1s varias formas de probar o calabizo<\/p>\n<p class=\"p-recetas\"><strong>Descobre<\/strong> a nosa secci\u00f3n de <a target=\"_blank\" href=\"\/gl\/recetas\/\" rel=\"noopener\">Receitas<\/a>.<\/p>\n<\/p><\/div>\n<\/p><\/div>\n<\/p><\/div>\n<h3>Recomendaci\u00f3ns de uso<\/h3>\n<div class=\"lista-recomendaciones\">\n<ul>\n<li>Almacenar en lugar seco e fresco. Preservar da luz solar<\/li>\n<li>Unha vez aberto, conservar en frigor\u00edfico, m\u00e1ximo 2 d\u00edas<\/li>\n<\/ul><\/div>\n<\/p><\/div>\n<\/p><\/div>\n<\/p><\/div>\n<\/p><\/div>\n<\/div>\n","protected":false},"featured_media":29629,"comment_status":"closed","ping_status":"closed","template":"","meta":{"_acf_changed":false},"product_brand":[],"product_cat":[286],"product_tag":[344,446,449,445,447,448,349,351,376],"class_list":{"0":"post-8631","1":"product","2":"type-product","3":"status-publish","4":"has-post-thumbnail","6":"product_cat-potaxe-de-garavanzos","7":"product_tag-calabizo-gl","8":"product_tag-garbanzos-gl","9":"product_tag-pack-de-12-gl","10":"product_tag-potaje-gl","11":"product_tag-potaje-de-garbanzos-gl","12":"product_tag-potaje-vegano-gl","13":"product_tag-sin-gluten-gl","14":"product_tag-vegano-gl","15":"product_tag-vegetal-gl","17":"first","18":"instock","19":"sold-individually","20":"taxable","21":"shipping-taxable","22":"purchasable","23":"product-type-simple"},"acf":[],"_links":{"self":[{"href":"https:\/\/calabizo.com\/gl\/wp-json\/wp\/v2\/product\/8631","targetHints":{"allow":["GET"]}}],"collection":[{"href":"https:\/\/calabizo.com\/gl\/wp-json\/wp\/v2\/product"}],"about":[{"href":"https:\/\/calabizo.com\/gl\/wp-json\/wp\/v2\/types\/product"}],"replies":[{"embeddable":true,"href":"https:\/\/calabizo.com\/gl\/wp-json\/wp\/v2\/comments?post=8631"}],"version-history":[{"count":12,"href":"https:\/\/calabizo.com\/gl\/wp-json\/wp\/v2\/product\/8631\/revisions"}],"predecessor-version":[{"id":12887,"href":"https:\/\/calabizo.com\/gl\/wp-json\/wp\/v2\/product\/8631\/revisions\/12887"}],"wp:featuredmedia":[{"embeddable":true,"href":"https:\/\/calabizo.com\/gl\/wp-json\/wp\/v2\/media\/29629"}],"wp:attachment":[{"href":"https:\/\/calabizo.com\/gl\/wp-json\/wp\/v2\/media?parent=8631"}],"wp:term":[{"taxonomy":"product_brand","embeddable":true,"href":"https:\/\/calabizo.com\/gl\/wp-json\/wp\/v2\/product_brand?post=8631"},{"taxonomy":"product_cat","embeddable":true,"href":"https:\/\/calabizo.com\/gl\/wp-json\/wp\/v2\/product_cat?post=8631"},{"taxonomy":"product_tag","embeddable":true,"href":"https:\/\/calabizo.com\/gl\/wp-json\/wp\/v2\/product_tag?post=8631"}],"curies":[{"name":"wp","href":"https:\/\/api.w.org\/{rel}","templated":true}]}}