{"id":8549,"date":"2015-10-08T10:23:19","date_gmt":"2015-10-08T08:23:19","guid":{"rendered":"https:\/\/calabizo.com\/producto\/calabizo-paquete-de-6-unidades\/"},"modified":"2026-01-24T22:54:59","modified_gmt":"2026-01-24T21:54:59","slug":"paquete-de-6-unidades-calabizo","status":"publish","type":"product","link":"https:\/\/calabizo.com\/gl\/producto\/paquete-de-6-unidades-calabizo\/","title":{"rendered":"Calabizo. Paquete de 6 unidades."},"content":{"rendered":"","protected":false},"excerpt":{"rendered":"<div class=\"producto-descripcion\">\n<div class=\"btns-packs\">\n<p>Elixe o paquete<\/p>\n<div class=\"btn-pack\">\n      <a href=\"\/gl\/producto\/paquete-de-3-unidades\/\">Paquete de 3<\/a>\n    <\/div>\n<div class=\"btn-pack\">\n      <a class=\"current-pack\">Paquete de 6<\/a>\n    <\/div>\n<\/p><\/div>\n<div class=\"producto-introduccion\">\n<p>Goza de calabizo, o primeiro embutido vexetal de cabaza; vegano e sen glute. Elaborado ao modo tradicional: afumado en madeira de carballo e curado e con todo o sabor a chourizo. <a id=\"producto-intro-vermas\" class=\"cerrado\">Ver m\u00e1is.<\/a><\/p>\n<div id=\"producto-intro-contmas\">\n<p>Baseado nunha receita ancestral de chourizo galego de cabaza, calabizo elabor\u00e1molo unicamente con ingredientes vexetais seguindo o modo tradicional de afumado e curado durante unhas semanas, sen utilizar ning\u00fan tipo de aditivo.<\/p>\n<p>Unha alternativa ideal para todo tipo de dietas polo seu alto valor nutritivo, baixa achega cal\u00f3rico, alto contido en fibra, rico en antioxidantes, fonte de vitamina  B6.<\/p>\n<ul>\n<li>Paquete de 6 calabizos (peso aprox. 240 g.)<\/li>\n<li>Consumo Preferente de 1 ano<\/li>\n<li>Non precisa refrixeraci\u00f3n<\/li>\n<\/ul><\/div>\n<\/p><\/div>\n<div class=\"producto-caracteristicas\">\n<div class=\"lista-producto-caracteristicas\">\n<div class=\"producto-caract-indiv\">\n<div class=\"producto-ind-iconos\">\n          <img decoding=\"async\" src=\"\/wp-content\/uploads\/2021\/01\/fp-frio.png\"\/>\n        <\/div>\n<div class=\"producto-ind-titulo\">\n<p>Non precisa fr\u00edo<\/p>\n<\/p><\/div>\n<\/p><\/div>\n<div class=\"producto-caract-indiv\">\n<div class=\"producto-ind-iconos\">\n          <img decoding=\"async\" src=\"\/wp-content\/uploads\/2021\/01\/fp-aditivos.png\"\/>\n        <\/div>\n<div class=\"producto-ind-titulo\">\n<p>Sen Aditivos<\/p>\n<\/p><\/div>\n<\/p><\/div>\n<div class=\"producto-caract-indiv\">\n<div class=\"producto-ind-iconos\">\n          <img decoding=\"async\" src=\"\/wp-content\/uploads\/2021\/01\/fp-sojagluten.png\"\/>\n        <\/div>\n<div class=\"producto-ind-titulo\">\n<p>Sen soia\/ Sen glute<\/p>\n<\/p><\/div>\n<\/p><\/div>\n<div class=\"producto-caract-indiv\">\n<div class=\"producto-ind-iconos\">\n          <img decoding=\"async\" src=\"\/wp-content\/uploads\/2021\/01\/fp-colesterol.png\"\/>\n        <\/div>\n<div class=\"producto-ind-titulo\">\n<p>Sen colesterol<\/p>\n<\/p><\/div>\n<\/p><\/div>\n<div class=\"producto-caract-indiv\">\n<div class=\"producto-ind-iconos\">\n          <img decoding=\"async\" src=\"\/wp-content\/uploads\/2021\/01\/fp-calorias.png\"\/>\n        <\/div>\n<div class=\"producto-ind-titulo\">\n<p>Baixo en calor\u00edas<\/p>\n<\/p><\/div>\n<\/p><\/div>\n<div class=\"producto-caract-indiv\">\n<div class=\"producto-ind-iconos\">\n          <img decoding=\"async\" src=\"\/wp-content\/uploads\/2021\/01\/fp-fibra.png\"\/>\n        <\/div>\n<div class=\"producto-ind-titulo\">\n<p>Rico en fibra<\/p>\n<\/p><\/div>\n<\/p><\/div>\n<\/p><\/div>\n<div class=\"producto-desplegables\">\n<div class=\"bloque-desplegable\">\n<div id=\"producto-despleg-tit-ingredientes\" class=\"cerrado desplegable\">\n<h3>Ingredientes<\/h3>\n<p>+<\/p>\n<\/p><\/div>\n<div id=\"producto-despleg-ingredientes\">\n<p>Cabaza (90%), cebola, aceite de oliva virxe extra (AOVE), pemento, sal, allo e ourego.<\/p>\n<p>Embutidos en tripa artificial de celulosa (orixe vexetal). Non comestible.<\/p>\n<\/p><\/div>\n<\/p><\/div>\n<div class=\"bloque-desplegable\">\n<div id=\"producto-despleg-tit-informacion\" class=\"cerrado desplegable\">\n<h3>Informaci\u00f3n nutricional<\/h3>\n<p>+<\/p>\n<\/p><\/div>\n<div id=\"producto-despleg-informacion\">\n<p>(valores medios por 100 g.)<\/p>\n<table>\n<tbody>\n<tr>\n<td>Valor enerx\u00e9tico:<\/td>\n<td>1.093 kj\/261 kcal<\/td>\n<\/tr>\n<tr>\n<td>Graxas:<\/td>\n<td>16 g<\/td>\n<\/tr>\n<tr>\n<td>Das cales, saturadas:<\/td>\n<td>2,4 g<\/td>\n<\/tr>\n<tr>\n<td>Hidratos de carbono:<\/td>\n<td>21 g<\/td>\n<\/tr>\n<tr>\n<td>Dos cales, azucres:<\/td>\n<td>1,6 g<\/td>\n<\/tr>\n<tr>\n<td>Prote\u00ednas:<\/td>\n<td>8,2 g<\/td>\n<\/tr>\n<tr>\n<td>Fibra alimentaria:<\/td>\n<td>16,5 g<\/td>\n<\/tr>\n<tr>\n<td>Sal:<\/td>\n<td>1,9 g<\/td>\n<\/tr>\n<\/tbody>\n<\/table><\/div>\n<\/p><\/div>\n<div class=\"bloque-desplegable\">\n<div id=\"producto-despleg-tit-sugerencias\" class=\"cerrado desplegable\">\n<h3>Suxerencias de preparaci\u00f3n<\/h3>\n<p>+<\/p>\n<\/p><\/div>\n<div id=\"producto-despleg-sugerencias\">\n<div class=\"producto-suger-tip\">\n<div class=\"div-sugerencias\">\n<div class=\"img-sugerencias\">\n                  <img decoding=\"async\" src=\"\/wp-content\/uploads\/2021\/01\/plancha.png\"\/>\n                <\/div>\n<div class=\"p-sugerencias\">\n<p class=\"producto-suger-tip-titulo\">\u00c1 prancha<\/p>\n<p>Bota unhas pingas de aceite nunha tixola, engade o calabizo e deixa que se toste ben por ambas as caras.<\/p>\n<\/p><\/div>\n<\/p><\/div>\n<div class=\"div-sugerencias\">\n<div class=\"img-sugerencias\">\n                  <img decoding=\"async\" src=\"\/wp-content\/uploads\/2021\/01\/crudo.png\"\/>\n                <\/div>\n<div class=\"p-sugerencias\">\n<p class=\"producto-suger-tip-titulo\">Consumo en cru<\/p>\n<p>Podes degustalo agora ou deixar que contin\u00fae o proceso de curaci\u00f3n nun lugar fresco e seco fose do envase ao baleiro.<\/p>\n<\/p><\/div>\n<\/p><\/div>\n<div class=\"div-sugerencias\">\n<div class=\"img-sugerencias\">\n                  <img decoding=\"async\" src=\"\/wp-content\/uploads\/2021\/01\/barbacoa.png\"\/>\n                <\/div>\n<div class=\"p-sugerencias\">\n<p class=\"producto-suger-tip-titulo\">Ideal para Grellada<\/p>\n<p>Coloca os calabizos sobre a grella e prep\u00e1raos \u00e1 brasa, sen chegar a tostalos demasiado.<\/p>\n<\/p><\/div>\n<\/p><\/div>\n<div class=\"div-sugerencias\">\n<div class=\"img-sugerencias\">\n                  <img decoding=\"async\" src=\"\/wp-content\/uploads\/2021\/01\/otras.png\"\/>\n                <\/div>\n<div class=\"p-sugerencias\">\n<p class=\"producto-suger-tip-titulo\">Outras formas de preparaci\u00f3n<\/p>\n<p>Saca o chef que levas dentro e utiliza calabizo nas t\u00faas receitas: pratos de culler, potaxes, cocidos, pizzas, tortillas, arroces, pastas. Para guisos e demais, a nosa recomendaci\u00f3n \u00e9 retirar previamente a tripa artificial, partilos e rehogarlos xunto cun sofrito, potenciando as\u00ed o seu sabor.<\/p>\n<p><strong>No hashtag <\/strong>#recetasconcalabizo atopar\u00e1s m\u00faltiples formas para degustar Calabizo.<\/p>\n<p class=\"p-recetas\"><strong>Descobre<\/strong> a nosa secci\u00f3n de <a target=\"_blank\" href=\"\/gl\/recetas\/\" rel=\"noopener\">Receitas<\/a>.<\/p>\n<\/p><\/div>\n<\/p><\/div>\n<\/p><\/div>\n<h3>Recomendaci\u00f3ns de uso<\/h3>\n<div class=\"lista-recomendaciones\">\n<ul>\n<li>Abrir 10 minutos antes de consumir.<\/li>\n<li>Antes de consumir, retirar a tripa artificial na que est\u00e1 embutido.<\/li>\n<li>Non precisa refrixeraci\u00f3n, a\u00ednda que unha vez abertos, recom\u00e9ndase conservalos en fr\u00edo.<\/li>\n<\/ul><\/div>\n<\/p><\/div>\n<\/p><\/div>\n<\/p><\/div>\n<\/p><\/div>\n<\/div>\n","protected":false},"featured_media":8551,"comment_status":"closed","ping_status":"closed","template":"","meta":{"_acf_changed":false},"product_brand":[],"product_cat":[285],"product_tag":[344,346,415,349,350,351,376],"class_list":{"0":"post-8549","1":"product","2":"type-product","3":"status-publish","4":"has-post-thumbnail","6":"product_cat-calabizos-gl","7":"product_tag-calabizo-gl","8":"product_tag-embutido-de-calabaza-gl","9":"product_tag-pack-de-6-gl","10":"product_tag-sin-gluten-gl","11":"product_tag-tradicional-gl","12":"product_tag-vegano-gl","13":"product_tag-vegetal-gl","15":"first","16":"instock","17":"taxable","18":"shipping-taxable","19":"purchasable","20":"product-type-simple"},"acf":[],"_links":{"self":[{"href":"https:\/\/calabizo.com\/gl\/wp-json\/wp\/v2\/product\/8549","targetHints":{"allow":["GET"]}}],"collection":[{"href":"https:\/\/calabizo.com\/gl\/wp-json\/wp\/v2\/product"}],"about":[{"href":"https:\/\/calabizo.com\/gl\/wp-json\/wp\/v2\/types\/product"}],"replies":[{"embeddable":true,"href":"https:\/\/calabizo.com\/gl\/wp-json\/wp\/v2\/comments?post=8549"}],"version-history":[{"count":13,"href":"https:\/\/calabizo.com\/gl\/wp-json\/wp\/v2\/product\/8549\/revisions"}],"predecessor-version":[{"id":12863,"href":"https:\/\/calabizo.com\/gl\/wp-json\/wp\/v2\/product\/8549\/revisions\/12863"}],"wp:featuredmedia":[{"embeddable":true,"href":"https:\/\/calabizo.com\/gl\/wp-json\/wp\/v2\/media\/8551"}],"wp:attachment":[{"href":"https:\/\/calabizo.com\/gl\/wp-json\/wp\/v2\/media?parent=8549"}],"wp:term":[{"taxonomy":"product_brand","embeddable":true,"href":"https:\/\/calabizo.com\/gl\/wp-json\/wp\/v2\/product_brand?post=8549"},{"taxonomy":"product_cat","embeddable":true,"href":"https:\/\/calabizo.com\/gl\/wp-json\/wp\/v2\/product_cat?post=8549"},{"taxonomy":"product_tag","embeddable":true,"href":"https:\/\/calabizo.com\/gl\/wp-json\/wp\/v2\/product_tag?post=8549"}],"curies":[{"name":"wp","href":"https:\/\/api.w.org\/{rel}","templated":true}]}}