{"id":29316,"date":"2025-11-19T09:34:24","date_gmt":"2025-11-19T08:34:24","guid":{"rendered":"https:\/\/calabizo.com\/?post_type=product&#038;p=29316"},"modified":"2026-03-04T10:03:39","modified_gmt":"2026-03-04T09:03:39","slug":"caja-mixta-de-potajes","status":"publish","type":"product","link":"https:\/\/calabizo.com\/gl\/producto\/caja-mixta-de-potajes\/","title":{"rendered":"Caja: Mixta de potajes"},"content":{"rendered":"","protected":false},"excerpt":{"rendered":"<div class=\"producto-descripcion\">\n<div class=\"producto-introduccion\">\n<div class=\"descripcion_potaje_cajas\">\n<p>\u00a1Descubre el sabor de nuestros deliciosos platos de cuchara!<\/p>\n<p>Con la presentaci\u00f3n de nuestra nueva <strong>FABADA VEGETAL<\/strong>, solo durante unos d\u00edas y hasta fin de existencias, podr\u00e1s comprar la &#8220;Caja Mixta de Potajes&#8221; para que tengas oportunidad de disfrutar de los 2 sabrosos y nutritivos platos preparados que elaboramos para que disfrutes de una alimentaci\u00f3n saludable a la vez qu\u00e9 r\u00e1pida y c\u00f3moda: tan solo tendr\u00e1s que \u00a1Calentar y listo!<\/p>\n<p>Saborea nuestro Potaje de garbanzos con espinacas y la nueva Fabada vegetal, 2 deliciosos platos de cuchara elaborados con las mejores legumbres, garbanzos en el primero y alubias en el segundo, con verduras y hortalizas sin faltar en ninguno de los 2 nuestro sabroso calabizo: el embutido de calabaza, 100% vegetal.<\/p>\n<p><strong>Caja de 12 tarros de 720 g.<\/strong><br \/>\n6 tarros de Fabada vegetal + 6 tarros de Potaje de garbanzos<\/p>\n<p>\u00a1Hechos de forma artesanal en Galicia!<br \/>\nVeganos y sin gluten.<br \/>\nSin conservantes ni aditivos.<br \/>\nSin al\u00e9rgenos y Sin colesterol.<\/p>\n<\/div>\n<\/div>\n<div class=\"producto-caracteristicas\">\n<div class=\"lista-producto-caracteristicas\">\n<div class=\"producto-caract-indiv\">\n<div class=\"producto-ind-iconos\"><img decoding=\"async\" src=\"\/wp-content\/uploads\/2021\/01\/fp-frio.png\" \/><\/div>\n<div class=\"producto-ind-titulo\">\n<p>No necesita fr\u00edo<\/p>\n<\/div>\n<\/div>\n<div class=\"producto-caract-indiv\">\n<div class=\"producto-ind-iconos\"><img decoding=\"async\" src=\"\/wp-content\/uploads\/2021\/01\/fp-aditivos.png\" \/><\/div>\n<div class=\"producto-ind-titulo\">\n<p>Sin Aditivos<br \/>\nSin Conservantes<\/p>\n<\/div>\n<\/div>\n<div class=\"producto-caract-indiv\">\n<div class=\"producto-ind-iconos\"><img decoding=\"async\" src=\"\/wp-content\/uploads\/2021\/01\/fp-sojagluten.png\" \/><\/div>\n<div class=\"producto-ind-titulo\">\n<p>Vegano<br \/>\nSin gluten<\/p>\n<\/div>\n<\/div>\n<div class=\"producto-caract-indiv\">\n<div class=\"producto-ind-iconos\"><img decoding=\"async\" src=\"\/wp-content\/uploads\/2021\/01\/fp-colesterol.png\" \/><\/div>\n<div class=\"producto-ind-titulo\">\n<p>Sin colesterol<\/p>\n<\/div>\n<\/div>\n<div class=\"producto-caract-indiv\">\n<div class=\"producto-ind-iconos\"><img decoding=\"async\" src=\"\/wp-content\/uploads\/2021\/01\/fp-calorias.png\" \/><\/div>\n<div class=\"producto-ind-titulo\">\n<p>Bajo en calor\u00edas<\/p>\n<\/div>\n<\/div>\n<div class=\"producto-caract-indiv\">\n<div class=\"producto-ind-iconos\"><img decoding=\"async\" src=\"\/wp-content\/uploads\/2021\/01\/fp-fibra.png\" \/><\/div>\n<div class=\"producto-ind-titulo\">\n<p>Rico en fibra<\/p>\n<\/div>\n<\/div>\n<\/div>\n<\/div>\n<div class=\"producto-desplegables\">\n<div class=\"bloque-desplegable\">\n<div id=\"producto-despleg-tit-ingredientes\" class=\"cerrado desplegable\">\n<h3>Qu\u00e9 incluye la caja:<\/h3>\n<p>+<\/p>\n<\/div>\n<div id=\"producto-despleg-ingredientes\">\n<div class=\"item-caja\" style=\"margin-bottom: 25px; padding-bottom: 20px; border-bottom: 1px solid #eee;\">\n<h4 style=\"color: #e64e1c; margin-top: 0; font-size: 1.2em;\">6 tarros de Fabada vegetal<\/h4>\n<div class=\"descripcion_potaje_cajas\">\n<p>Disfruta de la primera fabada vegetal con calabizo del mercado, con un reconocido sabor a la \u00abfabada\u00bb tradicional de toda la vida que le confiere nuestro embutido de calabaza, el calabizo, y la morcilla vegana elaborada espec\u00edficamente para esta receta.<\/p>\n<p>\u00bfLo mejor? Un plato preparado muy sabroso y altamente nutritivo de tan solo \u00a1calentar y listo!<\/p>\n<ul style=\"margin-bottom: 15px;\">\n<li>Tarro de vidrio de 720 g. (2-3 raciones)<\/li>\n<li>Presenta 3 a\u00f1os de consumo preferente<\/li>\n<li>No precisa refrigeraci\u00f3n, excepto si es abierto<\/li>\n<\/ul>\n<p><a style=\"display: inline-block; padding: 5px 15px; background-color: #e64e1c; color: white; text-decoration: none; border-radius: 4px; font-size: 0.9em; font-weight: bold;\" href=\"https:\/\/calabizo.com\/gl\/?post_type=product&#038;p=29255\" target=\"_blank\" rel=\"noopener\">Ver m\u00e1s<\/a><\/p>\n<\/div>\n<\/div>\n<div class=\"item-caja\" style=\"margin-bottom: 25px;\">\n<h4 style=\"color: #e64e1c; margin-top: 0; font-size: 1.2em;\">6 tarros de Potaje de garbanzos<\/h4>\n<div class=\"descripcion_potaje_cajas\">\n<p>Disfruta del primer potaje de garbanzos vegano del mercado con un reconocido sabor al potaje \u201cde toda la vida\u201d que le confiere nuestro embutido de calabaza, el calabizo.<\/p>\n<p>\u00bfLo mejor? Un plato preparado sabroso y nutritivo de tan solo \u00a1calentar y listo!<\/p>\n<ul style=\"margin-bottom: 15px;\">\n<li>Tarro de vidrio de 720 g. (2-3 raciones)<\/li>\n<li>Presenta 3 a\u00f1os de consumo preferente<\/li>\n<li>No precisa refrigeraci\u00f3n, excepto si es abierto<\/li>\n<\/ul>\n<p><a style=\"display: inline-block; padding: 5px 15px; background-color: #e64e1c; color: white; text-decoration: none; border-radius: 4px; font-size: 0.9em; font-weight: bold;\" href=\"https:\/\/calabizo.com\/gl\/producto\/guiso-de-garavanzos-con-calabizo-de-2-3-racions\/\" target=\"_blank\" rel=\"noopener\">Ver m\u00e1s<\/a><\/p>\n<\/div>\n<\/div>\n<\/div>\n<\/div>\n<div class=\"bloque-desplegable\">\n<div id=\"producto-despleg-tit-sugerencias\" class=\"cerrado desplegable\">\n<h3>Sugerencias de preparaci\u00f3n<\/h3>\n<p>+<\/p>\n<\/div>\n<div id=\"producto-despleg-sugerencias\">\n<p>\u00a1Calentar y listo!<\/p>\n<p>Un plato de cuchara f\u00e1cil, c\u00f3modo, saludable y nutritivo.<\/p>\n<p>Elige c\u00f3mo calentarlo y en unos minutos disfrutar\u00e1s de este sabroso plato de cuchara.<\/p>\n<div class=\"producto-suger-tip\">\n<div class=\"div-sugerencias\">\n<div class=\"img-sugerencias\"><img decoding=\"async\" src=\"\/wp-content\/uploads\/2021\/01\/olla.png\" \/><\/div>\n<div class=\"p-sugerencias\">\n<p class=\"producto-suger-tip-titulo tit-potaje\">Olla\/Tartera<\/p>\n<\/div>\n<\/div>\n<div class=\"div-sugerencias\">\n<div class=\"img-sugerencias\"><img decoding=\"async\" src=\"\/wp-content\/uploads\/2021\/01\/banomaria.png\" \/><\/div>\n<div class=\"p-sugerencias\">\n<p class=\"producto-suger-tip-titulo tit-potaje\">Ba\u00f1o Mar\u00eda<\/p>\n<\/div>\n<\/div>\n<div class=\"div-sugerencias\">\n<div class=\"img-sugerencias\"><img decoding=\"async\" src=\"\/wp-content\/uploads\/2021\/01\/micro.png\" \/><\/div>\n<div class=\"p-sugerencias\">\n<p class=\"producto-suger-tip-titulo tit-potaje\">Microondas<\/p>\n<\/div>\n<\/div>\n<div class=\"div-sugerencias\">\n<div class=\"p-sugerencias\">\n<p><strong>En el hashtag #recetasconcalabizo<\/strong> encontrar\u00e1s m\u00faltiples formas para degustar Calabizo<\/p>\n<p class=\"p-recetas\"><strong>Descubre<\/strong> nuestra secci\u00f3n de <a href=\"\/recetas\/\" target=\"_blank\" rel=\"noopener\">Recetas<\/a>.<\/p>\n<\/div>\n<\/div>\n<\/div>\n<h3>Recomendaciones de uso<\/h3>\n<div class=\"lista-recomendaciones\">\n<ul>\n<li>Almacenar en lugar seco y fresco. Preservar de la luz solar<\/li>\n<li>Una vez abierto, conservar en frigor\u00edfico, m\u00e1ximo 2 d\u00edas<\/li>\n<\/ul>\n<\/div>\n<\/div>\n<\/div>\n<\/div>\n<\/div>\n","protected":false},"featured_media":29355,"comment_status":"closed","ping_status":"closed","template":"","meta":{"_acf_changed":false},"product_brand":[],"product_cat":[286,1051,1086],"product_tag":[375,344,1081,446,445,350,351,376],"class_list":{"0":"post-29316","1":"product","2":"type-product","3":"status-publish","4":"has-post-thumbnail","6":"product_cat-potaxe-de-garavanzos","7":"product_cat-cajas-calabiceras-gl","8":"product_cat-fabada-vegetal","9":"product_tag-calabaza-gl","10":"product_tag-calabizo-gl","11":"product_tag-fabada","12":"product_tag-garbanzos-gl","13":"product_tag-potaje-gl","14":"product_tag-tradicional-gl","15":"product_tag-vegano-gl","16":"product_tag-vegetal-gl","18":"first","19":"instock","20":"taxable","21":"shipping-taxable","22":"purchasable","23":"product-type-simple"},"acf":[],"_links":{"self":[{"href":"https:\/\/calabizo.com\/gl\/wp-json\/wp\/v2\/product\/29316","targetHints":{"allow":["GET"]}}],"collection":[{"href":"https:\/\/calabizo.com\/gl\/wp-json\/wp\/v2\/product"}],"about":[{"href":"https:\/\/calabizo.com\/gl\/wp-json\/wp\/v2\/types\/product"}],"replies":[{"embeddable":true,"href":"https:\/\/calabizo.com\/gl\/wp-json\/wp\/v2\/comments?post=29316"}],"version-history":[{"count":10,"href":"https:\/\/calabizo.com\/gl\/wp-json\/wp\/v2\/product\/29316\/revisions"}],"predecessor-version":[{"id":29754,"href":"https:\/\/calabizo.com\/gl\/wp-json\/wp\/v2\/product\/29316\/revisions\/29754"}],"wp:featuredmedia":[{"embeddable":true,"href":"https:\/\/calabizo.com\/gl\/wp-json\/wp\/v2\/media\/29355"}],"wp:attachment":[{"href":"https:\/\/calabizo.com\/gl\/wp-json\/wp\/v2\/media?parent=29316"}],"wp:term":[{"taxonomy":"product_brand","embeddable":true,"href":"https:\/\/calabizo.com\/gl\/wp-json\/wp\/v2\/product_brand?post=29316"},{"taxonomy":"product_cat","embeddable":true,"href":"https:\/\/calabizo.com\/gl\/wp-json\/wp\/v2\/product_cat?post=29316"},{"taxonomy":"product_tag","embeddable":true,"href":"https:\/\/calabizo.com\/gl\/wp-json\/wp\/v2\/product_tag?post=29316"}],"curies":[{"name":"wp","href":"https:\/\/api.w.org\/{rel}","templated":true}]}}