{"id":8332,"date":"2015-08-26T08:33:06","date_gmt":"2015-08-26T08:33:06","guid":{"rendered":"https:\/\/calabizo.com\/nosotras\/"},"modified":"2022-01-12T10:56:14","modified_gmt":"2022-01-12T09:56:14","slug":"nosotras","status":"publish","type":"page","link":"https:\/\/calabizo.com\/gl\/nosotras\/","title":{"rendered":"N\u00f3s"},"content":{"rendered":"<div class=\"wpb-content-wrapper\"><p>[vc_row fullwidth=&#8221;true&#8221; css=&#8221;.vc_custom_1606504027231{background-image: url(https:\/\/calabizo.com\/wp-content\/uploads\/2020\/11\/en_medios.jpg?id=7615) !important;background-position: center !important;background-repeat: no-repeat !important;background-size: cover !important;}&#8221;][vc_column][vc_custom_heading text=&#8221;N\u00f3s&#8221; font_container=&#8221;tag:h1|text_align:center|color:%23ffffff&#8221; use_theme_fonts=&#8221;yes&#8221; css=&#8221;.vc_custom_1608630428269{margin-top: 100px !important;margin-bottom: 100px !important;}&#8221; el_class=&#8221;titulo-cabecera&#8221;][\/vc_column][\/vc_row][vc_row css=&#8221;.vc_custom_1611313047103{margin-top: 40px !important;}&#8221; el_class=&#8221;bq-nosotras-mision&#8221;][vc_column width=&#8221;1\/6&#8243;][\/vc_column][vc_column width=&#8221;2\/3&#8243; el_class=&#8221;p-justify bq-nosotras-txt-1&#8243;][vc_custom_heading text=&#8221;Misi\u00f3n&#8221; font_container=&#8221;tag:h2|text_align:center&#8221; use_theme_fonts=&#8221;yes&#8221; css=&#8221;.vc_custom_1610443697345{margin-bottom: 20px !important;}&#8221; el_id=&#8221;mision&#8221;][vc_column_text css=&#8221;.vc_custom_1610444998463{margin-bottom: 40px !important;}&#8221;]<\/p>\n<p style=\"text-align: center;\">En Calabizo queremos contribu\u00edr e formar parte do cambio cara a un novo sistema alimentario m\u00e1is saudable e respectuoso coa nosa contorna, achegando alternativas gastron\u00f3micas innovadoras baseadas na tradici\u00f3n e que axuden a reducir o consumo de carne e aumentar a inxesta de vexetais, tan importantes para a nosa dieta.<\/p>\n<p style=\"text-align: center;\">Cremos na sustentabilidade e na responsabilidade social e t\u00e9molo en conta \u00e1 hora de elixir os nosos provedores, clientes e colaboradores. Por iso traballamos con agricultores locais, comprometidos co medio ambiente e co pequeno comercio que fai posible un mercado de proximidade.<\/p>\n<p>[\/vc_column_text][\/vc_column][vc_column width=&#8221;1\/6&#8243;][\/vc_column][\/vc_row][vc_row css=&#8221;.vc_custom_1611313057349{margin-bottom: 80px !important;}&#8221; el_class=&#8221;bq-nosotras-condic&#8221;][vc_column width=&#8221;1\/6&#8243;][\/vc_column][vc_column width=&#8221;1\/6&#8243; css=&#8221;.vc_custom_1608630838479{padding-right: 0px !important;padding-left: 0px !important;}&#8221;][vc_single_image image=&#8221;9269&#8243; img_size=&#8221;100&#215;100&#8243; alignment=&#8221;center&#8221; css=&#8221;.vc_custom_1610444961729{margin-bottom: 10px !important;}&#8221;][vc_custom_heading text=&#8221;Bo para o planeta&#8221; font_container=&#8221;tag:h4|text_align:center&#8221; use_theme_fonts=&#8221;yes&#8221; el_class=&#8221;titulo-caracteristicas&#8221;][\/vc_column][vc_column width=&#8221;1\/6&#8243; css=&#8221;.vc_custom_1608630843653{padding-right: 0px !important;padding-left: 0px !important;}&#8221;][vc_single_image image=&#8221;9263&#8243; img_size=&#8221;100&#215;100&#8243; alignment=&#8221;center&#8221; css=&#8221;.vc_custom_1610444966429{margin-bottom: 10px !important;}&#8221;][vc_custom_heading text=&#8221;Libre de crueldade animal&#8221; font_container=&#8221;tag:h4|text_align:center&#8221; use_theme_fonts=&#8221;yes&#8221; el_class=&#8221;titulo-caracteristicas&#8221;][\/vc_column][vc_column width=&#8221;1\/6&#8243; css=&#8221;.vc_custom_1608630849692{padding-right: 0px !important;padding-left: 0px !important;}&#8221;][vc_single_image image=&#8221;9257&#8243; img_size=&#8221;100&#215;100&#8243; alignment=&#8221;center&#8221; css=&#8221;.vc_custom_1610444971390{margin-bottom: 10px !important;}&#8221;][vc_custom_heading text=&#8221;Bo para a sa\u00fade&#8221; font_container=&#8221;tag:h4|text_align:center&#8221; use_theme_fonts=&#8221;yes&#8221; el_class=&#8221;titulo-caracteristicas&#8221;][\/vc_column][vc_column width=&#8221;1\/6&#8243; css=&#8221;.vc_custom_1608630855846{padding-right: 0px !important;padding-left: 0px !important;}&#8221;][vc_single_image image=&#8221;9275&#8243; img_size=&#8221;100&#215;100&#8243; alignment=&#8221;center&#8221; css=&#8221;.vc_custom_1610444976160{margin-bottom: 10px !important;}&#8221;][vc_custom_heading text=&#8221;Saboroso&#8221; font_container=&#8221;tag:h4|text_align:center&#8221; use_theme_fonts=&#8221;yes&#8221; el_class=&#8221;titulo-caracteristicas&#8221;][\/vc_column][vc_column width=&#8221;1\/6&#8243;][\/vc_column][\/vc_row][vc_row css=&#8221;.vc_custom_1611313067602{margin-top: 40px !important;}&#8221; el_class=&#8221;bq-nosotras-historia&#8221;][vc_column width=&#8221;1\/6&#8243;][\/vc_column][vc_column width=&#8221;2\/3&#8243; el_class=&#8221;p-justify&#8221;][vc_custom_heading text=&#8221;Historia&#8221; font_container=&#8221;tag:h2|text_align:center&#8221; use_theme_fonts=&#8221;yes&#8221; css=&#8221;.vc_custom_1610443706471{margin-bottom: 20px !important;}&#8221; el_id=&#8221;historia&#8221;][vc_column_text css=&#8221;.vc_custom_1610445080519{margin-bottom: 50px !important;}&#8221;]<\/p>\n<p style=\"text-align: center;\" align=\"JUSTIFY\">Calabizo cre\u00e1molo tres mulleres emprendedoras, Edurne, Sof\u00eda e Keila; tres profesionais procedentes de diferentes sectores complementarios que decidimos unir noso \u201csaber facer\u201d para crear un proxecto de alimentaci\u00f3n baseado en plantas, e desenvolver produtos veganos, saudables, elaborados de forma tradicional e cun sabor especial e aut\u00e9ntico.<\/p>\n<p style=\"text-align: center;\" align=\"JUSTIFY\">En 2013 xorde a idea e en 2015 convert\u00e9mola nunha realidade empresarial grazas ao programa de aceleraci\u00f3n de empresas e emprendedores: VIAGALICIA, promovido polo Consorcio da Zona Franca de Vigo e a Xunta de Galicia.<\/p>\n<p style=\"text-align: center;\" align=\"JUSTIFY\">Calabizo form\u00e1molo un equipo de mulleres implicadas nun obxectivo com\u00fan: satisfacer coas nosas opci\u00f3ns gastron\u00f3micas aos padais m\u00e1is curiosos e inquietos, que buscan algo m\u00e1is que comida nos alimentos que consomen.<\/p>\n<p>[\/vc_column_text][\/vc_column][vc_column width=&#8221;1\/6&#8243;][\/vc_column][\/vc_row][vc_row el_class=&#8221;bq-nosotras-img-ppal&#8221;][vc_column][vc_single_image image=&#8221;7716&#8243; img_size=&#8221;full&#8221; alignment=&#8221;center&#8221;][\/vc_column][\/vc_row][vc_row el_class=&#8221;bq-nosotras-fund&#8221;][vc_column][vc_custom_heading text=&#8221;Fundadoras&#8221; font_container=&#8221;tag:h2|text_align:center&#8221; use_theme_fonts=&#8221;yes&#8221; css=&#8221;.vc_custom_1610443734131{margin-top: 20px !important;margin-bottom: 30px !important;}&#8221; el_id=&#8221;conocenos&#8221;][vc_row_inner css=&#8221;.vc_custom_1610444388845{margin-bottom: 50px !important;}&#8221; el_class=&#8221;p-justify&#8221;][vc_column_inner width=&#8221;1\/3&#8243; css=&#8221;.vc_custom_1606728507012{margin-right: 10px !important;margin-left: 10px !important;border-right-width: 3px !important;padding-top: 0px !important;padding-right: 20px !important;padding-left: 20px !important;border-right-color: #e2e2e2 !important;border-right-style: solid !important;}&#8221;][vc_single_image image=&#8221;7715&#8243; img_size=&#8221;full&#8221; alignment=&#8221;center&#8221; el_class=&#8221;round-image&#8221; css=&#8221;.vc_custom_1613038402537{margin-bottom: 35px !important;}&#8221;][vc_custom_heading text=&#8221;Edurne Sendra de Sa\u00e1&#8221; font_container=&#8221;tag:h4|text_align:center&#8221; use_theme_fonts=&#8221;yes&#8221;][vc_custom_heading text=&#8221;CEO \u00c1rea Xesti\u00f3n&#8221; font_container=&#8221;tag:h4|text_align:center|color:%23e64e1c&#8221; use_theme_fonts=&#8221;yes&#8221;][vc_column_text css=&#8221;.vc_custom_1609168209309{margin-bottom: 0px !important;}&#8221;]<\/p>\n<p style=\"text-align: center;\" align=\"JUSTIFY\">Son enxe\u00f1eira agr\u00f3noma, e levo desde 1998 dedicada ao mundo da industria agroalimentaria. Comecei o meu periplo profesional centrada exclusivamente no campo e, aos poucos, fun penetr\u00e1ndome nas industrias transformadoras, xa que estou convencida de que a agricultura crecer\u00e1 de forma sostible se as empresas agroalimentarias achegamos valor aos produtos do campo.<\/p>\n<p>[\/vc_column_text][\/vc_column_inner][vc_column_inner width=&#8221;1\/3&#8243; css=&#8221;.vc_custom_1606728496174{margin-right: 10px !important;margin-left: 10px !important;padding-top: 0px !important;padding-right: 20px !important;padding-left: 20px !important;}&#8221;][vc_single_image image=&#8221;7718&#8243; img_size=&#8221;full&#8221; alignment=&#8221;center&#8221; el_class=&#8221;round-image&#8221; css=&#8221;.vc_custom_1613038746447{margin-bottom: 32px !important;}&#8221;][vc_custom_heading text=&#8221;Sof\u00eda Calvo Arias&#8221; font_container=&#8221;tag:h4|text_align:center&#8221; use_theme_fonts=&#8221;yes&#8221;][vc_custom_heading text=&#8221;\u00c1rea de Produci\u00f3n&#8221; font_container=&#8221;tag:h4|text_align:center|color:%23e64e1c&#8221; use_theme_fonts=&#8221;yes&#8221;][vc_column_text css=&#8221;.vc_custom_1610385232411{margin-bottom: 0px !important;}&#8221;]<\/p>\n<p style=\"text-align: center;\" align=\"JUSTIFY\">Son enxe\u00f1eira t\u00e9cnica agr\u00edcola e o que realmente me gusta \u00e9 a coci\u00f1a, polo que case toda a mi\u00f1a vida profesional paseina ao redor dela. Dediquei m\u00e1is de quince anos \u00e1 restauraci\u00f3n, os dous \u00faltimos especializada en restaurantes vegetarianos. G\u00fastame crear novas receitas, polo que unha das mi\u00f1as tarefas en Calabizo \u00e9 pensar e desenvolver novos pratos vexetais seguindo a filosof\u00eda do noso proxecto.<\/p>\n<p>[\/vc_column_text][\/vc_column_inner][vc_column_inner width=&#8221;1\/3&#8243; css=&#8221;.vc_custom_1613038651226{margin-right: 10px !important;margin-left: 10px !important;border-left-width: 3px !important;padding-top: 0px !important;padding-right: 20px !important;padding-bottom: 24px !important;padding-left: 20px !important;border-left-color: #e2e2e2 !important;border-left-style: solid !important;}&#8221;][vc_single_image image=&#8221;7717&#8243; img_size=&#8221;full&#8221; alignment=&#8221;center&#8221; el_class=&#8221;round-image&#8221; css=&#8221;.vc_custom_1613038417181{margin-bottom: 35px !important;}&#8221;][vc_custom_heading text=&#8221;Keila Pousa Arbones&#8221; font_container=&#8221;tag:h4|text_align:center&#8221; use_theme_fonts=&#8221;yes&#8221;][vc_custom_heading text=&#8221;\u00c1rea Comercial&#8221; font_container=&#8221;tag:h4|text_align:center|color:%23e64e1c&#8221; use_theme_fonts=&#8221;yes&#8221;][vc_column_text css=&#8221;.vc_custom_1641981115546{margin-bottom: 0px !important;}&#8221;]<\/p>\n<p style=\"text-align: center;\" align=\"JUSTIFY\">Son licenciada en ciencias econ\u00f3micas, e a mi\u00f1a experiencia profesional sempre estivo ligada ao sector servizos. Sempre me gustou conectar as necesidades das persoas cos servizos ou produtos que as cobren. Enc\u00e1ntame presentar Calabizo a quen creo que lles pode interesar, sendo a mi\u00f1a principal tarefa a relaci\u00f3n cos clientes e o marketing.<\/p>\n<p>[\/vc_column_text][\/vc_column_inner][\/vc_row_inner][\/vc_column][\/vc_row][vc_row fullwidth=&#8221;true&#8221; el_class=&#8221;img-footer-inline&#8221;][vc_column width=&#8221;1\/3&#8243; css=&#8221;.vc_custom_1605694987424{margin-right: 0px !important;margin-left: 0px !important;padding-right: 0px !important;padding-left: 0px !important;}&#8221;][vc_single_image image=&#8221;7647&#8243; img_size=&#8221;full&#8221; css=&#8221;.vc_custom_1606905847336{margin-bottom: 0px !important;}&#8221;][\/vc_column][vc_column width=&#8221;1\/3&#8243; css=&#8221;.vc_custom_1605695001576{margin-right: 0px !important;margin-left: 0px !important;padding-right: 0px !important;padding-left: 0px !important;}&#8221;][vc_single_image image=&#8221;7649&#8243; img_size=&#8221;full&#8221; css=&#8221;.vc_custom_1606905852523{margin-bottom: 0px !important;}&#8221;][\/vc_column][vc_column width=&#8221;1\/3&#8243; css=&#8221;.vc_custom_1605695007944{margin-right: 0px !important;margin-left: 0px !important;padding-right: 0px !important;padding-left: 0px !important;}&#8221;][vc_single_image image=&#8221;7648&#8243; img_size=&#8221;full&#8221; css=&#8221;.vc_custom_1606905855950{margin-bottom: 0px !important;}&#8221;][\/vc_column][\/vc_row]<\/p>\n<\/div>","protected":false},"excerpt":{"rendered":"<p>[vc_row fullwidth=&#8221;true&#8221; css=&#8221;.vc_custom_1606504027231{background-image: url(https:\/\/calabizo.com\/wp-content\/uploads\/2020\/11\/en_medios.jpg?id=7615) !important;background-position: center !important;background-repeat: no-repeat !important;background-size: cover !important;}&#8221;][vc_column][vc_custom_heading text=&#8221;N\u00f3s&#8221; font_container=&#8221;tag:h1|text_align:center|color:%23ffffff&#8221; use_theme_fonts=&#8221;yes&#8221; css=&#8221;.vc_custom_1608630428269{margin-top: 100px !important;margin-bottom: 100px !important;}&#8221; el_class=&#8221;titulo-cabecera&#8221;][\/vc_column][\/vc_row][vc_row css=&#8221;.vc_custom_1611313047103{margin-top: 40px !important;}&#8221; el_class=&#8221;bq-nosotras-mision&#8221;][vc_column width=&#8221;1\/6&#8243;][\/vc_column][vc_column width=&#8221;2\/3&#8243; el_class=&#8221;p-justify bq-nosotras-txt-1&#8243;][vc_custom_heading text=&#8221;Misi\u00f3n&#8221; font_container=&#8221;tag:h2|text_align:center&#8221; use_theme_fonts=&#8221;yes&#8221; css=&#8221;.vc_custom_1610443697345{margin-bottom: 20px !important;}&#8221; el_id=&#8221;mision&#8221;][vc_column_text css=&#8221;.vc_custom_1610444998463{margin-bottom: 40px !important;}&#8221;] En Calabizo queremos contribu\u00edr e formar parte do cambio cara a un novo sistema alimentario m\u00e1is saudable [&hellip;]<\/p>\n","protected":false},"author":1,"featured_media":0,"parent":0,"menu_order":0,"comment_status":"open","ping_status":"open","template":"","meta":{"_acf_changed":false,"footnotes":""},"class_list":["post-8332","page","type-page","status-publish","hentry"],"acf":[],"_links":{"self":[{"href":"https:\/\/calabizo.com\/gl\/wp-json\/wp\/v2\/pages\/8332","targetHints":{"allow":["GET"]}}],"collection":[{"href":"https:\/\/calabizo.com\/gl\/wp-json\/wp\/v2\/pages"}],"about":[{"href":"https:\/\/calabizo.com\/gl\/wp-json\/wp\/v2\/types\/page"}],"author":[{"embeddable":true,"href":"https:\/\/calabizo.com\/gl\/wp-json\/wp\/v2\/users\/1"}],"replies":[{"embeddable":true,"href":"https:\/\/calabizo.com\/gl\/wp-json\/wp\/v2\/comments?post=8332"}],"version-history":[{"count":12,"href":"https:\/\/calabizo.com\/gl\/wp-json\/wp\/v2\/pages\/8332\/revisions"}],"predecessor-version":[{"id":21946,"href":"https:\/\/calabizo.com\/gl\/wp-json\/wp\/v2\/pages\/8332\/revisions\/21946"}],"wp:attachment":[{"href":"https:\/\/calabizo.com\/gl\/wp-json\/wp\/v2\/media?parent=8332"}],"curies":[{"name":"wp","href":"https:\/\/api.w.org\/{rel}","templated":true}]}}