{"id":8150,"date":"2020-12-15T11:43:16","date_gmt":"2020-12-15T10:43:16","guid":{"rendered":"https:\/\/calabizo.com\/inicio\/"},"modified":"2025-01-02T09:22:57","modified_gmt":"2025-01-02T08:22:57","slug":"inicio","status":"publish","type":"page","link":"https:\/\/calabizo.com\/gl\/","title":{"rendered":"Inicio"},"content":{"rendered":"<div class=\"wpb-content-wrapper\"><p>[vc_row fullwidth=&#8221;true&#8221; css=&#8221;.vc_custom_1607597004884{padding-top: 55px !important;padding-bottom: 75px !important;background-image: url(https:\/\/calabizo.com\/wp-content\/uploads\/2020\/11\/home.jpg?id=7655) !important;background-position: center !important;background-repeat: no-repeat !important;background-size: cover !important;}&#8221;][vc_column ovic_custom_id=&#8221;ovic_custom_5fae577a15c63&#8243; css_desktop=&#8221;.vc_custom_1605260632336{background-image: url(https:\/\/calabizo.com\/wp-content\/uploads\/2020\/11\/spices-4185324_1280.jpg?id=7074) !important;}&#8221;][vc_custom_heading text=&#8221;Calabizo, explosi\u00f3n de sabor&#8221; font_container=&#8221;tag:h1|text_align:center|color:%23ffffff&#8221; use_theme_fonts=&#8221;yes&#8221; ovic_custom_id=&#8221;ovic_custom_5fae577a15c65&#8243; hidden_markup_01=&#8221;&#8221; hidden_markup_desktop=&#8221;&#8221; hidden_markup_laptop=&#8221;&#8221; hidden_markup_tablet=&#8221;&#8221; hidden_markup_ipad=&#8221;&#8221; hidden_markup_mobile=&#8221;&#8221; css=&#8221;.vc_custom_1610357876222{margin-top: 100px !important;margin-bottom: 5px !important;}&#8221; el_class=&#8221;titulo-cabecera&#8221;][vc_custom_heading text=&#8221;100% vexetal&#8221; font_container=&#8221;tag:h1|text_align:center|color:%23ffffff&#8221; use_theme_fonts=&#8221;yes&#8221; ovic_custom_id=&#8221;ovic_custom_5fae577a15c65&#8243; hidden_markup_01=&#8221;&#8221; hidden_markup_desktop=&#8221;&#8221; hidden_markup_laptop=&#8221;&#8221; hidden_markup_tablet=&#8221;&#8221; hidden_markup_ipad=&#8221;&#8221; hidden_markup_mobile=&#8221;&#8221; css=&#8221;.vc_custom_1610357887913{margin-bottom: 30px !important;}&#8221; el_class=&#8221;titulo-cabecera&#8221;][vc_btn title=&#8221;MERCAR EN LI\u00d1A&#8221; style=&#8221;flat&#8221; shape=&#8221;square&#8221; color=&#8221;warning&#8221; align=&#8221;center&#8221; ovic_custom_id=&#8221;ovic_custom_5fae577a15c66&#8243; link=&#8221;url:https%3A%2F%2Fcalabizo.com%2Fgl%2Fla-tienda%2F|title:La%20Tienda&#8221; el_class=&#8221;btn-naranja&#8221;][vc_icon icon_fontawesome=&#8221;fas fa-chevron-circle-down&#8221; color=&#8221;white&#8221; background_style=&#8221;rounded&#8221; background_color=&#8221;custom&#8221; size=&#8221;lg&#8221; align=&#8221;center&#8221; link=&#8221;url:https%3A%2F%2Fcalabizo.com%2Fgl%2Fla-tienda%2F|title:La%20Tienda&#8221; ovic_custom_id=&#8221;ovic_custom_5fae577a15c67&#8243; css=&#8221;.vc_custom_1616068337984{margin-bottom: 40px !important;}&#8221;][vc_custom_heading text=&#8221;Env\u00edo gratu\u00edto desde 60 \u20ac&#8221; font_container=&#8221;tag:h4|text_align:center&#8221; use_theme_fonts=&#8221;yes&#8221; el_class=&#8221;banner-envio-gratuito&#8221;][vc_custom_heading text=&#8221;Para Espa\u00f1a e Portugal (excepto as illas)&#8221; font_container=&#8221;tag:h6|text_align:center&#8221; use_theme_fonts=&#8221;yes&#8221; el_class=&#8221;banner-envio-gratuito-segundo&#8221;][\/vc_column][\/vc_row][vc_row fullwidth=&#8221;true&#8221; css=&#8221;.vc_custom_1608550319286{background-image: url(https:\/\/calabizo.com\/wp-content\/uploads\/2020\/12\/Fondo-pared-1.jpg?id=8723) !important;background-position: center !important;background-repeat: no-repeat !important;background-size: cover !important;}&#8221;][vc_column css=&#8221;.vc_custom_1605522259687{padding-bottom: 80px !important;background-image: url(https:\/\/calabizo.com\/wp-content\/uploads\/2020\/11\/crumpled-2537807_1920.jpg?id=7141) !important;background-position: 0 0 !important;background-repeat: repeat !important;}&#8221;][vc_row_inner is_fullwidth_content=&#8221;false&#8221;][vc_column_inner width=&#8221;1\/6&#8243;][\/vc_column_inner][vc_column_inner width=&#8221;2\/3&#8243;][vc_custom_heading text=&#8221;Ponlle sabor aos teus pratos!&#8221; font_container=&#8221;tag:h2|text_align:center|color:%23111111&#8243; use_theme_fonts=&#8221;yes&#8221; css=&#8221;.vc_custom_1613729278111{margin-top: 50px !important;}&#8221; el_class=&#8221;titulo-resaltado&#8221;][vc_column_text css=&#8221;.vc_custom_1609166526188{margin-bottom: 0px !important;}&#8221;]<\/p>\n<p style=\"text-align: center;\" align=\"JUSTIFY\">Calabizo ofr\u00e9ceche alternativas 100% vexetais para que goces dos sabores de sempre, dunha forma saudable e nutritiva. Proba o noso famoso \u2018 calabizo\u2019 e a potaxe de garavanzos con calabizo!<\/p>\n<p style=\"text-align: center;\" align=\"JUSTIFY\">Aposta por Calabizo nas t\u00faas receitas e goza de alimentos respectuosos co mundo animal e o medioambiente mentres coidas da t\u00faa sa\u00fade e a dos teus!<\/p>\n<p>[\/vc_column_text][\/vc_column_inner][vc_column_inner width=&#8221;1\/6&#8243;][\/vc_column_inner][\/vc_row_inner][vc_row_inner attached=&#8221;true&#8221; is_fullwidth_content=&#8221;false&#8221; column_padding=&#8221;1&#8243; css=&#8221;.vc_custom_1608550308029{padding-right: 20px !important;padding-left: 20px !important;background-position: center !important;background-repeat: no-repeat !important;background-size: cover !important;}&#8221; el_id=&#8221;grid-saborea&#8221;][vc_column_inner width=&#8221;1\/2&#8243; css=&#8221;.vc_custom_1607937356782{background-image: url(https:\/\/calabizo.com\/wp-content\/uploads\/2020\/11\/footer520.jpg?id=7610) !important;background-position: center !important;background-repeat: no-repeat !important;background-size: cover !important;}&#8221;][vc_custom_heading text=&#8221;Calabizo&#8221; font_container=&#8221;tag:h2|text_align:center|color:%23ffffff&#8221; use_theme_fonts=&#8221;yes&#8221; link=&#8221;url:%2Fgl%2Fla-tienda%2F%23producto-calabizo&#8221; css=&#8221;.vc_custom_1613467227149{padding-top: 120px !important;padding-bottom: 160px !important;}&#8221; el_class=&#8221;titulos-saborea&#8221;][\/vc_column_inner][vc_column_inner width=&#8221;1\/2&#8243; css=&#8221;.vc_custom_1607358876628{background-image: url(https:\/\/calabizo.com\/wp-content\/uploads\/2020\/11\/footer514.jpg?id=7629) !important;background-position: center !important;background-repeat: no-repeat !important;background-size: cover !important;}&#8221;][vc_custom_heading text=&#8221;Potaxe&#8221; font_container=&#8221;tag:h2|text_align:center|color:%23ffffff&#8221; use_theme_fonts=&#8221;yes&#8221; link=&#8221;url:%2Fgl%2Fla-tienda%2F%23producto-potaje&#8221; css=&#8221;.vc_custom_1613467245316{padding-top: 120px !important;padding-bottom: 160px !important;}&#8221; el_class=&#8221;titulos-saborea&#8221;][\/vc_column_inner][\/vc_row_inner][vc_row_inner css=&#8221;.vc_custom_1605521930746{margin-top: 40px !important;}&#8221;][vc_column_inner width=&#8221;1\/2&#8243; css=&#8221;.vc_custom_1606990358482{margin-right: 0px !important;}&#8221;][vc_btn title=&#8221;TENDA EN LI\u00d1A&#8221; style=&#8221;flat&#8221; shape=&#8221;square&#8221; color=&#8221;warning&#8221; align=&#8221;right&#8221; ovic_custom_id=&#8221;ovic_custom_5fae577a15c66&#8243; link=&#8221;url:https%3A%2F%2Fcalabizo.com%2Fgl%2Fla-tienda%2F|title:La%20Tienda&#8221; el_class=&#8221;btn-naranja&#8221; css=&#8221;.vc_custom_1613729297893{margin-right: 0px !important;}&#8221;][\/vc_column_inner][vc_column_inner width=&#8221;1\/2&#8243; css=&#8221;.vc_custom_1606990362521{margin-left: 0px !important;}&#8221;][vc_btn title=&#8221;TENDA F\u00cdSICA&#8221; style=&#8221;flat&#8221; shape=&#8221;square&#8221; color=&#8221;warning&#8221; align=&#8221;left&#8221; ovic_custom_id=&#8221;ovic_custom_5fae577a15c66&#8243; link=&#8221;url:https%3A%2F%2Fcalabizo.com%2Fgl%2Fdonde-encontrarnos%2F|title:D%C3%B3nde%20encontrarnos&#8221; el_class=&#8221;btn-naranja&#8221; css=&#8221;.vc_custom_1613467160419{margin-left: 0px !important;}&#8221;][\/vc_column_inner][\/vc_row_inner][\/vc_column][\/vc_row][vc_row css=&#8221;.vc_custom_1610967225357{margin-bottom: 20px !important;}&#8221; el_class=&#8221;descubre-sabor&#8221;][vc_column width=&#8221;1\/2&#8243;][vc_single_image image=&#8221;9195&#8243; img_size=&#8221;full&#8221; css=&#8221;.vc_custom_1610442165410{margin-top: -80px !important;}&#8221;][\/vc_column][vc_column width=&#8221;1\/2&#8243; css=&#8221;.vc_custom_1608631474685{margin-top: 80px !important;padding-right: 30px !important;padding-left: 60px !important;}&#8221;][vc_custom_heading text=&#8221;Descobre un mundo de sabor vexetal&#8221; font_container=&#8221;tag:h2|text_align:left|color:%23111111&#8243; use_theme_fonts=&#8221;yes&#8221;][vc_column_text css=&#8221;.vc_custom_1608631331152{margin-bottom: 0px !important;}&#8221;]<\/p>\n<p style=\"text-align: left;\" align=\"JUSTIFY\"><span style=\"color: #3f3f3f;\">Nutritivos e saborosos, os produtos Calabizo son 100% vexetais. Elab\u00f3ranse en Galicia de maneira tradicional, con materia prima de calidade e sen utilizar aditivos de ning\u00fan tipo. O noso embutido de cabaza e a potaxe de garavanzos con calabizo, sorprenden a todos os padais, polo seu sabor \u00fanico e aut\u00e9ntico.<\/span><\/p>\n<p>[\/vc_column_text][vc_btn title=&#8221;DESCOBRE M\u00c1IS&#8221; style=&#8221;flat&#8221; shape=&#8221;square&#8221; color=&#8221;warning&#8221; align=&#8221;left&#8221; ovic_custom_id=&#8221;ovic_custom_5fae577a15c66&#8243; link=&#8221;url:https%3A%2F%2Fcalabizo.com%2Fgl%2Fnuestros-productos%2F|title:Nuestros%20productos&#8221; el_class=&#8221;btn-naranja&#8221;][\/vc_column][\/vc_row][vc_row fullwidth=&#8221;true&#8221; css=&#8221;.vc_custom_1606215728383{background-image: url(https:\/\/calabizo.com\/wp-content\/uploads\/2020\/11\/fondo-calabazas.jpg?id=7486) !important;background-position: center !important;background-repeat: no-repeat !important;background-size: cover !important;}&#8221;][vc_column][vc_custom_heading text=&#8221;Alimentos innovadores con todo o sabor tradicional!&#8221; font_container=&#8221;tag:h2|text_align:center|color:%23ffffff&#8221; use_theme_fonts=&#8221;yes&#8221; css=&#8221;.vc_custom_1610357944127{margin-top: 50px !important;padding-right: 100px !important;padding-bottom: 30px !important;padding-left: 100px !important;}&#8221;][\/vc_column][\/vc_row][vc_row fullwidth=&#8221;true&#8221; css=&#8221;.vc_custom_1610968089716{margin-top: 70px !important;margin-bottom: 100px !important;}&#8221; el_class=&#8221;tres-caract&#8221;][vc_column][vc_row_inner][vc_column_inner el_class=&#8221;element-hidden&#8221; width=&#8221;1\/5&#8243;][\/vc_column_inner][vc_column_inner width=&#8221;1\/5&#8243;][vc_single_image image=&#8221;9393&#8243; img_size=&#8221;80&#215;80&#8243; alignment=&#8221;center&#8221; css=&#8221;.vc_custom_1610528712687{margin-bottom: 30px !important;}&#8221;][vc_custom_heading text=&#8221;Saudables&#8221; font_container=&#8221;tag:h4|text_align:center|color:%23111111&#8243; use_theme_fonts=&#8221;yes&#8221;][vc_column_text css=&#8221;.vc_custom_1609167172684{margin-bottom: 0px !important;}&#8221;]<\/p>\n<p style=\"text-align: center;\">Ricos en vitaminas, fibra e antioxidantes, con gran achega nutritiva e poucas calor\u00edas.<\/p>\n<p>[\/vc_column_text][\/vc_column_inner][vc_column_inner width=&#8221;1\/5&#8243;][vc_single_image image=&#8221;9399&#8243; img_size=&#8221;80&#215;80&#8243; alignment=&#8221;center&#8221; css=&#8221;.vc_custom_1610528721866{margin-bottom: 30px !important;}&#8221;][vc_custom_heading text=&#8221;Sostibles&#8221; font_container=&#8221;tag:h4|text_align:center|color:%23111111&#8243; use_theme_fonts=&#8221;yes&#8221;][vc_column_text css=&#8221;.vc_custom_1609167185535{margin-bottom: 0px !important;}&#8221;]<\/p>\n<p style=\"text-align: center;\" align=\"JUSTIFY\"><span style=\"color: #3f3f3f; font-family: helvetica, arial, sans-serif;\">Con ingredientes vexetais e de proximidade facemos unha contorna m\u00e1is sostible para todos.<\/span><\/p>\n<p>[\/vc_column_text][\/vc_column_inner][vc_column_inner width=&#8221;1\/5&#8243;][vc_single_image image=&#8221;9387&#8243; img_size=&#8221;80&#215;80&#8243; alignment=&#8221;center&#8221; css=&#8221;.vc_custom_1610528730017{margin-bottom: 30px !important;}&#8221;][vc_custom_heading text=&#8221;Somos produtoras&#8221; font_container=&#8221;tag:h4|text_align:center|color:%23111111&#8243; use_theme_fonts=&#8221;yes&#8221;][vc_column_text css=&#8221;.vc_custom_1609167197618{margin-bottom: 0px !important;}&#8221;]<\/p>\n<p style=\"text-align: center;\"><span style=\"font-family: helvetica, arial, sans-serif;\">Elaborados en Galicia, con materia prima nacional e base\u00e1ndonos nas receitas tradicionais.<\/span><\/p>\n<p>[\/vc_column_text][\/vc_column_inner][vc_column_inner el_class=&#8221;element-hidden&#8221; width=&#8221;1\/5&#8243;][\/vc_column_inner][\/vc_row_inner][\/vc_column][\/vc_row][vc_row fullwidth=&#8221;true&#8221; css=&#8221;.vc_custom_1606993082610{margin-bottom: 40px !important;background-image: url(https:\/\/calabizo.com\/wp-content\/uploads\/2020\/11\/fondo-madera_n.jpg?id=7587) !important;}&#8221; el_class=&#8221;banner-recetas&#8221;][vc_column][vc_row_inner][vc_column_inner width=&#8221;1\/6&#8243;][\/vc_column_inner][vc_column_inner width=&#8221;2\/3&#8243;][vc_custom_heading text=&#8221;Insp\u00edrate coas nosas receitas!&#8221; font_container=&#8221;tag:h2|text_align:center|color:%23ffffff&#8221; use_theme_fonts=&#8221;yes&#8221; css=&#8221;.vc_custom_1614677018639{margin-top: 55px !important;margin-bottom: 60px !important;}&#8221;][vc_column_text css=&#8221;.vc_custom_1614676944801{margin-bottom: 0px !important;}&#8221;][the_grid name=&#8221;Recetas (Inicio) GL&#8221;][\/vc_column_text][vc_btn title=&#8221;VER M\u00c1IS&#8221; style=&#8221;flat&#8221; shape=&#8221;square&#8221; color=&#8221;warning&#8221; align=&#8221;center&#8221; ovic_custom_id=&#8221;ovic_custom_5fae577a15c66&#8243; link=&#8221;url:https%3A%2F%2Fcalabizo.com%2Fgl%2Frecetas%2F|title:Recetas&#8221; el_class=&#8221;btn-naranja&#8221; css=&#8221;.vc_custom_1614676960030{margin-top: 20px !important;margin-bottom: 50px !important;}&#8221;][\/vc_column_inner][vc_column_inner width=&#8221;1\/6&#8243;][\/vc_column_inner][\/vc_row_inner][\/vc_column][\/vc_row][vc_row fullwidth=&#8221;true&#8221; el_class=&#8221;img-footer-inline&#8221;][vc_column width=&#8221;1\/3&#8243; css=&#8221;.vc_custom_1606905483738{margin-right: 0px !important;margin-left: 0px !important;padding-right: 0px !important;padding-left: 0px !important;}&#8221;][vc_single_image image=&#8221;7636&#8243; img_size=&#8221;full&#8221; css=&#8221;.vc_custom_1606905478401{margin-right: 0px !important;margin-bottom: 0px !important;margin-left: 0px !important;}&#8221;][\/vc_column][vc_column width=&#8221;1\/3&#8243; css=&#8221;.vc_custom_1605605634834{margin-right: 0px !important;margin-left: 0px !important;padding-right: 0px !important;padding-left: 0px !important;}&#8221;][vc_single_image image=&#8221;7653&#8243; img_size=&#8221;full&#8221; css=&#8221;.vc_custom_1606905474227{margin-right: 0px !important;margin-bottom: 0px !important;margin-left: 0px !important;}&#8221;][\/vc_column][vc_column width=&#8221;1\/3&#8243; css=&#8221;.vc_custom_1605605660522{margin-right: 0px !important;margin-left: 0px !important;padding-right: 0px !important;padding-left: 0px !important;}&#8221;][vc_single_image image=&#8221;7649&#8243; img_size=&#8221;full&#8221; css=&#8221;.vc_custom_1606905490885{margin-right: 0px !important;margin-bottom: 0px !important;margin-left: 0px !important;}&#8221;][\/vc_column][\/vc_row]<\/p>\n<\/div>","protected":false},"excerpt":{"rendered":"<p>[vc_row fullwidth=&#8221;true&#8221; css=&#8221;.vc_custom_1607597004884{padding-top: 55px !important;padding-bottom: 75px !important;background-image: url(https:\/\/calabizo.com\/wp-content\/uploads\/2020\/11\/home.jpg?id=7655) !important;background-position: center !important;background-repeat: no-repeat !important;background-size: cover !important;}&#8221;][vc_column ovic_custom_id=&#8221;ovic_custom_5fae577a15c63&#8243; css_desktop=&#8221;.vc_custom_1605260632336{background-image: url(https:\/\/calabizo.com\/wp-content\/uploads\/2020\/11\/spices-4185324_1280.jpg?id=7074) !important;}&#8221;][vc_custom_heading text=&#8221;Calabizo, explosi\u00f3n de sabor&#8221; font_container=&#8221;tag:h1|text_align:center|color:%23ffffff&#8221; use_theme_fonts=&#8221;yes&#8221; ovic_custom_id=&#8221;ovic_custom_5fae577a15c65&#8243; hidden_markup_01=&#8221;&#8221; hidden_markup_desktop=&#8221;&#8221; hidden_markup_laptop=&#8221;&#8221; hidden_markup_tablet=&#8221;&#8221; hidden_markup_ipad=&#8221;&#8221; hidden_markup_mobile=&#8221;&#8221; css=&#8221;.vc_custom_1610357876222{margin-top: 100px !important;margin-bottom: 5px !important;}&#8221; el_class=&#8221;titulo-cabecera&#8221;][vc_custom_heading text=&#8221;100% vexetal&#8221; font_container=&#8221;tag:h1|text_align:center|color:%23ffffff&#8221; use_theme_fonts=&#8221;yes&#8221; ovic_custom_id=&#8221;ovic_custom_5fae577a15c65&#8243; hidden_markup_01=&#8221;&#8221; hidden_markup_desktop=&#8221;&#8221; hidden_markup_laptop=&#8221;&#8221; hidden_markup_tablet=&#8221;&#8221; hidden_markup_ipad=&#8221;&#8221; hidden_markup_mobile=&#8221;&#8221; css=&#8221;.vc_custom_1610357887913{margin-bottom: 30px !important;}&#8221; el_class=&#8221;titulo-cabecera&#8221;][vc_btn title=&#8221;MERCAR EN [&hellip;]<\/p>\n","protected":false},"author":1,"featured_media":0,"parent":0,"menu_order":0,"comment_status":"open","ping_status":"open","template":"","meta":{"_acf_changed":false,"footnotes":""},"class_list":["post-8150","page","type-page","status-publish","hentry"],"acf":[],"_links":{"self":[{"href":"https:\/\/calabizo.com\/gl\/wp-json\/wp\/v2\/pages\/8150","targetHints":{"allow":["GET"]}}],"collection":[{"href":"https:\/\/calabizo.com\/gl\/wp-json\/wp\/v2\/pages"}],"about":[{"href":"https:\/\/calabizo.com\/gl\/wp-json\/wp\/v2\/types\/page"}],"author":[{"embeddable":true,"href":"https:\/\/calabizo.com\/gl\/wp-json\/wp\/v2\/users\/1"}],"replies":[{"embeddable":true,"href":"https:\/\/calabizo.com\/gl\/wp-json\/wp\/v2\/comments?post=8150"}],"version-history":[{"count":23,"href":"https:\/\/calabizo.com\/gl\/wp-json\/wp\/v2\/pages\/8150\/revisions"}],"predecessor-version":[{"id":28489,"href":"https:\/\/calabizo.com\/gl\/wp-json\/wp\/v2\/pages\/8150\/revisions\/28489"}],"wp:attachment":[{"href":"https:\/\/calabizo.com\/gl\/wp-json\/wp\/v2\/media?parent=8150"}],"curies":[{"name":"wp","href":"https:\/\/api.w.org\/{rel}","templated":true}]}}