{"id":8142,"date":"2020-12-15T11:12:19","date_gmt":"2020-12-15T10:12:19","guid":{"rendered":"https:\/\/calabizo.com\/cookies\/"},"modified":"2021-01-25T23:47:16","modified_gmt":"2021-01-25T22:47:16","slug":"cookies","status":"publish","type":"page","link":"https:\/\/calabizo.com\/gl\/cookies\/","title":{"rendered":"Uso de cookies"},"content":{"rendered":"\n<p><strong>COOKIES<\/strong><\/p>\n\n<p>Cookie \u00e9 un ficheiro que se descarga no seu ordenador ao acceder a determinadas p\u00e1xinas web. As cookies perm\u00edtenlle a unha p\u00e1xina web, entre outras cousas, almacenar e recuperar informaci\u00f3n sobre os h\u00e1bitos de navegaci\u00f3n dun usuario ou do seu equipo e, dependendo da informaci\u00f3n que conte\u00f1an e da forma en que utilice o seu equipo, poden empregarse para reco\u00f1ecer o usuario. O navegador do usuario memoriza cookies no disco duro soamente durante a sesi\u00f3n actual, ocupando un espazo de memoria m\u00ednimo e sen prexudicar o ordenador. As cookies non conte\u00f1en ningunha clase de informaci\u00f3n persoal espec\u00edfica, e a maior parte delas b\u00f3rranse do disco duro ao finalizar a sesi\u00f3n de navegador (as denominadas cookies de sesi\u00f3n).<\/p>\n\n<p>A maior\u00eda dos navegadores aceptan como est\u00e1ndar as cookies e, con independencia destas, permiten ou impiden nos axustes de seguridade as cookies temporais ou memorizadas.<\/p>\n\n<p>Sen o seu consentimento expreso, mediante a activaci\u00f3n de cookies no seu navegador,<a href=\"https:\/\/calabizo.com\/gl\/\"> calabizo.com<\/a> non enlazar\u00e1 nas cookies os datos almacenados cos seus datos persoais proporcionados no momento do rexistro ou da compra.<\/p>\n\n<p><strong>Que tipos de cookies utiliza este sitio web?<\/strong><\/p>\n\n<p>&#8211; Cookies t\u00e9cnicas: Son aquelas que lle permiten ao usuario a navegaci\u00f3n a trav\u00e9s dunha p\u00e1xina web, plataforma ou aplicaci\u00f3n e a utilizaci\u00f3n das diferentes opci\u00f3ns ou servizos que nela existan, como, por exemplo, controlar o tr\u00e1fico e a comunicaci\u00f3n de datos, identificar a sesi\u00f3n, acceder a partes de acceso restrinxido, recordar os elementos que integran un pedido, realizar o proceso de compra dun pedido, realizar a solicitude de inscrici\u00f3n ou participaci\u00f3n nun evento, utilizar elementos de seguridade durante a navegaci\u00f3n, almacenar contidos para a difusi\u00f3n de v\u00eddeos ou son ou compartir contidos a trav\u00e9s de redes sociais.<\/p>\n\n<p>&#8211; Cookies de personalizaci\u00f3n: son aquelas que permiten ao usuario acceder ao servizo con algunhas caracter\u00edsticas xerais predefinidas en funci\u00f3n dunha serie de criterios no terminal do usuario, como o idioma, o tipo de navegador a trav\u00e9s do cal o usuario accede ao servizo, a configuraci\u00f3n local desde onde accede ao servizo, etc.<\/p>\n\n<p>&#8211; Cookies de an\u00e1lise: son as que ben tratamos n\u00f3s ou terceiros, perm\u00edtennos cuantificar o n\u00famero de usuarios e as\u00ed realizar a medici\u00f3n estat\u00edstica e a an\u00e1lise do uso que fan os usuarios do servizo ofrecido. Para iso, anal\u00edzase a s\u00faa navegaci\u00f3n no noso sitio web para mellorar a oferta de produtos ou servizos que lle ofrecemos.<\/p>\n\n<p>&#8211; Cookies publicitarias: son aquelas que, ben tratadas por n\u00f3s ou por terceiros, perm\u00edtennos xestionar da forma m\u00e1is eficiente posible a oferta de espazos publicitarios na p\u00e1xina web, adaptando o contido da publicidade ao contido do servizo solicitado. ou ao uso que faga do noso sitio web. Para iso podemos analizar os seus h\u00e1bitos de navegaci\u00f3n en Internet e podemos amosarlle publicidade relacionada co seu perfil de navegaci\u00f3n.<\/p>\n\n<p>&#8211; Cookies de publicidade comportamental: son aquelas que permiten a xesti\u00f3n, do xeito m\u00e1is eficiente posible, dos espazos publicitarios que, no seu caso, o editor inclu\u00edu nunha p\u00e1xina web, aplicaci\u00f3n ou plataforma desde a que se presta o servizo solicitado. Estas cookies almacenan informaci\u00f3n sobre o comportamento dos usuarios obtida a trav\u00e9s da observaci\u00f3n continua dos seus h\u00e1bitos de navegaci\u00f3n, o que permite o desenvolvemento dun perfil espec\u00edfico para amosar publicidade baseada nel.<\/p>\n\n<p>&#8211; Cookies de terceiros: o sitio web de <a href=\"https:\/\/calabizo.com\/gl\/\">calabizo.com<\/a> Podes usar servizos de terceiros que, en nome de <a href=\"http:\/\/google.com\">Google com<\/a> , recompilar\u00e1 informaci\u00f3n con fins estat\u00edsticos, sobre o uso do sitio por parte do usuario e para a prestaci\u00f3n doutros servizos relacionados coa actividade do sitio web e outros servizos de Internet.<\/p>\n\n<p>En particular, este sitio web utiliza Google Analytics, un servizo de an\u00e1lise web subministrado por Google, Inc. con domicilio nos Estados Unidos con sede en 1600 Amphitheatre Parkway, Mountain View, California 94043. Para a prestaci\u00f3n destes servizos, utilizan cookies que recollen informaci\u00f3n, inclu\u00edda a direcci\u00f3n IP do usuario, que Google transmitir\u00e1, procesar\u00e1 e almacenar\u00e1 nos termos establecidos na web.<a href=\"http:\/\/google.com\"> Google com<\/a> . Inclu\u00edndo a posible transmisi\u00f3n de dita informaci\u00f3n a terceiros por raz\u00f3ns de esixencia legal ou cando ditos terceiros procesan a informaci\u00f3n en nome de Google.<\/p>\n","protected":false},"excerpt":{"rendered":"<p>COOKIES Cookie \u00e9 un ficheiro que se descarga no seu ordenador ao acceder a determinadas p\u00e1xinas web. As cookies perm\u00edtenlle a unha p\u00e1xina web, entre outras cousas, almacenar e recuperar informaci\u00f3n sobre os h\u00e1bitos de navegaci\u00f3n dun usuario ou do seu equipo e, dependendo da informaci\u00f3n que conte\u00f1an e da forma en que utilice o [&hellip;]<\/p>\n","protected":false},"author":1,"featured_media":0,"parent":0,"menu_order":0,"comment_status":"open","ping_status":"open","template":"","meta":{"_acf_changed":false,"footnotes":""},"class_list":["post-8142","page","type-page","status-publish","hentry"],"acf":[],"_links":{"self":[{"href":"https:\/\/calabizo.com\/gl\/wp-json\/wp\/v2\/pages\/8142","targetHints":{"allow":["GET"]}}],"collection":[{"href":"https:\/\/calabizo.com\/gl\/wp-json\/wp\/v2\/pages"}],"about":[{"href":"https:\/\/calabizo.com\/gl\/wp-json\/wp\/v2\/types\/page"}],"author":[{"embeddable":true,"href":"https:\/\/calabizo.com\/gl\/wp-json\/wp\/v2\/users\/1"}],"replies":[{"embeddable":true,"href":"https:\/\/calabizo.com\/gl\/wp-json\/wp\/v2\/comments?post=8142"}],"version-history":[{"count":11,"href":"https:\/\/calabizo.com\/gl\/wp-json\/wp\/v2\/pages\/8142\/revisions"}],"predecessor-version":[{"id":11152,"href":"https:\/\/calabizo.com\/gl\/wp-json\/wp\/v2\/pages\/8142\/revisions\/11152"}],"wp:attachment":[{"href":"https:\/\/calabizo.com\/gl\/wp-json\/wp\/v2\/media?parent=8142"}],"curies":[{"name":"wp","href":"https:\/\/api.w.org\/{rel}","templated":true}]}}