{"id":8125,"date":"2020-12-15T10:42:56","date_gmt":"2020-12-15T09:42:56","guid":{"rendered":"https:\/\/calabizo.com\/aviso-legal\/"},"modified":"2021-01-25T23:41:17","modified_gmt":"2021-01-25T22:41:17","slug":"aviso-legal","status":"publish","type":"page","link":"https:\/\/calabizo.com\/gl\/aviso-legal\/","title":{"rendered":"Aviso legal"},"content":{"rendered":"\n<p><strong>CONDICI\u00d3NS<\/strong><\/p>\n\n<p>O uso dos servizos ou a contrataci\u00f3n de produtos ou servizos en Calabizo implica a aceptaci\u00f3n das seguintes condici\u00f3ns xerais:<\/p>\n\n<p>1.- Aceptaci\u00f3n e dispo\u00f1ibilidade das condici\u00f3ns xerais do contrato: Ao aceptar este contrato, declara: a) Que \u00e9 unha persoa maior de idade e con capacidade para contratar. b) Que leu e acepta estas condici\u00f3ns xerais.<\/p>\n\n<p>Estas condici\u00f3ns xerais (en diante, \u201ccondici\u00f3ns xerais\u201d) regulan a relaci\u00f3n xur\u00eddica que emana dos procesos de contrataci\u00f3n realizados entre os usuarios-clientes (en diante, \u201cos clientes\u201d) da p\u00e1xina web de servizos xur\u00eddicos situada na url propiedade de Fiablone, S.L. (en diante \u201cFiablone\u201d). Os clientes aceptan as condici\u00f3ns xerais desde o instante en que utilicen ou contraten o servizo ou adquiran calquera produto. Este documento pode ser impreso e almacenado polos clientes. Fiablone pon \u00e1 disposici\u00f3n destes o enderezo de e-mail info@calabizo.com, para que poidan formular calquera d\u00fabida acerca das condici\u00f3ns xerais.<\/p>\n\n<p>2.- Estas condici\u00f3ns xerais est\u00e1n suxeitas ao disposto na Lei 7\/1998, do 13 de abril, sobre condici\u00f3ns xerais de contrataci\u00f3n; na Lei 26\/1984, do 19 de xullo, xeral para a defensa de consumidores e usuarios; no Real decreto 1906\/1999, do 17 de decembro de 1999, polo que se regula a contrataci\u00f3n telef\u00f3nica ou electr\u00f3nica con condici\u00f3ns xerais; na Lei org\u00e1nica 15\/1999, do 13 de decembro, de protecci\u00f3n de datos de car\u00e1cter persoal; na Lei 7\/1996, do 15 de xaneiro, de ordenaci\u00f3n do comercio polo mi\u00fado; e na Lei 34\/2002, do 11 de xullo, de servizos da sociedade da informaci\u00f3n e de comercio electr\u00f3nico. Se vostede reside f\u00f3ra de Espa\u00f1a e en virtude da s\u00faa lexislaci\u00f3n non fose de aplicaci\u00f3n a lexislaci\u00f3n espa\u00f1ola, vostede non pode contratar os servizos ou produtos de Fiablone.<\/p>\n\n<p>3.- Modificaci\u00f3n das Condici\u00f3ns Xerais Fiablone pode modificar as Condici\u00f3ns Xerais avisando aos Clientes coa suficiente antelaci\u00f3n, co fin de mellorar os servizos e produtos ofrecidos a trav\u00e9s de Calabizo.com modificando as Condici\u00f3ns Xerais que se amosan no sitio web de Calabizo.com. entenderase que se cumpriu o devandito deber de notificaci\u00f3n. En calquera caso, antes de empregar os servizos ou contratar produtos p\u00f3dense consultar as Condici\u00f3ns Xerais.<\/p>\n\n<p>4.- Descrici\u00f3n dos produtos e servizos Os produtos Fiablone que se comercializan adquir\u00edndoos a trav\u00e9s do noso sitio web, conceden o dereito de devoluci\u00f3n no prazo de sete d\u00edas desde a recepci\u00f3n do pedido. As devoluci\u00f3ns de produtos s\u00f3 se aceptar\u00e1n no seu estado orixinal. Artigo 71. Prazo para o exercicio do dereito de desistimento. 1. O consumidor e usuario dispor\u00e1 dun per\u00edodo m\u00ednimo de sete d\u00edas h\u00e1biles para exercer o dereito de desistimento. Ser\u00e1 a lei do lugar onde se entregou o bo obxecto do contrato ou onde se prestar\u00e1 o servizo, o que determine os d\u00edas que se considerar\u00e1n d\u00edas h\u00e1biles. A oferta de produtos Fiablone \u00e9 v\u00e1lida indefinidamente e pode ser modificada, rectificada ou cancelada sen previo aviso aos usuarios e consumidores habituais ou ocasionais. A responsabilidade civil de Fiablone polos produtos subministrados lim\u00edtase \u00e1 cantidade dos mesmos, o usuario ou consumidor renuncia a calquera responsabilidade ante Fiablone por calquera concepto en calquera caso de insatisfacci\u00f3n dos produtos comprados en Fiablone, as\u00ed como posibles fallos, lentitude de acceso ou erros no acceso ao sitio web, inclu\u00edda a perda de datos ou outro tipo de informaci\u00f3n que poida existir no ordenador ou na rede do usuario que accede a Calabizo.com. Os produtos Fiablone son 100% aut\u00e9nticos.<\/p>\n\n<p>5.- Propiedade intelectual: os contidos proporcionados por Calabizo.com est\u00e1n suxeitos a dereitos de propiedade intelectual e industrial e son propiedade exclusiva de Fiablone SL ou das persoas f\u00edsicas ou xur\u00eddicas \u00e1s que se informa. Mediante a adquisici\u00f3n dun produto ou servizo, Fiablone non confire ao comprador ning\u00fan dereito de alteraci\u00f3n, explotaci\u00f3n, reproduci\u00f3n, distribuci\u00f3n ou comunicaci\u00f3n p\u00fablica do mesmo, reserv\u00e1ndose Fiablone todos estes dereitos. A transferencia dos dereitos mencionados requirir\u00e1 o consentimento previo e por escrito de Fiablone. O cliente non pode po\u00f1er devandito contido a disposici\u00f3n de terceiros.<\/p>\n\n<p>A propiedade intelectual est\u00e9ndese, ademais de ao contido inclu\u00eddo en Calabizo.com, aos seus gr\u00e1ficos, logotipos, textos, dese\u00f1o, imaxes e c\u00f3digo fonte utilizados para a s\u00faa programaci\u00f3n.<\/p>\n\n<p>6.- Uso do servizo e responsabilidades: Fiablone non garante a dispo\u00f1ibilidade permanente dos servizos, quedando exonerado de calquera tipo de responsabilidade por posibles danos causados pola indispo\u00f1ibilidade do servizo por forza maior ou erros nas redes telem\u00e1ticas de transferencia de datos, f\u00f3ra do seu control. Fiablone non se fai responsable do contido das ligaz\u00f3ns a outras p\u00e1xinas web que non son propiedade dela e que, polo tanto, non poden ser controladas por ela. O cliente declara que sabe que a informaci\u00f3n subministrada por Fiablone a trav\u00e9s dos seus servizos non \u00e9 legal e s\u00f3 se ofrece con fins informativos. O servizo de consulta ofr\u00e9cese con fins informativos e ten efectos expresamente limitados xa que os documentos que poden ser relevantes non se revisan ou a informaci\u00f3n completa non est\u00e1 dispo\u00f1ible en ning\u00fan caso, o que \u00e9 unha opini\u00f3n limitada suxeita a unha mellor lei. En todos os casos, recom\u00e9ndase que acuda a un avogado para tomar calquera decisi\u00f3n con implicaci\u00f3ns econ\u00f3micas.<\/p>\n\n<p>7.- Privacidade e protecci\u00f3n de datos persoais: ao proporcionar o enderezo de correo electr\u00f3nico ou outros datos persoais, un requisito necesario para contratar determinados servizos, os clientes dan o seu permiso para que ditos enderezos sexan procesados e tam\u00e9n se utilicen para enviar comunicaci\u00f3ns comerciais promovendo ou anunciando os servizos. e produtos ofrecidos por Fiablone. En cumprimento do disposto na LOPD, o Usuario autoriza expresamente a Fiablone a comunicar os seus datos persoais \u00e1s outras empresas pertencentes ao mesmo grupo empresarial e a todas aquelas empresas e provedores cos que alcance acordos comerciais, co prop\u00f3sito de que os utilicen. exclusivamente para o cumprimento dos servizos contratados e fins comerciais. Fiablone pon a disposici\u00f3n dos Clientes o enderezo de correo electr\u00f3nico info@calabizo.com, para que revoquen o consentimento prestado. Fiablone declara que cumpre a normativa vixente en materia de protecci\u00f3n de datos, en particular a Lei org\u00e1nica 15\/1999, do 13 de decembro, de protecci\u00f3n de datos de car\u00e1cter persoal e o Real decreto 994\/1999, do 11 de xu\u00f1o, que desenvolve a citada lei org\u00e1nica. Fiablone pon a disposici\u00f3n dos Clientes os medios de contacto mencionados no par\u00e1grafo anterior para que poidan exercer os seus dereitos de acceso, rectificaci\u00f3n, cancelaci\u00f3n e oposici\u00f3n garantidos pola lexislaci\u00f3n vixente. Para usar o noso sitio web \u00e9 necesario o uso de cookies. As cookies \u00fasanse co fin de mellorar o funcionamento do sitio web, se o desexa, pode configurar o seu navegador para que se lle notifique na pantalla a recepci\u00f3n de cookies e para evitar a instalaci\u00f3n de cookies no seu disco duro. Consulte as instruci\u00f3ns e manuais do seu navegador para ampliar esta informaci\u00f3n.<\/p>\n\n<p>8.- Lexislaci\u00f3n aplicable e xurisdici\u00f3n competente. As partes som\u00e9tense, \u00e1 s\u00faa elecci\u00f3n, para a resoluci\u00f3n dos conflitos e con renuncia a calquera outro foro, aos xulgados e tribunais do domicilio de Fiablone.<\/p>\n\n<p>9.- Notificaci\u00f3ns. Todas as notificaci\u00f3ns, requirimentos, petici\u00f3ns e outras comunicaci\u00f3ns que te\u00f1an que efectuar as partes en relaci\u00f3n con estas condici\u00f3ns xerais deber\u00e1n realizarse por escrito, e entenderase que foron debidamente realizadas cando sexan entregadas en man ou ben remitidas por correo ordinario ao domicilio da outra parte ou ao correo electr\u00f3nico desta, ou ben a calquera outro domicilio ou correo electr\u00f3nico que para estes efectos cada parte poida indicarlle \u00e1 outra.<\/p>\n\n<p>10.- Nulidade e ineficacia das cl\u00e1usulas. Se calquera cl\u00e1usula inclu\u00edda nestas condici\u00f3ns xerais fose declarada, total ou parcialmente, nula ou ineficaz, tal nulidade ou ineficacia afectar\u00e1 tan s\u00f3 \u00e1 dita disposici\u00f3n ou \u00e1 parte desta que resulte nula ou ineficaz, subsistindo as condici\u00f3ns xerais en todo o demais, t\u00e9ndose tal disposici\u00f3n, ou a parte desta que resultase afectada, por non posta.<\/p>\n\n<p><strong>ENTREGA, ENV\u00cdO E DEVOLUCI\u00d3NS<\/strong><\/p>\n\n<p>No noso almac\u00e9n central, existe un control de calidade e superv\u00edsase e an\u00f3tase a caducidade de todos os produtos para que se cumpra por parte de Fiablone a condici\u00f3n de prazo de caducidade anteriormente exposta. Para artigos enviados por erro do almac\u00e9n central, preg\u00e1moslles que nos avisen de inmediato ao e-mail info@calabizo.com e, coa m\u00e1xima rapidez, organizaremos a reexpedici\u00f3n cara ao almac\u00e9n central de Fiablone co interese de eliminar a incidencia do circu\u00edto documentario o antes posible.<\/p>\n\n<p>* Os gastos de env\u00edo s\u00f3 ser\u00e1n reembolsables no caso de env\u00edo err\u00f3neo ou de produtos defectuosos.<\/p>\n","protected":false},"excerpt":{"rendered":"<p>CONDICI\u00d3NS O uso dos servizos ou a contrataci\u00f3n de produtos ou servizos en Calabizo implica a aceptaci\u00f3n das seguintes condici\u00f3ns xerais: 1.- Aceptaci\u00f3n e dispo\u00f1ibilidade das condici\u00f3ns xerais do contrato: Ao aceptar este contrato, declara: a) Que \u00e9 unha persoa maior de idade e con capacidade para contratar. b) Que leu e acepta estas condici\u00f3ns [&hellip;]<\/p>\n","protected":false},"author":1,"featured_media":0,"parent":0,"menu_order":0,"comment_status":"open","ping_status":"open","template":"","meta":{"_acf_changed":false,"footnotes":""},"class_list":["post-8125","page","type-page","status-publish","hentry"],"acf":[],"_links":{"self":[{"href":"https:\/\/calabizo.com\/gl\/wp-json\/wp\/v2\/pages\/8125","targetHints":{"allow":["GET"]}}],"collection":[{"href":"https:\/\/calabizo.com\/gl\/wp-json\/wp\/v2\/pages"}],"about":[{"href":"https:\/\/calabizo.com\/gl\/wp-json\/wp\/v2\/types\/page"}],"author":[{"embeddable":true,"href":"https:\/\/calabizo.com\/gl\/wp-json\/wp\/v2\/users\/1"}],"replies":[{"embeddable":true,"href":"https:\/\/calabizo.com\/gl\/wp-json\/wp\/v2\/comments?post=8125"}],"version-history":[{"count":11,"href":"https:\/\/calabizo.com\/gl\/wp-json\/wp\/v2\/pages\/8125\/revisions"}],"predecessor-version":[{"id":11127,"href":"https:\/\/calabizo.com\/gl\/wp-json\/wp\/v2\/pages\/8125\/revisions\/11127"}],"wp:attachment":[{"href":"https:\/\/calabizo.com\/gl\/wp-json\/wp\/v2\/media?parent=8125"}],"curies":[{"name":"wp","href":"https:\/\/api.w.org\/{rel}","templated":true}]}}