{"id":8116,"date":"2020-12-15T10:26:06","date_gmt":"2020-12-15T09:26:06","guid":{"rendered":"https:\/\/calabizo.com\/proteccion-de-datos-persoais\/"},"modified":"2021-02-15T11:15:28","modified_gmt":"2021-02-15T10:15:28","slug":"proteccion-de-datos-persoais","status":"publish","type":"page","link":"https:\/\/calabizo.com\/gl\/proteccion-de-datos-persoais\/","title":{"rendered":"Protecci\u00f3n de datos persoais"},"content":{"rendered":"\n<p>O tratamento dos datos de car\u00e1cter persoal que se realice a trav\u00e9s deste sitio web est\u00e1 suxeito ao establecido pola Lei org\u00e1nica 15\/1999, de protecci\u00f3n de datos de car\u00e1cter persoal e demais normativa de aplicaci\u00f3n.<\/p>\n\n<p><b>FORMULARIOS<\/b><\/p>\n\n<p>O usuario ser\u00e1 informado, en calquera formulario de recollida de datos, de conformidade co artigo 5 da citada Lei, dos criterios seguidos por FIABLONE SL en relaci\u00f3n ao uso de datos persoais que o usuario proporcione de xeito libre e voluntario neste sitio web.<\/p>\n\n<p><b>DEREITOS DE ACCESO, RECTIFICACI\u00d3N, CANCELACI\u00d3N E OPOSICI\u00d3N<\/b><\/p>\n\n<p>Inf\u00f3rmase de que os dereitos de acceso, rectificaci\u00f3n, cancelaci\u00f3n e oposici\u00f3n poden exercerse por escrito, acompa\u00f1ado dunha copia dun documento oficial que o identifique, dirixido ao enderezo que se indica a continuaci\u00f3n ou ao enderezo de correo electr\u00f3nico: info@calabizo.com<\/p>\n\n<p>FIABLONE, SL<\/p>\n\n<p>R\u00faa Madanela, 15 Nave 6C <\/p>\n\n<p>Parque empresarial Porto de Molle<\/p>\n\n<p>36350 Nigr\u00e1n (Pontevedra)<\/p>\n\n<p>Galicia &#8211; Espa\u00f1a<\/p>\n\n<p><b>Ligaz\u00f3ns<\/b><\/p>\n\n<p>Esta pol\u00edtica de privacidade s\u00f3 \u00e9 de aplicaci\u00f3n ao sitio web WWW.CALABIZO.COM. Non se garante nos accesos a trav\u00e9s de ligaz\u00f3ns con este sitio, nin nas ligaz\u00f3ns desde este sitio con outras webs.<\/p>\n","protected":false},"excerpt":{"rendered":"<p>O tratamento dos datos de car\u00e1cter persoal que se realice a trav\u00e9s deste sitio web est\u00e1 suxeito ao establecido pola Lei org\u00e1nica 15\/1999, de protecci\u00f3n de datos de car\u00e1cter persoal e demais normativa de aplicaci\u00f3n. FORMULARIOS O usuario ser\u00e1 informado, en calquera formulario de recollida de datos, de conformidade co artigo 5 da citada Lei, [&hellip;]<\/p>\n","protected":false},"author":1,"featured_media":0,"parent":0,"menu_order":0,"comment_status":"open","ping_status":"open","template":"","meta":{"_acf_changed":false,"footnotes":""},"class_list":["post-8116","page","type-page","status-publish","hentry"],"acf":[],"_links":{"self":[{"href":"https:\/\/calabizo.com\/gl\/wp-json\/wp\/v2\/pages\/8116","targetHints":{"allow":["GET"]}}],"collection":[{"href":"https:\/\/calabizo.com\/gl\/wp-json\/wp\/v2\/pages"}],"about":[{"href":"https:\/\/calabizo.com\/gl\/wp-json\/wp\/v2\/types\/page"}],"author":[{"embeddable":true,"href":"https:\/\/calabizo.com\/gl\/wp-json\/wp\/v2\/users\/1"}],"replies":[{"embeddable":true,"href":"https:\/\/calabizo.com\/gl\/wp-json\/wp\/v2\/comments?post=8116"}],"version-history":[{"count":9,"href":"https:\/\/calabizo.com\/gl\/wp-json\/wp\/v2\/pages\/8116\/revisions"}],"predecessor-version":[{"id":14782,"href":"https:\/\/calabizo.com\/gl\/wp-json\/wp\/v2\/pages\/8116\/revisions\/14782"}],"wp:attachment":[{"href":"https:\/\/calabizo.com\/gl\/wp-json\/wp\/v2\/media?parent=8116"}],"curies":[{"name":"wp","href":"https:\/\/api.w.org\/{rel}","templated":true}]}}