{"id":29697,"date":"2026-02-25T23:46:45","date_gmt":"2026-02-25T22:46:45","guid":{"rendered":"https:\/\/calabizo.com\/quieres-calabizo\/"},"modified":"2026-02-28T00:45:42","modified_gmt":"2026-02-27T23:45:42","slug":"quieres-calabizo","status":"publish","type":"page","link":"https:\/\/calabizo.com\/gl\/quieres-calabizo\/","title":{"rendered":"\u00bfQUIERES CALABIZO?"},"content":{"rendered":"<div class=\"wpb-content-wrapper\">[vc_row fullwidth=&#8221;true&#8221; css=&#8221;.vc_custom_1611218637961{background-image: url(https:\/\/calabizo.com\/wp-content\/uploads\/2020\/11\/donde_encontrarlo.jpg?id=7633) !important;background-position: center !important;background-repeat: no-repeat !important;background-size: cover !important;}&#8221;][vc_column][vc_custom_heading text=&#8221;Calabizo \u00a1Muy cerca de ti!&#8221; font_container=&#8221;tag:h1|text_align:center|color:%23ffffff&#8221; use_theme_fonts=&#8221;yes&#8221; css=&#8221;.vc_custom_1772062024692{margin-top: 100px !important;margin-bottom: 100px !important;}&#8221; el_class=&#8221;titulo-cabecera element-hidden&#8221;][vc_custom_heading text=&#8221;Calabizo \u00a1Muy cerca de ti!&#8221; font_container=&#8221;tag:h1|text_align:center|color:%23ffffff&#8221; use_theme_fonts=&#8221;yes&#8221; css=&#8221;.vc_custom_1772062045791{margin-top: 100px !important;margin-bottom: 5px !important;}&#8221; el_class=&#8221;titulo-cabecera element-hidden-pc&#8221;][vc_custom_heading text=&#8221;Calabizo&#8221; font_container=&#8221;tag:h1|text_align:center|color:%23ffffff&#8221; use_theme_fonts=&#8221;yes&#8221; css=&#8221;.vc_custom_1611309675644{margin-bottom: 100px !important;}&#8221; el_class=&#8221;titulo-cabecera element-hidden-pc&#8221;][\/vc_column][\/vc_row][vc_row css=&#8221;.vc_custom_1611218643845{margin-top: 50px !important;}&#8221; el_class=&#8221;donde-enc-1&#8243;][vc_column width=&#8221;1\/6&#8243;][\/vc_column][vc_column width=&#8221;2\/3&#8243;][vc_custom_heading text=&#8221;Calabizo, \u00a1Muy cerca de ti!&#8221; font_container=&#8221;tag:h2|text_align:center&#8221; use_theme_fonts=&#8221;yes&#8221; el_class=&#8221;element-hidden&#8221;][vc_custom_heading text=&#8221;Calabizo,\r\n\u00a1muy cerca de ti!&#8221; font_container=&#8221;tag:h2|text_align:center&#8221; use_theme_fonts=&#8221;yes&#8221; el_class=&#8221;element-hidden-pc&#8221;][vc_column_text css=&#8221;.vc_custom_1772235815055{margin-bottom: 0px !important;}&#8221;]\r\n<p style=\"text-align: center;\">Ahora puedes adquirir productos Calabizo a trav\u00e9s de nuestra tienda online y envi\u00e1rselos a la persona que desees, comprarlos personalmente en la tienda m\u00e1s pr\u00f3xima o saborearlos en tu restaurante favorito. \u00bfYa has probado la experiencia Calabizo?<\/p>\r\n[\/vc_column_text][vc_empty_space][vc_column_text css=&#8221;.vc_custom_1772061407491{margin-bottom: 0px !important;}&#8221;]\r\n<div align=\"center\">Si eres particular, te invitamos a que te des una vuelta por nuestra\u00a0<a href=\"https:\/\/calabizo.com\/gl\/la-tienda\/\" target=\"_blank\" rel=\"noopener noreferrer\">tienda online<\/a>,<\/div>\r\n<div align=\"center\">y ah\u00ed podr\u00e1s comprar todos los productos que elaboramos de forma artesanal y recibirlos en tu casa, de una forma r\u00e1pida y c\u00f3moda<\/div>\r\n[\/vc_column_text][vc_empty_space][vc_column_text css=&#8221;.vc_custom_1772061441863{margin-bottom: 0px !important;}&#8221;]\r\n<div align=\"center\">\r\n<div align=\"center\">Si eres profesional y te gustar\u00eda disponer de nuestros productos en tu negocio,<\/div>\r\n<div align=\"center\">puedes contactar con nosotras y te informaremos de lo f\u00e1cil que es disponer de la marca Calabizo en tu tienda o restaurante.<\/div>\r\n<\/div>\r\n[\/vc_column_text][vc_empty_space][\/vc_column][vc_column width=&#8221;1\/6&#8243;][\/vc_column][\/vc_row][vc_row el_class=&#8221;donde-enc-3&#8243;][vc_column width=&#8221;1\/6&#8243;][\/vc_column][vc_column width=&#8221;2\/3&#8243;][vc_btn title=&#8221;Tienda Online&#8221; color=&#8221;default&#8221; size=&#8221;lg&#8221; align=&#8221;center&#8221; css=&#8221;&#8221; link=&#8221;url:https%3A%2F%2Fcalabizo.com%2Fla-tienda%2F&#8221; el_class=&#8221;boton_naranja&#8221;][\/vc_column][vc_column width=&#8221;1\/6&#8243;][\/vc_column][\/vc_row][vc_row el_class=&#8221;donde-enc-3&#8243;][vc_column width=&#8221;1\/6&#8243;][\/vc_column][vc_column width=&#8221;2\/3&#8243;][vc_custom_heading text=&#8221;\u00bfQuieres productos Calabizo en tu negocio?&#8221; font_container=&#8221;tag:h2|text_align:center&#8221; use_theme_fonts=&#8221;yes&#8221; css=&#8221;&#8221;][vc_column_text css=&#8221;.vc_custom_1772235838296{margin-bottom: 0px !important;}&#8221;]\r\n<p style=\"text-align: center;\">Si quieres ofrecer los productos CALABIZO en tu tienda f\u00edsica, online, o en tu negocio de restauraci\u00f3n, no dudes en contactar con nosotras a trav\u00e9s de este formulario y te enviaremos a la brevedad toda la informaci\u00f3n comercial.<\/p>\r\n<p style=\"text-align: center;\"><strong>Incorpora Calabizo y daremos a conocer tu proyecto a nuestra comunidad calabicera.<\/strong><\/p>\r\n<p style=\"text-align: center;\">\u00a1Sorprende a tus clientes con Calabizo, ofreci\u00e9ndoles sabor, salud y sostenibilidad!<\/p>\r\n[\/vc_column_text][\/vc_column][vc_column width=&#8221;1\/6&#8243;][\/vc_column][\/vc_row][vc_row css=&#8221;.vc_custom_1607942684092{margin-top: 30px !important;margin-bottom: 40px !important;}&#8221;][vc_column width=&#8221;1\/4&#8243;][\/vc_column][vc_column width=&#8221;1\/2&#8243; css=&#8221;.vc_custom_1611219196772{margin-right: 0px !important;margin-left: 0px !important;padding-right: 0px !important;padding-left: 0px !important;}&#8221; el_class=&#8221;donde-enc-form&#8221;]\n<div class=\"wpcf7 no-js\" id=\"wpcf7-f14839-o1\" lang=\"gl-ES\" dir=\"ltr\" data-wpcf7-id=\"14839\">\n<div class=\"screen-reader-response\"><p role=\"status\" aria-live=\"polite\" aria-atomic=\"true\"><\/p> <ul><\/ul><\/div>\n<form action=\"\/gl\/wp-json\/wp\/v2\/pages\/29697#wpcf7-f14839-o1\" method=\"post\" class=\"wpcf7-form init\" aria-label=\"Formulario de contacto\" novalidate=\"novalidate\" data-status=\"init\">\n<fieldset class=\"hidden-fields-container\"><input type=\"hidden\" name=\"_wpcf7\" value=\"14839\" \/><input type=\"hidden\" name=\"_wpcf7_version\" value=\"6.1.3\" \/><input type=\"hidden\" name=\"_wpcf7_locale\" value=\"gl_ES\" \/><input type=\"hidden\" name=\"_wpcf7_unit_tag\" value=\"wpcf7-f14839-o1\" \/><input type=\"hidden\" name=\"_wpcf7_container_post\" value=\"0\" \/><input type=\"hidden\" name=\"_wpcf7_posted_data_hash\" value=\"\" \/><input type=\"hidden\" name=\"_wpcf7_recaptcha_response\" value=\"\" \/>\n<\/fieldset>\n<div class=\"box-100\">\n\t<p>Quen es?\n\t<\/p>\n<\/div>\n<div class=\"box-100\">\n\t<p><span class=\"wpcf7-form-control-wrap\" data-name=\"menu-508\"><select class=\"wpcf7-form-control wpcf7-select wpcf7-validates-as-required\" aria-required=\"true\" aria-invalid=\"false\" name=\"menu-508\"><option value=\"Son unha tenda \/ restaurante interesado en vender Calabizo no meu negocio\">Son unha tenda \/ restaurante interesado en vender Calabizo no meu negocio<\/option><option value=\"Son un particular e encantar\u00edame que esta tenda vendese Calabizo\">Son un particular e encantar\u00edame que esta tenda vendese Calabizo<\/option><\/select><\/span>\n\t<\/p>\n<\/div>\n<div class=\"box-50 pr-bloque\">\n\t<p>Nome\n\t<\/p>\n<\/div>\n<div class=\"box-50 sg-bloque\">\n\t<p>Tel\u00e9fono\n\t<\/p>\n<\/div>\n<div class=\"box-50 pr-bloque\">\n\t<p><span class=\"wpcf7-form-control-wrap\" data-name=\"nombre\"><input size=\"40\" maxlength=\"400\" class=\"wpcf7-form-control wpcf7-text wpcf7-validates-as-required\" aria-required=\"true\" aria-invalid=\"false\" value=\"\" type=\"text\" name=\"nombre\" \/><\/span>\n\t<\/p>\n<\/div>\n<div class=\"box-50 sg-bloque\">\n\t<p>[text* tel\u00e9fono]\n\t<\/p>\n<\/div>\n<div class=\"reset-float\">\n<\/div>\n<div class=\"box-100\">\n\t<p>Correo electr\u00f3nico\n\t<\/p>\n<\/div>\n<div class=\"box-100\">\n\t<p><span class=\"wpcf7-form-control-wrap\" data-name=\"email\"><input size=\"40\" maxlength=\"400\" class=\"wpcf7-form-control wpcf7-email wpcf7-validates-as-required wpcf7-text wpcf7-validates-as-email\" aria-required=\"true\" aria-invalid=\"false\" value=\"\" type=\"email\" name=\"email\" \/><\/span>\n\t<\/p>\n<\/div>\n<div class=\"box-100\">\n\t<p>Nome da empresa\n\t<\/p>\n<\/div>\n<div class=\"box-100\">\n\t<p><span class=\"wpcf7-form-control-wrap\" data-name=\"nom-negocio\"><input size=\"40\" maxlength=\"400\" class=\"wpcf7-form-control wpcf7-text wpcf7-validates-as-required\" aria-required=\"true\" aria-invalid=\"false\" value=\"\" type=\"text\" name=\"nom-negocio\" \/><\/span>\n\t<\/p>\n<\/div>\n<div class=\"box-100\">\n\t<p>Tipo de empresa\n\t<\/p>\n<\/div>\n<div class=\"box-100\">\n\t<p><span class=\"wpcf7-form-control-wrap\" data-name=\"tip-negocio\"><input size=\"40\" maxlength=\"400\" class=\"wpcf7-form-control wpcf7-text wpcf7-validates-as-required\" aria-required=\"true\" aria-invalid=\"false\" value=\"\" type=\"text\" name=\"tip-negocio\" \/><\/span>\n\t<\/p>\n<\/div>\n<div class=\"box-100\">\n\t<p>Enderezo da empresa\n\t<\/p>\n<\/div>\n<div class=\"box-100\">\n\t<p><span class=\"wpcf7-form-control-wrap\" data-name=\"dir-negocio\"><input size=\"40\" maxlength=\"400\" class=\"wpcf7-form-control wpcf7-text wpcf7-validates-as-required\" aria-required=\"true\" aria-invalid=\"false\" value=\"\" type=\"text\" name=\"dir-negocio\" \/><\/span>\n\t<\/p>\n<\/div>\n<div class=\"box-100\">\n\t<p>A t\u00faa mensaxe\n\t<\/p>\n<\/div>\n<div class=\"box-100\">\n\t<p><span class=\"wpcf7-form-control-wrap\" data-name=\"mensaje\"><textarea cols=\"40\" rows=\"10\" maxlength=\"2000\" class=\"wpcf7-form-control wpcf7-textarea wpcf7-validates-as-required\" aria-required=\"true\" aria-invalid=\"false\" name=\"mensaje\"><\/textarea><\/span>\n\t<\/p>\n<\/div>\n<p class=\"form-aceptance\"><span class=\"wpcf7-form-control-wrap\" data-name=\"acceptance-961\"><span class=\"wpcf7-form-control wpcf7-acceptance\"><span class=\"wpcf7-list-item\"><label><input type=\"checkbox\" name=\"acceptance-961\" value=\"1\" aria-invalid=\"false\" \/><span class=\"wpcf7-list-item-label\">Lin e acepto a<a target=\"_blank\" href=\"\/proteccion-de-datos\/\"> Pol\u00edtica de Privacidade<\/a><\/span><\/label><\/span><\/span><\/span>\n<\/p>\n<p class=\"form-aceptance\"><span class=\"wpcf7-form-control-wrap\" data-name=\"checkbox-newsletter\"><span class=\"wpcf7-form-control wpcf7-checkbox\"><span class=\"wpcf7-list-item first last\"><label><input type=\"checkbox\" name=\"checkbox-newsletter[]\" value=\"Quero unirme \u00e1 Newsletter para recibir informaci\u00f3n de interese sobre Calabizo.\" \/><span class=\"wpcf7-list-item-label\">Quero unirme \u00e1 Newsletter para recibir informaci\u00f3n de interese sobre Calabizo.<\/span><\/label><\/span><\/span><\/span>\n<\/p>\n<p class=\"btn-submit\"><input class=\"wpcf7-form-control wpcf7-submit has-spinner\" type=\"submit\" value=\"Enviar\" \/>\n<\/p><input type='hidden' class='wpcf7-pum' value='{\"closepopup\":false,\"closedelay\":0,\"openpopup\":false,\"openpopup_id\":0}' \/><div class=\"wpcf7-response-output\" aria-hidden=\"true\"><\/div>\n<\/form>\n<\/div>\n[\/vc_column][vc_column width=&#8221;1\/4&#8243;][\/vc_column][\/vc_row][vc_row fullwidth=&#8221;true&#8221; css=&#8221;.vc_custom_1611219629379{margin-bottom: 0px !important;}&#8221; el_class=&#8221;img-footer-inline&#8221;][vc_column width=&#8221;1\/3&#8243; css=&#8221;.vc_custom_1605698953696{margin-right: 0px !important;margin-left: 0px !important;padding-right: 0px !important;padding-left: 0px !important;}&#8221;][vc_single_image image=&#8221;7629&#8243; img_size=&#8221;full&#8221; css=&#8221;.vc_custom_1606905634323{margin-bottom: 0px !important;}&#8221;][\/vc_column][vc_column width=&#8221;1\/3&#8243; css=&#8221;.vc_custom_1605698986496{margin-right: 0px !important;margin-left: 0px !important;padding-right: 0px !important;padding-left: 0px !important;}&#8221;][vc_single_image image=&#8221;7631&#8243; img_size=&#8221;full&#8221; css=&#8221;.vc_custom_1606905637610{margin-bottom: 0px !important;}&#8221;][\/vc_column][vc_column width=&#8221;1\/3&#8243; css=&#8221;.vc_custom_1605698992817{margin-right: 0px !important;margin-left: 0px !important;padding-right: 0px !important;padding-left: 0px !important;}&#8221;][vc_single_image image=&#8221;7630&#8243; img_size=&#8221;full&#8221; css=&#8221;.vc_custom_1606905640985{margin-bottom: 0px !important;}&#8221;][\/vc_column][\/vc_row][vc_row][vc_column][vc_column_text]\r\n<div class=\"wp-block-columns alignfull is-not-stacked-on-mobile\" style=\"margin-top: 0; margin-bottom: 0; padding: 0; gap: 0;\">\r\n<div class=\"wp-block-column\" style=\"padding: 0;\"><\/div>\r\n<!-- \/wp:post-content -->\r\n\r\n<\/div>\r\n<!-- \/wp:columns -->[\/vc_column_text][\/vc_column][\/vc_row]<!-- \/wp:freeform --><\/div>","protected":false},"excerpt":{"rendered":"<p>[vc_row fullwidth=&#8221;true&#8221; css=&#8221;.vc_custom_1611218637961{background-image: url(https:\/\/calabizo.com\/wp-content\/uploads\/2020\/11\/donde_encontrarlo.jpg?id=7633) !important;background-position: center !important;background-repeat: no-repeat !important;background-size: cover !important;}&#8221;][vc_column][vc_custom_heading text=&#8221;Calabizo \u00a1Muy cerca de ti!&#8221; font_container=&#8221;tag:h1|text_align:center|color:%23ffffff&#8221; use_theme_fonts=&#8221;yes&#8221; css=&#8221;.vc_custom_1772062024692{margin-top: 100px !important;margin-bottom: 100px !important;}&#8221; el_class=&#8221;titulo-cabecera element-hidden&#8221;][vc_custom_heading text=&#8221;Calabizo \u00a1Muy cerca de ti!&#8221; font_container=&#8221;tag:h1|text_align:center|color:%23ffffff&#8221; use_theme_fonts=&#8221;yes&#8221; css=&#8221;.vc_custom_1772062045791{margin-top: 100px !important;margin-bottom: 5px !important;}&#8221; el_class=&#8221;titulo-cabecera element-hidden-pc&#8221;][vc_custom_heading text=&#8221;Calabizo&#8221; font_container=&#8221;tag:h1|text_align:center|color:%23ffffff&#8221; use_theme_fonts=&#8221;yes&#8221; css=&#8221;.vc_custom_1611309675644{margin-bottom: 100px !important;}&#8221; el_class=&#8221;titulo-cabecera element-hidden-pc&#8221;][\/vc_column][\/vc_row][vc_row css=&#8221;.vc_custom_1611218643845{margin-top: 50px !important;}&#8221; el_class=&#8221;donde-enc-1&#8243;][vc_column width=&#8221;1\/6&#8243;][\/vc_column][vc_column width=&#8221;2\/3&#8243;][vc_custom_heading text=&#8221;Calabizo, \u00a1Muy [&hellip;]<\/p>\n","protected":false},"author":1,"featured_media":0,"parent":0,"menu_order":0,"comment_status":"open","ping_status":"closed","template":"","meta":{"_acf_changed":false,"footnotes":""},"class_list":["post-29697","page","type-page","status-publish","hentry"],"acf":[],"_links":{"self":[{"href":"https:\/\/calabizo.com\/gl\/wp-json\/wp\/v2\/pages\/29697","targetHints":{"allow":["GET"]}}],"collection":[{"href":"https:\/\/calabizo.com\/gl\/wp-json\/wp\/v2\/pages"}],"about":[{"href":"https:\/\/calabizo.com\/gl\/wp-json\/wp\/v2\/types\/page"}],"author":[{"embeddable":true,"href":"https:\/\/calabizo.com\/gl\/wp-json\/wp\/v2\/users\/1"}],"replies":[{"embeddable":true,"href":"https:\/\/calabizo.com\/gl\/wp-json\/wp\/v2\/comments?post=29697"}],"version-history":[{"count":6,"href":"https:\/\/calabizo.com\/gl\/wp-json\/wp\/v2\/pages\/29697\/revisions"}],"predecessor-version":[{"id":29744,"href":"https:\/\/calabizo.com\/gl\/wp-json\/wp\/v2\/pages\/29697\/revisions\/29744"}],"wp:attachment":[{"href":"https:\/\/calabizo.com\/gl\/wp-json\/wp\/v2\/media?parent=29697"}],"curies":[{"name":"wp","href":"https:\/\/api.w.org\/{rel}","templated":true}]}}