{"id":8641,"date":"2020-06-11T10:55:14","date_gmt":"2020-06-11T08:55:14","guid":{"rendered":"https:\/\/calabizo.com\/producto\/soupe-de-pois-chiches-au-calabizo-grand-format-2-3-portions\/"},"modified":"2024-04-08T18:06:00","modified_gmt":"2024-04-08T16:06:00","slug":"ragout-de-pois-chiches-avec-calabizo-de-grande-taille-2-3-portions","status":"publish","type":"product","link":"https:\/\/calabizo.com\/fr\/producto\/ragout-de-pois-chiches-avec-calabizo-de-grande-taille-2-3-portions\/","title":{"rendered":"Caisse de potage de pois chiches avec Calabizo. 12 pots de 720 g."},"content":{"rendered":"","protected":false},"excerpt":{"rendered":"<div class=\"producto-descripcion\">\n<div class=\"btns-packs\">\n<div class=\"btn-pack\">\n      <a class=\"current-pack\">Pack de 12<\/a>\n    <\/div>\n<\/p><\/div>\n<div class=\"producto-introduccion\">\n<p>D\u00e9gustez le premier potage de pois chiches vegan sur le march\u00e9 avec une saveur reconnue du potage \u00ab\u00a0de toujours\u00a0\u00bb offert par notre saucisson de citrouille, le calabizo.<\/p>\n<p>Le meilleur ? Un plat pr\u00e9par\u00e9 savoureux et nutritif, chauffez et c&rsquo;est parti ! <a id=\"producto-intro-vermas\" class=\"cerrado\">Voir plus<\/a>.<\/p>\n<div id=\"producto-intro-contmas\">\n<p>Id\u00e9al pour les jours o\u00f9 vous n&rsquo;avez pas le temps ou l&rsquo;envie de cuisiner ou que vous avez oubli\u00e9 de faire tremper les l\u00e9gumineuses, chez Calabizo nous vous proposons ce plat pr\u00e9par\u00e9, fait uniquement avec des ingr\u00e9dients v\u00e9g\u00e9taux et que vous n&rsquo;aurez qu&rsquo;\u00e0 chauffer et il sera pr\u00eat \u00e0 d\u00e9guster.<\/p>\n<ul>\n<li>Bo\u00eete de 12 bocaux en verre de 720 g. (2-3 portions)<br \/>(poids env.12 kg.)<\/li>\n<li>A consommer de pr\u00e9f\u00e9rence en 3 ans<\/li>\n<li>Ne n\u00e9cessite pas de r\u00e9frig\u00e9ration, sauf s&rsquo;il est ouvert<\/li>\n<\/ul><\/div>\n<\/p><\/div>\n<div class=\"producto-caracteristicas\">\n<div class=\"lista-producto-caracteristicas\">\n<div class=\"producto-caract-indiv\">\n<div class=\"producto-ind-iconos\">\n          <img decoding=\"async\" src=\"\/wp-content\/uploads\/2021\/01\/fp-frio.png\"\/>\n        <\/div>\n<div class=\"producto-ind-titulo\">\n<p>Non r\u00e9frig\u00e9r\u00e9<\/p>\n<\/p><\/div>\n<\/p><\/div>\n<div class=\"producto-caract-indiv\">\n<div class=\"producto-ind-iconos\">\n          <img decoding=\"async\" src=\"\/wp-content\/uploads\/2021\/01\/fp-aditivos.png\"\/>\n        <\/div>\n<div class=\"producto-ind-titulo\">\n<p>Sans d\u2019additifs<\/p>\n<\/p><\/div>\n<\/p><\/div>\n<div class=\"producto-caract-indiv\">\n<div class=\"producto-ind-iconos\">\n          <img decoding=\"async\" src=\"\/wp-content\/uploads\/2021\/01\/fp-sojagluten.png\"\/>\n        <\/div>\n<div class=\"producto-ind-titulo\">\n<p>Sans soja \/ Sans gluten<\/p>\n<\/p><\/div>\n<\/p><\/div>\n<div class=\"producto-caract-indiv\">\n<div class=\"producto-ind-iconos\">\n          <img decoding=\"async\" src=\"\/wp-content\/uploads\/2021\/01\/fp-colesterol.png\"\/>\n        <\/div>\n<div class=\"producto-ind-titulo\">\n<p>Sans cholest\u00e9rol<\/p>\n<\/p><\/div>\n<\/p><\/div>\n<div class=\"producto-caract-indiv\">\n<div class=\"producto-ind-iconos\">\n          <img decoding=\"async\" src=\"\/wp-content\/uploads\/2021\/01\/fp-calorias.png\"\/>\n        <\/div>\n<div class=\"producto-ind-titulo\">\n<p>Faible en calories<\/p>\n<\/p><\/div>\n<\/p><\/div>\n<div class=\"producto-caract-indiv\">\n<div class=\"producto-ind-iconos\">\n          <img decoding=\"async\" src=\"\/wp-content\/uploads\/2021\/01\/fp-fibra.png\"\/>\n        <\/div>\n<div class=\"producto-ind-titulo\">\n<p>Riche en fibres<\/p>\n<\/p><\/div>\n<\/p><\/div>\n<\/p><\/div>\n<div class=\"producto-desplegables\">\n<div class=\"bloque-desplegable\">\n<div id=\"producto-despleg-tit-ingredientes\" class=\"cerrado desplegable\">\n<h3>Ingr\u00e9dients<\/h3>\n<p>+<\/p>\n<\/p><\/div>\n<div id=\"producto-despleg-ingredientes\">\n<p>Pois chiches, oignon, tomate, carotte, huile d&rsquo;olive extra vierge, poivre, \u00e9pinards, calabizo (saucisson de citrouille, 100% v\u00e9g\u00e9tal), ail, sel et eau de cuisson.<\/p>\n<p>Le potage de pois chiches est un produit vegan et sans gluten.<\/p>\n<\/p><\/div>\n<\/p><\/div>\n<div class=\"bloque-desplegable\">\n<div id=\"producto-despleg-tit-informacion\" class=\"cerrado desplegable\">\n<h3>Informations nutritionnelles<\/h3>\n<p>+<\/p>\n<\/p><\/div>\n<div id=\"producto-despleg-informacion\">\n<p>(valeurs moyennes pour 100 g.)<\/p>\n<table>\n<tbody>\n<tr>\n<td>Valeur \u00e9nerg\u00e9tique:<\/td>\n<td>369 kj \/ 88 kcal<\/td>\n<\/tr>\n<tr>\n<td>Lipides:<\/td>\n<td>3,6 g<\/td>\n<\/tr>\n<tr>\n<td>Dont satur\u00e9s:<\/td>\n<td>0,6 g<\/td>\n<\/tr>\n<tr>\n<td>Glucides:<\/td>\n<td>9,3 g<\/td>\n<\/tr>\n<tr>\n<td>Dont sucres:<\/td>\n<td>1,2 g<\/td>\n<\/tr>\n<tr>\n<td>Prot\u00e9ines:<\/td>\n<td>4,6 g<\/td>\n<\/tr>\n<tr>\n<td>Sel:<\/td>\n<td>0,9 g<\/td>\n<\/tr>\n<\/tbody>\n<\/table><\/div>\n<\/p><\/div>\n<div class=\"bloque-desplegable\">\n<div id=\"producto-despleg-tit-sugerencias\" class=\"cerrado desplegable\">\n<h3>Suggestions de pr\u00e9paration<\/h3>\n<p>+<\/p>\n<\/p><\/div>\n<div id=\"producto-despleg-sugerencias\">\n<p>Chauffez et c\u2019est pr\u00eat !<\/p>\n<p>Un plat \u00e0 la cuill\u00e8re facile, confortable, sain et nutritif.<\/p>\n<p>Choisissez comment le chauffer et en quelques minutes, vous d\u00e9gusterez ce savoureux plat \u00e0 la cuill\u00e8re.<\/p>\n<div class=\"producto-suger-tip\">\n<div class=\"div-sugerencias\">\n<div class=\"img-sugerencias\">\n                  <img decoding=\"async\" src=\"\/wp-content\/uploads\/2021\/01\/banomaria.png\">\n                <\/div>\n<div class=\"p-sugerencias\">\n<p class=\"producto-suger-tip-titulo tit-potaje\">Bain Marie<\/p>\n<\/p><\/div>\n<\/p><\/div>\n<div class=\"div-sugerencias\">\n<div class=\"img-sugerencias\">\n                  <img decoding=\"async\" src=\"\/wp-content\/uploads\/2021\/01\/olla.png\">\n                <\/div>\n<div class=\"p-sugerencias\">\n<p class=\"producto-suger-tip-titulo tit-potaje\">Pot \/ casserole<\/p>\n<\/p><\/div>\n<\/p><\/div>\n<div class=\"div-sugerencias\">\n<div class=\"img-sugerencias\">\n                  <img decoding=\"async\" src=\"\/wp-content\/uploads\/2021\/01\/micro.png\">\n                <\/div>\n<div class=\"p-sugerencias\">\n<p class=\"producto-suger-tip-titulo tit-potaje\">Micro-ondes<\/p>\n<\/p><\/div>\n<\/p><\/div>\n<div class=\"div-sugerencias\">\n<div class=\"p-sugerencias\">\n<p><strong>Dans le hashtag #recetasconcalabizo<\/strong> vous trouverez plusieurs fa\u00e7ons de go\u00fbter Calabizo<\/p>\n<p class=\"p-recetas\"><strong>D\u00e9couvrir<\/strong> notre section de<a target=\"_blank\" href=\"\/fr\/recetas\/\" rel=\"noopener\"> Recettes<\/a> .<\/p>\n<\/p><\/div>\n<\/p><\/div>\n<\/p><\/div>\n<h3>Recommandations d&rsquo;utilisation<\/h3>\n<div class=\"lista-recomendaciones\">\n<ul>\n<li>Conserver dans un endroit frais et sec. Tenez-vous \u00e0 l&rsquo;\u00e9cart de la lumi\u00e8re du soleil.<\/li>\n<li>Une fois ouvert, conservez-le au r\u00e9frig\u00e9rateur pendant deux jours maximum.<\/li>\n<\/ul><\/div>\n<\/p><\/div>\n<\/p><\/div>\n<\/p><\/div>\n<\/p><\/div>\n<\/div>\n","protected":false},"featured_media":29827,"comment_status":"closed","ping_status":"closed","template":"","meta":{"_acf_changed":false},"product_brand":[],"product_cat":[288],"product_tag":[335,440,443,439,441,442,340,342,374],"class_list":{"0":"post-8641","1":"product","2":"type-product","3":"status-publish","4":"has-post-thumbnail","6":"product_cat-soupe-de-pois-chiches","7":"product_tag-calabizo-fr","8":"product_tag-garbanzos-fr","9":"product_tag-pack-de-12-fr","10":"product_tag-potaje-fr","11":"product_tag-potaje-de-garbanzos-fr","12":"product_tag-potaje-vegano-fr","13":"product_tag-sin-gluten-fr","14":"product_tag-vegano-fr","15":"product_tag-vegetal-fr","17":"first","18":"instock","19":"sold-individually","20":"taxable","21":"shipping-taxable","22":"purchasable","23":"product-type-simple"},"acf":[],"_links":{"self":[{"href":"https:\/\/calabizo.com\/fr\/wp-json\/wp\/v2\/product\/8641","targetHints":{"allow":["GET"]}}],"collection":[{"href":"https:\/\/calabizo.com\/fr\/wp-json\/wp\/v2\/product"}],"about":[{"href":"https:\/\/calabizo.com\/fr\/wp-json\/wp\/v2\/types\/product"}],"replies":[{"embeddable":true,"href":"https:\/\/calabizo.com\/fr\/wp-json\/wp\/v2\/comments?post=8641"}],"version-history":[{"count":14,"href":"https:\/\/calabizo.com\/fr\/wp-json\/wp\/v2\/product\/8641\/revisions"}],"predecessor-version":[{"id":25098,"href":"https:\/\/calabizo.com\/fr\/wp-json\/wp\/v2\/product\/8641\/revisions\/25098"}],"wp:featuredmedia":[{"embeddable":true,"href":"https:\/\/calabizo.com\/fr\/wp-json\/wp\/v2\/media\/29827"}],"wp:attachment":[{"href":"https:\/\/calabizo.com\/fr\/wp-json\/wp\/v2\/media?parent=8641"}],"wp:term":[{"taxonomy":"product_brand","embeddable":true,"href":"https:\/\/calabizo.com\/fr\/wp-json\/wp\/v2\/product_brand?post=8641"},{"taxonomy":"product_cat","embeddable":true,"href":"https:\/\/calabizo.com\/fr\/wp-json\/wp\/v2\/product_cat?post=8641"},{"taxonomy":"product_tag","embeddable":true,"href":"https:\/\/calabizo.com\/fr\/wp-json\/wp\/v2\/product_tag?post=8641"}],"curies":[{"name":"wp","href":"https:\/\/api.w.org\/{rel}","templated":true}]}}