{"id":8532,"date":"2015-09-25T16:20:44","date_gmt":"2015-09-25T14:20:44","guid":{"rendered":"https:\/\/calabizo.com\/producto\/calabizo-paquete-de-3-unidades\/"},"modified":"2022-01-13T12:14:55","modified_gmt":"2022-01-13T11:14:55","slug":"calabizo-pack-de-3-unites","status":"publish","type":"product","link":"https:\/\/calabizo.com\/fr\/producto\/calabizo-pack-de-3-unites\/","title":{"rendered":"Calabizo. Pack de 3 unit\u00e9s."},"content":{"rendered":"","protected":false},"excerpt":{"rendered":"<div class=\"producto-descripcion\">\n<div class=\"btns-packs\">\n<p>Choisissez le pack<\/p>\n<div class=\"btn-pack\">\n      <a class=\"current-pack\">Pack de 3<\/a>\n    <\/div>\n<div class=\"btn-pack\">\n      <a href=\"\/fr\/producto\/calabizo-pack-de-6-unites\/\">Pack de 6<\/a>\n    <\/div>\n<\/p><\/div>\n<div class=\"producto-introduccion\">\n<p>D\u00e9gustez le calabizo, la premi\u00e8re saucisse de potiron aux l\u00e9gumes; v\u00e9g\u00e9talien et sans gluten. Fabriqu\u00e9 de mani\u00e8re traditionnelle: fum\u00e9 au bois de ch\u00eane et s\u00e9ch\u00e9 et avec toute la saveur du chorizo. <a id=\"producto-intro-vermas\" class=\"cerrado\">Voir plus.<\/a><\/p>\n<div id=\"producto-intro-contmas\">\n<p>Bas\u00e9 sur une recette ancestrale de chorizo \u00e0 la citrouille de Galice, le calabizo est fabriqu\u00e9 uniquement avec des ingr\u00e9dients v\u00e9g\u00e9taux selon la m\u00e9thode traditionnelle de fumage et de s\u00e9chage pendant quelques semaines, sans utiliser aucun type d&rsquo;additif.<\/p>\n<p>Une alternative id\u00e9ale pour tous les types de r\u00e9gimes gr\u00e2ce \u00e0 sa haute valeur nutritionnelle, son faible apport calorique, sa teneur \u00e9lev\u00e9e en fibres, riche en antioxydants, source de vitamine B6.<\/p>\n<ul>\n<li>Paquet de 3 calabizos (poids env.120 g.)<\/li>\n<li>1 an de consommation pr\u00e9f\u00e9rentielle<\/li>\n<li>Ne n\u00e9cessite pas de r\u00e9frig\u00e9ration<\/li>\n<\/ul><\/div>\n<\/p><\/div>\n<div class=\"producto-caracteristicas\">\n<div class=\"lista-producto-caracteristicas\">\n<div class=\"producto-caract-indiv\">\n<div class=\"producto-ind-iconos\">\n          <img decoding=\"async\" src=\"\/wp-content\/uploads\/2021\/01\/fp-frio.png\"\/>\n        <\/div>\n<div class=\"producto-ind-titulo\">\n<p>Non r\u00e9frig\u00e9r\u00e9<\/p>\n<\/p><\/div>\n<\/p><\/div>\n<div class=\"producto-caract-indiv\">\n<div class=\"producto-ind-iconos\">\n          <img decoding=\"async\" src=\"\/wp-content\/uploads\/2021\/01\/fp-aditivos.png\"\/>\n        <\/div>\n<div class=\"producto-ind-titulo\">\n<p>Sans d\u2019additifs<\/p>\n<\/p><\/div>\n<\/p><\/div>\n<div class=\"producto-caract-indiv\">\n<div class=\"producto-ind-iconos\">\n          <img decoding=\"async\" src=\"\/wp-content\/uploads\/2021\/01\/fp-sojagluten.png\"\/>\n        <\/div>\n<div class=\"producto-ind-titulo\">\n<p>Sans soja \/ Sans gluten<\/p>\n<\/p><\/div>\n<\/p><\/div>\n<div class=\"producto-caract-indiv\">\n<div class=\"producto-ind-iconos\">\n          <img decoding=\"async\" src=\"\/wp-content\/uploads\/2021\/01\/fp-colesterol.png\"\/>\n        <\/div>\n<div class=\"producto-ind-titulo\">\n<p>Sans cholest\u00e9rol<\/p>\n<\/p><\/div>\n<\/p><\/div>\n<div class=\"producto-caract-indiv\">\n<div class=\"producto-ind-iconos\">\n          <img decoding=\"async\" src=\"\/wp-content\/uploads\/2021\/01\/fp-calorias.png\"\/>\n        <\/div>\n<div class=\"producto-ind-titulo\">\n<p>Faible en calories<\/p>\n<\/p><\/div>\n<\/p><\/div>\n<div class=\"producto-caract-indiv\">\n<div class=\"producto-ind-iconos\">\n          <img decoding=\"async\" src=\"\/wp-content\/uploads\/2021\/01\/fp-fibra.png\"\/>\n        <\/div>\n<div class=\"producto-ind-titulo\">\n<p>Riche en fibres<\/p>\n<\/p><\/div>\n<\/p><\/div>\n<\/p><\/div>\n<div class=\"producto-desplegables\">\n<div class=\"bloque-desplegable\">\n<div id=\"producto-despleg-tit-ingredientes\" class=\"cerrado desplegable\">\n<h3>Ingr\u00e9dients<\/h3>\n<p>+<\/p>\n<\/p><\/div>\n<div id=\"producto-despleg-ingredientes\">\n<p>Citrouille (90%), oignon, huile d&rsquo;olive extra vierge, paprika, sel, ail et origan.<\/p>\n<p>Les calabizos sont emball\u00e9es en boyau de cellulose artificielle (origine v\u00e9g\u00e9tale). Non mangeable.<\/p>\n<\/p><\/div>\n<\/p><\/div>\n<div class=\"bloque-desplegable\">\n<div id=\"producto-despleg-tit-informacion\" class=\"cerrado desplegable\">\n<h3>Information nutritionnelle<\/h3>\n<p>+<\/p>\n<\/p><\/div>\n<div id=\"producto-despleg-informacion\">\n<p>(valeurs moyennes pour 100 g.)<\/p>\n<table>\n<tbody>\n<tr>\n<td>Valeur \u00e9nerg\u00e9tique:<\/td>\n<td>1 093 kj \/ 261 kcal<\/td>\n<\/tr>\n<tr>\n<td>Lipides:<\/td>\n<td>16 g<\/td>\n<\/tr>\n<tr>\n<td>Dont satur\u00e9s:<\/td>\n<td>2,4 g<\/td>\n<\/tr>\n<tr>\n<td>Glucides:<\/td>\n<td>21 g<\/td>\n<\/tr>\n<tr>\n<td>Dont sucres:<\/td>\n<td>1,6 g<\/td>\n<\/tr>\n<tr>\n<td>Prot\u00e9ines:<\/td>\n<td>8,2 g<\/td>\n<\/tr>\n<tr>\n<td>Fibre alimentaire:<\/td>\n<td>16,5 g<\/td>\n<\/tr>\n<tr>\n<td>Sel:<\/td>\n<td>1,9 g<\/td>\n<\/tr>\n<\/tbody>\n<\/table><\/div>\n<\/p><\/div>\n<div class=\"bloque-desplegable\">\n<div id=\"producto-despleg-tit-sugerencias\" class=\"cerrado desplegable\">\n<h3>Conseils de pr\u00e9paration<\/h3>\n<p>+<\/p>\n<\/p><\/div>\n<div id=\"producto-despleg-sugerencias\">\n<div class=\"producto-suger-tip\">\n<div class=\"div-sugerencias\">\n<div class=\"img-sugerencias\">\n                  <img decoding=\"async\" src=\"\/wp-content\/uploads\/2021\/01\/plancha.png\">\n                <\/div>\n<div class=\"p-sugerencias\">\n<p class=\"producto-suger-tip-titulo\">Grill\u00e9<\/p>\n<p>Versez quelques gouttes d&rsquo;huile dans une casserole, ajoutez le calabizo et laissez bien griller des deux c\u00f4t\u00e9s.<\/p>\n<\/p><\/div>\n<\/p><\/div>\n<div class=\"div-sugerencias\">\n<div class=\"img-sugerencias\">\n                  <img decoding=\"async\" src=\"\/wp-content\/uploads\/2021\/01\/crudo.png\">\n                <\/div>\n<div class=\"p-sugerencias\">\n<p class=\"producto-suger-tip-titulo\">Consommation crue<\/p>\n<p>Vous pouvez le go\u00fbter maintenant ou laisser le processus de s\u00e9chage se poursuivre dans un endroit frais et sec \u00e0 l&rsquo;ext\u00e9rieur de l&#8217;emballage sous vide.<\/p>\n<\/p><\/div>\n<\/p><\/div>\n<div class=\"div-sugerencias\">\n<div class=\"img-sugerencias\">\n                  <img decoding=\"async\" src=\"\/wp-content\/uploads\/2021\/01\/barbacoa.png\">\n                <\/div>\n<div class=\"p-sugerencias\">\n<p class=\"producto-suger-tip-titulo\">Id\u00e9al pour le barbecue<\/p>\n<p>Placez les calabizos sur le gril et pr\u00e9parez-les sur le gril, sans trop griller.<\/p>\n<\/p><\/div>\n<\/p><\/div>\n<div class=\"div-sugerencias\">\n<div class=\"img-sugerencias\">\n                  <img decoding=\"async\" src=\"\/wp-content\/uploads\/2021\/01\/otras.png\">\n                <\/div>\n<div class=\"p-sugerencias\">\n<p class=\"producto-suger-tip-titulo\">Autres modes de pr\u00e9paration<\/p>\n<p>Faites ressortir le chef qui est en vous et utilisez le calabizo dans vos recettes: cuill\u00e8re \u00e0 soupe, rago\u00fbts, rago\u00fbts, pizzas, tortillas, riz, p\u00e2tes. Pour les rago\u00fbts et autres, nous vous recommandons de retirer au pr\u00e9alable les boyaux artificiels, de les hacher et de les faire sauter avec une sauce, am\u00e9liorant ainsi leur saveur.<\/p>\n<p><strong>Dans le hashtag #recetasconcalabizo<\/strong> vous trouverez plusieurs fa\u00e7ons de go\u00fbter Calabizo<\/p>\n<p class=\"p-recetas\"><strong>D\u00e9couvrir<\/strong> notre section de<a target=\"_blank\" href=\"\/fr\/recetas\/\" rel=\"noopener\"> Recettes<\/a> .<\/p>\n<\/p><\/div>\n<\/p><\/div>\n<\/p><\/div>\n<h3>Recommandations d&rsquo;utilisation<\/h3>\n<div class=\"lista-recomendaciones\">\n<ul>\n<li>Ouvrez 10 minutes avant de consommer.<\/li>\n<li>Avant de consommer, retirez le boyau artificiel dans lequel il est fourr\u00e9.<\/li>\n<li>Il ne n\u00e9cessite pas de r\u00e9frig\u00e9ration, mais une fois ouvert, il est recommand\u00e9 de les conserver au froid.<\/li>\n<\/ul><\/div>\n<\/p><\/div>\n<\/p><\/div>\n<\/p><\/div>\n<\/p><\/div>\n<\/div>\n","protected":false},"featured_media":8535,"comment_status":"closed","ping_status":"closed","template":"","meta":{"_acf_changed":false},"product_brand":[],"product_cat":[287],"product_tag":[373,335,338,340,341,342,374],"class_list":{"0":"post-8532","1":"product","2":"type-product","3":"status-publish","4":"has-post-thumbnail","6":"product_cat-calabizos-fr","7":"product_tag-calabaza-fr","8":"product_tag-calabizo-fr","9":"product_tag-pack-de-3-fr","10":"product_tag-sin-gluten-fr","11":"product_tag-tradicional-fr","12":"product_tag-vegano-fr","13":"product_tag-vegetal-fr","15":"first","16":"instock","17":"taxable","18":"shipping-taxable","19":"purchasable","20":"product-type-simple"},"acf":[],"_links":{"self":[{"href":"https:\/\/calabizo.com\/fr\/wp-json\/wp\/v2\/product\/8532","targetHints":{"allow":["GET"]}}],"collection":[{"href":"https:\/\/calabizo.com\/fr\/wp-json\/wp\/v2\/product"}],"about":[{"href":"https:\/\/calabizo.com\/fr\/wp-json\/wp\/v2\/types\/product"}],"replies":[{"embeddable":true,"href":"https:\/\/calabizo.com\/fr\/wp-json\/wp\/v2\/comments?post=8532"}],"version-history":[{"count":12,"href":"https:\/\/calabizo.com\/fr\/wp-json\/wp\/v2\/product\/8532\/revisions"}],"predecessor-version":[{"id":14061,"href":"https:\/\/calabizo.com\/fr\/wp-json\/wp\/v2\/product\/8532\/revisions\/14061"}],"wp:featuredmedia":[{"embeddable":true,"href":"https:\/\/calabizo.com\/fr\/wp-json\/wp\/v2\/media\/8535"}],"wp:attachment":[{"href":"https:\/\/calabizo.com\/fr\/wp-json\/wp\/v2\/media?parent=8532"}],"wp:term":[{"taxonomy":"product_brand","embeddable":true,"href":"https:\/\/calabizo.com\/fr\/wp-json\/wp\/v2\/product_brand?post=8532"},{"taxonomy":"product_cat","embeddable":true,"href":"https:\/\/calabizo.com\/fr\/wp-json\/wp\/v2\/product_cat?post=8532"},{"taxonomy":"product_tag","embeddable":true,"href":"https:\/\/calabizo.com\/fr\/wp-json\/wp\/v2\/product_tag?post=8532"}],"curies":[{"name":"wp","href":"https:\/\/api.w.org\/{rel}","templated":true}]}}