{"id":28617,"date":"2025-02-10T07:28:20","date_gmt":"2025-02-10T06:28:20","guid":{"rendered":"https:\/\/calabizo.com\/producto\/untable-de-pimientos\/"},"modified":"2026-03-03T12:44:22","modified_gmt":"2026-03-03T11:44:22","slug":"untable-de-pimientos","status":"publish","type":"product","link":"https:\/\/calabizo.com\/fr\/producto\/untable-de-pimientos\/","title":{"rendered":"Untable de pimientos"},"content":{"rendered":"","protected":false},"excerpt":{"rendered":"<div class=\"producto-descripcion\">\n<div class=\"btns-packs\">\n<p>Elige el Pack<\/p>\n<div class=\"btn-pack\"><a class=\"current-pack\">Estuche con lata 120 g<\/a><\/div>\n<\/div>\n<div class=\"producto-introduccion\">\n<p><span class=\"des-titulo\">\u00a1Un tentempi\u00e9 excepcional para dipear!<\/span><\/p>\n<p>Nuestro untable de pimientos del piquillo es un delicioso tentempi\u00e9 elaborado con ingredientes de primer\u00edsima calidad y sin conservantes ni aditivos. <a id=\"producto-intro-vermas\" class=\"cerrado\"><\/a>Ver m\u00e1s<\/p>\n<div id=\"producto-intro-contmas\">\n<p><span class=\"des-titulo\">\u00a1Con pocos ingredientes y de m\u00e1xima calidad!<\/span><\/p>\n<p>Cuando descubras esta mezcla de sabores en este untable hecho con pimientos del piquillo confitados, junto con garbanzos de Le\u00f3n y almendras Marcona, no querr\u00e1s dejar de dipear esta delicia, que podr\u00e1s degustar con palitos de pan, untarlo en pan e incluso disfrutarlo como acompa\u00f1amiento o guarnici\u00f3n de muchos platos.<\/p>\n<p>Siguiendo los valores de nuestra marca, este untable es:<\/p>\n<ul>\n<li>Un alimento 100% vegetal<\/li>\n<li>Con ingredientes de primera calidad<\/li>\n<li>Sin conservantes ni aditivos<\/li>\n<li>Sin gluten<\/li>\n<li>No precisa refrigeraci\u00f3n<\/li>\n<li>Consumo preferente de 2 a\u00f1os<\/li>\n<\/ul>\n<p><span class=\"des-titulo\">Saludable, Sostenible y muy Sabroso<\/span><\/p>\n<p>\ud83c\udf36\ufe0f<span class=\"des-titulo\">Saludable: altamente nutritivo, sin conservantes ni aditivos y sin colesterol<\/span><br \/>\nElaborado de forma artesanal y con ingredientes 100% vegetales de alta calidad, con hortalizas (pimientos), legumbres (garbanzos) y frutos secos (almendras). y con grasas saludables provinientes de las almendras y del aceite de oliva virgen extra.<\/p>\n<p>\ud83c\udf36\ufe0f<span class=\"des-titulo\">Sostenible: un producto basado en plantas y elaborado en Galicia<\/span><br \/>\nCon ingredientes de origen nacional como las almendras, los garbanzos, los pimientos de piquillo y el aceite de oliva virgen extra, ponemos en valor la materia prima producida por agricultores de nuestro pa\u00eds y de cercan\u00eda para reducir as\u00ed nuestra huella de carbono a la vez que generamos riqueza en nuestro entorno.<\/p>\n<p>\ud83c\udf36\ufe0f<span class=\"des-titulo\">Sabroso: Un untable vegetal de sabor genuinamente espa\u00f1ol<\/span><br \/>\nEsta mezcla de sabores ofrece un sabor \u00fanico y original, con una textura cremosa y delicada muy agradable al paladar que lo hace verdaderamente irresisitble. Un bocado excepcional, para cualquier hora, como aperitivo, picoteo e incluso como acompa\u00f1amiento de diferentes platos!<\/p>\n<\/div>\n<\/div>\n<div class=\"producto-caracteristicas\">\n<div class=\"lista-producto-caracteristicas\">\n<div class=\"producto-caract-indiv\">\n<div class=\"producto-ind-iconos\"><img decoding=\"async\" src=\"\/wp-content\/uploads\/2021\/01\/fp-frio.png\" \/><\/div>\n<div class=\"producto-ind-titulo\">\n<p>No necesita fr\u00edo<\/p>\n<\/div>\n<\/div>\n<div class=\"producto-caract-indiv\">\n<div class=\"producto-ind-iconos\"><img decoding=\"async\" src=\"\/wp-content\/uploads\/2021\/01\/fp-aditivos.png\" \/><\/div>\n<div class=\"producto-ind-titulo\">\n<p>Sin Aditivos<\/p>\n<\/div>\n<\/div>\n<div class=\"producto-caract-indiv\">\n<div class=\"producto-ind-iconos\"><img decoding=\"async\" src=\"\/wp-content\/uploads\/2021\/01\/fp-sojagluten.png\" \/><\/div>\n<div class=\"producto-ind-titulo\">\n<p>Sin soja\/<br \/>\nsin gluten<\/p>\n<\/div>\n<\/div>\n<div class=\"producto-caract-indiv\">\n<div class=\"producto-ind-iconos\"><img decoding=\"async\" src=\"\/wp-content\/uploads\/2021\/01\/fp-colesterol.png\" \/><\/div>\n<div class=\"producto-ind-titulo\">\n<p>Sin colesterol<\/p>\n<\/div>\n<\/div>\n<div class=\"producto-caract-indiv\">\n<div class=\"producto-ind-iconos\"><img decoding=\"async\" src=\"\/wp-content\/uploads\/2021\/01\/fp-calorias.png\" \/><\/div>\n<div class=\"producto-ind-titulo\">\n<p>Bajo en calor\u00edas<\/p>\n<\/div>\n<\/div>\n<div class=\"producto-caract-indiv\">\n<div class=\"producto-ind-iconos\"><img decoding=\"async\" src=\"\/wp-content\/uploads\/2021\/01\/fp-fibra.png\" \/><\/div>\n<div class=\"producto-ind-titulo\">\n<p>Rico en fibra<\/p>\n<\/div>\n<\/div>\n<\/div>\n<div class=\"producto-desplegables\">\n<div class=\"bloque-desplegable\">\n<div id=\"producto-despleg-tit-ingredientes\" class=\"cerrado desplegable\">\n<h3>Ingredientes<\/h3>\n<p>+<\/p>\n<\/div>\n<div id=\"producto-despleg-ingredientes\">\n<p>Pimientos del piquillo (43%), garbanzos de Le\u00f3n, almendras Marcona, aceite de oliva virgen extra, sal, ajo y vinagre.<\/p>\n<p>Al\u00e9rgenos: \u00fanicamente almendras Marcona (fruto de c\u00e1scara).<\/p>\n<p>Lata libre de BPA<\/p>\n<p>Un alimento de gran valor nutricional. Con las prote\u00ednas que le confieren los garbanzos y las almendras, alto contenido en fibra, antioxidantes y betacarotenos y muy rico en vitamina C que le aportan los pimientos. Fuente de potasio y sodio y con gran aporte de grasas saludables.<\/p>\n<\/div>\n<\/div>\n<div class=\"bloque-desplegable\">\n<div id=\"producto-despleg-tit-informacion\" class=\"cerrado desplegable\">\n<h3>Informaci\u00f3n nutricional<\/h3>\n<p>+<\/p>\n<\/div>\n<div id=\"producto-despleg-informacion\">\n<p>(valores medios por 100 g.)<\/p>\n<table>\n<tbody>\n<tr>\n<td>Valor energ\u00e9tico:<\/td>\n<td>799 kj\/192 kcal<\/td>\n<\/tr>\n<tr>\n<td>Grasas:<\/td>\n<td>13,7 g<\/td>\n<\/tr>\n<tr>\n<td>De las cuales, saturadas:<\/td>\n<td>1,9 g<\/td>\n<\/tr>\n<tr>\n<td>Hidratos de carbono:<\/td>\n<td>12,7 g<\/td>\n<\/tr>\n<tr>\n<td>De los cuales, az\u00facares:<\/td>\n<td>4,7 g<\/td>\n<\/tr>\n<tr>\n<td>Prote\u00ednas:<\/td>\n<td>4,5 g<\/td>\n<\/tr>\n<tr>\n<td>Sal:<\/td>\n<td>1,8 g<\/td>\n<\/tr>\n<\/tbody>\n<\/table>\n<\/div>\n<\/div>\n<div class=\"bloque-desplegable\">\n<div id=\"producto-despleg-tit-sugerencias\" class=\"cerrado desplegable\">\n<h3>Sugerencias de preparaci\u00f3n<\/h3>\n<p>+<\/p>\n<\/div>\n<div id=\"producto-despleg-sugerencias\">\n<div class=\"producto-suger-tip\">\n<div class=\"div-sugerencias\">\n<div class=\"img-sugerencias\"><img decoding=\"async\" src=\"\/wp-content\/uploads\/2023\/12\/nachos2.png\" \/><\/div>\n<div class=\"p-sugerencias\">\n<p class=\"producto-suger-tip-titulo\">\u00a1Para dipear!<\/p>\n<p>Con palitos de pan, crudit\u00e9s, nachos&#8230;<\/p>\n<\/div>\n<\/div>\n<div class=\"div-sugerencias\">\n<div class=\"img-sugerencias\"><img decoding=\"async\" src=\"\/wp-content\/uploads\/2023\/12\/butter.png\" \/><\/div>\n<div class=\"p-sugerencias\">\n<p class=\"producto-suger-tip-titulo\">\u00a1Para untar!<\/p>\n<p>En tostadas, s\u00e1ndwiches, pan de pita y bocadillos.<\/p>\n<\/div>\n<\/div>\n<div class=\"div-sugerencias\">\n<div class=\"img-sugerencias\"><img decoding=\"async\" src=\"\/wp-content\/uploads\/2023\/12\/sauce.png\" \/><\/div>\n<div class=\"p-sugerencias\">\n<p class=\"producto-suger-tip-titulo\">\u00a1Para guarnici\u00f3n!<\/p>\n<p>Para rellenos, salsas y guarniciones<\/p>\n<\/div>\n<\/div>\n<\/div>\n<p>&nbsp;<\/p>\n<h3>Recomendaciones de uso<\/h3>\n<div class=\"lista-recomendaciones\">\n<ul>\n<li>Una vez abierto conservar en fr\u00edo entre 2\u00ba y 8\u00ba, y consumir en un plazo m\u00e1ximo de 2 d\u00edas.<\/li>\n<li>Abrir el envase, remover y consumir directamente con palitos de pan, crudit\u00e9s, en tostadas&#8230;<\/li>\n<\/ul>\n<\/div>\n<\/div>\n<\/div>\n<\/div>\n<\/div>\n<\/div>\n","protected":false},"featured_media":28605,"comment_status":"closed","ping_status":"closed","template":"","meta":{"_acf_changed":false},"product_brand":[],"product_cat":[1062],"product_tag":[373,335,1063,340,341,342,374],"class_list":{"0":"post-28617","1":"product","2":"type-product","3":"status-publish","4":"has-post-thumbnail","6":"product_cat-hummus-fr","7":"product_tag-calabaza-fr","8":"product_tag-calabizo-fr","9":"product_tag-hummus-fr","10":"product_tag-sin-gluten-fr","11":"product_tag-tradicional-fr","12":"product_tag-vegano-fr","13":"product_tag-vegetal-fr","15":"first","16":"instock","17":"sale","18":"taxable","19":"shipping-taxable","20":"purchasable","21":"product-type-simple"},"acf":[],"_links":{"self":[{"href":"https:\/\/calabizo.com\/fr\/wp-json\/wp\/v2\/product\/28617","targetHints":{"allow":["GET"]}}],"collection":[{"href":"https:\/\/calabizo.com\/fr\/wp-json\/wp\/v2\/product"}],"about":[{"href":"https:\/\/calabizo.com\/fr\/wp-json\/wp\/v2\/types\/product"}],"replies":[{"embeddable":true,"href":"https:\/\/calabizo.com\/fr\/wp-json\/wp\/v2\/comments?post=28617"}],"version-history":[{"count":3,"href":"https:\/\/calabizo.com\/fr\/wp-json\/wp\/v2\/product\/28617\/revisions"}],"predecessor-version":[{"id":29593,"href":"https:\/\/calabizo.com\/fr\/wp-json\/wp\/v2\/product\/28617\/revisions\/29593"}],"wp:featuredmedia":[{"embeddable":true,"href":"https:\/\/calabizo.com\/fr\/wp-json\/wp\/v2\/media\/28605"}],"wp:attachment":[{"href":"https:\/\/calabizo.com\/fr\/wp-json\/wp\/v2\/media?parent=28617"}],"wp:term":[{"taxonomy":"product_brand","embeddable":true,"href":"https:\/\/calabizo.com\/fr\/wp-json\/wp\/v2\/product_brand?post=28617"},{"taxonomy":"product_cat","embeddable":true,"href":"https:\/\/calabizo.com\/fr\/wp-json\/wp\/v2\/product_cat?post=28617"},{"taxonomy":"product_tag","embeddable":true,"href":"https:\/\/calabizo.com\/fr\/wp-json\/wp\/v2\/product_tag?post=28617"}],"curies":[{"name":"wp","href":"https:\/\/api.w.org\/{rel}","templated":true}]}}