{"id":25312,"date":"2020-12-29T09:24:42","date_gmt":"2020-12-29T08:24:42","guid":{"rendered":"https:\/\/calabizo.com\/producto\/caja-calabicera-calabizo-calabizo-picante-potaje-de-garbanzos-con-calabizo\/"},"modified":"2023-03-17T15:24:24","modified_gmt":"2023-03-17T14:24:24","slug":"caja-calabicera-calabizo-calabizo-picante-potaje-de-garbanzos-con-calabizo-2","status":"publish","type":"product","link":"https:\/\/calabizo.com\/fr\/producto\/caja-calabicera-calabizo-calabizo-picante-potaje-de-garbanzos-con-calabizo-2\/","title":{"rendered":"Caja Calabicera: Calabizo + Calabizo Picante + Potaje de garbanzos con Calabizo"},"content":{"rendered":"<h4 style=\"text-align: center;\"><b>Pack Calabicero<\/b> (\u00c9dition limit\u00e9e)<\/h4>\n<p dir=\"ltr\" style=\"text-align: center;\"><b>Profitez de nos produits 2 \u00e9toiles: <\/b><\/p>\n<p dir=\"ltr\" style=\"text-align: center;\"><b>\u00ab\u00a0Rago\u00fbt de calabizo et pois chiches au calabizo\u00a0\u00bb<\/b><b> accompagn\u00e9 d&rsquo;une belle illustration de l&rsquo;artiste<a href=\"https:\/\/www.instagram.com\/asispercales\/?hl=es\"> @AsisPercales<\/a><\/b> <\/p>\n<p dir=\"ltr\" style=\"text-align: center;\"><b><i>Un cadeau artisanal! plein d&rsquo;art et sain!<\/i><\/b><\/p>\n","protected":false},"excerpt":{"rendered":"<div class=\"producto-descripcion\">\n<div class=\"producto-introduccion\">\n<p>Disfruta de nuestro Pack Calabicero y descubre el sabor de nuestros productos.<\/p>\n<p>Nuestro rico embutido de calabaza en versi\u00f3n dulce y picante y el potaje de garbanzos con espinacas y nuestro calabizo.<\/p>\n<p>Todo vegano, sin gluten y sin conservantes!<\/p>\n<\/div>\n<div class=\"producto-caracteristicas\">\n<div class=\"lista-producto-caracteristicas\">\n<div class=\"producto-caract-indiv\">\n<div class=\"producto-ind-iconos\"><img decoding=\"async\" src=\"\/wp-content\/uploads\/2021\/01\/fp-frio.png\"><\/div>\n<div class=\"producto-ind-titulo\">\n<p>Pas besoin de froid<\/p>\n<\/div>\n<\/div>\n<div class=\"producto-caract-indiv\">\n<div class=\"producto-ind-iconos\"><img decoding=\"async\" src=\"\/wp-content\/uploads\/2021\/01\/fp-aditivos.png\"><\/div>\n<div class=\"producto-ind-titulo\">\n<p>Sans additifs<\/p>\n<\/div>\n<\/div>\n<div class=\"producto-caract-indiv\">\n<div class=\"producto-ind-iconos\"><img decoding=\"async\" src=\"\/wp-content\/uploads\/2021\/01\/fp-sojagluten.png\"><\/div>\n<div class=\"producto-ind-titulo\">\n<p>Sans soja \/ sans gluten<\/p>\n<\/div>\n<\/div>\n<div class=\"producto-caract-indiv\">\n<div class=\"producto-ind-iconos\"><img decoding=\"async\" src=\"\/wp-content\/uploads\/2021\/01\/fp-colesterol.png\"><\/div>\n<div class=\"producto-ind-titulo\">\n<p>Sans cholest\u00e9rol<\/p>\n<\/div>\n<\/div>\n<div class=\"producto-caract-indiv\">\n<div class=\"producto-ind-iconos\"><img decoding=\"async\" src=\"\/wp-content\/uploads\/2021\/01\/fp-calorias.png\"><\/div>\n<div class=\"producto-ind-titulo\">\n<p>Bas en calories<\/p>\n<\/div>\n<\/div>\n<div class=\"producto-caract-indiv\">\n<div class=\"producto-ind-iconos\"><img decoding=\"async\" src=\"\/wp-content\/uploads\/2021\/01\/fp-fibra.png\"><\/div>\n<div class=\"producto-ind-titulo\">\n<p>Riche en fibres<\/p>\n<\/div>\n<\/div>\n<\/div>\n<div class=\"producto-desplegables\">\n<div class=\"bloque-desplegable\">\n<div id=\"producto-despleg-tit-ingredientes\" class=\"cerrado desplegable\">\n<h3>Qu&rsquo;y a-t-il dans la boite?<\/h3>\n<p>+<\/p>\n<\/div>\n<div id=\"producto-despleg-ingredientes\">\n<ul>\n<li><strong>Calabizo (Pack de 3 unit\u00e9s) Saucisse de potiron, 100% v\u00e9g\u00e9tale.<\/strong><\/li>\n<\/ul>\n<p>Vegan et sans gluten. Fum\u00e9 et s\u00e9ch\u00e9 dans le style traditionnel. Emball\u00e9 sous vide. Environ. 120 g. Consommation pr\u00e9f\u00e9r\u00e9e 1 an.<\/p>\n<ul>\n<li><strong>Calabizo Picante (Pack de 3 uds.) Embutido de calabaza, 100% vegetal y con un toque picant\u00f3n.<\/strong><\/li>\n<\/ul>\n<p>Vegan et sans gluten. Fum\u00e9 et s\u00e9ch\u00e9 dans le style traditionnel. Emball\u00e9 sous vide. Environ. 120 g. Consommation pr\u00e9f\u00e9r\u00e9e 1 an.<\/p>\n<ul>\n<li><strong>Rago\u00fbt de pois chiches au calabizo.<\/strong><\/li>\n<\/ul>\n<div class=\"descripcion_potaje_cajas\">\n<p>Vegan et sans gluten. Avec toute la saveur traditionnelle de rago\u00fbt que Calabizo lui donne, notre saucisse \u00e0 la citrouille.<\/p>\n<p>Aussi simple et pratique que \u00abr\u00e9chauffer et aller\u00bb, pour savourer un plat savoureux, sain et nutritif \u00e0 la fois.<\/p>\n<p>Pot en verre, 720g. (2 \u00e0 3 portions) Consommation pr\u00e9f\u00e9rentielle 3 ans. Une fois ouvert, conserver au r\u00e9frig\u00e9rateur et consommer dans les deux jours.<\/p>\n<\/div>\n<\/div>\n<\/div>\n<\/div>\n<\/div>\n<\/div>\n","protected":false},"featured_media":29771,"comment_status":"closed","ping_status":"closed","template":"","meta":{"_acf_changed":false},"product_brand":[],"product_cat":[463,1055],"product_tag":[335,440,338,439,441,442,340,342,374],"class_list":{"0":"post-25312","1":"product","2":"type-product","3":"status-publish","4":"has-post-thumbnail","6":"product_cat-packs-calabiceros-fr","7":"product_cat-cajas-calabiceras-fr","8":"product_tag-calabizo-fr","9":"product_tag-garbanzos-fr","10":"product_tag-pack-de-3-fr","11":"product_tag-potaje-fr","12":"product_tag-potaje-de-garbanzos-fr","13":"product_tag-potaje-vegano-fr","14":"product_tag-sin-gluten-fr","15":"product_tag-vegano-fr","16":"product_tag-vegetal-fr","17":"product_shipping_class-caja-dulce-fr","19":"first","20":"instock","21":"taxable","22":"shipping-taxable","23":"purchasable","24":"product-type-simple"},"acf":[],"_links":{"self":[{"href":"https:\/\/calabizo.com\/fr\/wp-json\/wp\/v2\/product\/25312","targetHints":{"allow":["GET"]}}],"collection":[{"href":"https:\/\/calabizo.com\/fr\/wp-json\/wp\/v2\/product"}],"about":[{"href":"https:\/\/calabizo.com\/fr\/wp-json\/wp\/v2\/types\/product"}],"replies":[{"embeddable":true,"href":"https:\/\/calabizo.com\/fr\/wp-json\/wp\/v2\/comments?post=25312"}],"version-history":[{"count":0,"href":"https:\/\/calabizo.com\/fr\/wp-json\/wp\/v2\/product\/25312\/revisions"}],"wp:featuredmedia":[{"embeddable":true,"href":"https:\/\/calabizo.com\/fr\/wp-json\/wp\/v2\/media\/29771"}],"wp:attachment":[{"href":"https:\/\/calabizo.com\/fr\/wp-json\/wp\/v2\/media?parent=25312"}],"wp:term":[{"taxonomy":"product_brand","embeddable":true,"href":"https:\/\/calabizo.com\/fr\/wp-json\/wp\/v2\/product_brand?post=25312"},{"taxonomy":"product_cat","embeddable":true,"href":"https:\/\/calabizo.com\/fr\/wp-json\/wp\/v2\/product_cat?post=25312"},{"taxonomy":"product_tag","embeddable":true,"href":"https:\/\/calabizo.com\/fr\/wp-json\/wp\/v2\/product_tag?post=25312"}],"curies":[{"name":"wp","href":"https:\/\/api.w.org\/{rel}","templated":true}]}}