{"id":8371,"date":"2015-08-26T08:54:00","date_gmt":"2015-08-26T08:54:00","guid":{"rendered":"https:\/\/calabizo.com\/en-los-medios\/"},"modified":"2021-02-15T18:06:01","modified_gmt":"2021-02-15T17:06:01","slug":"en-los-medios","status":"publish","type":"page","link":"https:\/\/calabizo.com\/fr\/en-los-medios\/","title":{"rendered":"Dans les m\u00e9dias"},"content":{"rendered":"<div class=\"wpb-content-wrapper\"><p>[vc_row fullwidth=\u00a0\u00bbtrue\u00a0\u00bb css=\u00a0\u00bb.vc_custom_1606471576103{background-image: url(https:\/\/calabizo.com\/wp-content\/uploads\/2020\/11\/en_medios.jpg?id=7615) !important;}\u00a0\u00bb][vc_column][vc_custom_heading text=\u00a0\u00bbDans les m\u00e9dias\u00a0\u00bb font_container=\u00a0\u00bbtag:h1|text_align:center|color:%23ffffff\u00a0\u00bb use_theme_fonts=\u00a0\u00bbyes\u00a0\u00bb css=\u00a0\u00bb.vc_custom_1611309342548{margin-top: 100px !important;margin-bottom: 100px !important;}\u00a0\u00bb el_class=\u00a0\u00bbtitulo-cabecera element-hidden\u00a0\u00bb][vc_custom_heading text=\u00a0\u00bbCalabizo dans\u00a0\u00bb font_container=\u00a0\u00bbtag:h1|text_align:center|color:%23ffffff\u00a0\u00bb use_theme_fonts=\u00a0\u00bbyes\u00a0\u00bb css=\u00a0\u00bb.vc_custom_1611310085618{margin-top: 100px !important;margin-bottom: 5px !important;}\u00a0\u00bb el_class=\u00a0\u00bbtitulo-cabecera element-hidden-pc\u00a0\u00bb][vc_custom_heading text=\u00a0\u00bbles m\u00e9dia\u00a0\u00bb font_container=\u00a0\u00bbtag:h1|text_align:center|color:%23ffffff\u00a0\u00bb use_theme_fonts=\u00a0\u00bbyes\u00a0\u00bb css=\u00a0\u00bb.vc_custom_1611309388292{margin-bottom: 100px !important;}\u00a0\u00bb el_class=\u00a0\u00bbtitulo-cabecera element-hidden-pc\u00a0\u00bb][\/vc_column][\/vc_row][vc_row css=\u00a0\u00bb.vc_custom_1611310186335{margin-top: 50px !important;margin-bottom: 0px !important;}\u00a0\u00bb el_class=\u00a0\u00bbbq-medios-text\u00a0\u00bb][vc_column width=\u00a0\u00bb1\/6&Prime;][\/vc_column][vc_column width=\u00a0\u00bb2\/3&Prime; css=\u00a0\u00bb.vc_custom_1610534041183{margin-bottom: 0px !important;}\u00a0\u00bb][vc_column_text css=\u00a0\u00bb.vc_custom_1610361146256{margin-bottom: 0px !important;}\u00a0\u00bb]<\/p>\n<p style=\"text-align: center;\"><span style=\"color: #3f3f3f;\">Depuis nos d\u00e9buts,<strong> Calabizo<\/strong> a fait l&rsquo;objet de reportages, d&rsquo;interviews et d&rsquo;articles li\u00e9s \u00e0 la gastronomie, l&rsquo;innovation, les produits bio, les options v\u00e9g\u00e9taliennes et v\u00e9g\u00e9tariennes, la production durable, l&rsquo;\u00e9conomie et le d\u00e9veloppement locaux, l&rsquo;entrepreneuriat &#8230;<\/span><\/p>\n<p style=\"text-align: center;\"><span style=\"color: #3f3f3f;\">Dans un monde o\u00f9 les tendances s&rsquo;orientent vers une alimentation plus v\u00e9g\u00e9tale, nos produits ont toujours suscit\u00e9 curiosit\u00e9 et int\u00e9r\u00eat. <\/span><\/p>\n<p style=\"text-align: center;\"><span style=\"color: #3f3f3f;\">Voici comment ils parlent de Calabizo dans les m\u00e9dias:<\/span><\/p>\n<p>[\/vc_column_text][\/vc_column][vc_column width=\u00a0\u00bb1\/6&Prime;][\/vc_column][\/vc_row][vc_row el_class=\u00a0\u00bbbq-medios-grid\u00a0\u00bb][vc_column][vc_column_text css=\u00a0\u00bb.vc_custom_1613408755157{margin-top: 20px !important;margin-bottom: 0px !important;}\u00a0\u00bb][the_grid name=\u00a0\u00bbMedios FR\u00a0\u00bb][\/vc_column_text][\/vc_column][\/vc_row][vc_row fullwidth=\u00a0\u00bbtrue\u00a0\u00bb el_class=\u00a0\u00bbimg-footer-inline\u00a0\u00bb][vc_column][vc_empty_space][\/vc_column][vc_column width=\u00a0\u00bb1\/3&Prime; css=\u00a0\u00bb.vc_custom_1605865149458{margin-right: 0px !important;margin-left: 0px !important;padding-right: 0px !important;padding-left: 0px !important;}\u00a0\u00bb][vc_single_image image=\u00a0\u00bb7606&Prime; img_size=\u00a0\u00bbfull\u00a0\u00bb alignment=\u00a0\u00bbcenter\u00a0\u00bb css=\u00a0\u00bb.vc_custom_1606905770835{margin-bottom: 0px !important;}\u00a0\u00bb][\/vc_column][vc_column width=\u00a0\u00bb1\/3&Prime; css=\u00a0\u00bb.vc_custom_1605865225539{margin-right: 0px !important;margin-left: 0px !important;padding-right: 0px !important;padding-left: 0px !important;}\u00a0\u00bb][vc_single_image image=\u00a0\u00bb7604&Prime; img_size=\u00a0\u00bbfull\u00a0\u00bb css=\u00a0\u00bb.vc_custom_1606905774343{margin-bottom: 0px !important;}\u00a0\u00bb][\/vc_column][vc_column width=\u00a0\u00bb1\/3&Prime; css=\u00a0\u00bb.vc_custom_1605865231233{margin-right: 0px !important;margin-left: 0px !important;padding-right: 0px !important;padding-left: 0px !important;}\u00a0\u00bb][vc_single_image image=\u00a0\u00bb7605&Prime; img_size=\u00a0\u00bbfull\u00a0\u00bb css=\u00a0\u00bb.vc_custom_1606905777936{margin-bottom: 0px !important;}\u00a0\u00bb][\/vc_column][\/vc_row]<\/p>\n<\/div>","protected":false},"excerpt":{"rendered":"<p>[vc_row fullwidth=\u00a0\u00bbtrue\u00a0\u00bb css=\u00a0\u00bb.vc_custom_1606471576103{background-image: url(https:\/\/calabizo.com\/wp-content\/uploads\/2020\/11\/en_medios.jpg?id=7615) !important;}\u00a0\u00bb][vc_column][vc_custom_heading text=\u00a0\u00bbDans les m\u00e9dias\u00a0\u00bb font_container=\u00a0\u00bbtag:h1|text_align:center|color:%23ffffff\u00a0\u00bb use_theme_fonts=\u00a0\u00bbyes\u00a0\u00bb css=\u00a0\u00bb.vc_custom_1611309342548{margin-top: 100px !important;margin-bottom: 100px !important;}\u00a0\u00bb el_class=\u00a0\u00bbtitulo-cabecera element-hidden\u00a0\u00bb][vc_custom_heading text=\u00a0\u00bbCalabizo dans\u00a0\u00bb font_container=\u00a0\u00bbtag:h1|text_align:center|color:%23ffffff\u00a0\u00bb use_theme_fonts=\u00a0\u00bbyes\u00a0\u00bb css=\u00a0\u00bb.vc_custom_1611310085618{margin-top: 100px !important;margin-bottom: 5px !important;}\u00a0\u00bb el_class=\u00a0\u00bbtitulo-cabecera element-hidden-pc\u00a0\u00bb][vc_custom_heading text=\u00a0\u00bbles m\u00e9dia\u00a0\u00bb font_container=\u00a0\u00bbtag:h1|text_align:center|color:%23ffffff\u00a0\u00bb use_theme_fonts=\u00a0\u00bbyes\u00a0\u00bb css=\u00a0\u00bb.vc_custom_1611309388292{margin-bottom: 100px !important;}\u00a0\u00bb el_class=\u00a0\u00bbtitulo-cabecera element-hidden-pc\u00a0\u00bb][\/vc_column][\/vc_row][vc_row css=\u00a0\u00bb.vc_custom_1611310186335{margin-top: 50px !important;margin-bottom: 0px !important;}\u00a0\u00bb el_class=\u00a0\u00bbbq-medios-text\u00a0\u00bb][vc_column width=\u00a0\u00bb1\/6&Prime;][\/vc_column][vc_column width=\u00a0\u00bb2\/3&Prime; css=\u00a0\u00bb.vc_custom_1610534041183{margin-bottom: 0px !important;}\u00a0\u00bb][vc_column_text css=\u00a0\u00bb.vc_custom_1610361146256{margin-bottom: 0px !important;}\u00a0\u00bb] Depuis nos d\u00e9buts, Calabizo [&hellip;]<\/p>\n","protected":false},"author":1,"featured_media":0,"parent":0,"menu_order":0,"comment_status":"open","ping_status":"open","template":"","meta":{"_acf_changed":false,"footnotes":""},"class_list":["post-8371","page","type-page","status-publish","hentry"],"acf":[],"_links":{"self":[{"href":"https:\/\/calabizo.com\/fr\/wp-json\/wp\/v2\/pages\/8371","targetHints":{"allow":["GET"]}}],"collection":[{"href":"https:\/\/calabizo.com\/fr\/wp-json\/wp\/v2\/pages"}],"about":[{"href":"https:\/\/calabizo.com\/fr\/wp-json\/wp\/v2\/types\/page"}],"author":[{"embeddable":true,"href":"https:\/\/calabizo.com\/fr\/wp-json\/wp\/v2\/users\/1"}],"replies":[{"embeddable":true,"href":"https:\/\/calabizo.com\/fr\/wp-json\/wp\/v2\/comments?post=8371"}],"version-history":[{"count":7,"href":"https:\/\/calabizo.com\/fr\/wp-json\/wp\/v2\/pages\/8371\/revisions"}],"predecessor-version":[{"id":15029,"href":"https:\/\/calabizo.com\/fr\/wp-json\/wp\/v2\/pages\/8371\/revisions\/15029"}],"wp:attachment":[{"href":"https:\/\/calabizo.com\/fr\/wp-json\/wp\/v2\/media?parent=8371"}],"curies":[{"name":"wp","href":"https:\/\/api.w.org\/{rel}","templated":true}]}}