{"id":8339,"date":"2015-08-26T08:33:06","date_gmt":"2015-08-26T08:33:06","guid":{"rendered":"https:\/\/calabizo.com\/nosotras\/"},"modified":"2022-01-12T10:55:33","modified_gmt":"2022-01-12T09:55:33","slug":"nosotras","status":"publish","type":"page","link":"https:\/\/calabizo.com\/fr\/nosotras\/","title":{"rendered":"Nous"},"content":{"rendered":"<div class=\"wpb-content-wrapper\"><p>[vc_row fullwidth=\u00a0\u00bbtrue\u00a0\u00bb css=\u00a0\u00bb.vc_custom_1606504027231{background-image: url(https:\/\/calabizo.com\/wp-content\/uploads\/2020\/11\/en_medios.jpg?id=7615) !important;background-position: center !important;background-repeat: no-repeat !important;background-size: cover !important;}\u00a0\u00bb][vc_column][vc_custom_heading text=\u00a0\u00bbNous\u00a0\u00bb font_container=\u00a0\u00bbtag:h1|text_align:center|color:%23ffffff\u00a0\u00bb use_theme_fonts=\u00a0\u00bbyes\u00a0\u00bb css=\u00a0\u00bb.vc_custom_1608630428269{margin-top: 100px !important;margin-bottom: 100px !important;}\u00a0\u00bb el_class=\u00a0\u00bbtitulo-cabecera\u00a0\u00bb][\/vc_column][\/vc_row][vc_row css=\u00a0\u00bb.vc_custom_1611313047103{margin-top: 40px !important;}\u00a0\u00bb el_class=\u00a0\u00bbbq-nosotras-mision\u00a0\u00bb][vc_column width=\u00a0\u00bb1\/6&Prime;][\/vc_column][vc_column width=\u00a0\u00bb2\/3&Prime; el_class=\u00a0\u00bbp-justify bq-nosotras-txt-1&Prime;][vc_custom_heading text=\u00a0\u00bbMission\u00a0\u00bb font_container=\u00a0\u00bbtag:h2|text_align:center\u00a0\u00bb use_theme_fonts=\u00a0\u00bbyes\u00a0\u00bb css=\u00a0\u00bb.vc_custom_1610443697345{margin-bottom: 20px !important;}\u00a0\u00bb el_id=\u00a0\u00bbmision\u00a0\u00bb][vc_column_text css=\u00a0\u00bb.vc_custom_1610444998463{margin-bottom: 40px !important;}\u00a0\u00bb]<\/p>\n<p style=\"text-align: center;\">Chez Calabizo, nous voulons contribuer et faire partie du changement vers un nouveau syst\u00e8me alimentaire plus sain et plus respectueux de notre environnement, offrant des alternatives gastronomiques innovantes bas\u00e9es sur la tradition et qui aident \u00e0 r\u00e9duire la consommation de viande et \u00e0 augmenter la consommation de l\u00e9gumes, si importants pour notre r\u00e9gime.<\/p>\n<p style=\"text-align: center;\">Nous croyons en la durabilit\u00e9 et la responsabilit\u00e9 sociale et nous en tenons compte lors du choix de nos fournisseurs, clients et collaborateurs. C&rsquo;est pourquoi nous travaillons avec des agriculteurs locaux, engag\u00e9s envers l&rsquo;environnement et les petites entreprises qui rendent possible un march\u00e9 local.<\/p>\n<p>[\/vc_column_text][\/vc_column][vc_column width=\u00a0\u00bb1\/6&Prime;][\/vc_column][\/vc_row][vc_row css=\u00a0\u00bb.vc_custom_1611313057349{margin-bottom: 80px !important;}\u00a0\u00bb el_class=\u00a0\u00bbbq-nosotras-condic\u00a0\u00bb][vc_column width=\u00a0\u00bb1\/6&Prime;][\/vc_column][vc_column width=\u00a0\u00bb1\/6&Prime; css=\u00a0\u00bb.vc_custom_1608630838479{padding-right: 0px !important;padding-left: 0px !important;}\u00a0\u00bb][vc_single_image image=\u00a0\u00bb9269&Prime; img_size=\u00a0\u00bb100&#215;100&Prime; alignment=\u00a0\u00bbcenter\u00a0\u00bb css=\u00a0\u00bb.vc_custom_1610444961729{margin-bottom: 10px !important;}\u00a0\u00bb][vc_custom_heading text=\u00a0\u00bbBon pour la plan\u00e8te\u00a0\u00bb font_container=\u00a0\u00bbtag:h4|text_align:center\u00a0\u00bb use_theme_fonts=\u00a0\u00bbyes\u00a0\u00bb el_class=\u00a0\u00bbtitulo-caracteristicas\u00a0\u00bb][\/vc_column][vc_column width=\u00a0\u00bb1\/6&Prime; css=\u00a0\u00bb.vc_custom_1608630843653{padding-right: 0px !important;padding-left: 0px !important;}\u00a0\u00bb][vc_single_image image=\u00a0\u00bb9263&Prime; img_size=\u00a0\u00bb100&#215;100&Prime; alignment=\u00a0\u00bbcenter\u00a0\u00bb css=\u00a0\u00bb.vc_custom_1610444966429{margin-bottom: 10px !important;}\u00a0\u00bb][vc_custom_heading text=\u00a0\u00bbSans cruaut\u00e9 envers les animaux\u00a0\u00bb font_container=\u00a0\u00bbtag:h4|text_align:center\u00a0\u00bb use_theme_fonts=\u00a0\u00bbyes\u00a0\u00bb el_class=\u00a0\u00bbtitulo-caracteristicas\u00a0\u00bb][\/vc_column][vc_column width=\u00a0\u00bb1\/6&Prime; css=\u00a0\u00bb.vc_custom_1608630849692{padding-right: 0px !important;padding-left: 0px !important;}\u00a0\u00bb][vc_single_image image=\u00a0\u00bb9257&Prime; img_size=\u00a0\u00bb100&#215;100&Prime; alignment=\u00a0\u00bbcenter\u00a0\u00bb css=\u00a0\u00bb.vc_custom_1610444971390{margin-bottom: 10px !important;}\u00a0\u00bb][vc_custom_heading text=\u00a0\u00bbBon pour la sant\u00e9\u00a0\u00bb font_container=\u00a0\u00bbtag:h4|text_align:center\u00a0\u00bb use_theme_fonts=\u00a0\u00bbyes\u00a0\u00bb el_class=\u00a0\u00bbtitulo-caracteristicas\u00a0\u00bb][\/vc_column][vc_column width=\u00a0\u00bb1\/6&Prime; css=\u00a0\u00bb.vc_custom_1608630855846{padding-right: 0px !important;padding-left: 0px !important;}\u00a0\u00bb][vc_single_image image=\u00a0\u00bb9275&Prime; img_size=\u00a0\u00bb100&#215;100&Prime; alignment=\u00a0\u00bbcenter\u00a0\u00bb css=\u00a0\u00bb.vc_custom_1610444976160{margin-bottom: 10px !important;}\u00a0\u00bb][vc_custom_heading text=\u00a0\u00bbSavoureux\u00a0\u00bb font_container=\u00a0\u00bbtag:h4|text_align:center\u00a0\u00bb use_theme_fonts=\u00a0\u00bbyes\u00a0\u00bb el_class=\u00a0\u00bbtitulo-caracteristicas\u00a0\u00bb][\/vc_column][vc_column width=\u00a0\u00bb1\/6&Prime;][\/vc_column][\/vc_row][vc_row css=\u00a0\u00bb.vc_custom_1611313067602{margin-top: 40px !important;}\u00a0\u00bb el_class=\u00a0\u00bbbq-nosotras-historia\u00a0\u00bb][vc_column width=\u00a0\u00bb1\/6&Prime;][\/vc_column][vc_column width=\u00a0\u00bb2\/3&Prime; el_class=\u00a0\u00bbp-justify\u00a0\u00bb][vc_custom_heading text=\u00a0\u00bbL&rsquo;histoire\u00a0\u00bb font_container=\u00a0\u00bbtag:h2|text_align:center\u00a0\u00bb use_theme_fonts=\u00a0\u00bbyes\u00a0\u00bb css=\u00a0\u00bb.vc_custom_1610443706471{margin-bottom: 20px !important;}\u00a0\u00bb el_id=\u00a0\u00bbhistoria\u00a0\u00bb][vc_column_text css=\u00a0\u00bb.vc_custom_1610445080519{margin-bottom: 50px !important;}\u00a0\u00bb]<\/p>\n<p style=\"text-align: center;\" align=\"JUSTIFY\">Calabizo a \u00e9t\u00e9 cr\u00e9\u00e9 par trois femmes entrepreneures, Edurne, Sofia et Keila ; trois professionnelles de diff\u00e9rents secteurs compl\u00e9mentaires qui ont d\u00e9cid\u00e9 d&rsquo;unir leur \u00ab\u00a0savoir-faire\u00a0\u00bb pour cr\u00e9er un projet alimentaire v\u00e9g\u00e9tal, et d\u00e9velopper des produits vegans, sains, fabriqu\u00e9s de mani\u00e8re traditionnelle et avec une saveur particuli\u00e8re et authentique.<\/p>\n<p style=\"text-align: center;\" align=\"JUSTIFY\">En 2013, l&rsquo;id\u00e9e est n\u00e9e et en 2015 nous l&rsquo;avons transform\u00e9e en r\u00e9alit\u00e9 commerciale gr\u00e2ce au programme d&rsquo;acc\u00e9l\u00e9ration pour les entreprises et les entrepreneurs: VIAGALICIA, promu par le Consortium de la Zone Franche de Vigo et de la Xunta de Galicia.<\/p>\n<p style=\"text-align: center;\" align=\"JUSTIFY\">Calabizo est compos\u00e9 d&rsquo;une \u00e9quipe de femmes impliqu\u00e9es dans un objectif commun: satisfaire les palais les plus curieux et les plus agit\u00e9s avec nos options gastronomiques, qui recherchent plus que de la nourriture dans la nourriture qu&rsquo;elles mangent.<\/p>\n<p>[\/vc_column_text][\/vc_column][vc_column width=\u00a0\u00bb1\/6&Prime;][\/vc_column][\/vc_row][vc_row el_class=\u00a0\u00bbbq-nosotras-img-ppal\u00a0\u00bb][vc_column][vc_single_image image=\u00a0\u00bb7716&Prime; img_size=\u00a0\u00bbfull\u00a0\u00bb alignment=\u00a0\u00bbcenter\u00a0\u00bb][\/vc_column][\/vc_row][vc_row el_class=\u00a0\u00bbbq-nosotras-fund\u00a0\u00bb][vc_column][vc_custom_heading text=\u00a0\u00bbFondatrices\u00a0\u00bb font_container=\u00a0\u00bbtag:h2|text_align:center\u00a0\u00bb use_theme_fonts=\u00a0\u00bbyes\u00a0\u00bb css=\u00a0\u00bb.vc_custom_1610443734131{margin-top: 20px !important;margin-bottom: 30px !important;}\u00a0\u00bb el_id=\u00a0\u00bbconocenos\u00a0\u00bb][vc_row_inner css=\u00a0\u00bb.vc_custom_1610444388845{margin-bottom: 50px !important;}\u00a0\u00bb el_class=\u00a0\u00bbp-justify\u00a0\u00bb][vc_column_inner width=\u00a0\u00bb1\/3&Prime; css=\u00a0\u00bb.vc_custom_1606728507012{margin-right: 10px !important;margin-left: 10px !important;border-right-width: 3px !important;padding-top: 0px !important;padding-right: 20px !important;padding-left: 20px !important;border-right-color: #e2e2e2 !important;border-right-style: solid !important;}\u00a0\u00bb][vc_single_image image=\u00a0\u00bb7715&Prime; img_size=\u00a0\u00bbfull\u00a0\u00bb alignment=\u00a0\u00bbcenter\u00a0\u00bb el_class=\u00a0\u00bbround-image\u00a0\u00bb css=\u00a0\u00bb.vc_custom_1613038402537{margin-bottom: 35px !important;}\u00a0\u00bb][vc_custom_heading text=\u00a0\u00bbEdurne Sendra de Sa\u00e1\u00a0\u00bb font_container=\u00a0\u00bbtag:h4|text_align:center\u00a0\u00bb use_theme_fonts=\u00a0\u00bbyes\u00a0\u00bb][vc_custom_heading text=\u00a0\u00bbPDG D\u00e9partement gestion\u00a0\u00bb font_container=\u00a0\u00bbtag:h4|text_align:center|color:%23e64e1c\u00a0\u00bb use_theme_fonts=\u00a0\u00bbyes\u00a0\u00bb][vc_column_text css=\u00a0\u00bb.vc_custom_1609168209309{margin-bottom: 0px !important;}\u00a0\u00bb]<\/p>\n<p style=\"text-align: center;\" align=\"JUSTIFY\">Je suis ing\u00e9nieure agronome et depuis 1998 je me consacre au monde de l&rsquo;industrie agroalimentaire. J&rsquo;ai commenc\u00e9 mon parcours professionnel centr\u00e9 exclusivement sur la terre et, petit \u00e0 petit, je suis entr\u00e9e dans les industries de transformation, car je suis convaincue que l&rsquo;agriculture se d\u00e9veloppera de mani\u00e8re durable si les entreprises agroalimentaires ajoutent de la valeur aux produits de la terre.<\/p>\n<p>[\/vc_column_text][\/vc_column_inner][vc_column_inner width=\u00a0\u00bb1\/3&Prime; css=\u00a0\u00bb.vc_custom_1606728496174{margin-right: 10px !important;margin-left: 10px !important;padding-top: 0px !important;padding-right: 20px !important;padding-left: 20px !important;}\u00a0\u00bb][vc_single_image image=\u00a0\u00bb7718&Prime; img_size=\u00a0\u00bbfull\u00a0\u00bb alignment=\u00a0\u00bbcenter\u00a0\u00bb el_class=\u00a0\u00bbround-image\u00a0\u00bb css=\u00a0\u00bb.vc_custom_1613038746447{margin-bottom: 32px !important;}\u00a0\u00bb][vc_custom_heading text=\u00a0\u00bbSofia Calvo Arias\u00a0\u00bb font_container=\u00a0\u00bbtag:h4|text_align:center\u00a0\u00bb use_theme_fonts=\u00a0\u00bbyes\u00a0\u00bb][vc_custom_heading text=\u00a0\u00bbD\u00e9partement production\u00a0\u00bb font_container=\u00a0\u00bbtag:h4|text_align:center|color:%23e64e1c\u00a0\u00bb use_theme_fonts=\u00a0\u00bbyes\u00a0\u00bb][vc_column_text css=\u00a0\u00bb.vc_custom_1610385232411{margin-bottom: 0px !important;}\u00a0\u00bb]<\/p>\n<p style=\"text-align: center;\" align=\"JUSTIFY\">Je suis ing\u00e9nieure technique agricole et ce que j&rsquo;aime vraiment, c&rsquo;est la cuisine, j&rsquo;ai donc pass\u00e9 la majeure partie de ma vie professionnelle autour d&rsquo;elle. J&rsquo;ai consacr\u00e9 plus de quinze ann\u00e9es \u00e0 la restauration, les deux derni\u00e8res en \u00e9tant sp\u00e9cialis\u00e9e dans les restaurants v\u00e9g\u00e9tariens. J&rsquo;aime cr\u00e9er de nouvelles recettes, donc l&rsquo;une de mes t\u00e2ches chez Calabizo est de penser et de d\u00e9velopper de nouveaux plats de l\u00e9gumes en suivant la philosophie de notre projet.<\/p>\n<p>[\/vc_column_text][\/vc_column_inner][vc_column_inner width=\u00a0\u00bb1\/3&Prime; css=\u00a0\u00bb.vc_custom_1613038651226{margin-right: 10px !important;margin-left: 10px !important;border-left-width: 3px !important;padding-top: 0px !important;padding-right: 20px !important;padding-bottom: 24px !important;padding-left: 20px !important;border-left-color: #e2e2e2 !important;border-left-style: solid !important;}\u00a0\u00bb][vc_single_image image=\u00a0\u00bb7717&Prime; img_size=\u00a0\u00bbfull\u00a0\u00bb alignment=\u00a0\u00bbcenter\u00a0\u00bb el_class=\u00a0\u00bbround-image\u00a0\u00bb css=\u00a0\u00bb.vc_custom_1613038417181{margin-bottom: 35px !important;}\u00a0\u00bb][vc_custom_heading text=\u00a0\u00bbKeila Pousa Arbones\u00a0\u00bb font_container=\u00a0\u00bbtag:h4|text_align:center\u00a0\u00bb use_theme_fonts=\u00a0\u00bbyes\u00a0\u00bb][vc_custom_heading text=\u00a0\u00bbD\u00e9partement commercial\u00a0\u00bb font_container=\u00a0\u00bbtag:h4|text_align:center|color:%23e64e1c\u00a0\u00bb use_theme_fonts=\u00a0\u00bbyes\u00a0\u00bb][vc_column_text css=\u00a0\u00bb.vc_custom_1641981115546{margin-bottom: 0px !important;}\u00a0\u00bb]<\/p>\n<p style=\"text-align: center;\" align=\"JUSTIFY\">J&rsquo;ai un dipl\u00f4me en \u00e9conomie et mon exp\u00e9rience professionnelle a toujours \u00e9t\u00e9 li\u00e9e au secteur des services. J&rsquo;ai toujours aim\u00e9 connecter les besoins des gens aux services ou produits qui les couvrent. J&rsquo;aime pr\u00e9senter Calabizo \u00e0 ceux qui pourraient \u00eatre int\u00e9ress\u00e9s, ma t\u00e2che principale \u00e9tant la relation client et le marketing.<\/p>\n<p>[\/vc_column_text][\/vc_column_inner][\/vc_row_inner][\/vc_column][\/vc_row][vc_row fullwidth=\u00a0\u00bbtrue\u00a0\u00bb el_class=\u00a0\u00bbimg-footer-inline\u00a0\u00bb][vc_column width=\u00a0\u00bb1\/3&Prime; css=\u00a0\u00bb.vc_custom_1605694987424{margin-right: 0px !important;margin-left: 0px !important;padding-right: 0px !important;padding-left: 0px !important;}\u00a0\u00bb][vc_single_image image=\u00a0\u00bb7647&Prime; img_size=\u00a0\u00bbfull\u00a0\u00bb css=\u00a0\u00bb.vc_custom_1606905847336{margin-bottom: 0px !important;}\u00a0\u00bb][\/vc_column][vc_column width=\u00a0\u00bb1\/3&Prime; css=\u00a0\u00bb.vc_custom_1605695001576{margin-right: 0px !important;margin-left: 0px !important;padding-right: 0px !important;padding-left: 0px !important;}\u00a0\u00bb][vc_single_image image=\u00a0\u00bb7649&Prime; img_size=\u00a0\u00bbfull\u00a0\u00bb css=\u00a0\u00bb.vc_custom_1606905852523{margin-bottom: 0px !important;}\u00a0\u00bb][\/vc_column][vc_column width=\u00a0\u00bb1\/3&Prime; css=\u00a0\u00bb.vc_custom_1605695007944{margin-right: 0px !important;margin-left: 0px !important;padding-right: 0px !important;padding-left: 0px !important;}\u00a0\u00bb][vc_single_image image=\u00a0\u00bb7648&Prime; img_size=\u00a0\u00bbfull\u00a0\u00bb css=\u00a0\u00bb.vc_custom_1606905855950{margin-bottom: 0px !important;}\u00a0\u00bb][\/vc_column][\/vc_row]<\/p>\n<\/div>","protected":false},"excerpt":{"rendered":"<p>[vc_row fullwidth=\u00a0\u00bbtrue\u00a0\u00bb css=\u00a0\u00bb.vc_custom_1606504027231{background-image: url(https:\/\/calabizo.com\/wp-content\/uploads\/2020\/11\/en_medios.jpg?id=7615) !important;background-position: center !important;background-repeat: no-repeat !important;background-size: cover !important;}\u00a0\u00bb][vc_column][vc_custom_heading text=\u00a0\u00bbNous\u00a0\u00bb font_container=\u00a0\u00bbtag:h1|text_align:center|color:%23ffffff\u00a0\u00bb use_theme_fonts=\u00a0\u00bbyes\u00a0\u00bb css=\u00a0\u00bb.vc_custom_1608630428269{margin-top: 100px !important;margin-bottom: 100px !important;}\u00a0\u00bb el_class=\u00a0\u00bbtitulo-cabecera\u00a0\u00bb][\/vc_column][\/vc_row][vc_row css=\u00a0\u00bb.vc_custom_1611313047103{margin-top: 40px !important;}\u00a0\u00bb el_class=\u00a0\u00bbbq-nosotras-mision\u00a0\u00bb][vc_column width=\u00a0\u00bb1\/6&Prime;][\/vc_column][vc_column width=\u00a0\u00bb2\/3&Prime; el_class=\u00a0\u00bbp-justify bq-nosotras-txt-1&Prime;][vc_custom_heading text=\u00a0\u00bbMission\u00a0\u00bb font_container=\u00a0\u00bbtag:h2|text_align:center\u00a0\u00bb use_theme_fonts=\u00a0\u00bbyes\u00a0\u00bb css=\u00a0\u00bb.vc_custom_1610443697345{margin-bottom: 20px !important;}\u00a0\u00bb el_id=\u00a0\u00bbmision\u00a0\u00bb][vc_column_text css=\u00a0\u00bb.vc_custom_1610444998463{margin-bottom: 40px !important;}\u00a0\u00bb] Chez Calabizo, nous voulons contribuer et faire partie du changement vers un nouveau syst\u00e8me alimentaire plus sain [&hellip;]<\/p>\n","protected":false},"author":1,"featured_media":0,"parent":0,"menu_order":0,"comment_status":"open","ping_status":"open","template":"","meta":{"_acf_changed":false,"footnotes":""},"class_list":["post-8339","page","type-page","status-publish","hentry"],"acf":[],"_links":{"self":[{"href":"https:\/\/calabizo.com\/fr\/wp-json\/wp\/v2\/pages\/8339","targetHints":{"allow":["GET"]}}],"collection":[{"href":"https:\/\/calabizo.com\/fr\/wp-json\/wp\/v2\/pages"}],"about":[{"href":"https:\/\/calabizo.com\/fr\/wp-json\/wp\/v2\/types\/page"}],"author":[{"embeddable":true,"href":"https:\/\/calabizo.com\/fr\/wp-json\/wp\/v2\/users\/1"}],"replies":[{"embeddable":true,"href":"https:\/\/calabizo.com\/fr\/wp-json\/wp\/v2\/comments?post=8339"}],"version-history":[{"count":12,"href":"https:\/\/calabizo.com\/fr\/wp-json\/wp\/v2\/pages\/8339\/revisions"}],"predecessor-version":[{"id":21945,"href":"https:\/\/calabizo.com\/fr\/wp-json\/wp\/v2\/pages\/8339\/revisions\/21945"}],"wp:attachment":[{"href":"https:\/\/calabizo.com\/fr\/wp-json\/wp\/v2\/media?parent=8339"}],"curies":[{"name":"wp","href":"https:\/\/api.w.org\/{rel}","templated":true}]}}