{"id":8148,"date":"2014-11-03T19:44:43","date_gmt":"2014-11-03T19:44:43","guid":{"rendered":"https:\/\/calabizo.com\/home-one-page-scroll\/"},"modified":"2025-01-02T09:22:44","modified_gmt":"2025-01-02T08:22:44","slug":"home-one-page-scroll","status":"publish","type":"page","link":"https:\/\/calabizo.com\/fr\/","title":{"rendered":"Page d&rsquo;accueil"},"content":{"rendered":"<div class=\"wpb-content-wrapper\"><p>[vc_row fullwidth=\u00a0\u00bbtrue\u00a0\u00bb css=\u00a0\u00bb.vc_custom_1607597004884{padding-top: 55px !important;padding-bottom: 75px !important;background-image: url(https:\/\/calabizo.com\/wp-content\/uploads\/2020\/11\/home.jpg?id=7655) !important;background-position: center !important;background-repeat: no-repeat !important;background-size: cover !important;}\u00a0\u00bb][vc_column ovic_custom_id=\u00a0\u00bbovic_custom_5fae577a15c63&Prime; css_desktop=\u00a0\u00bb.vc_custom_1605260632336{background-image: url(https:\/\/calabizo.com\/wp-content\/uploads\/2020\/11\/spices-4185324_1280.jpg?id=7074) !important;}\u00a0\u00bb][vc_custom_heading text=\u00a0\u00bbCalabizo, une explosion de saveur\u00a0\u00bb font_container=\u00a0\u00bbtag:h1|text_align:center|color:%23ffffff\u00a0\u00bb use_theme_fonts=\u00a0\u00bbyes\u00a0\u00bb ovic_custom_id=\u00a0\u00bbovic_custom_5fae577a15c65&Prime; hidden_markup_01=\u00a0\u00bb\u00a0\u00bb hidden_markup_desktop=\u00a0\u00bb\u00a0\u00bb hidden_markup_laptop=\u00a0\u00bb\u00a0\u00bb hidden_markup_tablet=\u00a0\u00bb\u00a0\u00bb hidden_markup_ipad=\u00a0\u00bb\u00a0\u00bb hidden_markup_mobile=\u00a0\u00bb\u00a0\u00bb css=\u00a0\u00bb.vc_custom_1610357876222{margin-top: 100px !important;margin-bottom: 5px !important;}\u00a0\u00bb el_class=\u00a0\u00bbtitulo-cabecera\u00a0\u00bb][vc_custom_heading text=\u00a0\u00bb100% v\u00e9g\u00e9tale\u00a0\u00bb font_container=\u00a0\u00bbtag:h1|text_align:center|color:%23ffffff\u00a0\u00bb use_theme_fonts=\u00a0\u00bbyes\u00a0\u00bb ovic_custom_id=\u00a0\u00bbovic_custom_5fae577a15c65&Prime; hidden_markup_01=\u00a0\u00bb\u00a0\u00bb hidden_markup_desktop=\u00a0\u00bb\u00a0\u00bb hidden_markup_laptop=\u00a0\u00bb\u00a0\u00bb hidden_markup_tablet=\u00a0\u00bb\u00a0\u00bb hidden_markup_ipad=\u00a0\u00bb\u00a0\u00bb hidden_markup_mobile=\u00a0\u00bb\u00a0\u00bb css=\u00a0\u00bb.vc_custom_1610357887913{margin-bottom: 30px !important;}\u00a0\u00bb el_class=\u00a0\u00bbtitulo-cabecera\u00a0\u00bb][vc_btn title=\u00a0\u00bbACHETER EN LIGNE\u00a0\u00bb style=\u00a0\u00bbflat\u00a0\u00bb shape=\u00a0\u00bbsquare\u00a0\u00bb color=\u00a0\u00bbwarning\u00a0\u00bb align=\u00a0\u00bbcenter\u00a0\u00bb ovic_custom_id=\u00a0\u00bbovic_custom_5fae577a15c66&Prime; link=\u00a0\u00bburl:https%3A%2F%2Fcalabizo.com%2Ffr%2Fla-tienda%2F|title:La%20Tienda\u00a0\u00bb el_class=\u00a0\u00bbbtn-naranja\u00a0\u00bb][vc_icon icon_fontawesome=\u00a0\u00bbfas fa-chevron-circle-down\u00a0\u00bb color=\u00a0\u00bbwhite\u00a0\u00bb background_style=\u00a0\u00bbrounded\u00a0\u00bb background_color=\u00a0\u00bbcustom\u00a0\u00bb size=\u00a0\u00bblg\u00a0\u00bb align=\u00a0\u00bbcenter\u00a0\u00bb link=\u00a0\u00bburl:https%3A%2F%2Fcalabizo.com%2Ffr%2Fla-tienda%2F|title:La%20Tienda\u00a0\u00bb ovic_custom_id=\u00a0\u00bbovic_custom_5fae577a15c67&Prime; css=\u00a0\u00bb.vc_custom_1616067952049{margin-bottom: 40px !important;}\u00a0\u00bb][vc_custom_heading text=\u00a0\u00bbLivraison gratuite \u00e0 partir de 60 \u20ac\u00a0\u00bb font_container=\u00a0\u00bbtag:h4|text_align:center\u00a0\u00bb use_theme_fonts=\u00a0\u00bbyes\u00a0\u00bb el_class=\u00a0\u00bbbanner-envio-gratuito\u00a0\u00bb][vc_custom_heading text=\u00a0\u00bbPour l&rsquo;Espagne et le Portugal (sauf les \u00eeles)\u00a0\u00bb font_container=\u00a0\u00bbtag:h6|text_align:center\u00a0\u00bb use_theme_fonts=\u00a0\u00bbyes\u00a0\u00bb el_class=\u00a0\u00bbbanner-envio-gratuito-segundo\u00a0\u00bb][\/vc_column][\/vc_row][vc_row fullwidth=\u00a0\u00bbtrue\u00a0\u00bb css=\u00a0\u00bb.vc_custom_1608550319286{background-image: url(https:\/\/calabizo.com\/wp-content\/uploads\/2020\/12\/Fondo-pared-1.jpg?id=8723) !important;background-position: center !important;background-repeat: no-repeat !important;background-size: cover !important;}\u00a0\u00bb][vc_column css=\u00a0\u00bb.vc_custom_1605522259687{padding-bottom: 80px !important;background-image: url(https:\/\/calabizo.com\/wp-content\/uploads\/2020\/11\/crumpled-2537807_1920.jpg?id=7141) !important;background-position: 0 0 !important;background-repeat: repeat !important;}\u00a0\u00bb][vc_row_inner is_fullwidth_content=\u00a0\u00bbfalse\u00a0\u00bb][vc_column_inner width=\u00a0\u00bb1\/6&Prime;][\/vc_column_inner][vc_column_inner width=\u00a0\u00bb2\/3&Prime;][vc_custom_heading text=\u00a0\u00bbAjoutez de la saveur \u00e0 vos plats !\u00a0\u00bb font_container=\u00a0\u00bbtag:h2|text_align:center|color:%23111111&Prime; use_theme_fonts=\u00a0\u00bbyes\u00a0\u00bb css=\u00a0\u00bb.vc_custom_1608550376486{margin-top: 50px !important;}\u00a0\u00bb el_class=\u00a0\u00bbtitulo-resaltado\u00a0\u00bb][vc_column_text css=\u00a0\u00bb.vc_custom_1609166526188{margin-bottom: 0px !important;}\u00a0\u00bb]<\/p>\n<p style=\"text-align: center;\" align=\"JUSTIFY\">Calabizo vous propose des alternatives 100% v\u00e9g\u00e9tales pour que vous puissiez profiter des saveurs de toujours, d&rsquo;une mani\u00e8re saine et nutritive. Essayez notre c\u00e9l\u00e8bre \u00ab calabizo \u00bb et le potage de pois chiches au calabizo !<\/p>\n<p style=\"text-align: center;\" align=\"JUSTIFY\">Misez sur Calabizo dans vos recettes et d\u00e9gustez une cuisine respectueuse du monde animal et de l\u2019environnement tout en prenant soin de votre sant\u00e9 et de celle de votre famille !<\/p>\n<p>[\/vc_column_text][\/vc_column_inner][vc_column_inner width=\u00a0\u00bb1\/6&Prime;][\/vc_column_inner][\/vc_row_inner][vc_row_inner attached=\u00a0\u00bbtrue\u00a0\u00bb is_fullwidth_content=\u00a0\u00bbfalse\u00a0\u00bb column_padding=\u00a0\u00bb1&Prime; css=\u00a0\u00bb.vc_custom_1608550308029{padding-right: 20px !important;padding-left: 20px !important;background-position: center !important;background-repeat: no-repeat !important;background-size: cover !important;}\u00a0\u00bb el_id=\u00a0\u00bbgrid-saborea\u00a0\u00bb][vc_column_inner width=\u00a0\u00bb1\/2&Prime; css=\u00a0\u00bb.vc_custom_1607937356782{background-image: url(https:\/\/calabizo.com\/wp-content\/uploads\/2020\/11\/footer520.jpg?id=7610) !important;background-position: center !important;background-repeat: no-repeat !important;background-size: cover !important;}\u00a0\u00bb][vc_custom_heading text=\u00a0\u00bbCalabizo\u00a0\u00bb font_container=\u00a0\u00bbtag:h2|text_align:center|color:%23ffffff\u00a0\u00bb use_theme_fonts=\u00a0\u00bbyes\u00a0\u00bb link=\u00a0\u00bburl:https%3A%2F%2Fcalabizo.com%2Ffr%2Fla-tienda%2F%23producto-calabizo\u00a0\u00bb css=\u00a0\u00bb.vc_custom_1611912508214{padding-top: 120px !important;padding-bottom: 160px !important;}\u00a0\u00bb el_class=\u00a0\u00bbtitulos-saborea\u00a0\u00bb][\/vc_column_inner][vc_column_inner width=\u00a0\u00bb1\/2&Prime; css=\u00a0\u00bb.vc_custom_1607358876628{background-image: url(https:\/\/calabizo.com\/wp-content\/uploads\/2020\/11\/footer514.jpg?id=7629) !important;background-position: center !important;background-repeat: no-repeat !important;background-size: cover !important;}\u00a0\u00bb][vc_custom_heading text=\u00a0\u00bbPotage\u00a0\u00bb font_container=\u00a0\u00bbtag:h2|text_align:center|color:%23ffffff\u00a0\u00bb use_theme_fonts=\u00a0\u00bbyes\u00a0\u00bb link=\u00a0\u00bburl:https%3A%2F%2Fcalabizo.com%2Ffr%2Fla-tienda%2F%23producto-potaje\u00a0\u00bb css=\u00a0\u00bb.vc_custom_1611912538075{padding-top: 120px !important;padding-bottom: 160px !important;}\u00a0\u00bb el_class=\u00a0\u00bbtitulos-saborea\u00a0\u00bb][\/vc_column_inner][\/vc_row_inner][vc_row_inner css=\u00a0\u00bb.vc_custom_1605521930746{margin-top: 40px !important;}\u00a0\u00bb][vc_column_inner width=\u00a0\u00bb1\/2&Prime; css=\u00a0\u00bb.vc_custom_1606990358482{margin-right: 0px !important;}\u00a0\u00bb][vc_btn title=\u00a0\u00bbBoutique en ligne\u00a0\u00bb style=\u00a0\u00bbflat\u00a0\u00bb shape=\u00a0\u00bbsquare\u00a0\u00bb color=\u00a0\u00bbwarning\u00a0\u00bb align=\u00a0\u00bbright\u00a0\u00bb ovic_custom_id=\u00a0\u00bbovic_custom_5fae577a15c66&Prime; link=\u00a0\u00bburl:https%3A%2F%2Fcalabizo.com%2Ffr%2Fla-tienda%2F|title:La%20Tienda\u00a0\u00bb el_class=\u00a0\u00bbbtn-naranja\u00a0\u00bb css=\u00a0\u00bb.vc_custom_1611912556697{margin-right: 0px !important;}\u00a0\u00bb][\/vc_column_inner][vc_column_inner width=\u00a0\u00bb1\/2&Prime; css=\u00a0\u00bb.vc_custom_1606990362521{margin-left: 0px !important;}\u00a0\u00bb][vc_btn title=\u00a0\u00bbMagasin physique\u00a0\u00bb style=\u00a0\u00bbflat\u00a0\u00bb shape=\u00a0\u00bbsquare\u00a0\u00bb color=\u00a0\u00bbwarning\u00a0\u00bb align=\u00a0\u00bbleft\u00a0\u00bb ovic_custom_id=\u00a0\u00bbovic_custom_5fae577a15c66&Prime; link=\u00a0\u00bburl:https%3A%2F%2Fcalabizo.com%2Ffr%2Fdonde-encontrarnos%2F|title:D%C3%B3nde%20encontrarnos\u00a0\u00bb el_class=\u00a0\u00bbbtn-naranja\u00a0\u00bb css=\u00a0\u00bb.vc_custom_1611912574803{margin-left: 0px !important;}\u00a0\u00bb][\/vc_column_inner][\/vc_row_inner][\/vc_column][\/vc_row][vc_row css=\u00a0\u00bb.vc_custom_1610967225357{margin-bottom: 20px !important;}\u00a0\u00bb el_class=\u00a0\u00bbdescubre-sabor\u00a0\u00bb][vc_column width=\u00a0\u00bb1\/2&Prime;][vc_single_image image=\u00a0\u00bb9195&Prime; img_size=\u00a0\u00bbfull\u00a0\u00bb css=\u00a0\u00bb.vc_custom_1610442165410{margin-top: -80px !important;}\u00a0\u00bb][\/vc_column][vc_column width=\u00a0\u00bb1\/2&Prime; css=\u00a0\u00bb.vc_custom_1608631474685{margin-top: 80px !important;padding-right: 30px !important;padding-left: 60px !important;}\u00a0\u00bb][vc_custom_heading text=\u00a0\u00bbD\u00e9couvrez un monde aux<br \/>\nsaveurs 100% v\u00e9g\u00e9tales\u00a0\u00bb font_container=\u00a0\u00bbtag:h2|text_align:left|color:%23111111&Prime; use_theme_fonts=\u00a0\u00bbyes\u00a0\u00bb][vc_column_text css=\u00a0\u00bb.vc_custom_1608631331152{margin-bottom: 0px !important;}\u00a0\u00bb]<\/p>\n<p style=\"text-align: left;\" align=\"JUSTIFY\"><span style=\"color: #3f3f3f;\">Nutritifs et savoureux, les produits Calabizo sont 100% v\u00e9g\u00e9taux. Ils sont fabriqu\u00e9s en Galice de mani\u00e8re traditionnelle, avec des mati\u00e8res premi\u00e8res de qualit\u00e9 et sans utilisation d&rsquo;additifs d&rsquo;aucune sorte. Notre saucisson de citrouille et le potage de pois chiches au calabizo surprennent tous les palais en raison de leur saveur unique et authentique.<\/span><\/p>\n<p>[\/vc_column_text][vc_btn title=\u00a0\u00bbEn savoir plus\u00a0\u00bb style=\u00a0\u00bbflat\u00a0\u00bb shape=\u00a0\u00bbsquare\u00a0\u00bb color=\u00a0\u00bbwarning\u00a0\u00bb align=\u00a0\u00bbleft\u00a0\u00bb ovic_custom_id=\u00a0\u00bbovic_custom_5fae577a15c66&Prime; link=\u00a0\u00bburl:https%3A%2F%2Fcalabizo.com%2Ffr%2Fnuestros-productos%2F|title:Nuestros%20productos\u00a0\u00bb el_class=\u00a0\u00bbbtn-naranja\u00a0\u00bb][\/vc_column][\/vc_row][vc_row fullwidth=\u00a0\u00bbtrue\u00a0\u00bb css=\u00a0\u00bb.vc_custom_1606215728383{background-image: url(https:\/\/calabizo.com\/wp-content\/uploads\/2020\/11\/fondo-calabazas.jpg?id=7486) !important;background-position: center !important;background-repeat: no-repeat !important;background-size: cover !important;}\u00a0\u00bb][vc_column][vc_custom_heading text=\u00a0\u00bbDes aliments innovants avec toute la saveur traditionnelle !\u00a0\u00bb font_container=\u00a0\u00bbtag:h2|text_align:center|color:%23ffffff\u00a0\u00bb use_theme_fonts=\u00a0\u00bbyes\u00a0\u00bb css=\u00a0\u00bb.vc_custom_1610357944127{margin-top: 50px !important;padding-right: 100px !important;padding-bottom: 30px !important;padding-left: 100px !important;}\u00a0\u00bb][\/vc_column][\/vc_row][vc_row fullwidth=\u00a0\u00bbtrue\u00a0\u00bb css=\u00a0\u00bb.vc_custom_1610968089716{margin-top: 70px !important;margin-bottom: 100px !important;}\u00a0\u00bb el_class=\u00a0\u00bbtres-caract\u00a0\u00bb][vc_column][vc_row_inner][vc_column_inner el_class=\u00a0\u00bbelement-hidden\u00a0\u00bb width=\u00a0\u00bb1\/5&Prime;][\/vc_column_inner][vc_column_inner width=\u00a0\u00bb1\/5&Prime;][vc_single_image image=\u00a0\u00bb9393&Prime; img_size=\u00a0\u00bb80&#215;80&Prime; alignment=\u00a0\u00bbcenter\u00a0\u00bb css=\u00a0\u00bb.vc_custom_1610528712687{margin-bottom: 30px !important;}\u00a0\u00bb][vc_custom_heading text=\u00a0\u00bbSains\u00a0\u00bb font_container=\u00a0\u00bbtag:h4|text_align:center|color:%23111111&Prime; use_theme_fonts=\u00a0\u00bbyes\u00a0\u00bb][vc_column_text css=\u00a0\u00bb.vc_custom_1609167172684{margin-bottom: 0px !important;}\u00a0\u00bb]<\/p>\n<p style=\"text-align: center;\">Riche en vitamines, fibres et antioxydants, avec une grande valeur nutritionnelle et peu de calories.<\/p>\n<p>[\/vc_column_text][\/vc_column_inner][vc_column_inner width=\u00a0\u00bb1\/5&Prime;][vc_single_image image=\u00a0\u00bb9399&Prime; img_size=\u00a0\u00bb80&#215;80&Prime; alignment=\u00a0\u00bbcenter\u00a0\u00bb css=\u00a0\u00bb.vc_custom_1610528721866{margin-bottom: 30px !important;}\u00a0\u00bb][vc_custom_heading text=\u00a0\u00bbDurables\u00a0\u00bb font_container=\u00a0\u00bbtag:h4|text_align:center|color:%23111111&Prime; use_theme_fonts=\u00a0\u00bbyes\u00a0\u00bb][vc_column_text css=\u00a0\u00bb.vc_custom_1609167185535{margin-bottom: 0px !important;}\u00a0\u00bb]<\/p>\n<p style=\"text-align: center;\" align=\"JUSTIFY\"><span style=\"color: #3f3f3f; font-family: helvetica, arial, sans-serif;\">Avec des ingr\u00e9dients locaux et v\u00e9g\u00e9taux, nous cr\u00e9ons un environnement plus durable pour tous.<\/span><\/p>\n<p>[\/vc_column_text][\/vc_column_inner][vc_column_inner width=\u00a0\u00bb1\/5&Prime;][vc_single_image image=\u00a0\u00bb9387&Prime; img_size=\u00a0\u00bb80&#215;80&Prime; alignment=\u00a0\u00bbcenter\u00a0\u00bb css=\u00a0\u00bb.vc_custom_1610528730017{margin-bottom: 30px !important;}\u00a0\u00bb][vc_custom_heading text=\u00a0\u00bbNous sommes productrices\u00a0\u00bb font_container=\u00a0\u00bbtag:h4|text_align:center|color:%23111111&Prime; use_theme_fonts=\u00a0\u00bbyes\u00a0\u00bb][vc_column_text css=\u00a0\u00bb.vc_custom_1609167197618{margin-bottom: 0px !important;}\u00a0\u00bb]<\/p>\n<p style=\"text-align: center;\"><span style=\"font-family: helvetica, arial, sans-serif;\">Fabriqu\u00e9s en Galice, avec des mati\u00e8res premi\u00e8res nationales et \u00e0 base de recettes traditionnelles.<\/span><\/p>\n<p>[\/vc_column_text][\/vc_column_inner][vc_column_inner el_class=\u00a0\u00bbelement-hidden\u00a0\u00bb width=\u00a0\u00bb1\/5&Prime;][\/vc_column_inner][\/vc_row_inner][\/vc_column][\/vc_row][vc_row fullwidth=\u00a0\u00bbtrue\u00a0\u00bb css=\u00a0\u00bb.vc_custom_1606993082610{margin-bottom: 40px !important;background-image: url(https:\/\/calabizo.com\/wp-content\/uploads\/2020\/11\/fondo-madera_n.jpg?id=7587) !important;}\u00a0\u00bb el_class=\u00a0\u00bbbanner-recetas\u00a0\u00bb][vc_column][vc_row_inner][vc_column_inner width=\u00a0\u00bb1\/6&Prime;][\/vc_column_inner][vc_column_inner width=\u00a0\u00bb2\/3&Prime;][vc_custom_heading text=\u00a0\u00bbLaissez-vous inspirer par nos recettes !\u00a0\u00bb font_container=\u00a0\u00bbtag:h2|text_align:center|color:%23ffffff\u00a0\u00bb use_theme_fonts=\u00a0\u00bbyes\u00a0\u00bb css=\u00a0\u00bb.vc_custom_1614678524762{margin-top: 55px !important;margin-bottom: 60px !important;}\u00a0\u00bb][vc_column_text css=\u00a0\u00bb.vc_custom_1614678511019{margin-bottom: 0px !important;}\u00a0\u00bb][the_grid name=\u00a0\u00bbRecetas (Inicio) FR\u00a0\u00bb][\/vc_column_text][vc_btn title=\u00a0\u00bbEN SAVOIR PLUS\u00a0\u00bb style=\u00a0\u00bbflat\u00a0\u00bb shape=\u00a0\u00bbsquare\u00a0\u00bb color=\u00a0\u00bbwarning\u00a0\u00bb align=\u00a0\u00bbcenter\u00a0\u00bb ovic_custom_id=\u00a0\u00bbovic_custom_5fae577a15c66&Prime; link=\u00a0\u00bburl:https%3A%2F%2Fcalabizo.com%2Ffr%2Frecetas%2F|title:Recetas\u00a0\u00bb el_class=\u00a0\u00bbbtn-naranja\u00a0\u00bb css=\u00a0\u00bb.vc_custom_1614678578144{margin-top: 20px !important;margin-bottom: 50px !important;}\u00a0\u00bb][\/vc_column_inner][vc_column_inner width=\u00a0\u00bb1\/6&Prime;][\/vc_column_inner][\/vc_row_inner][\/vc_column][\/vc_row][vc_row fullwidth=\u00a0\u00bbtrue\u00a0\u00bb el_class=\u00a0\u00bbimg-footer-inline\u00a0\u00bb][vc_column width=\u00a0\u00bb1\/3&Prime; css=\u00a0\u00bb.vc_custom_1606905483738{margin-right: 0px !important;margin-left: 0px !important;padding-right: 0px !important;padding-left: 0px !important;}\u00a0\u00bb][vc_single_image image=\u00a0\u00bb7636&Prime; img_size=\u00a0\u00bbfull\u00a0\u00bb css=\u00a0\u00bb.vc_custom_1606905478401{margin-right: 0px !important;margin-bottom: 0px !important;margin-left: 0px !important;}\u00a0\u00bb][\/vc_column][vc_column width=\u00a0\u00bb1\/3&Prime; css=\u00a0\u00bb.vc_custom_1605605634834{margin-right: 0px !important;margin-left: 0px !important;padding-right: 0px !important;padding-left: 0px !important;}\u00a0\u00bb][vc_single_image image=\u00a0\u00bb7653&Prime; img_size=\u00a0\u00bbfull\u00a0\u00bb css=\u00a0\u00bb.vc_custom_1606905474227{margin-right: 0px !important;margin-bottom: 0px !important;margin-left: 0px !important;}\u00a0\u00bb][\/vc_column][vc_column width=\u00a0\u00bb1\/3&Prime; css=\u00a0\u00bb.vc_custom_1605605660522{margin-right: 0px !important;margin-left: 0px !important;padding-right: 0px !important;padding-left: 0px !important;}\u00a0\u00bb][vc_single_image image=\u00a0\u00bb7649&Prime; img_size=\u00a0\u00bbfull\u00a0\u00bb css=\u00a0\u00bb.vc_custom_1606905490885{margin-right: 0px !important;margin-bottom: 0px !important;margin-left: 0px !important;}\u00a0\u00bb][\/vc_column][\/vc_row]<\/p>\n<\/div>","protected":false},"excerpt":{"rendered":"<p>[vc_row fullwidth=\u00a0\u00bbtrue\u00a0\u00bb css=\u00a0\u00bb.vc_custom_1607597004884{padding-top: 55px !important;padding-bottom: 75px !important;background-image: url(https:\/\/calabizo.com\/wp-content\/uploads\/2020\/11\/home.jpg?id=7655) !important;background-position: center !important;background-repeat: no-repeat !important;background-size: cover !important;}\u00a0\u00bb][vc_column ovic_custom_id=\u00a0\u00bbovic_custom_5fae577a15c63&Prime; css_desktop=\u00a0\u00bb.vc_custom_1605260632336{background-image: url(https:\/\/calabizo.com\/wp-content\/uploads\/2020\/11\/spices-4185324_1280.jpg?id=7074) !important;}\u00a0\u00bb][vc_custom_heading text=\u00a0\u00bbCalabizo, une explosion de saveur\u00a0\u00bb font_container=\u00a0\u00bbtag:h1|text_align:center|color:%23ffffff\u00a0\u00bb use_theme_fonts=\u00a0\u00bbyes\u00a0\u00bb ovic_custom_id=\u00a0\u00bbovic_custom_5fae577a15c65&Prime; hidden_markup_01=\u00a0\u00bb\u00a0\u00bb hidden_markup_desktop=\u00a0\u00bb\u00a0\u00bb hidden_markup_laptop=\u00a0\u00bb\u00a0\u00bb hidden_markup_tablet=\u00a0\u00bb\u00a0\u00bb hidden_markup_ipad=\u00a0\u00bb\u00a0\u00bb hidden_markup_mobile=\u00a0\u00bb\u00a0\u00bb css=\u00a0\u00bb.vc_custom_1610357876222{margin-top: 100px !important;margin-bottom: 5px !important;}\u00a0\u00bb el_class=\u00a0\u00bbtitulo-cabecera\u00a0\u00bb][vc_custom_heading text=\u00a0\u00bb100% v\u00e9g\u00e9tale\u00a0\u00bb font_container=\u00a0\u00bbtag:h1|text_align:center|color:%23ffffff\u00a0\u00bb use_theme_fonts=\u00a0\u00bbyes\u00a0\u00bb ovic_custom_id=\u00a0\u00bbovic_custom_5fae577a15c65&Prime; hidden_markup_01=\u00a0\u00bb\u00a0\u00bb hidden_markup_desktop=\u00a0\u00bb\u00a0\u00bb hidden_markup_laptop=\u00a0\u00bb\u00a0\u00bb hidden_markup_tablet=\u00a0\u00bb\u00a0\u00bb hidden_markup_ipad=\u00a0\u00bb\u00a0\u00bb hidden_markup_mobile=\u00a0\u00bb\u00a0\u00bb css=\u00a0\u00bb.vc_custom_1610357887913{margin-bottom: 30px !important;}\u00a0\u00bb el_class=\u00a0\u00bbtitulo-cabecera\u00a0\u00bb][vc_btn title=\u00a0\u00bbACHETER [&hellip;]<\/p>\n","protected":false},"author":1,"featured_media":0,"parent":0,"menu_order":0,"comment_status":"open","ping_status":"open","template":"","meta":{"_acf_changed":false,"footnotes":""},"class_list":["post-8148","page","type-page","status-publish","hentry"],"acf":[],"_links":{"self":[{"href":"https:\/\/calabizo.com\/fr\/wp-json\/wp\/v2\/pages\/8148","targetHints":{"allow":["GET"]}}],"collection":[{"href":"https:\/\/calabizo.com\/fr\/wp-json\/wp\/v2\/pages"}],"about":[{"href":"https:\/\/calabizo.com\/fr\/wp-json\/wp\/v2\/types\/page"}],"author":[{"embeddable":true,"href":"https:\/\/calabizo.com\/fr\/wp-json\/wp\/v2\/users\/1"}],"replies":[{"embeddable":true,"href":"https:\/\/calabizo.com\/fr\/wp-json\/wp\/v2\/comments?post=8148"}],"version-history":[{"count":14,"href":"https:\/\/calabizo.com\/fr\/wp-json\/wp\/v2\/pages\/8148\/revisions"}],"predecessor-version":[{"id":28488,"href":"https:\/\/calabizo.com\/fr\/wp-json\/wp\/v2\/pages\/8148\/revisions\/28488"}],"wp:attachment":[{"href":"https:\/\/calabizo.com\/fr\/wp-json\/wp\/v2\/media?parent=8148"}],"curies":[{"name":"wp","href":"https:\/\/api.w.org\/{rel}","templated":true}]}}