{"id":8140,"date":"2020-12-15T11:10:25","date_gmt":"2020-12-15T10:10:25","guid":{"rendered":"https:\/\/calabizo.com\/cookies\/"},"modified":"2021-01-25T10:38:51","modified_gmt":"2021-01-25T09:38:51","slug":"cookies","status":"publish","type":"page","link":"https:\/\/calabizo.com\/fr\/cookies\/","title":{"rendered":"Informations compl\u00e9mentaires"},"content":{"rendered":"\n<p><strong>COOKIES<\/strong><\/p>\n\n<p>Un cookie est un fichier qui est t\u00e9l\u00e9charg\u00e9 sur votre ordinateur lorsque vous acc\u00e9dez \u00e0 certains sites web. Les cookies permettent \u00e0 un site web, entre autres, de stocker et d&rsquo;extraire des informations sur les habitudes de navigation d&rsquo;un utilisateur ou de son ordinateur et, en fonction des informations qu&rsquo;ils contiennent et de la fa\u00e7on dont il utilise son ordinateur, ils peuvent \u00eatre utilis\u00e9s pour reconna\u00eetre l&rsquo;utilisateur. Le navigateur de l&rsquo;utilisateur stocke les cookies sur le disque dur uniquement pendant la session en cours, occupant un minimum d&rsquo;espace m\u00e9moire et ne nuisant pas \u00e0 l&rsquo;ordinateur. Les cookies ne contiennent aucune information personnelle sp\u00e9cifique, et la plupart d&rsquo;entre eux sont supprim\u00e9s du disque dur \u00e0 la fin de la session de navigation (appel\u00e9s cookies de session).<\/p>\n\n<p>La plupart des navigateurs acceptent les cookies en standard et, quel que soit le navigateur, autorisent ou interdisent les cookies temporaires ou stock\u00e9s dans les param\u00e8tres de s\u00e9curit\u00e9.<\/p>\n\n<p>Sans votre consentement explicite \u2014 en activant les cookies dans votre navigateur \u2014 <a href=\"https:\/\/calabizo.com\/fr\/\">calabizo.com<\/a> ne liera pas dans les cookies les donn\u00e9es stock\u00e9es avec vos donn\u00e9es personnelles fournies au moment de l&rsquo;enregistrement ou de l&rsquo;achat.<\/p>\n\n<p><strong>Quels types de cookies ce site utilise-t-il ?<\/strong><\/p>\n\n<p>&#8211; Cookies techniques : ils permettent \u00e0 l&rsquo;utilisateur de naviguer sur une page web, une plate-forme ou une application et d&rsquo;utiliser les diff\u00e9rentes options ou services qui y sont propos\u00e9s, comme par exemple le contr\u00f4le du trafic et de la communication des donn\u00e9es, l&rsquo;identification de la session, l&rsquo;acc\u00e8s \u00e0 des parties d&rsquo;acc\u00e8s restreint, la m\u00e9morisation des \u00e9l\u00e9ments qui composent une commande, l&rsquo;ex\u00e9cution du processus d&rsquo;achat d&rsquo;une commande, la demande d&rsquo;enregistrement ou de participation \u00e0 un \u00e9v\u00e9nement, l&rsquo;utilisation d&rsquo;\u00e9l\u00e9ments de s\u00e9curit\u00e9 pendant la navigation, le stockage de contenus pour la diffusion de vid\u00e9os ou de sons ou le partage de contenus par le biais de r\u00e9seaux sociaux.<\/p>\n\n<p>&#8211; Cookies de personnalisation : ce sont ceux qui permettent \u00e0 l&rsquo;utilisateur d&rsquo;acc\u00e9der au service avec certaines caract\u00e9ristiques g\u00e9n\u00e9rales pr\u00e9d\u00e9finies selon une s\u00e9rie de crit\u00e8res dans le terminal de l&rsquo;utilisateur, tels que la langue, le type de navigateur par lequel l&rsquo;utilisateur acc\u00e8de au service, la configuration r\u00e9gionale \u00e0 partir de laquelle l&rsquo;utilisateur acc\u00e8de au service, etc.<\/p>\n\n<p>&#8211; Cookies d&rsquo;analyse : Ce sont ceux qui, s&rsquo;ils sont trait\u00e9s correctement par nous ou par des tiers, nous permettent de quantifier le nombre d&rsquo;utilisateurs et donc de r\u00e9aliser la mesure et l&rsquo;analyse statistique de l&rsquo;utilisation faite par les utilisateurs du service offert. \u00c0 cette fin, votre navigation sur notre site web est analys\u00e9e afin d&rsquo;am\u00e9liorer les produits ou services que nous vous proposons.<\/p>\n\n<p>&#8211; Cookies publicitaires : ce sont ceux qui, trait\u00e9s par nous ou par des tiers, nous permettent de g\u00e9rer l&rsquo;offre d&rsquo;espaces publicitaires sur le site web de la mani\u00e8re la plus efficace, en adaptant le contenu de la publicit\u00e9 au contenu du service demand\u00e9 ou \u00e0 l&rsquo;utilisation que vous faites de notre site web. \u00c0 cette fin, nous pouvons analyser vos habitudes de navigation sur Internet et vous montrer la publicit\u00e9 li\u00e9e \u00e0 votre profil de navigation.<\/p>\n\n<p>&#8211; Cookies publicitaires comportementaux : ce sont ceux qui permettent de g\u00e9rer, de la mani\u00e8re la plus efficace possible, les espaces publicitaires que, dans leur cas, l&rsquo;\u00e9diteur a inclus dans une page web, une application ou une plate-forme \u00e0 partir de laquelle il fournit le service demand\u00e9. Ces cookies stockent des informations sur le comportement des utilisateurs obtenues par l&rsquo;observation continue de leurs habitudes de navigation, ce qui permet de d\u00e9velopper un profil sp\u00e9cifique pour afficher la publicit\u00e9 qui en d\u00e9coule.<\/p>\n\n<p>&#8211; Cookies de tiers : Le site <a href=\"https:\/\/calabizo.com\/fr\/\">calabizo.com<\/a> peut utiliser des services de tiers qui, au nom de <a href=\"http:\/\/google.com\">google.com<\/a>, collecteront des informations \u00e0 des fins statistiques, sur l&rsquo;utilisation du site par l&rsquo;utilisateur et pour la fourniture d&rsquo;autres services li\u00e9s \u00e0 l&rsquo;activit\u00e9 du site et d&rsquo;autres services Internet.<\/p>\n\n<p>En particulier, ce site web utilise Google Analytics, un service d&rsquo;analyse web fourni par Google, Inc. as\u00e9 aux \u00c9tats-Unis au 1600 Amphitheatre Parkway, Mountain View, California 94043. Pour la fourniture de ces services, ils utilisent des cookies qui collectent des informations, y compris l&rsquo;adresse IP de l&rsquo;utilisateur, qui seront transmises, trait\u00e9es et stock\u00e9es par Google dans les conditions pr\u00e9vues sur le site <a href=\"http:\/\/google.com\">Google.com<\/a>. Cela inclut la transmission \u00e9ventuelle de ces informations \u00e0 des tiers pour des raisons l\u00e9gales ou lorsque ces tiers traitent les informations au nom de Google.<\/p>\n","protected":false},"excerpt":{"rendered":"<p>COOKIES Un cookie est un fichier qui est t\u00e9l\u00e9charg\u00e9 sur votre ordinateur lorsque vous acc\u00e9dez \u00e0 certains sites web. Les cookies permettent \u00e0 un site web, entre autres, de stocker et d&rsquo;extraire des informations sur les habitudes de navigation d&rsquo;un utilisateur ou de son ordinateur et, en fonction des informations qu&rsquo;ils contiennent et de la [&hellip;]<\/p>\n","protected":false},"author":1,"featured_media":0,"parent":0,"menu_order":0,"comment_status":"open","ping_status":"open","template":"","meta":{"_acf_changed":false,"footnotes":""},"class_list":["post-8140","page","type-page","status-publish","hentry"],"acf":[],"_links":{"self":[{"href":"https:\/\/calabizo.com\/fr\/wp-json\/wp\/v2\/pages\/8140","targetHints":{"allow":["GET"]}}],"collection":[{"href":"https:\/\/calabizo.com\/fr\/wp-json\/wp\/v2\/pages"}],"about":[{"href":"https:\/\/calabizo.com\/fr\/wp-json\/wp\/v2\/types\/page"}],"author":[{"embeddable":true,"href":"https:\/\/calabizo.com\/fr\/wp-json\/wp\/v2\/users\/1"}],"replies":[{"embeddable":true,"href":"https:\/\/calabizo.com\/fr\/wp-json\/wp\/v2\/comments?post=8140"}],"version-history":[{"count":5,"href":"https:\/\/calabizo.com\/fr\/wp-json\/wp\/v2\/pages\/8140\/revisions"}],"predecessor-version":[{"id":10149,"href":"https:\/\/calabizo.com\/fr\/wp-json\/wp\/v2\/pages\/8140\/revisions\/10149"}],"wp:attachment":[{"href":"https:\/\/calabizo.com\/fr\/wp-json\/wp\/v2\/media?parent=8140"}],"curies":[{"name":"wp","href":"https:\/\/api.w.org\/{rel}","templated":true}]}}