{"id":8113,"date":"2020-12-15T10:22:08","date_gmt":"2020-12-15T09:22:08","guid":{"rendered":"https:\/\/calabizo.com\/protection-des-donnees-personnelles\/"},"modified":"2021-02-15T17:28:03","modified_gmt":"2021-02-15T16:28:03","slug":"protection-des-donnees-personnelles","status":"publish","type":"page","link":"https:\/\/calabizo.com\/fr\/protection-des-donnees-personnelles\/","title":{"rendered":"PROTECTION DES DONN\u00c9ES PERSONNELLES"},"content":{"rendered":"\n<p>Le traitement des donn\u00e9es personnelles effectu\u00e9 par le biais de ce site web est soumis aux dispositions de la loi organique espagnole 15\/1999 sur la protection des donn\u00e9es personnelles et autres r\u00e9glementations applicables.<\/p>\n\n<p><b>Formulaires<\/b><\/p>\n\n<p>L&rsquo;utilisateur sera inform\u00e9, sur tout formulaire de collecte de donn\u00e9es, conform\u00e9ment \u00e0 l&rsquo;article 5 de la Loi pr\u00e9cit\u00e9e, des crit\u00e8res suivis par FIABLONE SL en ce qui concerne l&rsquo;utilisation des donn\u00e9es personnelles que l&rsquo;utilisateur fournit librement et volontairement sur ce site web.<\/p>\n\n<p><b>Droits d&rsquo;acc\u00e8s, de rectification, d&rsquo;annulation et d&rsquo;opposition<\/b><\/p>\n\n<p>Nous vous informons que vous pouvez exercer vos droits d&rsquo;acc\u00e8s, de rectification, d&rsquo;annulation et d&rsquo;opposition en \u00e9crivant, accompagn\u00e9 d&rsquo;une copie d&rsquo;un document officiel vous identifiant, adress\u00e9 \u00e0 l&rsquo;adresse ci- dessous ou \u00e0 l&rsquo;adresse \u00e9lectronique : <a href=\"mailto:info@calabizo.com\">info@calabizo.com<\/a><\/p>\n\n<p>FIABLONE SL<\/p>\n\n<p>R\u00faa Madanela, 15 Nave 6C <\/p>\n\n<p>Parque Empresarial Porto de Molle<\/p>\n\n<p>36350 Nigr\u00e1n (Pontevedra)<\/p>\n\n<p>Galice &#8211; Espagne<\/p>\n\n<p><b>Liens<\/b><\/p>\n\n<p>Cette politique de confidentialit\u00e9 est uniquement applicable au site web WWW.CALABIZO.COM. Il n&rsquo;est pas garanti dans les acc\u00e8s par des liens avec ce site ni dans les liens de ce site avec d&rsquo;autres sites web.<\/p>\n","protected":false},"excerpt":{"rendered":"<p>Le traitement des donn\u00e9es personnelles effectu\u00e9 par le biais de ce site web est soumis aux dispositions de la loi organique espagnole 15\/1999 sur la protection des donn\u00e9es personnelles et autres r\u00e9glementations applicables. Formulaires L&rsquo;utilisateur sera inform\u00e9, sur tout formulaire de collecte de donn\u00e9es, conform\u00e9ment \u00e0 l&rsquo;article 5 de la Loi pr\u00e9cit\u00e9e, des crit\u00e8res suivis [&hellip;]<\/p>\n","protected":false},"author":1,"featured_media":0,"parent":0,"menu_order":0,"comment_status":"open","ping_status":"open","template":"","meta":{"_acf_changed":false,"footnotes":""},"class_list":["post-8113","page","type-page","status-publish","hentry"],"acf":[],"_links":{"self":[{"href":"https:\/\/calabizo.com\/fr\/wp-json\/wp\/v2\/pages\/8113","targetHints":{"allow":["GET"]}}],"collection":[{"href":"https:\/\/calabizo.com\/fr\/wp-json\/wp\/v2\/pages"}],"about":[{"href":"https:\/\/calabizo.com\/fr\/wp-json\/wp\/v2\/types\/page"}],"author":[{"embeddable":true,"href":"https:\/\/calabizo.com\/fr\/wp-json\/wp\/v2\/users\/1"}],"replies":[{"embeddable":true,"href":"https:\/\/calabizo.com\/fr\/wp-json\/wp\/v2\/comments?post=8113"}],"version-history":[{"count":12,"href":"https:\/\/calabizo.com\/fr\/wp-json\/wp\/v2\/pages\/8113\/revisions"}],"predecessor-version":[{"id":14957,"href":"https:\/\/calabizo.com\/fr\/wp-json\/wp\/v2\/pages\/8113\/revisions\/14957"}],"wp:attachment":[{"href":"https:\/\/calabizo.com\/fr\/wp-json\/wp\/v2\/media?parent=8113"}],"curies":[{"name":"wp","href":"https:\/\/api.w.org\/{rel}","templated":true}]}}