{"id":29696,"date":"2026-02-25T23:46:45","date_gmt":"2026-02-25T22:46:45","guid":{"rendered":"https:\/\/calabizo.com\/quieres-calabizo\/"},"modified":"2026-02-28T00:45:42","modified_gmt":"2026-02-27T23:45:42","slug":"quieres-calabizo","status":"publish","type":"page","link":"https:\/\/calabizo.com\/fr\/quieres-calabizo\/","title":{"rendered":"\u00bfQUIERES CALABIZO?"},"content":{"rendered":"<div class=\"wpb-content-wrapper\">[vc_row fullwidth=\u00a0\u00bbtrue\u00a0\u00bb css=\u00a0\u00bb.vc_custom_1611218637961{background-image: url(https:\/\/calabizo.com\/wp-content\/uploads\/2020\/11\/donde_encontrarlo.jpg?id=7633) !important;background-position: center !important;background-repeat: no-repeat !important;background-size: cover !important;}\u00a0\u00bb][vc_column][vc_custom_heading text=\u00a0\u00bbCalabizo \u00a1Muy cerca de ti!\u00a0\u00bb font_container=\u00a0\u00bbtag:h1|text_align:center|color:%23ffffff\u00a0\u00bb use_theme_fonts=\u00a0\u00bbyes\u00a0\u00bb css=\u00a0\u00bb.vc_custom_1772062024692{margin-top: 100px !important;margin-bottom: 100px !important;}\u00a0\u00bb el_class=\u00a0\u00bbtitulo-cabecera element-hidden\u00a0\u00bb][vc_custom_heading text=\u00a0\u00bbCalabizo \u00a1Muy cerca de ti!\u00a0\u00bb font_container=\u00a0\u00bbtag:h1|text_align:center|color:%23ffffff\u00a0\u00bb use_theme_fonts=\u00a0\u00bbyes\u00a0\u00bb css=\u00a0\u00bb.vc_custom_1772062045791{margin-top: 100px !important;margin-bottom: 5px !important;}\u00a0\u00bb el_class=\u00a0\u00bbtitulo-cabecera element-hidden-pc\u00a0\u00bb][vc_custom_heading text=\u00a0\u00bbCalabizo\u00a0\u00bb font_container=\u00a0\u00bbtag:h1|text_align:center|color:%23ffffff\u00a0\u00bb use_theme_fonts=\u00a0\u00bbyes\u00a0\u00bb css=\u00a0\u00bb.vc_custom_1611309675644{margin-bottom: 100px !important;}\u00a0\u00bb el_class=\u00a0\u00bbtitulo-cabecera element-hidden-pc\u00a0\u00bb][\/vc_column][\/vc_row][vc_row css=\u00a0\u00bb.vc_custom_1611218643845{margin-top: 50px !important;}\u00a0\u00bb el_class=\u00a0\u00bbdonde-enc-1&Prime;][vc_column width=\u00a0\u00bb1\/6&Prime;][\/vc_column][vc_column width=\u00a0\u00bb2\/3&Prime;][vc_custom_heading text=\u00a0\u00bbCalabizo, \u00a1Muy cerca de ti!\u00a0\u00bb font_container=\u00a0\u00bbtag:h2|text_align:center\u00a0\u00bb use_theme_fonts=\u00a0\u00bbyes\u00a0\u00bb el_class=\u00a0\u00bbelement-hidden\u00a0\u00bb][vc_custom_heading text=\u00a0\u00bbCalabizo,\r\n\u00a1muy cerca de ti!\u00a0\u00bb font_container=\u00a0\u00bbtag:h2|text_align:center\u00a0\u00bb use_theme_fonts=\u00a0\u00bbyes\u00a0\u00bb el_class=\u00a0\u00bbelement-hidden-pc\u00a0\u00bb][vc_column_text css=\u00a0\u00bb.vc_custom_1772235815055{margin-bottom: 0px !important;}\u00a0\u00bb]\r\n<p style=\"text-align: center;\">Ahora puedes adquirir productos Calabizo a trav\u00e9s de nuestra tienda online y envi\u00e1rselos a la persona que desees, comprarlos personalmente en la tienda m\u00e1s pr\u00f3xima o saborearlos en tu restaurante favorito. \u00bfYa has probado la experiencia Calabizo?<\/p>\r\n[\/vc_column_text][vc_empty_space][vc_column_text css=\u00a0\u00bb.vc_custom_1772061407491{margin-bottom: 0px !important;}\u00a0\u00bb]\r\n<div align=\"center\">Si eres particular, te invitamos a que te des una vuelta por nuestra\u00a0<a href=\"https:\/\/calabizo.com\/fr\/la-tienda\/\" target=\"_blank\" rel=\"noopener noreferrer\">tienda online<\/a>,<\/div>\r\n<div align=\"center\">y ah\u00ed podr\u00e1s comprar todos los productos que elaboramos de forma artesanal y recibirlos en tu casa, de una forma r\u00e1pida y c\u00f3moda<\/div>\r\n[\/vc_column_text][vc_empty_space][vc_column_text css=\u00a0\u00bb.vc_custom_1772061441863{margin-bottom: 0px !important;}\u00a0\u00bb]\r\n<div align=\"center\">\r\n<div align=\"center\">Si eres profesional y te gustar\u00eda disponer de nuestros productos en tu negocio,<\/div>\r\n<div align=\"center\">puedes contactar con nosotras y te informaremos de lo f\u00e1cil que es disponer de la marca Calabizo en tu tienda o restaurante.<\/div>\r\n<\/div>\r\n[\/vc_column_text][vc_empty_space][\/vc_column][vc_column width=\u00a0\u00bb1\/6&Prime;][\/vc_column][\/vc_row][vc_row el_class=\u00a0\u00bbdonde-enc-3&Prime;][vc_column width=\u00a0\u00bb1\/6&Prime;][\/vc_column][vc_column width=\u00a0\u00bb2\/3&Prime;][vc_btn title=\u00a0\u00bbTienda Online\u00a0\u00bb color=\u00a0\u00bbdefault\u00a0\u00bb size=\u00a0\u00bblg\u00a0\u00bb align=\u00a0\u00bbcenter\u00a0\u00bb css=\u00a0\u00bb\u00a0\u00bb link=\u00a0\u00bburl:https%3A%2F%2Fcalabizo.com%2Fla-tienda%2F\u00a0\u00bb el_class=\u00a0\u00bbboton_naranja\u00a0\u00bb][\/vc_column][vc_column width=\u00a0\u00bb1\/6&Prime;][\/vc_column][\/vc_row][vc_row el_class=\u00a0\u00bbdonde-enc-3&Prime;][vc_column width=\u00a0\u00bb1\/6&Prime;][\/vc_column][vc_column width=\u00a0\u00bb2\/3&Prime;][vc_custom_heading text=\u00a0\u00bb\u00bfQuieres productos Calabizo en tu negocio?\u00a0\u00bb font_container=\u00a0\u00bbtag:h2|text_align:center\u00a0\u00bb use_theme_fonts=\u00a0\u00bbyes\u00a0\u00bb css=\u00a0\u00bb\u00a0\u00bb][vc_column_text css=\u00a0\u00bb.vc_custom_1772235838296{margin-bottom: 0px !important;}\u00a0\u00bb]\r\n<p style=\"text-align: center;\">Si quieres ofrecer los productos CALABIZO en tu tienda f\u00edsica, online, o en tu negocio de restauraci\u00f3n, no dudes en contactar con nosotras a trav\u00e9s de este formulario y te enviaremos a la brevedad toda la informaci\u00f3n comercial.<\/p>\r\n<p style=\"text-align: center;\"><strong>Incorpora Calabizo y daremos a conocer tu proyecto a nuestra comunidad calabicera.<\/strong><\/p>\r\n<p style=\"text-align: center;\">\u00a1Sorprende a tus clientes con Calabizo, ofreci\u00e9ndoles sabor, salud y sostenibilidad!<\/p>\r\n[\/vc_column_text][\/vc_column][vc_column width=\u00a0\u00bb1\/6&Prime;][\/vc_column][\/vc_row][vc_row css=\u00a0\u00bb.vc_custom_1607942684092{margin-top: 30px !important;margin-bottom: 40px !important;}\u00a0\u00bb][vc_column width=\u00a0\u00bb1\/4&Prime;][\/vc_column][vc_column width=\u00a0\u00bb1\/2&Prime; css=\u00a0\u00bb.vc_custom_1611219196772{margin-right: 0px !important;margin-left: 0px !important;padding-right: 0px !important;padding-left: 0px !important;}\u00a0\u00bb el_class=\u00a0\u00bbdonde-enc-form\u00a0\u00bb]\n<div class=\"wpcf7 no-js\" id=\"wpcf7-f14836-o1\" lang=\"fr-FR\" dir=\"ltr\" data-wpcf7-id=\"14836\">\n<div class=\"screen-reader-response\"><p role=\"status\" aria-live=\"polite\" aria-atomic=\"true\"><\/p> <ul><\/ul><\/div>\n<form action=\"\/fr\/wp-json\/wp\/v2\/pages\/29696#wpcf7-f14836-o1\" method=\"post\" class=\"wpcf7-form init\" aria-label=\"Formulaire de contact\" novalidate=\"novalidate\" data-status=\"init\">\n<fieldset class=\"hidden-fields-container\"><input type=\"hidden\" name=\"_wpcf7\" value=\"14836\" \/><input type=\"hidden\" name=\"_wpcf7_version\" value=\"6.1.3\" \/><input type=\"hidden\" name=\"_wpcf7_locale\" value=\"fr_FR\" \/><input type=\"hidden\" name=\"_wpcf7_unit_tag\" value=\"wpcf7-f14836-o1\" \/><input type=\"hidden\" name=\"_wpcf7_container_post\" value=\"0\" \/><input type=\"hidden\" name=\"_wpcf7_posted_data_hash\" value=\"\" \/><input type=\"hidden\" name=\"_wpcf7_recaptcha_response\" value=\"\" \/>\n<\/fieldset>\n<div class=\"box-100\">\n\t<p>Qui \u00eates-vous ?\n\t<\/p>\n<\/div>\n<div class=\"box-100\">\n\t<p><span class=\"wpcf7-form-control-wrap\" data-name=\"menu-508\"><select class=\"wpcf7-form-control wpcf7-select wpcf7-validates-as-required\" aria-required=\"true\" aria-invalid=\"false\" name=\"menu-508\"><option value=\"Je suis un magasin \/ restaurant int\u00e9ress\u00e9 par la vente de Calabizo dans mon entreprise\">Je suis un magasin \/ restaurant int\u00e9ress\u00e9 par la vente de Calabizo dans mon entreprise<\/option><option value=\"Je suis un particulier et j&#039;aimerais beaucoup que ce magasin vende du Calabizo\">Je suis un particulier et j&#039;aimerais beaucoup que ce magasin vende du Calabizo<\/option><\/select><\/span>\n\t<\/p>\n<\/div>\n<div class=\"box-50 pr-bloque\">\n\t<p>Nom\n\t<\/p>\n<\/div>\n<div class=\"box-50 sg-bloque\">\n\t<p>T\u00e9l\u00e9phone\n\t<\/p>\n<\/div>\n<div class=\"box-50 pr-bloque\">\n\t<p><span class=\"wpcf7-form-control-wrap\" data-name=\"nombre\"><input size=\"40\" maxlength=\"400\" class=\"wpcf7-form-control wpcf7-text wpcf7-validates-as-required\" aria-required=\"true\" aria-invalid=\"false\" value=\"\" type=\"text\" name=\"nombre\" \/><\/span>\n\t<\/p>\n<\/div>\n<div class=\"box-50 sg-bloque\">\n\t<p><span class=\"wpcf7-form-control-wrap\" data-name=\"telefono\"><input size=\"40\" maxlength=\"400\" class=\"wpcf7-form-control wpcf7-text wpcf7-validates-as-required\" aria-required=\"true\" aria-invalid=\"false\" value=\"\" type=\"text\" name=\"telefono\" \/><\/span>\n\t<\/p>\n<\/div>\n<div class=\"reset-float\">\n<\/div>\n<div class=\"box-100\">\n\t<p>Courrier \u00e9lectronique\n\t<\/p>\n<\/div>\n<div class=\"box-100\">\n\t<p><span class=\"wpcf7-form-control-wrap\" data-name=\"email\"><input size=\"40\" maxlength=\"400\" class=\"wpcf7-form-control wpcf7-email wpcf7-validates-as-required wpcf7-text wpcf7-validates-as-email\" aria-required=\"true\" aria-invalid=\"false\" value=\"\" type=\"email\" name=\"email\" \/><\/span>\n\t<\/p>\n<\/div>\n<div class=\"box-100\">\n\t<p>Nom de l'entreprise\n\t<\/p>\n<\/div>\n<div class=\"box-100\">\n\t<p><span class=\"wpcf7-form-control-wrap\" data-name=\"nom-negocio\"><input size=\"40\" maxlength=\"400\" class=\"wpcf7-form-control wpcf7-text wpcf7-validates-as-required\" aria-required=\"true\" aria-invalid=\"false\" value=\"\" type=\"text\" name=\"nom-negocio\" \/><\/span>\n\t<\/p>\n<\/div>\n<div class=\"box-100\">\n\t<p>Type d'entreprise\n\t<\/p>\n<\/div>\n<div class=\"box-100\">\n\t<p><span class=\"wpcf7-form-control-wrap\" data-name=\"tip-negocio\"><input size=\"40\" maxlength=\"400\" class=\"wpcf7-form-control wpcf7-text wpcf7-validates-as-required\" aria-required=\"true\" aria-invalid=\"false\" value=\"\" type=\"text\" name=\"tip-negocio\" \/><\/span>\n\t<\/p>\n<\/div>\n<div class=\"box-100\">\n\t<p>Adresse de l'entreprise\n\t<\/p>\n<\/div>\n<div class=\"box-100\">\n\t<p><span class=\"wpcf7-form-control-wrap\" data-name=\"dir-negocio\"><input size=\"40\" maxlength=\"400\" class=\"wpcf7-form-control wpcf7-text wpcf7-validates-as-required\" aria-required=\"true\" aria-invalid=\"false\" value=\"\" type=\"text\" name=\"dir-negocio\" \/><\/span>\n\t<\/p>\n<\/div>\n<div class=\"box-100\">\n\t<p>Votre message\n\t<\/p>\n<\/div>\n<div class=\"box-100\">\n\t<p><span class=\"wpcf7-form-control-wrap\" data-name=\"mensaje\"><textarea cols=\"40\" rows=\"10\" maxlength=\"2000\" class=\"wpcf7-form-control wpcf7-textarea wpcf7-validates-as-required\" aria-required=\"true\" aria-invalid=\"false\" name=\"mensaje\"><\/textarea><\/span>\n\t<\/p>\n<\/div>\n<p class=\"form-aceptance\"><span class=\"wpcf7-form-control-wrap\" data-name=\"acceptance-961\"><span class=\"wpcf7-form-control wpcf7-acceptance\"><span class=\"wpcf7-list-item\"><label><input type=\"checkbox\" name=\"acceptance-961\" value=\"1\" aria-invalid=\"false\" \/><span class=\"wpcf7-list-item-label\">J'ai lu et accepte le<a target=\"_blank\" href=\"\/proteccion-de-datos\/\"> politique de confidentialit\u00e9<\/a><\/span><\/label><\/span><\/span><\/span>\n<\/p>\n<p class=\"form-aceptance\"><span class=\"wpcf7-form-control-wrap\" data-name=\"checkbox-newsletter\"><span class=\"wpcf7-form-control wpcf7-checkbox\"><span class=\"wpcf7-list-item first last\"><label><input type=\"checkbox\" name=\"checkbox-newsletter[]\" value=\"Je souhaite m&#039;inscrire \u00e0 la newsletter pour recevoir des informations d&#039;int\u00e9r\u00eat sur Calabizo.\" \/><span class=\"wpcf7-list-item-label\">Je souhaite m&#039;inscrire \u00e0 la newsletter pour recevoir des informations d&#039;int\u00e9r\u00eat sur Calabizo.<\/span><\/label><\/span><\/span><\/span>\n<\/p>\n<p class=\"btn-submit\"><input class=\"wpcf7-form-control wpcf7-submit has-spinner\" type=\"submit\" value=\"Envoyer\" \/>\n<\/p><input type='hidden' class='wpcf7-pum' value='{\"closepopup\":false,\"closedelay\":0,\"openpopup\":false,\"openpopup_id\":0}' \/><div class=\"wpcf7-response-output\" aria-hidden=\"true\"><\/div>\n<\/form>\n<\/div>\n[\/vc_column][vc_column width=\u00a0\u00bb1\/4&Prime;][\/vc_column][\/vc_row][vc_row fullwidth=\u00a0\u00bbtrue\u00a0\u00bb css=\u00a0\u00bb.vc_custom_1611219629379{margin-bottom: 0px !important;}\u00a0\u00bb el_class=\u00a0\u00bbimg-footer-inline\u00a0\u00bb][vc_column width=\u00a0\u00bb1\/3&Prime; css=\u00a0\u00bb.vc_custom_1605698953696{margin-right: 0px !important;margin-left: 0px !important;padding-right: 0px !important;padding-left: 0px !important;}\u00a0\u00bb][vc_single_image image=\u00a0\u00bb7629&Prime; img_size=\u00a0\u00bbfull\u00a0\u00bb css=\u00a0\u00bb.vc_custom_1606905634323{margin-bottom: 0px !important;}\u00a0\u00bb][\/vc_column][vc_column width=\u00a0\u00bb1\/3&Prime; css=\u00a0\u00bb.vc_custom_1605698986496{margin-right: 0px !important;margin-left: 0px !important;padding-right: 0px !important;padding-left: 0px !important;}\u00a0\u00bb][vc_single_image image=\u00a0\u00bb7631&Prime; img_size=\u00a0\u00bbfull\u00a0\u00bb css=\u00a0\u00bb.vc_custom_1606905637610{margin-bottom: 0px !important;}\u00a0\u00bb][\/vc_column][vc_column width=\u00a0\u00bb1\/3&Prime; css=\u00a0\u00bb.vc_custom_1605698992817{margin-right: 0px !important;margin-left: 0px !important;padding-right: 0px !important;padding-left: 0px !important;}\u00a0\u00bb][vc_single_image image=\u00a0\u00bb7630&Prime; img_size=\u00a0\u00bbfull\u00a0\u00bb css=\u00a0\u00bb.vc_custom_1606905640985{margin-bottom: 0px !important;}\u00a0\u00bb][\/vc_column][\/vc_row][vc_row][vc_column][vc_column_text]\r\n<div class=\"wp-block-columns alignfull is-not-stacked-on-mobile\" style=\"margin-top: 0; margin-bottom: 0; padding: 0; gap: 0;\">\r\n<div class=\"wp-block-column\" style=\"padding: 0;\"><\/div>\r\n<!-- \/wp:post-content -->\r\n\r\n<\/div>\r\n<!-- \/wp:columns -->[\/vc_column_text][\/vc_column][\/vc_row]<!-- \/wp:freeform --><\/div>","protected":false},"excerpt":{"rendered":"<p>[vc_row fullwidth=\u00a0\u00bbtrue\u00a0\u00bb css=\u00a0\u00bb.vc_custom_1611218637961{background-image: url(https:\/\/calabizo.com\/wp-content\/uploads\/2020\/11\/donde_encontrarlo.jpg?id=7633) !important;background-position: center !important;background-repeat: no-repeat !important;background-size: cover !important;}\u00a0\u00bb][vc_column][vc_custom_heading text=\u00a0\u00bbCalabizo \u00a1Muy cerca de ti!\u00a0\u00bb font_container=\u00a0\u00bbtag:h1|text_align:center|color:%23ffffff\u00a0\u00bb use_theme_fonts=\u00a0\u00bbyes\u00a0\u00bb css=\u00a0\u00bb.vc_custom_1772062024692{margin-top: 100px !important;margin-bottom: 100px !important;}\u00a0\u00bb el_class=\u00a0\u00bbtitulo-cabecera element-hidden\u00a0\u00bb][vc_custom_heading text=\u00a0\u00bbCalabizo \u00a1Muy cerca de ti!\u00a0\u00bb font_container=\u00a0\u00bbtag:h1|text_align:center|color:%23ffffff\u00a0\u00bb use_theme_fonts=\u00a0\u00bbyes\u00a0\u00bb css=\u00a0\u00bb.vc_custom_1772062045791{margin-top: 100px !important;margin-bottom: 5px !important;}\u00a0\u00bb el_class=\u00a0\u00bbtitulo-cabecera element-hidden-pc\u00a0\u00bb][vc_custom_heading text=\u00a0\u00bbCalabizo\u00a0\u00bb font_container=\u00a0\u00bbtag:h1|text_align:center|color:%23ffffff\u00a0\u00bb use_theme_fonts=\u00a0\u00bbyes\u00a0\u00bb css=\u00a0\u00bb.vc_custom_1611309675644{margin-bottom: 100px !important;}\u00a0\u00bb el_class=\u00a0\u00bbtitulo-cabecera element-hidden-pc\u00a0\u00bb][\/vc_column][\/vc_row][vc_row css=\u00a0\u00bb.vc_custom_1611218643845{margin-top: 50px !important;}\u00a0\u00bb el_class=\u00a0\u00bbdonde-enc-1&Prime;][vc_column width=\u00a0\u00bb1\/6&Prime;][\/vc_column][vc_column width=\u00a0\u00bb2\/3&Prime;][vc_custom_heading text=\u00a0\u00bbCalabizo, \u00a1Muy [&hellip;]<\/p>\n","protected":false},"author":1,"featured_media":0,"parent":0,"menu_order":0,"comment_status":"open","ping_status":"closed","template":"","meta":{"_acf_changed":false,"footnotes":""},"class_list":["post-29696","page","type-page","status-publish","hentry"],"acf":[],"_links":{"self":[{"href":"https:\/\/calabizo.com\/fr\/wp-json\/wp\/v2\/pages\/29696","targetHints":{"allow":["GET"]}}],"collection":[{"href":"https:\/\/calabizo.com\/fr\/wp-json\/wp\/v2\/pages"}],"about":[{"href":"https:\/\/calabizo.com\/fr\/wp-json\/wp\/v2\/types\/page"}],"author":[{"embeddable":true,"href":"https:\/\/calabizo.com\/fr\/wp-json\/wp\/v2\/users\/1"}],"replies":[{"embeddable":true,"href":"https:\/\/calabizo.com\/fr\/wp-json\/wp\/v2\/comments?post=29696"}],"version-history":[{"count":6,"href":"https:\/\/calabizo.com\/fr\/wp-json\/wp\/v2\/pages\/29696\/revisions"}],"predecessor-version":[{"id":29743,"href":"https:\/\/calabizo.com\/fr\/wp-json\/wp\/v2\/pages\/29696\/revisions\/29743"}],"wp:attachment":[{"href":"https:\/\/calabizo.com\/fr\/wp-json\/wp\/v2\/media?parent=29696"}],"curies":[{"name":"wp","href":"https:\/\/api.w.org\/{rel}","templated":true}]}}