{"id":11793,"date":"2021-01-29T10:53:23","date_gmt":"2021-01-29T09:53:23","guid":{"rendered":"https:\/\/calabizo.com\/feder-re-acciona\/"},"modified":"2021-01-29T10:56:30","modified_gmt":"2021-01-29T09:56:30","slug":"feder-re-acciona","status":"publish","type":"page","link":"https:\/\/calabizo.com\/fr\/feder-re-acciona\/","title":{"rendered":"FEDER Re-acciona"},"content":{"rendered":"\n<p class=\"has-text-align-center\"><strong><em>\u00ab\u00a0Cette soci\u00e9t\u00e9 a b\u00e9n\u00e9fici\u00e9 d&rsquo;une subvention Re-acciona\u00a0\u00bb<\/em><\/strong> .<\/p>\n\n<div class=\"wp-block-image element-center\"><figure class=\"aligncenter size-full is-resized\"><a href=\"https:\/\/calabizo.com\/wp-content\/uploads\/2021\/01\/pjjkionlnmjgjopn.png\"><img fetchpriority=\"high\" decoding=\"async\" src=\"https:\/\/calabizo.com\/wp-content\/uploads\/2021\/01\/pjjkionlnmjgjopn.png\" alt=\"\" class=\"wp-image-11299\" width=\"549\" height=\"383\" srcset=\"https:\/\/calabizo.com\/wp-content\/uploads\/2021\/01\/pjjkionlnmjgjopn.png 549w, https:\/\/calabizo.com\/wp-content\/uploads\/2021\/01\/pjjkionlnmjgjopn-768x535.png 768w, https:\/\/calabizo.com\/wp-content\/uploads\/2021\/01\/pjjkionlnmjgjopn-500x349.png 500w, https:\/\/calabizo.com\/wp-content\/uploads\/2021\/01\/pjjkionlnmjgjopn-1000x697.png 1000w\" sizes=\"(max-width: 549px) 100vw, 549px\" \/><\/a><\/figure><\/div>\n\n<p><\/p>\n\n<p><\/p>\n","protected":false},"excerpt":{"rendered":"<p>\u00ab\u00a0Cette soci\u00e9t\u00e9 a b\u00e9n\u00e9fici\u00e9 d&rsquo;une subvention Re-acciona\u00a0\u00bb .<\/p>\n","protected":false},"author":1,"featured_media":0,"parent":0,"menu_order":0,"comment_status":"closed","ping_status":"closed","template":"","meta":{"_acf_changed":false,"footnotes":""},"class_list":["post-11793","page","type-page","status-publish","hentry"],"acf":[],"_links":{"self":[{"href":"https:\/\/calabizo.com\/fr\/wp-json\/wp\/v2\/pages\/11793","targetHints":{"allow":["GET"]}}],"collection":[{"href":"https:\/\/calabizo.com\/fr\/wp-json\/wp\/v2\/pages"}],"about":[{"href":"https:\/\/calabizo.com\/fr\/wp-json\/wp\/v2\/types\/page"}],"author":[{"embeddable":true,"href":"https:\/\/calabizo.com\/fr\/wp-json\/wp\/v2\/users\/1"}],"replies":[{"embeddable":true,"href":"https:\/\/calabizo.com\/fr\/wp-json\/wp\/v2\/comments?post=11793"}],"version-history":[{"count":5,"href":"https:\/\/calabizo.com\/fr\/wp-json\/wp\/v2\/pages\/11793\/revisions"}],"predecessor-version":[{"id":11823,"href":"https:\/\/calabizo.com\/fr\/wp-json\/wp\/v2\/pages\/11793\/revisions\/11823"}],"wp:attachment":[{"href":"https:\/\/calabizo.com\/fr\/wp-json\/wp\/v2\/media?parent=11793"}],"curies":[{"name":"wp","href":"https:\/\/api.w.org\/{rel}","templated":true}]}}