{"id":11729,"date":"2021-01-29T10:47:26","date_gmt":"2021-01-29T09:47:26","guid":{"rendered":"https:\/\/calabizo.com\/breve-description-du-projet\/"},"modified":"2021-01-29T11:32:47","modified_gmt":"2021-01-29T10:32:47","slug":"breve-description-du-projet","status":"publish","type":"page","link":"https:\/\/calabizo.com\/fr\/breve-description-du-projet\/","title":{"rendered":"Br\u00e8ve description du projet"},"content":{"rendered":"<div class=\"wpb-content-wrapper\"><p>[vc_row][vc_column][vc_column_text css=\u00a0\u00bb.vc_custom_1474460620696{margin-top: 250px !important;}\u00a0\u00bb]<\/p>\n<p style=\"text-align: center;\"><strong>Br\u00e8ve description du projet:<\/strong><\/p>\n<p>[\/vc_column_text][vc_column_text css=\u00a0\u00bb.vc_custom_1474462096420{margin-top: 0px !important;margin-bottom: 150px !important;}\u00a0\u00bb]<\/p>\n<p style=\"text-align: center;\">Projet d&rsquo;investissement pour les nouveaux entrepreneurs (GALICIA EMPRENDE) cofinanc\u00e9 par le Fonds europ\u00e9en de d\u00e9veloppement r\u00e9gional dans le cadre du programme op\u00e9rationnel Feder Galicia 2014-2020.<\/p>\n<p style=\"text-align: center;\">Le projet susmentionn\u00e9 consiste en la mise en service d&rsquo;une nouvelle usine avec des machines adapt\u00e9es au produit fabriqu\u00e9, compte tenu des sp\u00e9cificit\u00e9s de Calabizo.<\/p>\n<p>[\/vc_column_text][\/vc_column][\/vc_row]<\/p>\n<\/div>","protected":false},"excerpt":{"rendered":"<p>[vc_row][vc_column][vc_column_text css=\u00a0\u00bb.vc_custom_1474460620696{margin-top: 250px !important;}\u00a0\u00bb] Br\u00e8ve description du projet: [\/vc_column_text][vc_column_text css=\u00a0\u00bb.vc_custom_1474462096420{margin-top: 0px !important;margin-bottom: 150px !important;}\u00a0\u00bb] Projet d&rsquo;investissement pour les nouveaux entrepreneurs (GALICIA EMPRENDE) cofinanc\u00e9 par le Fonds europ\u00e9en de d\u00e9veloppement r\u00e9gional dans le cadre du programme op\u00e9rationnel Feder Galicia 2014-2020. Le projet susmentionn\u00e9 consiste en la mise en service d&rsquo;une nouvelle usine avec des machines adapt\u00e9es [&hellip;]<\/p>\n","protected":false},"author":3,"featured_media":0,"parent":0,"menu_order":0,"comment_status":"open","ping_status":"open","template":"","meta":{"_acf_changed":false,"footnotes":""},"class_list":["post-11729","page","type-page","status-publish","hentry"],"acf":[],"_links":{"self":[{"href":"https:\/\/calabizo.com\/fr\/wp-json\/wp\/v2\/pages\/11729","targetHints":{"allow":["GET"]}}],"collection":[{"href":"https:\/\/calabizo.com\/fr\/wp-json\/wp\/v2\/pages"}],"about":[{"href":"https:\/\/calabizo.com\/fr\/wp-json\/wp\/v2\/types\/page"}],"author":[{"embeddable":true,"href":"https:\/\/calabizo.com\/fr\/wp-json\/wp\/v2\/users\/3"}],"replies":[{"embeddable":true,"href":"https:\/\/calabizo.com\/fr\/wp-json\/wp\/v2\/comments?post=11729"}],"version-history":[{"count":1,"href":"https:\/\/calabizo.com\/fr\/wp-json\/wp\/v2\/pages\/11729\/revisions"}],"predecessor-version":[{"id":11730,"href":"https:\/\/calabizo.com\/fr\/wp-json\/wp\/v2\/pages\/11729\/revisions\/11730"}],"wp:attachment":[{"href":"https:\/\/calabizo.com\/fr\/wp-json\/wp\/v2\/media?parent=11729"}],"curies":[{"name":"wp","href":"https:\/\/api.w.org\/{rel}","templated":true}]}}