{"id":28754,"date":"2025-03-17T00:48:27","date_gmt":"2025-03-16T23:48:27","guid":{"rendered":"https:\/\/calabizo.com\/?post_type=product&#038;p=28754"},"modified":"2026-03-20T14:45:50","modified_gmt":"2026-03-20T13:45:50","slug":"caja-los-untables-de-calabizo","status":"publish","type":"product","link":"https:\/\/calabizo.com\/en\/product\/caja-los-untables-de-calabizo\/","title":{"rendered":"Caja: Los Untables de Calabizo"},"content":{"rendered":"","protected":false},"excerpt":{"rendered":"<div class=\"producto-descripcion\">\n<div class=\"producto-introduccion\">\n<div class=\"descripcion_potaje_cajas\">\n<p>Descubre el sabor de nuestros deliciosos untables con el mejor pan seco de Galicia, las &#8220;Mari\u00f1eiras&#8221;!<\/p>\n<p>Saborea nuestros 3 untables de garbanzos con calabizo, en versi\u00f3n normal y picante, y el untable de pimientos del piquillo, acompa\u00f1ado del pan sin miga de larga duraci\u00f3n de Daveiga.<\/p>\n<p>100% natural \u2013 100% hecho en Galicia!<\/p>\n<p>Vegano, sin conservantes ni aditivos y con mucho aceite de oliva virgen extra!<\/p>\n<\/div>\n<\/div>\n<div class=\"producto-caracteristicas\">\n<div class=\"lista-producto-caracteristicas\">\n<div class=\"producto-caract-indiv\">\n<div class=\"producto-ind-iconos\"><img decoding=\"async\" src=\"\/wp-content\/uploads\/2021\/01\/fp-frio.png\" \/><\/div>\n<div class=\"producto-ind-titulo\">\n<p>No necesita fr\u00edo<\/p>\n<\/div>\n<\/div>\n<div class=\"producto-caract-indiv\">\n<div class=\"producto-ind-iconos\"><img decoding=\"async\" src=\"\/wp-content\/uploads\/2021\/01\/fp-aditivos.png\" \/><\/div>\n<div class=\"producto-ind-titulo\">\n<p>Sin Aditivos<\/p>\n<\/div>\n<\/div>\n<div class=\"producto-caract-indiv\">\n<div class=\"producto-ind-iconos\"><img decoding=\"async\" src=\"\/wp-content\/uploads\/2021\/01\/fp-sojagluten.png\" \/><\/div>\n<div class=\"producto-ind-titulo\">\n<p>Sin soja\/<br \/>\nsin gluten<\/p>\n<\/div>\n<\/div>\n<div class=\"producto-caract-indiv\">\n<div class=\"producto-ind-iconos\"><img decoding=\"async\" src=\"\/wp-content\/uploads\/2021\/01\/fp-colesterol.png\" \/><\/div>\n<div class=\"producto-ind-titulo\">\n<p>Sin colesterol<\/p>\n<\/div>\n<\/div>\n<div class=\"producto-caract-indiv\">\n<div class=\"producto-ind-iconos\"><img decoding=\"async\" src=\"\/wp-content\/uploads\/2021\/01\/fp-calorias.png\" \/><\/div>\n<div class=\"producto-ind-titulo\">\n<p>Bajo en calor\u00edas<\/p>\n<\/div>\n<\/div>\n<div class=\"producto-caract-indiv\">\n<div class=\"producto-ind-iconos\"><img decoding=\"async\" src=\"\/wp-content\/uploads\/2021\/01\/fp-fibra.png\" \/><\/div>\n<div class=\"producto-ind-titulo\">\n<p>Rico en fibra<\/p>\n<\/div>\n<\/div>\n<\/div>\n<div class=\"producto-desplegables\">\n<div class=\"bloque-desplegable\">\n<div id=\"producto-despleg-tit-ingredientes\" class=\"cerrado desplegable\">\n<h3>Qu\u00e9 incluye la caja:<\/h3>\n<\/div>\n<div id=\"producto-despleg-ingredientes\">\n<ul>\n<li><strong>Hummus con calabizo (untable de garbanzos con calabizo)<\/strong><\/li>\n<\/ul>\n<div class=\"descripcion_potaje_cajas\">\n<p>Disfruta de la receta cl\u00e1sica oriental de hummus con el sabor de algo tan nuestro como es el chorizo, que le confiere nuestro sabroso embutido de calabaza, el calabizo.<\/p>\n<p>Un sabroso y nutritivo untable elaborado con ingredientes de primera calidad: garbanzos de Le\u00f3n, aceite de oliva virgen extra (11%), tahini (pasta de s\u00e9samo) y calabizo.<\/p>\n<p>\u00bfLo mejor? Este delicioso untable de garbanzos con calabizo lo podr\u00e1s llevar a cualquier lugar porque no precisa fr\u00edo!<\/p>\n<p>Vegano y sin gluten. Tan f\u00e1cil y c\u00f3modo como \u00ababrir y listo\u00bb, para dipear o untar.<\/p>\n<p>Lata de aluminio redonda, 120g. Libre de BPA. Consumo preferente 2 a\u00f1os. Una vez abierto, conservar en frigor\u00edfico y consumir en el plazo de dos d\u00edas.<\/p>\n<p>Al\u00e9rgenos: contiene s\u00e9samo (tahini)<\/p>\n<\/div>\n<ul>\n<li><strong>Hummus picante con calabizo. (untable picante de garbanzos con calabizo)<\/strong><\/li>\n<\/ul>\n<div class=\"descripcion_potaje_cajas\">\n<p>Disfruta de la receta cl\u00e1sica oriental de hummus, en versi\u00f3n picante, con el sabor de algo tan nuestro como es el chorizo, que le confiere nuestro sabroso embutido de calabaza, el calabizo.<\/p>\n<p>Un sabroso y nutritivo untable con un toque de picante, elaborado con ingredientes de primera calidad: garbanzos de Le\u00f3n, aceite de oliva virgen extra (11%), tahini (pasta de s\u00e9samo) y calabizo picante.<\/p>\n<p>\u00bfLo mejor? Este delicioso untable de garbanzos con calabizo picante lo podr\u00e1s llevar a cualquier lugar porque no precisa fr\u00edo!<\/p>\n<p>Vegano y sin gluten. Tan f\u00e1cil y c\u00f3modo como \u00ababrir y listo\u00bb, para dipear o untar.<\/p>\n<p>Lata de aluminio redonda, 120g. Libre de BPA. Consumo preferente 2 a\u00f1os. Una vez abierto, conservar en frigor\u00edfico y consumir en el plazo de dos d\u00edas.<\/p>\n<p>Al\u00e9rgenos: contiene s\u00e9samo (tahini)<\/p>\n<\/div>\n<ul>\n<li><strong>Untable de pimientos<\/strong><\/li>\n<\/ul>\n<div class=\"descripcion_potaje_cajas\">\n<p>Descubre nuestro untable de pimientos del piquillo, un delicioso tentempi\u00e9 elaborado con ingredientes de primer\u00edsima calidad y sin conservantes ni aditivos<\/p>\n<p>Cuando descubras nuestro untable de pimientos, no querr\u00e1s dejar de dipear esta delicia que elaboramos con pimientos del piquillo confitados, garbanzos de Le\u00f3n y almendras Marcona,<\/p>\n<p>\u00bfLo mejor? Este delicioso untable de pimientos lo podr\u00e1s llevar a cualquier lugar porque no precisa fr\u00edo!<\/p>\n<p>Vegano y sin gluten. Tan f\u00e1cil y c\u00f3modo como \u00ababrir y listo\u00bb, para dipear o untar.<\/p>\n<p>Lata de aluminio redonda, 120g. Libre de BPA. Consumo preferente 2 a\u00f1os. Una vez abierto, conservar en frigor\u00edfico y consumir en el plazo de dos d\u00edas.<\/p>\n<p>Al\u00e9rgenos: contiene frutos de c\u00e1scara: almendras<\/p>\n<\/div>\n<ul>\n<li><strong>Pan crujiente Mari\u00f1eiras de Daveiga<\/strong><\/li>\n<\/ul>\n<div class=\"descripcion_potaje_cajas\">\n<p>Las galletas Mari\u00f1eiras es una marca gallega inspirada en el pan seco, sin miga, que utilizaban los marineros del S.XV.<\/p>\n<p>Una soluci\u00f3n antiqu\u00edsima de los mari\u00f1eros para conservar el pan en largas traves\u00edas oce\u00e1nicas, de forma natural.<\/p>\n<p>Se pueden comer solas o acompa\u00f1adas con las comidas a cualquier hora. Ideales para acompa\u00f1ar con nuestro Hummus!<\/p>\n<p>Vegano, con aceite de oliva virgen extra y sin conservantes ni aditivos.<\/p>\n<p>Bolsa de 50 g. Largo Consumo preferente.<\/p>\n<p>Ingredientes: Harina de trigo, aceite de oliva virgen extra (9%), sal marina, extracto de malta de cebada, harina de malta de cebada, levadura.<\/p>\n<p>Al\u00e9rgenos: Contiene gluten. Puede contener soja y mostaza.<\/p>\n<\/div>\n<ul>\n<li>Si lo deseas, puedes personalizar una <strong>Tarjeta de Regalo<\/strong><br \/>\nEscr\u00edbenos el texto en la casilla de &#8220;Observaciones&#8221; y lo transcribiremos en tu nombre.<\/li>\n<\/ul>\n<\/div>\n<\/div>\n<div class=\"bloque-desplegable\">\n<div id=\"producto-despleg-tit-sugerencias\" class=\"cerrado desplegable\">\n<h3>Sugerencias de preparaci\u00f3n<\/h3>\n<p>+<\/p>\n<\/div>\n<div id=\"producto-despleg-sugerencias\">\n<div class=\"producto-suger-tip\">\n<div class=\"div-sugerencias\">\n<div class=\"img-sugerencias\"><img decoding=\"async\" src=\"\/wp-content\/uploads\/2023\/12\/nachos2.png\" \/><\/div>\n<div class=\"p-sugerencias\">\n<p class=\"producto-suger-tip-titulo\">\u00a1Para dipear!<\/p>\n<p>Con palitos de pan, crudit\u00e9s, nachos&#8230;<\/p>\n<\/div>\n<\/div>\n<div class=\"div-sugerencias\">\n<div class=\"img-sugerencias\"><img decoding=\"async\" src=\"\/wp-content\/uploads\/2023\/12\/butter.png\" \/><\/div>\n<div class=\"p-sugerencias\">\n<p class=\"producto-suger-tip-titulo\">\u00a1Para untar!<\/p>\n<p>En tostadas, s\u00e1ndwiches, pan de pita y bocadillos.<\/p>\n<\/div>\n<\/div>\n<div class=\"div-sugerencias\">\n<div class=\"img-sugerencias\"><img decoding=\"async\" src=\"\/wp-content\/uploads\/2023\/12\/sauce.png\" \/><\/div>\n<div class=\"p-sugerencias\">\n<p class=\"producto-suger-tip-titulo\">\u00a1Para guarnici\u00f3n!<\/p>\n<p>Para rellenos, salsas y guarniciones<\/p>\n<\/div>\n<\/div>\n<\/div>\n<p>&nbsp;<\/p>\n<h3>Recomendaciones de uso<\/h3>\n<div class=\"lista-recomendaciones\">\n<ul>\n<li>Una vez abierto conservar en fr\u00edo entre 2\u00ba y 8\u00ba, y consumir en un plazo m\u00e1ximo de 2 d\u00edas.<\/li>\n<li>Abrir el envase, remover y consumir directamente con palitos de pan, crudit\u00e9s, en tostadas&#8230;<\/li>\n<\/ul>\n<\/div>\n<\/div>\n<\/div>\n<\/div>\n<\/div>\n<\/div>\n","protected":false},"featured_media":28765,"comment_status":"closed","ping_status":"closed","template":"","meta":{"_acf_changed":false},"product_brand":[],"product_cat":[1050],"product_tag":[371,326,1061,331,332,333,372],"class_list":{"0":"post-28754","1":"product","2":"type-product","3":"status-publish","4":"has-post-thumbnail","6":"product_cat-cajas-calabiceras-en","7":"product_tag-calabaza-en","8":"product_tag-calabizo-en","9":"product_tag-hummus-en","10":"product_tag-sin-gluten-en","11":"product_tag-tradicional-en","12":"product_tag-vegano-en","13":"product_tag-vegetal-en","15":"first","16":"instock","17":"taxable","18":"shipping-taxable","19":"purchasable","20":"product-type-simple"},"acf":[],"_links":{"self":[{"href":"https:\/\/calabizo.com\/en\/wp-json\/wp\/v2\/product\/28754","targetHints":{"allow":["GET"]}}],"collection":[{"href":"https:\/\/calabizo.com\/en\/wp-json\/wp\/v2\/product"}],"about":[{"href":"https:\/\/calabizo.com\/en\/wp-json\/wp\/v2\/types\/product"}],"replies":[{"embeddable":true,"href":"https:\/\/calabizo.com\/en\/wp-json\/wp\/v2\/comments?post=28754"}],"version-history":[{"count":5,"href":"https:\/\/calabizo.com\/en\/wp-json\/wp\/v2\/product\/28754\/revisions"}],"predecessor-version":[{"id":29587,"href":"https:\/\/calabizo.com\/en\/wp-json\/wp\/v2\/product\/28754\/revisions\/29587"}],"wp:featuredmedia":[{"embeddable":true,"href":"https:\/\/calabizo.com\/en\/wp-json\/wp\/v2\/media\/28765"}],"wp:attachment":[{"href":"https:\/\/calabizo.com\/en\/wp-json\/wp\/v2\/media?parent=28754"}],"wp:term":[{"taxonomy":"product_brand","embeddable":true,"href":"https:\/\/calabizo.com\/en\/wp-json\/wp\/v2\/product_brand?post=28754"},{"taxonomy":"product_cat","embeddable":true,"href":"https:\/\/calabizo.com\/en\/wp-json\/wp\/v2\/product_cat?post=28754"},{"taxonomy":"product_tag","embeddable":true,"href":"https:\/\/calabizo.com\/en\/wp-json\/wp\/v2\/product_tag?post=28754"}],"curies":[{"name":"wp","href":"https:\/\/api.w.org\/{rel}","templated":true}]}}