{"id":27203,"date":"2019-11-12T18:56:01","date_gmt":"2019-11-12T17:56:01","guid":{"rendered":"https:\/\/calabizo.com\/producto\/caja-calabicera-hummus-potaje-de-garbanzos\/"},"modified":"2026-03-20T14:45:48","modified_gmt":"2026-03-20T13:45:48","slug":"caja-sabor-calabizo-hummus-potaje-de-garbanzos","status":"publish","type":"product","link":"https:\/\/calabizo.com\/en\/product\/caja-sabor-calabizo-hummus-potaje-de-garbanzos\/","title":{"rendered":"Caja Sabor: Calabizo + Hummus + Potaje de garbanzos"},"content":{"rendered":"","protected":false},"excerpt":{"rendered":"<div class=\"producto-descripcion\">\n<div class=\"producto-introduccion\">\n        Disfruta de nuestra <strong>Caja Sabor<\/strong> y descubre el sabor de nuestro embutido de calabaza y el de nuestros productos elaborados con \u00e9l: el sabroso potaje de garbanzos con espinacas y el hummus con calabizo.<\/p>\n<p>        \u00a1Todo vegano, sin gluten y sin conservantes!\n    <\/p><\/div>\n<div class=\"producto-caracteristicas\">\n<div class=\"lista-producto-caracteristicas\">\n<div class=\"producto-caract-indiv\">\n<div class=\"producto-ind-iconos\"><img decoding=\"async\" src=\"\/wp-content\/uploads\/2021\/01\/fp-frio.png\" \/><\/div>\n<div class=\"producto-ind-titulo\">No necesita fr\u00edo<\/div>\n<\/p><\/div>\n<div class=\"producto-caract-indiv\">\n<div class=\"producto-ind-iconos\"><img decoding=\"async\" src=\"\/wp-content\/uploads\/2021\/01\/fp-aditivos.png\" \/><\/div>\n<div class=\"producto-ind-titulo\">Sin Aditivos<\/div>\n<\/p><\/div>\n<div class=\"producto-caract-indiv\">\n<div class=\"producto-ind-iconos\"><img decoding=\"async\" src=\"\/wp-content\/uploads\/2021\/01\/fp-sojagluten.png\" \/><\/div>\n<div class=\"producto-ind-titulo\">Sin soja \/ sin gluten<\/div>\n<\/p><\/div>\n<div class=\"producto-caract-indiv\">\n<div class=\"producto-ind-iconos\"><img decoding=\"async\" src=\"\/wp-content\/uploads\/2021\/01\/fp-colesterol.png\" \/><\/div>\n<div class=\"producto-ind-titulo\">Sin colesterol<\/div>\n<\/p><\/div>\n<div class=\"producto-caract-indiv\">\n<div class=\"producto-ind-iconos\"><img decoding=\"async\" src=\"\/wp-content\/uploads\/2021\/01\/fp-calorias.png\" \/><\/div>\n<div class=\"producto-ind-titulo\">Bajo en calor\u00edas<\/div>\n<\/p><\/div>\n<div class=\"producto-caract-indiv\">\n<div class=\"producto-ind-iconos\"><img decoding=\"async\" src=\"\/wp-content\/uploads\/2021\/01\/fp-fibra.png\" \/><\/div>\n<div class=\"producto-ind-titulo\">Rico en fibra<\/div>\n<\/p><\/div>\n<\/p><\/div>\n<div class=\"producto-desplegables\">\n<div class=\"bloque-desplegable\">\n<div id=\"producto-despleg-tit-ingredientes\" class=\"cerrado desplegable\">\n<h3>\u00bfQu\u00e9 incluye la caja?<\/h3>\n<p>                    +\n                <\/p><\/div>\n<div id=\"producto-despleg-ingredientes\">\n<ul>\n<li><strong>Calabizo: embutido de calabaza, 100% vegetal<\/strong><\/li>\n<\/ul>\n<p>                    Vegano y sin gluten. Disfruta de calabizo, el primer embutido vegetal de calabaza. Elaborado al modo tradicional: ahumado en madera de roble y curado y con todo el sabor a chorizo. 1 pack de 3 uds. de calabizo dulce, 120 g. Consumo preferente 1 a\u00f1o. Una vez abierto, puede conservarse en nevera o a temperatura ambiente, en un lugar fresco y seco.<\/p>\n<ul>\n<li><strong>Potaje de garbanzos con calabizo<\/strong><\/li>\n<\/ul>\n<p>                    Vegano y sin gluten. Con todo el sabor a potaje tradicional que le confiere calabizo, nuestro embutido de calabaza, 100% vegetal. Tan f\u00e1cil y c\u00f3modo como \u00abcalentar y listo\u00bb, para disfrutar de un plato sabroso a la vez que saludable y nutritivo. Tarro de vidrio, 720g. (2-3 raciones) Consumo preferente 3 a\u00f1os. Una vez abierto, conservar en frigor\u00edfico y consumir en el plazo de dos d\u00edas.<\/p>\n<ul>\n<li><strong>Hummus con calabizo<\/strong><\/li>\n<\/ul>\n<p>                    Vegano y sin gluten. Un sabroso y nutritivo untable elaborado con ingredientes de primera calidad: garbanzos de Le\u00f3n, aceite de oliva virgen extra, tahini y calabizo. Basado en la receta cl\u00e1sica oriental de hummus con el sabor de algo tan nuestro como es el chorizo, que le confiere nuestro sabroso embutido de calabaza, el calabizo. Lata de aluminio, 120g. Consumo preferente 2 a\u00f1os. Una vez abierto, conservar en frigor\u00edfico y consumir en el plazo de dos d\u00edas.<\/p>\n<p>&nbsp;<\/p>\n<ul>\n<li>Si lo deseas, puedes personalizar una <strong>Tarjeta de Regalo<\/strong><\/li>\n<\/ul>\n<p>                    Escr\u00edbenos el texto en la casilla de \u00abObservaciones\u00bb y lo transcribiremos en tu nombre.\n                <\/p><\/div>\n<\/p><\/div>\n<\/p><\/div>\n<\/p><\/div>\n<\/div>\n","protected":false},"featured_media":29612,"comment_status":"closed","ping_status":"closed","template":"","meta":{"_acf_changed":false},"product_brand":[],"product_cat":[391,1050],"product_tag":[326,395,394,329,331,393,396,333,372],"class_list":{"0":"post-27203","1":"product","2":"type-product","3":"status-publish","4":"has-post-thumbnail","6":"product_cat-calabiceros-packs","7":"product_cat-cajas-calabiceras-en","8":"product_tag-calabizo-en","9":"product_tag-chickpea-stew","10":"product_tag-chickpeas","11":"product_tag-pack-de-3-en","12":"product_tag-sin-gluten-en","13":"product_tag-stew","14":"product_tag-vegan-stew","15":"product_tag-vegano-en","16":"product_tag-vegetal-en","17":"product_shipping_class-caja-picante-en","19":"first","20":"instock","21":"taxable","22":"shipping-taxable","23":"purchasable","24":"product-type-simple"},"acf":[],"_links":{"self":[{"href":"https:\/\/calabizo.com\/en\/wp-json\/wp\/v2\/product\/27203","targetHints":{"allow":["GET"]}}],"collection":[{"href":"https:\/\/calabizo.com\/en\/wp-json\/wp\/v2\/product"}],"about":[{"href":"https:\/\/calabizo.com\/en\/wp-json\/wp\/v2\/types\/product"}],"replies":[{"embeddable":true,"href":"https:\/\/calabizo.com\/en\/wp-json\/wp\/v2\/comments?post=27203"}],"version-history":[{"count":3,"href":"https:\/\/calabizo.com\/en\/wp-json\/wp\/v2\/product\/27203\/revisions"}],"predecessor-version":[{"id":29611,"href":"https:\/\/calabizo.com\/en\/wp-json\/wp\/v2\/product\/27203\/revisions\/29611"}],"wp:featuredmedia":[{"embeddable":true,"href":"https:\/\/calabizo.com\/en\/wp-json\/wp\/v2\/media\/29612"}],"wp:attachment":[{"href":"https:\/\/calabizo.com\/en\/wp-json\/wp\/v2\/media?parent=27203"}],"wp:term":[{"taxonomy":"product_brand","embeddable":true,"href":"https:\/\/calabizo.com\/en\/wp-json\/wp\/v2\/product_brand?post=27203"},{"taxonomy":"product_cat","embeddable":true,"href":"https:\/\/calabizo.com\/en\/wp-json\/wp\/v2\/product_cat?post=27203"},{"taxonomy":"product_tag","embeddable":true,"href":"https:\/\/calabizo.com\/en\/wp-json\/wp\/v2\/product_tag?post=27203"}],"curies":[{"name":"wp","href":"https:\/\/api.w.org\/{rel}","templated":true}]}}