{"id":8646,"date":"2020-06-11T10:55:14","date_gmt":"2020-06-11T08:55:14","guid":{"rendered":"https:\/\/calabizo.com\/producto\/bio-kichererbseneintopf-mit-calabizo-grose-gros-2-3-portionen\/"},"modified":"2023-02-07T20:26:53","modified_gmt":"2023-02-07T19:26:53","slug":"kichererbsen-eintopf-mit-calabizo-grose-2-3-portionen","status":"publish","type":"product","link":"https:\/\/calabizo.com\/de\/producto\/kichererbsen-eintopf-mit-calabizo-grose-2-3-portionen\/","title":{"rendered":"Schachtel Kichererbseneintopf mit Calabizo. 12 Gl\u00e4ser mit 720 g."},"content":{"rendered":"","protected":false},"excerpt":{"rendered":"<div class=\"producto-descripcion\">\n<div class=\"btns-packs\">\n<div class=\"btn-pack\">\n      <a class=\"current-pack\">Packung mit 12<\/a>\n    <\/div>\n<\/p><\/div>\n<div class=\"producto-introduccion\">\n<p>Genie\u00dfen Sie den ersten veganen Kichererbseneintopf auf dem Markt mit einem anerkannten Geschmack des &#8222;traditionellen&#8220; Eintopfs, den unsere K\u00fcrbiswurst Calabizo gibt.<\/p>\n<p>Das beste? Ein leckeres und nahrhaft zubereitetes Gericht, einfach aufheizen und loslegen! <a id=\"producto-intro-vermas\" class=\"cerrado\">Mehr sehen.<\/a><\/p>\n<div id=\"producto-intro-contmas\">\n<p>Ideal f\u00fcr Tage, an denen Sie keine Zeit oder Lust zum Kochen haben oder vergessen haben, die H\u00fclsenfr\u00fcchte einzuweichen. In Calabizo bieten wir Ihnen dieses zubereitete Gericht an, das nur aus pflanzlichen Zutaten hergestellt wird und das Sie nur erhitzen m\u00fcssen und das Sie genie\u00dfen k\u00f6nnen. .<\/p>\n<ul>\n<li>Schachtel mit 12 Gl\u00e4sern mit 720 g (2-3 Portionen)<br \/>(Gewicht ca. 12 kg)<\/li>\n<li>Pr\u00e4sentiert 3 Jahre bevorzugten Verbrauch<\/li>\n<li>Ben\u00f6tigt keine K\u00fchlung, au\u00dfer wenn es ge\u00f6ffnet ist<\/li>\n<\/ul><\/div>\n<\/p><\/div>\n<div class=\"producto-caracteristicas\">\n<div class=\"lista-producto-caracteristicas\">\n<div class=\"producto-caract-indiv\">\n<div class=\"producto-ind-iconos\">\n          <img decoding=\"async\" src=\"\/wp-content\/uploads\/2021\/01\/fp-frio.png\"\/>\n        <\/div>\n<div class=\"producto-ind-titulo\">\n<p>Keine Notwendigkeit kalt<\/p>\n<\/p><\/div>\n<\/p><\/div>\n<div class=\"producto-caract-indiv\">\n<div class=\"producto-ind-iconos\">\n          <img decoding=\"async\" src=\"\/wp-content\/uploads\/2021\/01\/fp-aditivos.png\"\/>\n        <\/div>\n<div class=\"producto-ind-titulo\">\n<p>Ohne Zusatzstoffe<\/p>\n<\/p><\/div>\n<\/p><\/div>\n<div class=\"producto-caract-indiv\">\n<div class=\"producto-ind-iconos\">\n          <img decoding=\"async\" src=\"\/wp-content\/uploads\/2021\/01\/fp-sojagluten.png\"\/>\n        <\/div>\n<div class=\"producto-ind-titulo\">\n<p>Sojafrei \/ glutenfrei<\/p>\n<\/p><\/div>\n<\/p><\/div>\n<div class=\"producto-caract-indiv\">\n<div class=\"producto-ind-iconos\">\n          <img decoding=\"async\" src=\"\/wp-content\/uploads\/2021\/01\/fp-colesterol.png\"\/>\n        <\/div>\n<div class=\"producto-ind-titulo\">\n<p>Cholesterin frei<\/p>\n<\/p><\/div>\n<\/p><\/div>\n<div class=\"producto-caract-indiv\">\n<div class=\"producto-ind-iconos\">\n          <img decoding=\"async\" src=\"\/wp-content\/uploads\/2021\/01\/fp-calorias.png\"\/>\n        <\/div>\n<div class=\"producto-ind-titulo\">\n<p>Wenig Kalorien<\/p>\n<\/p><\/div>\n<\/p><\/div>\n<div class=\"producto-caract-indiv\">\n<div class=\"producto-ind-iconos\">\n          <img decoding=\"async\" src=\"\/wp-content\/uploads\/2021\/01\/fp-fibra.png\"\/>\n        <\/div>\n<div class=\"producto-ind-titulo\">\n<p>Reich an Ballaststoffen<\/p>\n<\/p><\/div>\n<\/p><\/div>\n<\/p><\/div>\n<div class=\"producto-desplegables\">\n<div class=\"bloque-desplegable\">\n<div id=\"producto-despleg-tit-ingredientes\" class=\"cerrado desplegable\">\n<h3>Zutaten<\/h3>\n<p>+<\/p>\n<\/p><\/div>\n<div id=\"producto-despleg-ingredientes\">\n<p>Kichererbsen, Zwiebeln, Tomaten, Karotten, Oliven\u00f6l extra vergine (EVOO), Pfeffer, Spinat, Calabizo (K\u00fcrbiswurst, 100% Gem\u00fcse), Knoblauch, Salz und Kochwasser.<\/p>\n<p>Der Kichererbseneintopf ist ein veganes und glutenfreies Produkt.<\/p>\n<\/p><\/div>\n<\/p><\/div>\n<div class=\"bloque-desplegable\">\n<div id=\"producto-despleg-tit-informacion\" class=\"cerrado desplegable\">\n<h3>N\u00e4hrwert-Information<\/h3>\n<p>+<\/p>\n<\/p><\/div>\n<div id=\"producto-despleg-informacion\">\n<p>(Mittelwerte pro 100 g)<\/p>\n<table>\n<tbody>\n<tr>\n<td>Energetischer Wert:<\/td>\n<td>369 kj \/ 88 kcal<\/td>\n<\/tr>\n<tr>\n<td>Fette:<\/td>\n<td>3,6 g<\/td>\n<\/tr>\n<tr>\n<td>Davon ges\u00e4ttigt:<\/td>\n<td>0,6 g<\/td>\n<\/tr>\n<tr>\n<td>Kohlenhydrate:<\/td>\n<td>9,3 g<\/td>\n<\/tr>\n<tr>\n<td>Davon Zucker:<\/td>\n<td>1,2 g<\/td>\n<\/tr>\n<tr>\n<td>Proteine:<\/td>\n<td>4,6 g<\/td>\n<\/tr>\n<tr>\n<td>Salz:<\/td>\n<td>0,9 g<\/td>\n<\/tr>\n<\/tbody>\n<\/table><\/div>\n<\/p><\/div>\n<div class=\"bloque-desplegable\">\n<div id=\"producto-despleg-tit-sugerencias\" class=\"cerrado desplegable\">\n<h3>Vorbereitungstipps<\/h3>\n<p>+<\/p>\n<\/p><\/div>\n<div id=\"producto-despleg-sugerencias\">\n<p>Aufheizen und los!<\/p>\n<p>Ein einfaches, komfortables, gesundes und nahrhaftes L\u00f6ffelgericht.<\/p>\n<p>W\u00e4hlen Sie, wie Sie es erhitzen m\u00f6chten, und in wenigen Minuten werden Sie dieses leckere L\u00f6ffelgericht genie\u00dfen.<\/p>\n<div class=\"producto-suger-tip\">\n<div class=\"div-sugerencias\">\n<div class=\"img-sugerencias\">\n                  <img decoding=\"async\" src=\"\/wp-content\/uploads\/2021\/01\/olla.png\">\n                <\/div>\n<div class=\"p-sugerencias\">\n<p class=\"producto-suger-tip-titulo tit-potaje\">Topf \/ Pfanne<\/p>\n<\/p><\/div>\n<\/p><\/div>\n<div class=\"div-sugerencias\">\n<div class=\"img-sugerencias\">\n                  <img decoding=\"async\" src=\"\/wp-content\/uploads\/2021\/01\/banomaria.png\">\n                <\/div>\n<div class=\"p-sugerencias\">\n<p class=\"producto-suger-tip-titulo tit-potaje\">Wasserbad<\/p>\n<\/p><\/div>\n<\/p><\/div>\n<div class=\"div-sugerencias\">\n<div class=\"img-sugerencias\">\n                  <img decoding=\"async\" src=\"\/wp-content\/uploads\/2021\/01\/micro.png\">\n                <\/div>\n<div class=\"p-sugerencias\">\n<p class=\"producto-suger-tip-titulo tit-potaje\">Mikrowelle<\/p>\n<\/p><\/div>\n<\/p><\/div>\n<div class=\"div-sugerencias\">\n<div class=\"p-sugerencias\">\n<p><strong>Im Hashtag #recetasconcalabizo<\/strong> Sie werden mehrere M\u00f6glichkeiten finden, Calabizo zu probieren<\/p>\n<p class=\"p-recetas\"><strong>Entdecken<\/strong> unser Abschnitt von<a target=\"_blank\" href=\"\/de\/recetas\/\" rel=\"noopener\"> Rezepturen<\/a> .<\/p>\n<\/p><\/div>\n<\/p><\/div>\n<\/p><\/div>\n<h3>Empfehlungen zur Verwendung<\/h3>\n<div class=\"lista-recomendaciones\">\n<ul>\n<li>Stellt einen bevorzugten Verbrauch von 3 Jahren dar<\/li>\n<li>Nach dem \u00d6ffnen innerhalb von 2 Tagen verbrauchen.<\/li>\n<li>Nach dem \u00d6ffnen sollte es kalt gehalten werden.<\/li>\n<\/ul><\/div>\n<\/p><\/div>\n<\/p><\/div>\n<\/p><\/div>\n<\/p><\/div>\n<\/div>\n","protected":false},"featured_media":29828,"comment_status":"closed","ping_status":"closed","template":"","meta":{"_acf_changed":false},"product_brand":[],"product_cat":[284],"product_tag":[353,452,455,451,453,454,358,360,378],"class_list":{"0":"post-8646","1":"product","2":"type-product","3":"status-publish","4":"has-post-thumbnail","6":"product_cat-kichererbseneintopf","7":"product_tag-calabizo-de","8":"product_tag-garbanzos-de","9":"product_tag-pack-de-12-de","10":"product_tag-potaje-de","11":"product_tag-potaje-de-garbanzos-de","12":"product_tag-potaje-vegano-de","13":"product_tag-sin-gluten-de","14":"product_tag-vegano-de","15":"product_tag-vegetal-de","17":"first","18":"instock","19":"sold-individually","20":"taxable","21":"shipping-taxable","22":"purchasable","23":"product-type-simple"},"acf":[],"_links":{"self":[{"href":"https:\/\/calabizo.com\/de\/wp-json\/wp\/v2\/product\/8646","targetHints":{"allow":["GET"]}}],"collection":[{"href":"https:\/\/calabizo.com\/de\/wp-json\/wp\/v2\/product"}],"about":[{"href":"https:\/\/calabizo.com\/de\/wp-json\/wp\/v2\/types\/product"}],"replies":[{"embeddable":true,"href":"https:\/\/calabizo.com\/de\/wp-json\/wp\/v2\/comments?post=8646"}],"version-history":[{"count":8,"href":"https:\/\/calabizo.com\/de\/wp-json\/wp\/v2\/product\/8646\/revisions"}],"predecessor-version":[{"id":22040,"href":"https:\/\/calabizo.com\/de\/wp-json\/wp\/v2\/product\/8646\/revisions\/22040"}],"wp:featuredmedia":[{"embeddable":true,"href":"https:\/\/calabizo.com\/de\/wp-json\/wp\/v2\/media\/29828"}],"wp:attachment":[{"href":"https:\/\/calabizo.com\/de\/wp-json\/wp\/v2\/media?parent=8646"}],"wp:term":[{"taxonomy":"product_brand","embeddable":true,"href":"https:\/\/calabizo.com\/de\/wp-json\/wp\/v2\/product_brand?post=8646"},{"taxonomy":"product_cat","embeddable":true,"href":"https:\/\/calabizo.com\/de\/wp-json\/wp\/v2\/product_cat?post=8646"},{"taxonomy":"product_tag","embeddable":true,"href":"https:\/\/calabizo.com\/de\/wp-json\/wp\/v2\/product_tag?post=8646"}],"curies":[{"name":"wp","href":"https:\/\/api.w.org\/{rel}","templated":true}]}}