{"id":8589,"date":"2015-10-08T10:26:02","date_gmt":"2015-10-08T08:26:02","guid":{"rendered":"https:\/\/calabizo.com\/producto\/calabizo-picante-packung-mit-6-wursten\/"},"modified":"2025-06-23T20:58:49","modified_gmt":"2025-06-23T18:58:49","slug":"calabizo-spicy-pack-of-6-einheiten","status":"publish","type":"product","link":"https:\/\/calabizo.com\/de\/producto\/calabizo-spicy-pack-of-6-einheiten\/","title":{"rendered":"W\u00fcrziges Calabizo. Packung mit 6 Einheiten."},"content":{"rendered":"","protected":false},"excerpt":{"rendered":"<div class=\"producto-descripcion\">\n<div class=\"btns-packs\">\n<p>W\u00e4hlen Sie das Paket<\/p>\n<div class=\"btn-pack\">\n      <a href=\"\/de\/producto\/calabizo-spicy-pack-of-3-einheiten\/\">Packung mit 3<\/a>\n    <\/div>\n<div class=\"btn-pack\">\n      <a class=\"current-pack\">Packung mit 6<\/a>\n    <\/div>\n<\/p><\/div>\n<div class=\"producto-introduccion\">\n<p>Genie\u00dfen Sie Calabizo in seiner sch\u00e4rfsten Version, der ersten Gem\u00fcsek\u00fcrbiswurst. vegan und glutenfrei. Hergestellt auf traditionelle Weise: In Eichenholz ger\u00e4uchert und gep\u00f6kelt und mit dem ganzen Geschmack von Chorizo. <a id=\"producto-intro-vermas\" class=\"cerrado\">Mehr sehen.<\/a><\/p>\n<div id=\"producto-intro-contmas\">\n<p>Calabizo basiert auf einem Rezept der Vorfahren f\u00fcr galizische K\u00fcrbis-Chorizo und wird nur mit pflanzlichen Zutaten hergestellt, wobei einige Wochen lang traditionell geraucht und geh\u00e4rtet wird, ohne dass ein Zusatzstoff verwendet wird.<\/p>\n<p>Eine ideale Alternative f\u00fcr alle Arten von Di\u00e4ten aufgrund seines hohen N\u00e4hrwerts, der geringen Kalorienaufnahme, des hohen Fasergehalts, des hohen Antioxidantiengehalts und der Vitamin B6-Quelle.<\/p>\n<ul>\n<li>Packung mit 6 w\u00fcrzigen Calabizos (Gewicht ca. 240 g)<\/li>\n<li>1 Jahr Vorzugsverbrauch<\/li>\n<li>Ben\u00f6tigt keine K\u00fchlung<\/li>\n<\/ul><\/div>\n<\/p><\/div>\n<div class=\"producto-caracteristicas\">\n<div class=\"lista-producto-caracteristicas\">\n<div class=\"producto-caract-indiv\">\n<div class=\"producto-ind-iconos\">\n          <img decoding=\"async\" src=\"\/wp-content\/uploads\/2021\/01\/fp-frio.png\"\/>\n        <\/div>\n<div class=\"producto-ind-titulo\">\n<p>Keine Notwendigkeit kalt<\/p>\n<\/p><\/div>\n<\/p><\/div>\n<div class=\"producto-caract-indiv\">\n<div class=\"producto-ind-iconos\">\n          <img decoding=\"async\" src=\"\/wp-content\/uploads\/2021\/01\/fp-aditivos.png\"\/>\n        <\/div>\n<div class=\"producto-ind-titulo\">\n<p>Ohne Zusatzstoffe<\/p>\n<\/p><\/div>\n<\/p><\/div>\n<div class=\"producto-caract-indiv\">\n<div class=\"producto-ind-iconos\">\n          <img decoding=\"async\" src=\"\/wp-content\/uploads\/2021\/01\/fp-sojagluten.png\"\/>\n        <\/div>\n<div class=\"producto-ind-titulo\">\n<p>Sojafrei \/ glutenfrei<\/p>\n<\/p><\/div>\n<\/p><\/div>\n<div class=\"producto-caract-indiv\">\n<div class=\"producto-ind-iconos\">\n          <img decoding=\"async\" src=\"\/wp-content\/uploads\/2021\/01\/fp-colesterol.png\"\/>\n        <\/div>\n<div class=\"producto-ind-titulo\">\n<p>Cholesterin frei<\/p>\n<\/p><\/div>\n<\/p><\/div>\n<div class=\"producto-caract-indiv\">\n<div class=\"producto-ind-iconos\">\n          <img decoding=\"async\" src=\"\/wp-content\/uploads\/2021\/01\/fp-calorias.png\"\/>\n        <\/div>\n<div class=\"producto-ind-titulo\">\n<p>Wenig Kalorien<\/p>\n<\/p><\/div>\n<\/p><\/div>\n<div class=\"producto-caract-indiv\">\n<div class=\"producto-ind-iconos\">\n          <img decoding=\"async\" src=\"\/wp-content\/uploads\/2021\/01\/fp-fibra.png\"\/>\n        <\/div>\n<div class=\"producto-ind-titulo\">\n<p>Reich an Ballaststoffen<\/p>\n<\/p><\/div>\n<\/p><\/div>\n<\/p><\/div>\n<div class=\"producto-desplegables\">\n<div class=\"bloque-desplegable\">\n<div id=\"producto-despleg-tit-ingredientes\" class=\"cerrado desplegable\">\n<h3>Zutaten<\/h3>\n<p>+<\/p>\n<\/p><\/div>\n<div id=\"producto-despleg-ingredientes\">\n<p>K\u00fcrbis (90%), Zwiebel, Oliven\u00f6l extra vergine (EVOO), Paprika, Salz, Knoblauch und Oregano.<\/p>\n<p>W\u00fcrste in k\u00fcnstlicher Zelluloseh\u00fclle (pflanzlichen Ursprungs). Nicht essbar.<\/p>\n<\/p><\/div>\n<\/p><\/div>\n<div class=\"bloque-desplegable\">\n<div id=\"producto-despleg-tit-informacion\" class=\"cerrado desplegable\">\n<h3>N\u00e4hrwert-Information<\/h3>\n<p>+<\/p>\n<\/p><\/div>\n<div id=\"producto-despleg-informacion\">\n<p>(Mittelwerte pro 100 g)<\/p>\n<table>\n<tbody>\n<tr>\n<td>Energetischer Wert:<\/td>\n<td>1.093 kj \/ 261 kcal<\/td>\n<\/tr>\n<tr>\n<td>Fette:<\/td>\n<td>16 g<\/td>\n<\/tr>\n<tr>\n<td>Davon ges\u00e4ttigt:<\/td>\n<td>2,4 g<\/td>\n<\/tr>\n<tr>\n<td>Kohlenhydrate:<\/td>\n<td>21 g<\/td>\n<\/tr>\n<tr>\n<td>Davon Zucker:<\/td>\n<td>1,6 g<\/td>\n<\/tr>\n<tr>\n<td>Proteine:<\/td>\n<td>8,2 g<\/td>\n<\/tr>\n<tr>\n<td>Ballaststoffe:<\/td>\n<td>16,5 g<\/td>\n<\/tr>\n<tr>\n<td>Salz:<\/td>\n<td>1,9 g<\/td>\n<\/tr>\n<\/tbody>\n<\/table><\/div>\n<\/p><\/div>\n<div class=\"bloque-desplegable\">\n<div id=\"producto-despleg-tit-sugerencias\" class=\"cerrado desplegable\">\n<h3>Vorbereitungstipps<\/h3>\n<p>+<\/p>\n<\/p><\/div>\n<div id=\"producto-despleg-sugerencias\">\n<div class=\"producto-suger-tip\">\n<div class=\"div-sugerencias\">\n<div class=\"img-sugerencias\">\n                  <img decoding=\"async\" src=\"\/wp-content\/uploads\/2021\/01\/plancha.png\">\n                <\/div>\n<div class=\"p-sugerencias\">\n<p class=\"producto-suger-tip-titulo\">Gegrillt<\/p>\n<p>Gie\u00dfen Sie ein paar Tropfen \u00d6l in eine Pfanne, f\u00fcgen Sie die Calabizo hinzu und lassen Sie sie auf beiden Seiten gut r\u00f6sten.<\/p>\n<\/p><\/div>\n<\/p><\/div>\n<div class=\"div-sugerencias\">\n<div class=\"img-sugerencias\">\n                  <img decoding=\"async\" src=\"\/wp-content\/uploads\/2021\/01\/crudo.png\">\n                <\/div>\n<div class=\"p-sugerencias\">\n<p class=\"producto-suger-tip-titulo\">Rohverbrauch<\/p>\n<p>Sie k\u00f6nnen es jetzt probieren oder den Aush\u00e4rtungsprozess an einem k\u00fchlen, trockenen Ort au\u00dferhalb der Vakuumverpackung fortsetzen.<\/p>\n<\/p><\/div>\n<\/p><\/div>\n<div class=\"div-sugerencias\">\n<div class=\"img-sugerencias\">\n                  <img decoding=\"async\" src=\"\/wp-content\/uploads\/2021\/01\/barbacoa.png\">\n                <\/div>\n<div class=\"p-sugerencias\">\n<p class=\"producto-suger-tip-titulo\">Ideal zum Grillen<\/p>\n<p>Legen Sie die Calabizos auf den Grill und bereiten Sie sie auf dem Grill zu, ohne zu ger\u00f6stet zu werden.<\/p>\n<\/p><\/div>\n<\/p><\/div>\n<div class=\"div-sugerencias\">\n<div class=\"img-sugerencias\">\n                  <img decoding=\"async\" src=\"\/wp-content\/uploads\/2021\/01\/otras.png\">\n                <\/div>\n<div class=\"p-sugerencias\">\n<p class=\"producto-suger-tip-titulo\">Andere Arten der Vorbereitung<\/p>\n<p>Bringen Sie Ihren inneren Koch heraus und verwenden Sie Calabizo in Ihren Rezepten: L\u00f6ffelgerichte, Eint\u00f6pfe, Eint\u00f6pfe, Pizzen, Tortillas, Reis, Nudeln. F\u00fcr Eint\u00f6pfe und andere empfehlen wir, die k\u00fcnstliche H\u00fclle vorher zu entfernen, sie zu hacken und zusammen mit einer Sauce zu braten, um so ihren Geschmack zu verbessern.<\/p>\n<p><strong>Im Hashtag #recetasconcalabizo<\/strong> Sie werden mehrere M\u00f6glichkeiten finden, Calabizo zu probieren<\/p>\n<p class=\"p-recetas\"><strong>Entdecken<\/strong> unser Abschnitt von<a target=\"_blank\" href=\"\/de\/recetas\/\" rel=\"noopener\"> Rezepturen<\/a> .<\/p>\n<\/p><\/div>\n<\/p><\/div>\n<\/p><\/div>\n<h3>Empfehlungen zur Verwendung<\/h3>\n<div class=\"lista-recomendaciones\">\n<ul>\n<li>10 Minuten vor dem Verzehr \u00f6ffnen.<\/li>\n<li>Entfernen Sie vor dem Verzehr die k\u00fcnstliche H\u00fclle, in die sie gef\u00fcllt ist.<\/li>\n<li>Es muss nicht gek\u00fchlt werden, aber nach dem \u00d6ffnen wird empfohlen, sie kalt zu halten.<\/li>\n<\/ul><\/div>\n<\/p><\/div>\n<\/p><\/div>\n<\/p><\/div>\n<\/p><\/div>\n<\/div>\n","protected":false},"featured_media":8590,"comment_status":"closed","ping_status":"closed","template":"","meta":{"_acf_changed":false},"product_brand":[],"product_cat":[283],"product_tag":[353,428,430,429,355,432,431,416,357,359,360,378],"class_list":{"0":"post-8589","1":"product","2":"type-product","3":"status-publish","4":"has-post-thumbnail","6":"product_cat-calabizo-de","7":"product_tag-calabizo-de","8":"product_tag-chorizo-de-calabaza-de","9":"product_tag-chorizo-vegano-de","10":"product_tag-chorizo-vegetal-de","11":"product_tag-embutido-de-calabaza-de","12":"product_tag-embutido-vegano-de","13":"product_tag-embutido-vegetal-de","14":"product_tag-pack-de-6-de","15":"product_tag-picante-de","16":"product_tag-tradicional-de","17":"product_tag-vegano-de","18":"product_tag-vegetal-de","20":"first","21":"instock","22":"taxable","23":"shipping-taxable","24":"purchasable","25":"product-type-simple"},"acf":[],"_links":{"self":[{"href":"https:\/\/calabizo.com\/de\/wp-json\/wp\/v2\/product\/8589","targetHints":{"allow":["GET"]}}],"collection":[{"href":"https:\/\/calabizo.com\/de\/wp-json\/wp\/v2\/product"}],"about":[{"href":"https:\/\/calabizo.com\/de\/wp-json\/wp\/v2\/types\/product"}],"replies":[{"embeddable":true,"href":"https:\/\/calabizo.com\/de\/wp-json\/wp\/v2\/comments?post=8589"}],"version-history":[{"count":8,"href":"https:\/\/calabizo.com\/de\/wp-json\/wp\/v2\/product\/8589\/revisions"}],"predecessor-version":[{"id":14417,"href":"https:\/\/calabizo.com\/de\/wp-json\/wp\/v2\/product\/8589\/revisions\/14417"}],"wp:featuredmedia":[{"embeddable":true,"href":"https:\/\/calabizo.com\/de\/wp-json\/wp\/v2\/media\/8590"}],"wp:attachment":[{"href":"https:\/\/calabizo.com\/de\/wp-json\/wp\/v2\/media?parent=8589"}],"wp:term":[{"taxonomy":"product_brand","embeddable":true,"href":"https:\/\/calabizo.com\/de\/wp-json\/wp\/v2\/product_brand?post=8589"},{"taxonomy":"product_cat","embeddable":true,"href":"https:\/\/calabizo.com\/de\/wp-json\/wp\/v2\/product_cat?post=8589"},{"taxonomy":"product_tag","embeddable":true,"href":"https:\/\/calabizo.com\/de\/wp-json\/wp\/v2\/product_tag?post=8589"}],"curies":[{"name":"wp","href":"https:\/\/api.w.org\/{rel}","templated":true}]}}