{"id":25305,"date":"2020-12-29T09:24:42","date_gmt":"2020-12-29T08:24:42","guid":{"rendered":"https:\/\/calabizo.com\/producto\/caja-calabicera-calabizo-calabizo-picante-potaje-de-garbanzos-con-calabizo\/"},"modified":"2026-03-20T14:45:43","modified_gmt":"2026-03-20T13:45:43","slug":"caja-hoy-no-cocino-fabada-vegetal-potaje-de-garbanzos-hummus","status":"publish","type":"product","link":"https:\/\/calabizo.com\/de\/producto\/caja-hoy-no-cocino-fabada-vegetal-potaje-de-garbanzos-hummus\/","title":{"rendered":"Caja &#8222;Hoy no cocino&#8220;: Fabada vegetal + Potaje de garbanzos + Hummus"},"content":{"rendered":"<h4 style=\"text-align: center;\"><b>Pack Calabicero\u00a0<\/b>(Edici\u00f3n Limitada)<\/h4>\n<p dir=\"ltr\" style=\"text-align: center;\"><b>Disfruta de nuestros 2 productos estrella: <\/b><\/p>\n<p dir=\"ltr\" style=\"text-align: center;\"><b>\u201cCalabizo y Potaje de garbanzos con Calabizo\u201d <\/b><b>acompa\u00f1ados de una preciosa ilustraci\u00f3n del artista <a href=\"https:\/\/www.instagram.com\/asispercales\/?hl=es\">@AsisPercales <\/a><\/b><\/p>\n<p dir=\"ltr\" style=\"text-align: center;\"><b><i>Un regalo artesano! lleno de arte y sano!<\/i><\/b><\/p>\n","protected":false},"excerpt":{"rendered":"<div class=\"producto-descripcion\">\n<div class=\"producto-introduccion\">\n<p>Disfruta de nuestra Caja &#8222;Hoy no cocino&#8220; y degusta el sabor de nuestros deliciosos productos hechos con calabizo.<\/p>\n<p>Descubre nuestra novedad, la fabada vegetal, y el potaje de garbanzos con espinacas y el hummus con calabizo.<\/p>\n<p>Todo vegano, sin gluten y sin conservantes ni aditivos!<\/p>\n<\/div>\n<div class=\"producto-caracteristicas\">\n<div class=\"lista-producto-caracteristicas\">\n<div class=\"producto-caract-indiv\">\n<div class=\"producto-ind-iconos\"><img decoding=\"async\" src=\"\/wp-content\/uploads\/2021\/01\/fp-frio.png\" \/><\/div>\n<div class=\"producto-ind-titulo\">\n<p>No necesita fr\u00edo<\/p>\n<\/div>\n<\/div>\n<div class=\"producto-caract-indiv\">\n<div class=\"producto-ind-iconos\"><img decoding=\"async\" src=\"\/wp-content\/uploads\/2021\/01\/fp-aditivos.png\" \/><\/div>\n<div class=\"producto-ind-titulo\">\n<p>Sin Aditivos<\/p>\n<\/div>\n<\/div>\n<div class=\"producto-caract-indiv\">\n<div class=\"producto-ind-iconos\"><img decoding=\"async\" src=\"\/wp-content\/uploads\/2021\/01\/fp-sojagluten.png\" \/><\/div>\n<div class=\"producto-ind-titulo\">\n<p>Sin soja\/ sin gluten<\/p>\n<\/div>\n<\/div>\n<div class=\"producto-caract-indiv\">\n<div class=\"producto-ind-iconos\"><img decoding=\"async\" src=\"\/wp-content\/uploads\/2021\/01\/fp-colesterol.png\" \/><\/div>\n<div class=\"producto-ind-titulo\">\n<p>Sin colesterol<\/p>\n<\/div>\n<\/div>\n<div class=\"producto-caract-indiv\">\n<div class=\"producto-ind-iconos\"><img decoding=\"async\" src=\"\/wp-content\/uploads\/2021\/01\/fp-calorias.png\" \/><\/div>\n<div class=\"producto-ind-titulo\">\n<p>Bajo en calor\u00edas<\/p>\n<\/div>\n<\/div>\n<div class=\"producto-caract-indiv\">\n<div class=\"producto-ind-iconos\"><img decoding=\"async\" src=\"\/wp-content\/uploads\/2021\/01\/fp-fibra.png\" \/><\/div>\n<div class=\"producto-ind-titulo\">\n<p>Rico en fibra<\/p>\n<\/div>\n<\/div>\n<\/div>\n<div class=\"producto-desplegables\">\n<div class=\"bloque-desplegable\">\n<div id=\"producto-despleg-tit-ingredientes\" class=\"cerrado desplegable\">\n<h3>\u00bfQu\u00e9 incluye la caja?<\/h3>\n<p>+<\/p>\n<\/div>\n<div id=\"producto-despleg-ingredientes\">\n<ul>\n<li><strong>Fabada vegetal con calabizo.<\/strong><\/li>\n<\/ul>\n<div class=\"descripcion_potaje_cajas\">\n<p>Vegana y sin gluten. La primera fabada vegetal del mercado con un reconocido sabor a la \u00abfabada\u00bb tradicional de toda la vida, gracias al sabor de nuestro calabizo y de la morcilla vegana elaborada espec\u00edficamente para esta receta.<\/p>\n<p>Tan f\u00e1cil y c\u00f3modo como \u201ccalentar y listo\u201d, para disfrutar de un sabroso plato de cuchara a la vez que saludable y nutritivo.<\/p>\n<p>Tarro de vidrio, 720g. (2-3 raciones) Consumo preferente 3 a\u00f1os. Una vez abierto, conservar en frigor\u00edfico y consumir en el plazo de dos d\u00edas.<\/p>\n<\/div>\n<ul>\n<li><strong>Potaje de garbanzos con calabizo.<\/strong><\/li>\n<\/ul>\n<div class=\"descripcion_potaje_cajas\">\n<p>Vegano y sin gluten. Con todo el sabor a potaje tradicional que le confiere Calabizo, nuestro embutido de calabaza.<\/p>\n<p>Tan f\u00e1cil y c\u00f3modo como \u201ccalentar y listo\u201d, para disfrutar de un plato sabroso a la vez que saludable y nutritivo.<\/p>\n<p>Tarro de vidrio, 720g. (2-3 raciones) Consumo preferente 3 a\u00f1os. Una vez abierto, conservar en frigor\u00edfico y consumir en el plazo de dos d\u00edas.<\/p>\n<\/div>\n<ul>\n<li><strong>Hummus con calabizo.<\/strong><\/li>\n<\/ul>\n<div class=\"descripcion_potaje_cajas\">\n<p>Vegano y sin gluten. Un sabroso y nutritivo untable elaborado con ingredientes de primera calidad: garbanzos de Le\u00f3n, aceite de oliva virgen extra, tahini y calabizo.<\/p>\n<p>Basado en la receta cl\u00e1sica oriental de hummus con el sabor de algo tan nuestro como es el chorizo, que le confiere nuestro sabroso embutido de calabaza, el calabizo.<\/p>\n<p>Lata de aluminio, 120g. Consumo preferente 2 a\u00f1os. Una vez abierto, conservar en frigor\u00edfico y consumir en el plazo de dos d\u00edas.<\/p>\n<\/div>\n<ul>\n<li>Si lo deseas, puedes personalizar una <strong>Tarjeta de Regalo<\/strong><br \/>\nEscr\u00edbenos el texto en la casilla de &#8222;Observaciones&#8220; y lo transcribiremos en tu nombre.<\/li>\n<\/ul>\n<\/div>\n<\/div>\n<\/div>\n<\/div>\n<\/div>\n","protected":false},"featured_media":29769,"comment_status":"closed","ping_status":"closed","template":"","meta":{"_acf_changed":false},"product_brand":[],"product_cat":[467,1052],"product_tag":[353,452,356,451,453,454,358,360,378],"class_list":{"0":"post-25305","1":"product","2":"type-product","3":"status-publish","4":"has-post-thumbnail","6":"product_cat-kalabrische-packungen","7":"product_cat-cajas-calabiceras-de","8":"product_tag-calabizo-de","9":"product_tag-garbanzos-de","10":"product_tag-pack-de-3-de","11":"product_tag-potaje-de","12":"product_tag-potaje-de-garbanzos-de","13":"product_tag-potaje-vegano-de","14":"product_tag-sin-gluten-de","15":"product_tag-vegano-de","16":"product_tag-vegetal-de","17":"product_shipping_class-caja-dulce-de","19":"first","20":"instock","21":"taxable","22":"shipping-taxable","23":"purchasable","24":"product-type-simple"},"acf":[],"_links":{"self":[{"href":"https:\/\/calabizo.com\/de\/wp-json\/wp\/v2\/product\/25305","targetHints":{"allow":["GET"]}}],"collection":[{"href":"https:\/\/calabizo.com\/de\/wp-json\/wp\/v2\/product"}],"about":[{"href":"https:\/\/calabizo.com\/de\/wp-json\/wp\/v2\/types\/product"}],"replies":[{"embeddable":true,"href":"https:\/\/calabizo.com\/de\/wp-json\/wp\/v2\/comments?post=25305"}],"version-history":[{"count":10,"href":"https:\/\/calabizo.com\/de\/wp-json\/wp\/v2\/product\/25305\/revisions"}],"predecessor-version":[{"id":29606,"href":"https:\/\/calabizo.com\/de\/wp-json\/wp\/v2\/product\/25305\/revisions\/29606"}],"wp:featuredmedia":[{"embeddable":true,"href":"https:\/\/calabizo.com\/de\/wp-json\/wp\/v2\/media\/29769"}],"wp:attachment":[{"href":"https:\/\/calabizo.com\/de\/wp-json\/wp\/v2\/media?parent=25305"}],"wp:term":[{"taxonomy":"product_brand","embeddable":true,"href":"https:\/\/calabizo.com\/de\/wp-json\/wp\/v2\/product_brand?post=25305"},{"taxonomy":"product_cat","embeddable":true,"href":"https:\/\/calabizo.com\/de\/wp-json\/wp\/v2\/product_cat?post=25305"},{"taxonomy":"product_tag","embeddable":true,"href":"https:\/\/calabizo.com\/de\/wp-json\/wp\/v2\/product_tag?post=25305"}],"curies":[{"name":"wp","href":"https:\/\/api.w.org\/{rel}","templated":true}]}}