{"id":8341,"date":"2015-08-26T08:33:06","date_gmt":"2015-08-26T08:33:06","guid":{"rendered":"https:\/\/calabizo.com\/nosotras\/"},"modified":"2022-01-12T10:54:57","modified_gmt":"2022-01-12T09:54:57","slug":"nosotras","status":"publish","type":"page","link":"https:\/\/calabizo.com\/de\/nosotras\/","title":{"rendered":"Wir"},"content":{"rendered":"<div class=\"wpb-content-wrapper\"><p>[vc_row fullwidth=&#8220;true&#8220; css=&#8220;.vc_custom_1606504027231{background-image: url(https:\/\/calabizo.com\/wp-content\/uploads\/2020\/11\/en_medios.jpg?id=7615) !important;background-position: center !important;background-repeat: no-repeat !important;background-size: cover !important;}&#8220;][vc_column][vc_custom_heading text=&#8220;Wir&#8220; font_container=&#8220;tag:h1|text_align:center|color:%23ffffff&#8220; use_theme_fonts=&#8220;yes&#8220; css=&#8220;.vc_custom_1608630428269{margin-top: 100px !important;margin-bottom: 100px !important;}&#8220; el_class=&#8220;titulo-cabecera&#8220;][\/vc_column][\/vc_row][vc_row css=&#8220;.vc_custom_1611313047103{margin-top: 40px !important;}&#8220; el_class=&#8220;bq-nosotras-mision&#8220;][vc_column width=&#8220;1\/6&#8243;][\/vc_column][vc_column width=&#8220;2\/3&#8243; el_class=&#8220;p-justify bq-nosotras-txt-1&#8243;][vc_custom_heading text=&#8220;Mission&#8220; font_container=&#8220;tag:h2|text_align:center&#8220; use_theme_fonts=&#8220;yes&#8220; css=&#8220;.vc_custom_1610443697345{margin-bottom: 20px !important;}&#8220; el_id=&#8220;mision&#8220;][vc_column_text css=&#8220;.vc_custom_1610444998463{margin-bottom: 40px !important;}&#8220;]<\/p>\n<p style=\"text-align: center;\">Wir von Calabizo wollen zum Wandel hin zu einem neuen Lebensmittelsystem beitragen, das ges\u00fcnder und umweltfreundlicher ist. Wir bieten innovative gastronomische Alternativen, die auf Tradition basieren und helfen, den Fleischkonsum zu reduzieren und den Verzehr von Gem\u00fcse zu erh\u00f6hen, was f\u00fcr unsere Ern\u00e4hrung sehr wichtig ist.<\/p>\n<p style=\"text-align: center;\">Wir setzen auf Nachhaltigkeit und soziale Verantwortung und ber\u00fccksichtigen dies bei der Auswahl unserer Lieferanten, Kunden und Mitarbeiter. Deshalb arbeiten wir mit lokalen Landwirten zusammen, die sich f\u00fcr die Umwelt und f\u00fcr kleine Unternehmen einsetzen, was einen lokalen Markt m\u00f6glich macht.<\/p>\n<p>[\/vc_column_text][\/vc_column][vc_column width=&#8220;1\/6&#8243;][\/vc_column][\/vc_row][vc_row css=&#8220;.vc_custom_1611313057349{margin-bottom: 80px !important;}&#8220; el_class=&#8220;bq-nosotras-condic&#8220;][vc_column width=&#8220;1\/6&#8243;][\/vc_column][vc_column width=&#8220;1\/6&#8243; css=&#8220;.vc_custom_1608630838479{padding-right: 0px !important;padding-left: 0px !important;}&#8220;][vc_single_image image=&#8220;9269&#8243; img_size=&#8220;100&#215;100&#8243; alignment=&#8220;center&#8220; css=&#8220;.vc_custom_1610444961729{margin-bottom: 10px !important;}&#8220;][vc_custom_heading text=&#8220;Gut f\u00fcr den Planeten&#8220; font_container=&#8220;tag:h4|text_align:center&#8220; use_theme_fonts=&#8220;yes&#8220; el_class=&#8220;titulo-caracteristicas&#8220;][\/vc_column][vc_column width=&#8220;1\/6&#8243; css=&#8220;.vc_custom_1608630843653{padding-right: 0px !important;padding-left: 0px !important;}&#8220;][vc_single_image image=&#8220;9263&#8243; img_size=&#8220;100&#215;100&#8243; alignment=&#8220;center&#8220; css=&#8220;.vc_custom_1610444966429{margin-bottom: 10px !important;}&#8220;][vc_custom_heading text=&#8220;Ohne Tierqu\u00e4lerei&#8220; font_container=&#8220;tag:h4|text_align:center&#8220; use_theme_fonts=&#8220;yes&#8220; el_class=&#8220;titulo-caracteristicas&#8220;][\/vc_column][vc_column width=&#8220;1\/6&#8243; css=&#8220;.vc_custom_1608630849692{padding-right: 0px !important;padding-left: 0px !important;}&#8220;][vc_single_image image=&#8220;9257&#8243; img_size=&#8220;100&#215;100&#8243; alignment=&#8220;center&#8220; css=&#8220;.vc_custom_1610444971390{margin-bottom: 10px !important;}&#8220;][vc_custom_heading text=&#8220;Gut f\u00fcr die Gesundheit&#8220; font_container=&#8220;tag:h4|text_align:center&#8220; use_theme_fonts=&#8220;yes&#8220; el_class=&#8220;titulo-caracteristicas&#8220;][\/vc_column][vc_column width=&#8220;1\/6&#8243; css=&#8220;.vc_custom_1608630855846{padding-right: 0px !important;padding-left: 0px !important;}&#8220;][vc_single_image image=&#8220;9275&#8243; img_size=&#8220;100&#215;100&#8243; alignment=&#8220;center&#8220; css=&#8220;.vc_custom_1610444976160{margin-bottom: 10px !important;}&#8220;][vc_custom_heading text=&#8220;Lecker&#8220; font_container=&#8220;tag:h4|text_align:center&#8220; use_theme_fonts=&#8220;yes&#8220; el_class=&#8220;titulo-caracteristicas&#8220;][\/vc_column][vc_column width=&#8220;1\/6&#8243;][\/vc_column][\/vc_row][vc_row css=&#8220;.vc_custom_1611313067602{margin-top: 40px !important;}&#8220; el_class=&#8220;bq-nosotras-historia&#8220;][vc_column width=&#8220;1\/6&#8243;][\/vc_column][vc_column width=&#8220;2\/3&#8243; el_class=&#8220;p-justify&#8220;][vc_custom_heading text=&#8220;Geschichte&#8220; font_container=&#8220;tag:h2|text_align:center&#8220; use_theme_fonts=&#8220;yes&#8220; css=&#8220;.vc_custom_1610443706471{margin-bottom: 20px !important;}&#8220; el_id=&#8220;historia&#8220;][vc_column_text css=&#8220;.vc_custom_1610445080519{margin-bottom: 50px !important;}&#8220;]<\/p>\n<p style=\"text-align: center;\" align=\"JUSTIFY\">Calabizo wurde von drei unternehmungslustigen Frauen gegr\u00fcndet, Edurne, Sof\u00eda und Keila; drei professionelle Fachleute, die aus verschiedenen, sich erg\u00e4nzenden Sektoren kommen und beschlossen haben, ihr \u201eKnow-how\u201c zu vereinen, um ein Lebensmittelprojekt auf pflanzlicher Basis zu schaffen und vegane, gesunde, traditionell hergestellte Produkte mit einem besonderen und authentischen Geschmack zu entwickeln.<\/p>\n<p style=\"text-align: center;\" align=\"JUSTIFY\">2013 entstand die Idee und 2015 haben wir sie dank des Programms zur F\u00f6rderung von Unternehmen und Unternehmern in die Tat umgesetzt. VIAGALICIA wurde vom Konsortium der Freizone von Vigo und der Xunta von Galizien gef\u00f6rdert.<\/p>\n<p style=\"text-align: center;\" align=\"JUSTIFY\">Calabizo besteht aus einem Team von Frauen, die ein gemeinsames Ziel verfolgen: mit unseren gastronomischen Angeboten die neugierigsten und anspruchsvollsten Gaumen zu befriedigen, die in Lebensmitteln mehr als nur Nahrung suchen.<\/p>\n<p>[\/vc_column_text][\/vc_column][vc_column width=&#8220;1\/6&#8243;][\/vc_column][\/vc_row][vc_row el_class=&#8220;bq-nosotras-img-ppal&#8220;][vc_column][vc_single_image image=&#8220;7716&#8243; img_size=&#8220;full&#8220; alignment=&#8220;center&#8220;][\/vc_column][\/vc_row][vc_row el_class=&#8220;bq-nosotras-fund&#8220;][vc_column][vc_custom_heading text=&#8220;Gr\u00fcnderinnen&#8220; font_container=&#8220;tag:h2|text_align:center&#8220; use_theme_fonts=&#8220;yes&#8220; css=&#8220;.vc_custom_1610443734131{margin-top: 20px !important;margin-bottom: 30px !important;}&#8220; el_id=&#8220;conocenos&#8220;][vc_row_inner css=&#8220;.vc_custom_1610444388845{margin-bottom: 50px !important;}&#8220; el_class=&#8220;p-justify&#8220;][vc_column_inner width=&#8220;1\/3&#8243; css=&#8220;.vc_custom_1606728507012{margin-right: 10px !important;margin-left: 10px !important;border-right-width: 3px !important;padding-top: 0px !important;padding-right: 20px !important;padding-left: 20px !important;border-right-color: #e2e2e2 !important;border-right-style: solid !important;}&#8220;][vc_single_image image=&#8220;7715&#8243; img_size=&#8220;full&#8220; alignment=&#8220;center&#8220; el_class=&#8220;round-image&#8220; css=&#8220;.vc_custom_1613038402537{margin-bottom: 35px !important;}&#8220;][vc_custom_heading text=&#8220;Edurne Sendra de Sa\u00e1&#8220; font_container=&#8220;tag:h4|text_align:center&#8220; use_theme_fonts=&#8220;yes&#8220;][vc_custom_heading text=&#8220;CEO, Verwaltung&#8220; font_container=&#8220;tag:h4|text_align:center|color:%23e64e1c&#8220; use_theme_fonts=&#8220;yes&#8220;][vc_column_text css=&#8220;.vc_custom_1609168209309{margin-bottom: 0px !important;}&#8220;]<\/p>\n<p style=\"text-align: center;\" align=\"JUSTIFY\">Ich bin Agraringenieurin und arbeite seit 1998 in der Lebensmittelindustrie. Zu Beginn meiner beruflichen Laufbahn habe ich mich ausschlie\u00dflich auf die Landwirtschaft konzentriert, aber nach und nach habe ich angefangen, in der Verarbeitungsbranche zu arbeiten, da ich davon \u00fcberzeugt bin, dass die Landwirtschaft nachhaltig wachsen wird, wenn die Agrar- und Lebensmittelbetriebe mehr auf landwirtschaftliche Erzeugnisse setzen.<\/p>\n<p>[\/vc_column_text][\/vc_column_inner][vc_column_inner width=&#8220;1\/3&#8243; css=&#8220;.vc_custom_1606728496174{margin-right: 10px !important;margin-left: 10px !important;padding-top: 0px !important;padding-right: 20px !important;padding-left: 20px !important;}&#8220;][vc_single_image image=&#8220;7718&#8243; img_size=&#8220;full&#8220; alignment=&#8220;center&#8220; el_class=&#8220;round-image&#8220; css=&#8220;.vc_custom_1613038746447{margin-bottom: 32px !important;}&#8220;][vc_custom_heading text=&#8220;Sofia Calvo Arien&#8220; font_container=&#8220;tag:h4|text_align:center&#8220; use_theme_fonts=&#8220;yes&#8220;][vc_custom_heading text=&#8220;Produktion&#8220; font_container=&#8220;tag:h4|text_align:center|color:%23e64e1c&#8220; use_theme_fonts=&#8220;yes&#8220;][vc_column_text css=&#8220;.vc_custom_1610385232411{margin-bottom: 0px !important;}&#8220;]<\/p>\n<p style=\"text-align: center;\" align=\"JUSTIFY\">Ich bin eine ausgebildete Agraringenieurin, aber was ich wirklich mag, ist das Kochen. Deshalb habe ich auch die meiste Zeit meines Berufslebens damit verbracht. Ich bin seit mehr als f\u00fcnfzehn Jahren im Gastronomiebereich t\u00e4tig, wobei ich mich in den letzten beiden Jahren auf vegetarische Restaurants spezialisiert habe. Ich mag es, neue Rezepte zu kreieren, daher ist es meine Aufgabe bei Calabizo, mit neue Gem\u00fcsegerichte auszudenken und zu entwickeln, die der Philosophie unseres Unternehmens gerecht werden.<\/p>\n<p>[\/vc_column_text][\/vc_column_inner][vc_column_inner width=&#8220;1\/3&#8243; css=&#8220;.vc_custom_1613038651226{margin-right: 10px !important;margin-left: 10px !important;border-left-width: 3px !important;padding-top: 0px !important;padding-right: 20px !important;padding-bottom: 24px !important;padding-left: 20px !important;border-left-color: #e2e2e2 !important;border-left-style: solid !important;}&#8220;][vc_single_image image=&#8220;7717&#8243; img_size=&#8220;full&#8220; alignment=&#8220;center&#8220; el_class=&#8220;round-image&#8220; css=&#8220;.vc_custom_1613038417181{margin-bottom: 35px !important;}&#8220;][vc_custom_heading text=&#8220;Keila Pousa Arbones&#8220; font_container=&#8220;tag:h4|text_align:center&#8220; use_theme_fonts=&#8220;yes&#8220;][vc_custom_heading text=&#8220;Vermarktung&#8220; font_container=&#8220;tag:h4|text_align:center|color:%23e64e1c&#8220; use_theme_fonts=&#8220;yes&#8220;][vc_column_text css=&#8220;.vc_custom_1641981115546{margin-bottom: 0px !important;}&#8220;]<\/p>\n<p style=\"text-align: center;\" align=\"JUSTIFY\">Ich habe einen Abschluss in Wirtschaftswissenschaften und meine Berufserfahrung habe ich haupts\u00e4chlich im Dienstleistungssektor gesammelt. as mir schon immer gefallen hat, ist die Verkn\u00fcpfung der Bed\u00fcrfnisse der Menschen mit den dazugeh\u00f6rigen Dienstleistungen oder Produkten. Ich liebe es, Calabizo Interessenten vorzustellen, wobei meine Hauptaufgabe die Kundenbeziehungen und das Marketing sind.<\/p>\n<p>[\/vc_column_text][\/vc_column_inner][\/vc_row_inner][\/vc_column][\/vc_row][vc_row fullwidth=&#8220;true&#8220; el_class=&#8220;img-footer-inline&#8220;][vc_column width=&#8220;1\/3&#8243; css=&#8220;.vc_custom_1605694987424{margin-right: 0px !important;margin-left: 0px !important;padding-right: 0px !important;padding-left: 0px !important;}&#8220;][vc_single_image image=&#8220;7647&#8243; img_size=&#8220;full&#8220; css=&#8220;.vc_custom_1606905847336{margin-bottom: 0px !important;}&#8220;][\/vc_column][vc_column width=&#8220;1\/3&#8243; css=&#8220;.vc_custom_1605695001576{margin-right: 0px !important;margin-left: 0px !important;padding-right: 0px !important;padding-left: 0px !important;}&#8220;][vc_single_image image=&#8220;7649&#8243; img_size=&#8220;full&#8220; css=&#8220;.vc_custom_1606905852523{margin-bottom: 0px !important;}&#8220;][\/vc_column][vc_column width=&#8220;1\/3&#8243; css=&#8220;.vc_custom_1605695007944{margin-right: 0px !important;margin-left: 0px !important;padding-right: 0px !important;padding-left: 0px !important;}&#8220;][vc_single_image image=&#8220;7648&#8243; img_size=&#8220;full&#8220; css=&#8220;.vc_custom_1606905855950{margin-bottom: 0px !important;}&#8220;][\/vc_column][\/vc_row]<\/p>\n<\/div>","protected":false},"excerpt":{"rendered":"<p>[vc_row fullwidth=&#8220;true&#8220; css=&#8220;.vc_custom_1606504027231{background-image: url(https:\/\/calabizo.com\/wp-content\/uploads\/2020\/11\/en_medios.jpg?id=7615) !important;background-position: center !important;background-repeat: no-repeat !important;background-size: cover !important;}&#8220;][vc_column][vc_custom_heading text=&#8220;Wir&#8220; font_container=&#8220;tag:h1|text_align:center|color:%23ffffff&#8220; use_theme_fonts=&#8220;yes&#8220; css=&#8220;.vc_custom_1608630428269{margin-top: 100px !important;margin-bottom: 100px !important;}&#8220; el_class=&#8220;titulo-cabecera&#8220;][\/vc_column][\/vc_row][vc_row css=&#8220;.vc_custom_1611313047103{margin-top: 40px !important;}&#8220; el_class=&#8220;bq-nosotras-mision&#8220;][vc_column width=&#8220;1\/6&#8243;][\/vc_column][vc_column width=&#8220;2\/3&#8243; el_class=&#8220;p-justify bq-nosotras-txt-1&#8243;][vc_custom_heading text=&#8220;Mission&#8220; font_container=&#8220;tag:h2|text_align:center&#8220; use_theme_fonts=&#8220;yes&#8220; css=&#8220;.vc_custom_1610443697345{margin-bottom: 20px !important;}&#8220; el_id=&#8220;mision&#8220;][vc_column_text css=&#8220;.vc_custom_1610444998463{margin-bottom: 40px !important;}&#8220;] Wir von Calabizo wollen zum Wandel hin zu einem neuen Lebensmittelsystem beitragen, das ges\u00fcnder und umweltfreundlicher ist. [&hellip;]<\/p>\n","protected":false},"author":1,"featured_media":0,"parent":0,"menu_order":0,"comment_status":"open","ping_status":"open","template":"","meta":{"_acf_changed":false,"footnotes":""},"class_list":["post-8341","page","type-page","status-publish","hentry"],"acf":[],"_links":{"self":[{"href":"https:\/\/calabizo.com\/de\/wp-json\/wp\/v2\/pages\/8341","targetHints":{"allow":["GET"]}}],"collection":[{"href":"https:\/\/calabizo.com\/de\/wp-json\/wp\/v2\/pages"}],"about":[{"href":"https:\/\/calabizo.com\/de\/wp-json\/wp\/v2\/types\/page"}],"author":[{"embeddable":true,"href":"https:\/\/calabizo.com\/de\/wp-json\/wp\/v2\/users\/1"}],"replies":[{"embeddable":true,"href":"https:\/\/calabizo.com\/de\/wp-json\/wp\/v2\/comments?post=8341"}],"version-history":[{"count":7,"href":"https:\/\/calabizo.com\/de\/wp-json\/wp\/v2\/pages\/8341\/revisions"}],"predecessor-version":[{"id":21944,"href":"https:\/\/calabizo.com\/de\/wp-json\/wp\/v2\/pages\/8341\/revisions\/21944"}],"wp:attachment":[{"href":"https:\/\/calabizo.com\/de\/wp-json\/wp\/v2\/media?parent=8341"}],"curies":[{"name":"wp","href":"https:\/\/api.w.org\/{rel}","templated":true}]}}