{"id":8324,"date":"2014-11-03T19:44:43","date_gmt":"2014-11-03T19:44:43","guid":{"rendered":"https:\/\/calabizo.com\/home-one-page-scroll\/"},"modified":"2025-01-02T09:23:13","modified_gmt":"2025-01-02T08:23:13","slug":"home-one-page-scroll","status":"publish","type":"page","link":"https:\/\/calabizo.com\/de\/","title":{"rendered":"Start"},"content":{"rendered":"<div class=\"wpb-content-wrapper\"><p>[vc_row fullwidth=&#8220;true&#8220; css=&#8220;.vc_custom_1607597004884{padding-top: 55px !important;padding-bottom: 75px !important;background-image: url(https:\/\/calabizo.com\/wp-content\/uploads\/2020\/11\/home.jpg?id=7655) !important;background-position: center !important;background-repeat: no-repeat !important;background-size: cover !important;}&#8220;][vc_column ovic_custom_id=&#8220;ovic_custom_5fae577a15c63&#8243; css_desktop=&#8220;.vc_custom_1605260632336{background-image: url(https:\/\/calabizo.com\/wp-content\/uploads\/2020\/11\/spices-4185324_1280.jpg?id=7074) !important;}&#8220;][vc_custom_heading text=&#8220;Calabizo, Explosion des Geschmacks&#8220; font_container=&#8220;tag:h1|text_align:center|color:%23ffffff&#8220; use_theme_fonts=&#8220;yes&#8220; ovic_custom_id=&#8220;ovic_custom_5fae577a15c65&#8243; hidden_markup_01=&#8220;&#8220; hidden_markup_desktop=&#8220;&#8220; hidden_markup_laptop=&#8220;&#8220; hidden_markup_tablet=&#8220;&#8220; hidden_markup_ipad=&#8220;&#8220; hidden_markup_mobile=&#8220;&#8220; css=&#8220;.vc_custom_1610357876222{margin-top: 100px !important;margin-bottom: 5px !important;}&#8220; el_class=&#8220;titulo-cabecera&#8220;][vc_custom_heading text=&#8220;100% Gem\u00fcse&#8220; font_container=&#8220;tag:h1|text_align:center|color:%23ffffff&#8220; use_theme_fonts=&#8220;yes&#8220; ovic_custom_id=&#8220;ovic_custom_5fae577a15c65&#8243; hidden_markup_01=&#8220;&#8220; hidden_markup_desktop=&#8220;&#8220; hidden_markup_laptop=&#8220;&#8220; hidden_markup_tablet=&#8220;&#8220; hidden_markup_ipad=&#8220;&#8220; hidden_markup_mobile=&#8220;&#8220; css=&#8220;.vc_custom_1610357887913{margin-bottom: 30px !important;}&#8220; el_class=&#8220;titulo-cabecera&#8220;][vc_btn title=&#8220;ONLINE KAUFEN&#8220; style=&#8220;flat&#8220; shape=&#8220;square&#8220; color=&#8220;warning&#8220; align=&#8220;center&#8220; ovic_custom_id=&#8220;ovic_custom_5fae577a15c66&#8243; link=&#8220;url:https%3A%2F%2Fcalabizo.com%2Fde%2Fla-tienda%2F|title:La%20Tienda&#8220; el_class=&#8220;btn-naranja&#8220;][vc_icon icon_fontawesome=&#8220;fas fa-chevron-circle-down&#8220; color=&#8220;white&#8220; background_style=&#8220;rounded&#8220; background_color=&#8220;custom&#8220; size=&#8220;lg&#8220; align=&#8220;center&#8220; link=&#8220;url:https%3A%2F%2Fcalabizo.com%2Fde%2Fla-tienda%2F|title:La%20Tienda&#8220; ovic_custom_id=&#8220;ovic_custom_5fae577a15c67&#8243; css=&#8220;.vc_custom_1616067736506{margin-bottom: 40px !important;}&#8220;][vc_custom_heading text=&#8220;Kostenloser Versand ab 60 \u20ac&#8220; font_container=&#8220;tag:h4|text_align:center&#8220; use_theme_fonts=&#8220;yes&#8220; el_class=&#8220;banner-envio-gratuito&#8220;][vc_custom_heading text=&#8220;F\u00fcr Spanien und Portugal (au\u00dfer Inseln)&#8220; font_container=&#8220;tag:h4|text_align:center&#8220; use_theme_fonts=&#8220;yes&#8220; el_class=&#8220;banner-envio-gratuito-segundo&#8220;][\/vc_column][\/vc_row][vc_row fullwidth=&#8220;true&#8220; css=&#8220;.vc_custom_1608550319286{background-image: url(https:\/\/calabizo.com\/wp-content\/uploads\/2020\/12\/Fondo-pared-1.jpg?id=8723) !important;background-position: center !important;background-repeat: no-repeat !important;background-size: cover !important;}&#8220;][vc_column css=&#8220;.vc_custom_1605522259687{padding-bottom: 80px !important;background-image: url(https:\/\/calabizo.com\/wp-content\/uploads\/2020\/11\/crumpled-2537807_1920.jpg?id=7141) !important;background-position: 0 0 !important;background-repeat: repeat !important;}&#8220;][vc_row_inner is_fullwidth_content=&#8220;false&#8220;][vc_column_inner width=&#8220;1\/6&#8243;][\/vc_column_inner][vc_column_inner width=&#8220;2\/3&#8243;][vc_custom_heading text=&#8220;Verleihen Sie Ihren Gerichten Geschmack!&#8220; font_container=&#8220;tag:h2|text_align:center|color:%23111111&#8243; use_theme_fonts=&#8220;yes&#8220; css=&#8220;.vc_custom_1608550376486{margin-top: 50px !important;}&#8220; el_class=&#8220;titulo-resaltado&#8220;][vc_column_text css=&#8220;.vc_custom_1609166526188{margin-bottom: 0px !important;}&#8220;]<\/p>\n<p style=\"text-align: center;\" align=\"JUSTIFY\">Calabizo bietet Ihnen 100% pflanzliche Alternativen, damit Sie die traditionellen Aromen auf gesunde und nahrhafte Weise genie\u00dfen k\u00f6nnen. Probieren Sie unseren ber\u00fchmten Calabizo und den Kichererbseneintopf mit Calabizo!<\/p>\n<p style=\"text-align: center;\" align=\"JUSTIFY\">Setzen Sie in Ihren Rezepten auf Calabizo und genie\u00dfen Sie Lebensmittel, die die Tierwelt und die Umwelt respektieren, w\u00e4hrend Sie sich um Ihre und Ihre Gesundheit k\u00fcmmern!<\/p>\n<p>[\/vc_column_text][\/vc_column_inner][vc_column_inner width=&#8220;1\/6&#8243;][\/vc_column_inner][\/vc_row_inner][vc_row_inner attached=&#8220;true&#8220; is_fullwidth_content=&#8220;false&#8220; column_padding=&#8220;1&#8243; css=&#8220;.vc_custom_1608550308029{padding-right: 20px !important;padding-left: 20px !important;background-position: center !important;background-repeat: no-repeat !important;background-size: cover !important;}&#8220; el_id=&#8220;grid-saborea&#8220;][vc_column_inner width=&#8220;1\/2&#8243; css=&#8220;.vc_custom_1607937356782{background-image: url(https:\/\/calabizo.com\/wp-content\/uploads\/2020\/11\/footer520.jpg?id=7610) !important;background-position: center !important;background-repeat: no-repeat !important;background-size: cover !important;}&#8220;][vc_custom_heading text=&#8220;Calabizo&#8220; font_container=&#8220;tag:h2|text_align:center|color:%23ffffff&#8220; use_theme_fonts=&#8220;yes&#8220; link=&#8220;url:https%3A%2F%2Fcalabizo.com%2Fde%2Fla-tienda%2F%23producto-calabizo&#8220; css=&#8220;.vc_custom_1611912706074{padding-top: 120px !important;padding-bottom: 160px !important;}&#8220; el_class=&#8220;titulos-saborea&#8220;][\/vc_column_inner][vc_column_inner width=&#8220;1\/2&#8243; css=&#8220;.vc_custom_1607358876628{background-image: url(https:\/\/calabizo.com\/wp-content\/uploads\/2020\/11\/footer514.jpg?id=7629) !important;background-position: center !important;background-repeat: no-repeat !important;background-size: cover !important;}&#8220;][vc_custom_heading text=&#8220;Potage&#8220; font_container=&#8220;tag:h2|text_align:center|color:%23ffffff&#8220; use_theme_fonts=&#8220;yes&#8220; link=&#8220;url:https%3A%2F%2Fcalabizo.com%2Fde%2Fla-tienda%2F%23producto-potaje&#8220; css=&#8220;.vc_custom_1611912722390{padding-top: 120px !important;padding-bottom: 160px !important;}&#8220; el_class=&#8220;titulos-saborea&#8220;][\/vc_column_inner][\/vc_row_inner][vc_row_inner css=&#8220;.vc_custom_1605521930746{margin-top: 40px !important;}&#8220;][vc_column_inner width=&#8220;1\/2&#8243; css=&#8220;.vc_custom_1606990358482{margin-right: 0px !important;}&#8220;][vc_btn title=&#8220;ONLINE-SHOP&#8220; style=&#8220;flat&#8220; shape=&#8220;square&#8220; color=&#8220;warning&#8220; align=&#8220;right&#8220; ovic_custom_id=&#8220;ovic_custom_5fae577a15c66&#8243; link=&#8220;url:https%3A%2F%2Fcalabizo.com%2Fde%2Fla-tienda%2F|title:La%20Tienda&#8220; el_class=&#8220;btn-naranja&#8220; css=&#8220;.vc_custom_1611912686010{margin-right: 0px !important;}&#8220;][\/vc_column_inner][vc_column_inner width=&#8220;1\/2&#8243; css=&#8220;.vc_custom_1606990362521{margin-left: 0px !important;}&#8220;][vc_btn title=&#8220;PHYSICAL SHOP&#8220; style=&#8220;flat&#8220; shape=&#8220;square&#8220; color=&#8220;warning&#8220; align=&#8220;left&#8220; ovic_custom_id=&#8220;ovic_custom_5fae577a15c66&#8243; link=&#8220;url:https%3A%2F%2Fcalabizo.com%2Fde%2Fdonde-encontrarnos%2F|title:D%C3%B3nde%20encontrarnos&#8220; el_class=&#8220;btn-naranja&#8220; css=&#8220;.vc_custom_1611912744078{margin-left: 0px !important;}&#8220;][\/vc_column_inner][\/vc_row_inner][\/vc_column][\/vc_row][vc_row css=&#8220;.vc_custom_1610967225357{margin-bottom: 20px !important;}&#8220; el_class=&#8220;descubre-sabor&#8220;][vc_column width=&#8220;1\/2&#8243;][vc_single_image image=&#8220;9195&#8243; img_size=&#8220;full&#8220; css=&#8220;.vc_custom_1610442165410{margin-top: -80px !important;}&#8220;][\/vc_column][vc_column width=&#8220;1\/2&#8243; css=&#8220;.vc_custom_1608631474685{margin-top: 80px !important;padding-right: 30px !important;padding-left: 60px !important;}&#8220;][vc_custom_heading text=&#8220;Entdecken Sie eine Welt mit<br \/>\n100% pflanzlichem Geschmack&#8220; font_container=&#8220;tag:h2|text_align:left|color:%23111111&#8243; use_theme_fonts=&#8220;yes&#8220;][vc_column_text css=&#8220;.vc_custom_1608631331152{margin-bottom: 0px !important;}&#8220;]<\/p>\n<p style=\"text-align: left;\" align=\"JUSTIFY\"><span style=\"color: #3f3f3f;\">Die nahrhaften und leckeren Calabizo-Produkte bestehen zu 100% aus Gem\u00fcse. Sie werden in Galizien auf traditionelle Weise hergestellt, mit hochwertigen Rohstoffen und ohne Zusatzstoffe jeglicher Art. Unser K\u00fcrbiswurst- und Kichererbseneintopf mit Calabizo \u00fcberrascht alle Gaumen aufgrund ihres einzigartigen und authentischen Geschmacks.<\/span><\/p>\n<p>[\/vc_column_text][vc_btn title=&#8220;ENTDECKE MEHR&#8220; style=&#8220;flat&#8220; shape=&#8220;square&#8220; color=&#8220;warning&#8220; align=&#8220;left&#8220; ovic_custom_id=&#8220;ovic_custom_5fae577a15c66&#8243; link=&#8220;url:https%3A%2F%2Fcalabizo.com%2Fde%2Fnuestros-productos%2F|title:Nuestros%20productos&#8220; el_class=&#8220;btn-naranja&#8220;][\/vc_column][\/vc_row][vc_row fullwidth=&#8220;true&#8220; css=&#8220;.vc_custom_1606215728383{background-image: url(https:\/\/calabizo.com\/wp-content\/uploads\/2020\/11\/fondo-calabazas.jpg?id=7486) !important;background-position: center !important;background-repeat: no-repeat !important;background-size: cover !important;}&#8220;][vc_column][vc_custom_heading text=&#8220;Innovative Lebensmittel mit all dem traditionellen Geschmack!&#8220; font_container=&#8220;tag:h2|text_align:center|color:%23ffffff&#8220; use_theme_fonts=&#8220;yes&#8220; css=&#8220;.vc_custom_1610357944127{margin-top: 50px !important;padding-right: 100px !important;padding-bottom: 30px !important;padding-left: 100px !important;}&#8220;][\/vc_column][\/vc_row][vc_row fullwidth=&#8220;true&#8220; css=&#8220;.vc_custom_1610968089716{margin-top: 70px !important;margin-bottom: 100px !important;}&#8220; el_class=&#8220;tres-caract&#8220;][vc_column][vc_row_inner][vc_column_inner el_class=&#8220;element-hidden&#8220; width=&#8220;1\/5&#8243;][\/vc_column_inner][vc_column_inner width=&#8220;1\/5&#8243;][vc_single_image image=&#8220;9393&#8243; img_size=&#8220;80&#215;80&#8243; alignment=&#8220;center&#8220; css=&#8220;.vc_custom_1610528712687{margin-bottom: 30px !important;}&#8220;][vc_custom_heading text=&#8220;Gesund&#8220; font_container=&#8220;tag:h4|text_align:center|color:%23111111&#8243; use_theme_fonts=&#8220;yes&#8220;][vc_column_text css=&#8220;.vc_custom_1609167172684{margin-bottom: 0px !important;}&#8220;]<\/p>\n<p style=\"text-align: center;\">Reich an Vitaminen, Ballaststoffen und Antioxidantien, mit hohem N\u00e4hrwert und wenig Kalorien.<\/p>\n<p>[\/vc_column_text][\/vc_column_inner][vc_column_inner width=&#8220;1\/5&#8243;][vc_single_image image=&#8220;9399&#8243; img_size=&#8220;80&#215;80&#8243; alignment=&#8220;center&#8220; css=&#8220;.vc_custom_1610528721866{margin-bottom: 30px !important;}&#8220;][vc_custom_heading text=&#8220;Nachhaltig&#8220; font_container=&#8220;tag:h4|text_align:center|color:%23111111&#8243; use_theme_fonts=&#8220;yes&#8220;][vc_column_text css=&#8220;.vc_custom_1609167185535{margin-bottom: 0px !important;}&#8220;]<\/p>\n<p style=\"text-align: center;\" align=\"JUSTIFY\"><span style=\"color: #3f3f3f; font-family: helvetica, arial, sans-serif;\">Mit Gem\u00fcse und lokalen Zutaten schaffen wir eine nachhaltigere Umwelt f\u00fcr alle.<\/span><\/p>\n<p>[\/vc_column_text][\/vc_column_inner][vc_column_inner width=&#8220;1\/5&#8243;][vc_single_image image=&#8220;9387&#8243; img_size=&#8220;80&#215;80&#8243; alignment=&#8220;center&#8220; css=&#8220;.vc_custom_1610528730017{margin-bottom: 30px !important;}&#8220;][vc_custom_heading text=&#8220;Wir sind Produzenten&#8220; font_container=&#8220;tag:h4|text_align:center|color:%23111111&#8243; use_theme_fonts=&#8220;yes&#8220;][vc_column_text css=&#8220;.vc_custom_1609167197618{margin-bottom: 0px !important;}&#8220;]<\/p>\n<p style=\"text-align: center;\"><span style=\"font-family: helvetica, arial, sans-serif;\">Hergestellt in Galizien, mit nationalen Rohstoffen und nach traditionellen Rezepten.<\/span><\/p>\n<p>[\/vc_column_text][\/vc_column_inner][vc_column_inner el_class=&#8220;element-hidden&#8220; width=&#8220;1\/5&#8243;][\/vc_column_inner][\/vc_row_inner][\/vc_column][\/vc_row][vc_row fullwidth=&#8220;true&#8220; css=&#8220;.vc_custom_1606993082610{margin-bottom: 40px !important;background-image: url(https:\/\/calabizo.com\/wp-content\/uploads\/2020\/11\/fondo-madera_n.jpg?id=7587) !important;}&#8220; el_class=&#8220;banner-recetas&#8220;][vc_column][vc_row_inner][vc_column_inner width=&#8220;1\/6&#8243;][\/vc_column_inner][vc_column_inner width=&#8220;2\/3&#8243;][vc_custom_heading text=&#8220;Lassen Sie sich von unseren Rezepten inspirieren!&#8220; font_container=&#8220;tag:h2|text_align:center|color:%23ffffff&#8220; use_theme_fonts=&#8220;yes&#8220; css=&#8220;.vc_custom_1608632644513{margin-top: 55px !important;margin-bottom: 60px !important;}&#8220;][vc_column_text css=&#8220;.vc_custom_1614679062545{margin-bottom: 0px !important;}&#8220;][the_grid name=&#8220;Recetas (Inicio) DE&#8220;][\/vc_column_text][vc_btn title=&#8220;MEHR SEHEN&#8220; style=&#8220;flat&#8220; shape=&#8220;square&#8220; color=&#8220;warning&#8220; align=&#8220;center&#8220; ovic_custom_id=&#8220;ovic_custom_5fae577a15c66&#8243; link=&#8220;url:https%3A%2F%2Fcalabizo.com%2Fde%2Frecetas%2F|title:Recetas&#8220; el_class=&#8220;btn-naranja&#8220; css=&#8220;.vc_custom_1614679071896{margin-top: 20px !important;margin-bottom: 50px !important;}&#8220;][\/vc_column_inner][vc_column_inner width=&#8220;1\/6&#8243;][\/vc_column_inner][\/vc_row_inner][\/vc_column][\/vc_row][vc_row fullwidth=&#8220;true&#8220; el_class=&#8220;img-footer-inline&#8220;][vc_column width=&#8220;1\/3&#8243; css=&#8220;.vc_custom_1606905483738{margin-right: 0px !important;margin-left: 0px !important;padding-right: 0px !important;padding-left: 0px !important;}&#8220;][vc_single_image image=&#8220;7636&#8243; img_size=&#8220;full&#8220; css=&#8220;.vc_custom_1606905478401{margin-right: 0px !important;margin-bottom: 0px !important;margin-left: 0px !important;}&#8220;][\/vc_column][vc_column width=&#8220;1\/3&#8243; css=&#8220;.vc_custom_1605605634834{margin-right: 0px !important;margin-left: 0px !important;padding-right: 0px !important;padding-left: 0px !important;}&#8220;][vc_single_image image=&#8220;7653&#8243; img_size=&#8220;full&#8220; css=&#8220;.vc_custom_1606905474227{margin-right: 0px !important;margin-bottom: 0px !important;margin-left: 0px !important;}&#8220;][\/vc_column][vc_column width=&#8220;1\/3&#8243; css=&#8220;.vc_custom_1605605660522{margin-right: 0px !important;margin-left: 0px !important;padding-right: 0px !important;padding-left: 0px !important;}&#8220;][vc_single_image image=&#8220;7649&#8243; img_size=&#8220;full&#8220; css=&#8220;.vc_custom_1606905490885{margin-right: 0px !important;margin-bottom: 0px !important;margin-left: 0px !important;}&#8220;][\/vc_column][\/vc_row]<\/p>\n<\/div>","protected":false},"excerpt":{"rendered":"<p>[vc_row fullwidth=&#8220;true&#8220; css=&#8220;.vc_custom_1607597004884{padding-top: 55px !important;padding-bottom: 75px !important;background-image: url(https:\/\/calabizo.com\/wp-content\/uploads\/2020\/11\/home.jpg?id=7655) !important;background-position: center !important;background-repeat: no-repeat !important;background-size: cover !important;}&#8220;][vc_column ovic_custom_id=&#8220;ovic_custom_5fae577a15c63&#8243; css_desktop=&#8220;.vc_custom_1605260632336{background-image: url(https:\/\/calabizo.com\/wp-content\/uploads\/2020\/11\/spices-4185324_1280.jpg?id=7074) !important;}&#8220;][vc_custom_heading text=&#8220;Calabizo, Explosion des Geschmacks&#8220; font_container=&#8220;tag:h1|text_align:center|color:%23ffffff&#8220; use_theme_fonts=&#8220;yes&#8220; ovic_custom_id=&#8220;ovic_custom_5fae577a15c65&#8243; hidden_markup_01=&#8220;&#8220; hidden_markup_desktop=&#8220;&#8220; hidden_markup_laptop=&#8220;&#8220; hidden_markup_tablet=&#8220;&#8220; hidden_markup_ipad=&#8220;&#8220; hidden_markup_mobile=&#8220;&#8220; css=&#8220;.vc_custom_1610357876222{margin-top: 100px !important;margin-bottom: 5px !important;}&#8220; el_class=&#8220;titulo-cabecera&#8220;][vc_custom_heading text=&#8220;100% Gem\u00fcse&#8220; font_container=&#8220;tag:h1|text_align:center|color:%23ffffff&#8220; use_theme_fonts=&#8220;yes&#8220; ovic_custom_id=&#8220;ovic_custom_5fae577a15c65&#8243; hidden_markup_01=&#8220;&#8220; hidden_markup_desktop=&#8220;&#8220; hidden_markup_laptop=&#8220;&#8220; hidden_markup_tablet=&#8220;&#8220; hidden_markup_ipad=&#8220;&#8220; hidden_markup_mobile=&#8220;&#8220; css=&#8220;.vc_custom_1610357887913{margin-bottom: 30px !important;}&#8220; el_class=&#8220;titulo-cabecera&#8220;][vc_btn title=&#8220;ONLINE KAUFEN&#8220; [&hellip;]<\/p>\n","protected":false},"author":1,"featured_media":0,"parent":0,"menu_order":0,"comment_status":"open","ping_status":"open","template":"","meta":{"_acf_changed":false,"footnotes":""},"class_list":["post-8324","page","type-page","status-publish","hentry"],"acf":[],"_links":{"self":[{"href":"https:\/\/calabizo.com\/de\/wp-json\/wp\/v2\/pages\/8324","targetHints":{"allow":["GET"]}}],"collection":[{"href":"https:\/\/calabizo.com\/de\/wp-json\/wp\/v2\/pages"}],"about":[{"href":"https:\/\/calabizo.com\/de\/wp-json\/wp\/v2\/types\/page"}],"author":[{"embeddable":true,"href":"https:\/\/calabizo.com\/de\/wp-json\/wp\/v2\/users\/1"}],"replies":[{"embeddable":true,"href":"https:\/\/calabizo.com\/de\/wp-json\/wp\/v2\/comments?post=8324"}],"version-history":[{"count":11,"href":"https:\/\/calabizo.com\/de\/wp-json\/wp\/v2\/pages\/8324\/revisions"}],"predecessor-version":[{"id":28490,"href":"https:\/\/calabizo.com\/de\/wp-json\/wp\/v2\/pages\/8324\/revisions\/28490"}],"wp:attachment":[{"href":"https:\/\/calabizo.com\/de\/wp-json\/wp\/v2\/media?parent=8324"}],"curies":[{"name":"wp","href":"https:\/\/api.w.org\/{rel}","templated":true}]}}