{"id":8144,"date":"2020-12-15T11:14:12","date_gmt":"2020-12-15T10:14:12","guid":{"rendered":"https:\/\/calabizo.com\/cookies\/"},"modified":"2021-01-25T23:47:36","modified_gmt":"2021-01-25T22:47:36","slug":"cookies","status":"publish","type":"page","link":"https:\/\/calabizo.com\/de\/cookies\/","title":{"rendered":"Verwendung von Cookies"},"content":{"rendered":"\n<p><strong>KEKSE<\/strong><\/p>\n\n<p>Cookies sind Dateien, die auf Ihren Computer heruntergeladen werden, wenn Sie auf bestimmte Websites zugreifen. Cookies erm\u00f6glichen es einer Website unter anderem Informationen \u00fcber die Surfgewohnheiten eines Nutzers oder dessen Computer zu speichern und abzurufen und je nachdem, welche Informationen sie erhalten und wie der Nutzer seinen Computer nutzt, k\u00f6nnen sie dazu verwendet werden, den Nutzer wiederzuerkennen. Der Browser des Nutzers speichert Cookies nur w\u00e4hrend der aktuellen Sitzung auf der Festplatte, wobei er ein Minimum an Speicherplatz belegt und keinerlei Schaden am Computer verursacht. Cookies enthalten keine spezifischen personenbezogenen Daten und die meisten von ihnen werden am Ende der Browser-Sitzung von der Festplatte gel\u00f6scht (so genannte Session-Cookies).<\/p>\n\n<p>Die meisten Browser lassen Cookies standardm\u00e4\u00dfig zu und erlauben oder blockieren je nach Sicherheitseinstellungen tempor\u00e4re oder gespeicherte Cookies.<\/p>\n\n<p>Ohne Ihre ausdr\u00fcckliche Zustimmung &#8211; durch Aktivieren von Cookies in Ihrem Browser &#8211;<a href=\"https:\/\/calabizo.com\/de\/\"> calabizo.com<\/a> In den Cookies werden die Daten, die mit Ihren pers\u00f6nlichen Daten gespeichert sind, die zum Zeitpunkt der Registrierung oder des Kaufs angegeben wurden, nicht verkn\u00fcpft.<\/p>\n\n<p><strong>Welche Arten von Cookies verwendet diese Website?<\/strong><\/p>\n\n<p>\u2013 Technische Cookies: Diese erm\u00f6glichen es dem Nutzer, auf einer Webseite, Plattform oder in einer Anwendung zu navigieren und die verschiedenen Optionen oder Dienste zu nutzen, die es dort gibt, wie z.B. die Kontrolle des Datenverkehrs und der Datenkommunikation, die Identifizierung der Sitzung, den Zugang zu Bereichen mit Zugangsbeschr\u00e4nkungen, die Speicherung von Elementen, aus denen sich eine Bestellung zusammensetzt, die Durchf\u00fchrung des Kaufvorgangs f\u00fcr eine Bestellung, die Beantragung der Registrierung f\u00fcr oder Teilnahme an einer Veranstaltung, die Verwendung von Sicherheitselementen w\u00e4hrend der Navigation, die Speicherung von Inhalten f\u00fcr die Verbreitung von Videos oder Ton, oder die gemeinsame Nutzung von Inhalten in sozialen Netzwerken.<\/p>\n\n<p>\u2013 Personalisierte Cookies: Sie erlauben dem Nutzer den Zugriff auf den Dienst, mit bestimmten allgemeinen Merkmalen, die entsprechend einer Reihe von Kriterien im Endger\u00e4t des Nutzers vordefiniert sind, wie z.B. die Sprache, die Art des Browsers, \u00fcber den auf den Dienst zugegriffen wird, die regionale Konfiguration, von der aus auf den Dienst zugegriffen wird usw.<\/p>\n\n<p>\u2013 Analyse Cookies: Sie werden entweder von uns oder Dritten eingesehen und dienen zu statistischen Zwecken, wie der Bestimmung der Anzahl der Nutzer, die auf unsere Dienste zugreifen und wie sie diese Dienste nutzen. Ihr Navigationsverlauf auf unserer Website wird analysiert, um die Produkte oder Dienstleistungen, die wir anbieten, zu verbessern.<\/p>\n\n<p>\u2013 Werbe-Cookies: Dies sind diejenigen, die entweder von uns oder von Dritten verarbeitet werden und es uns erm\u00f6glichen, das Angebot an Werbefl\u00e4chen auf der Website auf die effizienteste Weise zu verwalten und den Inhalt der Werbung an den Inhalt der angeforderten Dienstleistung oder an die Nutzung unserer Website durch Sie anzupassen. Wir analysieren dazu Ihre Surfgewohnheiten im Internet und zeigen Ihnen Werbung, die zu Ihrem Surfprofil passt.<\/p>\n\n<p>\u2013 Verhaltensbasierte Werbe-Cookies: Hierbei handelt es sich um solche, die eine m\u00f6glichst effiziente Verwaltung der Werbefl\u00e4chen erm\u00f6glichen, die der Herausgeber gegebenenfalls in eine Webseite, Anwendung oder Plattform aufgenommen hat, von der aus er die gew\u00fcnschte Dienstleistung anbietet. Diese Cookies speichern Informationen \u00fcber das Verhalten der Nutzer, die durch die kontinuierliche Beobachtung ihrer Surfgewohnheiten gewonnen werden, was die Entwicklung eines spezifischen Profils erm\u00f6glicht, um darauf aufbauend die passende Werbung anzuzeigen.<\/p>\n\n<p>&#8211; Cookies von Drittanbietern: Die Website von <a href=\"https:\/\/calabizo.com\/de\/\">calabizo.com<\/a> Sie k\u00f6nnen Dienste von Drittanbietern nutzen, die im Auftrag von <a href=\"http:\/\/google.com\">Google com<\/a> , sammelt Informationen zu statistischen Zwecken, zur Nutzung der Website durch den Benutzer und zur Bereitstellung anderer Dienste im Zusammenhang mit der Aktivit\u00e4t der Website und anderer Internetdienste.<\/p>\n\n<p>Diese Website verwendet insbesondere Google Analytics, einen Webanalysedienst von Google, Inc. mit Sitz in den USA mit Hauptsitz am 1600 Amphitheatre Parkway, Mountain View, Kalifornien 94043. F\u00fcr die Bereitstellung dieser Dienste verwenden sie Cookies, die Informationen sammeln, einschlie\u00dflich der IP-Adresse des Nutzers, die von Google gem\u00e4\u00df den im Web festgelegten Bedingungen \u00fcbertragen, verarbeitet und gespeichert werden.<a href=\"http:\/\/google.com\"> Google com<\/a> . Einschlie\u00dflich der m\u00f6glichen \u00dcbermittlung dieser Informationen an Dritte aus Gr\u00fcnden der gesetzlichen Anforderungen oder wenn diese Dritten die Informationen im Auftrag von Google verarbeiten.<\/p>\n","protected":false},"excerpt":{"rendered":"<p>KEKSE Cookies sind Dateien, die auf Ihren Computer heruntergeladen werden, wenn Sie auf bestimmte Websites zugreifen. Cookies erm\u00f6glichen es einer Website unter anderem Informationen \u00fcber die Surfgewohnheiten eines Nutzers oder dessen Computer zu speichern und abzurufen und je nachdem, welche Informationen sie erhalten und wie der Nutzer seinen Computer nutzt, k\u00f6nnen sie dazu verwendet werden, [&hellip;]<\/p>\n","protected":false},"author":1,"featured_media":0,"parent":0,"menu_order":0,"comment_status":"open","ping_status":"open","template":"","meta":{"_acf_changed":false,"footnotes":""},"class_list":["post-8144","page","type-page","status-publish","hentry"],"acf":[],"_links":{"self":[{"href":"https:\/\/calabizo.com\/de\/wp-json\/wp\/v2\/pages\/8144","targetHints":{"allow":["GET"]}}],"collection":[{"href":"https:\/\/calabizo.com\/de\/wp-json\/wp\/v2\/pages"}],"about":[{"href":"https:\/\/calabizo.com\/de\/wp-json\/wp\/v2\/types\/page"}],"author":[{"embeddable":true,"href":"https:\/\/calabizo.com\/de\/wp-json\/wp\/v2\/users\/1"}],"replies":[{"embeddable":true,"href":"https:\/\/calabizo.com\/de\/wp-json\/wp\/v2\/comments?post=8144"}],"version-history":[{"count":3,"href":"https:\/\/calabizo.com\/de\/wp-json\/wp\/v2\/pages\/8144\/revisions"}],"predecessor-version":[{"id":11156,"href":"https:\/\/calabizo.com\/de\/wp-json\/wp\/v2\/pages\/8144\/revisions\/11156"}],"wp:attachment":[{"href":"https:\/\/calabizo.com\/de\/wp-json\/wp\/v2\/media?parent=8144"}],"curies":[{"name":"wp","href":"https:\/\/api.w.org\/{rel}","templated":true}]}}