{"id":8133,"date":"2020-12-15T10:48:11","date_gmt":"2020-12-15T09:48:11","guid":{"rendered":"https:\/\/calabizo.com\/rechtliche-hinweise\/"},"modified":"2021-01-25T23:41:55","modified_gmt":"2021-01-25T22:41:55","slug":"rechtliche-hinweise","status":"publish","type":"page","link":"https:\/\/calabizo.com\/de\/rechtliche-hinweise\/","title":{"rendered":"Rechtliche Warnung"},"content":{"rendered":"\n<p><strong>BEDINGUNGEN<\/strong><\/p>\n\n<p>Die Nutzung der Dienstleistungen oder die Bestellung von Produkten oder Dienstleistungen bei Calabizo setzt die Annahme der folgenden allgemeinen Bedingungen voraus:<\/p>\n\n<p>1.- Annahme und Verf\u00fcgbarkeit der Allgemeinen Vertragsbedingungen: Mit der Annahme dieses Vertrags erkl\u00e4ren Sie: a) dass Sie vollj\u00e4hrig und gesch\u00e4ftsf\u00e4hig sind. b) dass Sie die vorliegenden Allgemeinen Vertragsbedingungen gelesen haben und akzeptieren.<\/p>\n\n<p>Die vorliegenden allgemeinen Gesch\u00e4ftsbedingungen (im Folgenden &#8222;Allgemeine Bedingungen&#8220;) regeln das Rechtsverh\u00e4ltnis, das sich aus den Vertragsabschl\u00fcssen zwischen den Nutzern\/Kunden (im Folgenden &#8222;Kunden&#8220;) der Website und Fiablone, S.L. (nachstehend &#8222;Fiablone&#8220; genannt) ergibt. Die Kunden akzeptieren die Allgemeinen Bedingungen von dem Moment an, in dem sie die Dienstleistung nutzen, einen Vertrag abschlie\u00dfen oder ein Produkt erwerben. Dieses Dokument kann von den Kunden ausgedruckt und gespeichert werden. Wenn Sie Fragen zu den Allgemeinen Bedingungen haben, k\u00f6nnen Sie diese unter der von Fiablone zur Verf\u00fcgung gestellten E-Mail-Adresse info@calabizo.com stellen.<\/p>\n\n<p>2.- Die vorliegenden Allgemeinen Bedingungen unterliegen den Bestimmungen des Gesetzes 7\/1998, vom 13. April 1998, \u00fcber Allgemeine Vertragsbedingungen, des Gesetzes 26\/1984, vom 19. Juli 1984, zum allgemeinen Verbraucherschutz, und des K\u00f6niglichen Erlasses 1906\/1999, vom 17. Dezember 1999, der den Vertragsabschluss per Telefon oder auf elektronischem Wege mit allgemeinen Bedingungen regelt, dem spanischen Organgesetz 15\/1999, vom 13. Dezember, \u00fcber den Schutz personenbezogener Daten, dem Gesetz 7\/1996, vom 15. Januar, \u00fcber die Regelung des Einzelhandels und dem Gesetz 34\/2002, vom 11. Juli, \u00fcber die Dienstleistungen von Informationsgesellschaft und den elektronischen Handel. Wenn Sie au\u00dferhalb Spaniens wohnen und die spanische Gesetzgebung nicht anwendbar ist, k\u00f6nnen Sie die Dienstleistungen oder Produkte von Fiablone nicht in Anspruch nehmen.<\/p>\n\n<p>3.- \u00c4nderung der Allgemeinen Gesch\u00e4ftsbedingungen Fiablone kann die Allgemeinen Gesch\u00e4ftsbedingungen \u00e4ndern, indem die Kunden ausreichend im Voraus benachrichtigt werden, um die \u00fcber Calabizo.com angebotenen Dienstleistungen und Produkte zu verbessern, indem die auf der Website von Calabizo.com angezeigten Allgemeinen Gesch\u00e4ftsbedingungen ge\u00e4ndert werden Es versteht sich, dass diese Meldepflicht erf\u00fcllt wurde. In jedem Fall k\u00f6nnen vor der Nutzung der Dienstleistungen oder Vertragsprodukte die Allgemeinen Gesch\u00e4ftsbedingungen konsultiert werden.<\/p>\n\n<p>4.- Beschreibung der Produkte und Dienstleistungen Fiablone-Produkte, die durch den Erwerb \u00fcber unsere Website vermarktet werden, gew\u00e4hren das R\u00fcckgaberecht innerhalb von sieben Tagen nach Eingang der Bestellung. R\u00fccksendungen von Produkten werden nur im Originalzustand akzeptiert. Artikel 71. Frist f\u00fcr die Aus\u00fcbung des Widerrufsrechts. 1. Der Verbraucher und der Nutzer haben mindestens sieben Werktage Zeit, um das Widerrufsrecht auszu\u00fcben. Es ist das Recht des Ortes, an dem der gute Vertragsgegenstand geliefert wurde oder an dem die Dienstleistung erbracht werden soll, der die Tage bestimmt, die als Gesch\u00e4ftstage anzusehen sind. Das Angebot an Fiablone-Produkten ist auf unbestimmte Zeit g\u00fcltig und kann ohne vorherige Ank\u00fcndigung an Benutzer und regelm\u00e4\u00dfige oder gelegentliche Verbraucher ge\u00e4ndert, korrigiert oder storniert werden. Die zivilrechtliche Haftung von Fiablone f\u00fcr die gelieferten Produkte ist auf deren H\u00f6he begrenzt. Der Benutzer oder Verbraucher verzichtet gegen\u00fcber Fiablone auf jegliche Haftung f\u00fcr jegliches Konzept im Falle der Unzufriedenheit mit den bei Fiablone gekauften Produkten sowie auf m\u00f6gliche Fehler, Langsamkeit des Zugangs oder Fehler beim Zugriff auf die Website, einschlie\u00dflich Datenverlust oder andere Arten von Informationen, die m\u00f6glicherweise auf dem Computer oder im Netzwerk des Benutzers vorhanden sind, der auf Calabizo.com zugreift. Fiablone-Produkte sind 100% authentisch.<\/p>\n\n<p>5.- Geistiges Eigentum: Die von Calabizo.com bereitgestellten Inhalte unterliegen dem Recht auf geistiges und gewerbliches Eigentum und sind das ausschlie\u00dfliche Eigentum von Fiablone S.L. oder von nat\u00fcrlichen oder juristischen Personen, die dar\u00fcber informiert sind. Durch den Erwerb eines Produktes oder einer Dienstleistung \u00fcbertr\u00e4gt Fiablone dem K\u00e4ufer kein Recht auf \u00c4nderung, Vermarktung, Reproduktion, Verteilung oder die \u00f6ffentliche Bekanntmachung dieses Produktes oder dieser Dienstleistung und beh\u00e4lt sich diesbez\u00fcglich alle Rechte vor. Die \u00dcbertragung der oben genannten Rechte bedarf der vorherigen schriftlichen Zustimmung von Fiablone. Der Kunde darf diese Inhalte nicht an Dritte weitergeben.<\/p>\n\n<p>Das geistige Eigentum bezieht sich neben den Inhalten auf Calabizo.com auch auf die Grafiken, Logos, Texte, das Design, die Bilder und den f\u00fcr die Programmierung verwendeten Quellcode.<\/p>\n\n<p>6.- Nutzung der Dienste und Verpflichtungen: Fiablone kann nicht f\u00fcr die st\u00e4ndige Verf\u00fcgbarkeit der Dienste garantieren und ist von jeglicher Verantwortung f\u00fcr eventuelle Sch\u00e4den befreit, die durch die Nichtverf\u00fcgbarkeit der Dienste aufgrund von h\u00f6herer Gewalt oder Fehlern in den telematischen Daten\u00fcbertragungsnetzen, die au\u00dferhalb vom Einflussbereich von Fiablone liegen, entstehen k\u00f6nnen. Fiablone ist nicht verantwortlich f\u00fcr die Inhalte von Links zu anderen Webseiten, die nicht Eigentum von Fiablone sind und daher nicht von Fiablone kontrolliert werden k\u00f6nnen. Die Kunden erkl\u00e4ren, dass sie sich dar\u00fcber im Klaren sind, dass die von Fiablone \u00fcber ihre Webseite zur Verf\u00fcgung gestellten Informationen nicht rechtlicher Natur sind und nur zu Informationszwecken angeboten werden. Der Informationsservice wird zu Informationszwecken angeboten und beinhaltet keinerlei Verpflichtungen. In jedem Fall wird empfohlen bei jeglichen Angelegenheiten mit finanziellen Auswirkungen einen Anwalt zu konsultieren.<\/p>\n\n<p>7.- Datenschutz und Schutz personenbezogener Daten: Durch die Angabe der E-Mail-Adresse oder anderer personenbezogener Daten, eine notwendige Voraussetzung f\u00fcr den Abschluss bestimmter Dienste, erteilen Kunden ihre Erlaubnis, dass diese Adressen verarbeitet und auch zum Versenden kommerzieller Mitteilungen zur Werbung f\u00fcr die Dienste verwendet werden und von Fiablone angebotene Produkte. In \u00dcbereinstimmung mit den Bestimmungen des LOPD erm\u00e4chtigt der Benutzer Fiablone ausdr\u00fccklich, seine personenbezogenen Daten an die anderen Unternehmen derselben Unternehmensgruppe und an alle Unternehmen und Lieferanten, mit denen er Handelsvereinbarungen trifft, mit dem Zweck zu \u00fcbermitteln, dass sie diese verwenden ausschlie\u00dflich zur Erf\u00fcllung der vertraglich vereinbarten Leistungen und zu kommerziellen Zwecken. Fiablone stellt Kunden die E-Mail-Adresse info@calabizo.com zur Verf\u00fcgung, damit sie die erteilte Einwilligung widerrufen k\u00f6nnen. Fiablone erkl\u00e4rt, dass es die geltenden Datenschutzbestimmungen einh\u00e4lt, insbesondere das Bio-Gesetz 15\/1999 vom 13. Dezember zum Schutz personenbezogener Daten und das k\u00f6nigliche Dekret 994\/1999 vom 11. Juni, mit dem das oben genannte Bio-Gesetz entwickelt wird. Fiablone stellt den Kunden die im vorherigen Absatz genannten Kontaktm\u00f6glichkeiten zur Verf\u00fcgung, damit sie ihre durch die geltenden Rechtsvorschriften garantierten Rechte auf Zugang, Berichtigung, L\u00f6schung und Widerspruch aus\u00fcben k\u00f6nnen. Zur Nutzung unserer Website ist die Verwendung von Cookies erforderlich. Cookies werden verwendet, um die Funktionsweise der Website zu verbessern. Wenn Sie m\u00f6chten, k\u00f6nnen Sie Ihren Browser so konfigurieren, dass er auf dem Bildschirm \u00fcber den Empfang von Cookies benachrichtigt wird, und die Installation von Cookies auf Ihrer Festplatte verhindern. Bitte konsultieren Sie die Anweisungen und Handb\u00fccher Ihres Browsers, um diese Informationen zu erweitern.<\/p>\n\n<p>8.- Anwendbares Recht und zust\u00e4ndige Gerichtsbarkeit. Die Parteien unterwerfen sich nach ihrer Wahl den Gerichten des Tribunals von Fiablone zur L\u00f6sung von Konflikten und zum Verzicht auf andere Zust\u00e4ndigkeiten.<\/p>\n\n<p>9.- Benachrichtigungen. Alle Mitteilungen, Anforderungen, Anfragen und sonstigen Mitteilungen, die von den Parteien im Zusammenhang mit diesen Allgemeinen Gesch\u00e4ftsbedingungen gemacht werden m\u00fcssen, m\u00fcssen schriftlich erfolgen, und es wird davon ausgegangen, dass sie ordnungsgem\u00e4\u00df erfolgen, wenn sie von Hand geliefert oder von gesendet wurden normale Post an die Adresse der anderen Partei oder an die E-Mail der letzteren oder an eine andere Adresse oder E-Mail, die jede Partei f\u00fcr diese Zwecke der anderen Partei mitteilen kann.<\/p>\n\n<p>10. Nichtigkeit und Unwirksamkeit der Klauseln. Wenn eine in diesen Allgemeinen Gesch\u00e4ftsbedingungen enthaltene Klausel ganz oder teilweise f\u00fcr null oder unwirksam erkl\u00e4rt wird, wirkt sich diese Nichtigkeit oder Unwirksamkeit nur auf die Bestimmung oder den Teil davon aus, der null oder unwirksam ist, wobei die in allem anderen bestehenden Allgemeinen Gesch\u00e4ftsbedingungen eine solche Bestimmung enthalten oder der Teil davon, der davon betroffen ist, dass er nicht platziert wird.<\/p>\n\n<p><strong>LIEFERUNG, VERSAND UND R\u00dcCKGABE<\/strong><\/p>\n\n<p>In unserem Zentrallager gibt es eine Qualit\u00e4tskontrolle und der Ablauf aller Produkte wird \u00fcberwacht und notiert, damit Fiablone den oben angegebenen Ablaufzeitraum einh\u00e4lt. Artikel, die versehentlich aus dem Zentrallager gesendet wurden Wir bitten Sie, uns umgehend per E-Mail info@calabizo.com zu benachrichtigen. Wir werden den erneuten Versand an das Fiablone-Zentrallager so schnell wie m\u00f6glich organisieren, um das Auftreten von zu vermeiden die Dokumentationsschaltung so bald wie m\u00f6glich.<\/p>\n\n<p>* Die Versandkosten werden ausschlie\u00dflich im Falle einer fehlerhaften Lieferung oder von mangelhaften Produkten erstattet.<\/p>\n","protected":false},"excerpt":{"rendered":"<p>BEDINGUNGEN Die Nutzung der Dienstleistungen oder die Bestellung von Produkten oder Dienstleistungen bei Calabizo setzt die Annahme der folgenden allgemeinen Bedingungen voraus: 1.- Annahme und Verf\u00fcgbarkeit der Allgemeinen Vertragsbedingungen: Mit der Annahme dieses Vertrags erkl\u00e4ren Sie: a) dass Sie vollj\u00e4hrig und gesch\u00e4ftsf\u00e4hig sind. b) dass Sie die vorliegenden Allgemeinen Vertragsbedingungen gelesen haben und akzeptieren. Die [&hellip;]<\/p>\n","protected":false},"author":1,"featured_media":0,"parent":0,"menu_order":0,"comment_status":"open","ping_status":"open","template":"","meta":{"_acf_changed":false,"footnotes":""},"class_list":["post-8133","page","type-page","status-publish","hentry"],"acf":[],"_links":{"self":[{"href":"https:\/\/calabizo.com\/de\/wp-json\/wp\/v2\/pages\/8133","targetHints":{"allow":["GET"]}}],"collection":[{"href":"https:\/\/calabizo.com\/de\/wp-json\/wp\/v2\/pages"}],"about":[{"href":"https:\/\/calabizo.com\/de\/wp-json\/wp\/v2\/types\/page"}],"author":[{"embeddable":true,"href":"https:\/\/calabizo.com\/de\/wp-json\/wp\/v2\/users\/1"}],"replies":[{"embeddable":true,"href":"https:\/\/calabizo.com\/de\/wp-json\/wp\/v2\/comments?post=8133"}],"version-history":[{"count":5,"href":"https:\/\/calabizo.com\/de\/wp-json\/wp\/v2\/pages\/8133\/revisions"}],"predecessor-version":[{"id":11133,"href":"https:\/\/calabizo.com\/de\/wp-json\/wp\/v2\/pages\/8133\/revisions\/11133"}],"wp:attachment":[{"href":"https:\/\/calabizo.com\/de\/wp-json\/wp\/v2\/media?parent=8133"}],"curies":[{"name":"wp","href":"https:\/\/api.w.org\/{rel}","templated":true}]}}