{"id":8118,"date":"2020-12-15T10:28:40","date_gmt":"2020-12-15T09:28:40","guid":{"rendered":"https:\/\/calabizo.com\/schutz-von-personenbezogenen-daten\/"},"modified":"2021-02-15T11:46:57","modified_gmt":"2021-02-15T10:46:57","slug":"schutz-von-personenbezogenen-daten","status":"publish","type":"page","link":"https:\/\/calabizo.com\/de\/schutz-von-personenbezogenen-daten\/","title":{"rendered":"Schutz personenbezogener Daten"},"content":{"rendered":"\n<p>Die Verarbeitung von personenbezogenen Daten, die \u00fcber diese Website erfolgt, unterliegt den Bestimmungen des Gesetzes 15\/1999 \u00fcber den Schutz personenbezogener Daten und anderen geltenden Vorschriften.<\/p>\n\n<p><b>FORMEN<\/b><\/p>\n\n<p>Der Nutzer wird auf jedem Formular zur Datenerfassung gem\u00e4\u00df Artikel 5 des oben genannten Gesetzes \u00fcber die Kriterien informiert, die FIABLONE SL in Bezug auf die Verwendung der personenbezogenen Daten einh\u00e4lt, welche der Nutzer aus freiem Willen und ohne Zwang auf dieser Website angibt.<\/p>\n\n<p><b>ZUGRIFFS-, GLEICHRICHTS-, STORNIERUNGS- UND GEGENSTANDSRECHTE<\/b><\/p>\n\n<p>Es wird berichtet, dass die Rechte auf Zugang, Berichtigung, L\u00f6schung und Widerspruch schriftlich ausge\u00fcbt werden k\u00f6nnen, zusammen mit einer Kopie eines offiziellen Dokuments, das Sie identifiziert und an die unten angegebene Adresse oder an die E-Mail-Adresse info@calabizo.com gerichtet ist<\/p>\n\n<p>FIABLONE SL<\/p>\n\n<p>R\u00faa Madanela, 15 Nave 6C <\/p>\n\n<p>Parque Empresarial Porto de Molle<\/p>\n\n<p>36350 Nigr\u00e1n (Pontevedra)<\/p>\n\n<p>Galizien &#8211; Spanien<\/p>\n\n<p><b>Links<\/b><\/p>\n\n<p>Diese Datenschutzerkl\u00e4rung gilt ausschlie\u00dflich f\u00fcr die Website WWW.CALABIZO.COM. Ihre G\u00fcltigkeit kann weder bei Zugriffen \u00fcber Links auf diese Website, noch bei Links, die auf andere Websites f\u00fchren, garantiert werden.<\/p>\n","protected":false},"excerpt":{"rendered":"<p>Die Verarbeitung von personenbezogenen Daten, die \u00fcber diese Website erfolgt, unterliegt den Bestimmungen des Gesetzes 15\/1999 \u00fcber den Schutz personenbezogener Daten und anderen geltenden Vorschriften. FORMEN Der Nutzer wird auf jedem Formular zur Datenerfassung gem\u00e4\u00df Artikel 5 des oben genannten Gesetzes \u00fcber die Kriterien informiert, die FIABLONE SL in Bezug auf die Verwendung der personenbezogenen [&hellip;]<\/p>\n","protected":false},"author":1,"featured_media":0,"parent":0,"menu_order":0,"comment_status":"open","ping_status":"open","template":"","meta":{"_acf_changed":false,"footnotes":""},"class_list":["post-8118","page","type-page","status-publish","hentry"],"acf":[],"_links":{"self":[{"href":"https:\/\/calabizo.com\/de\/wp-json\/wp\/v2\/pages\/8118","targetHints":{"allow":["GET"]}}],"collection":[{"href":"https:\/\/calabizo.com\/de\/wp-json\/wp\/v2\/pages"}],"about":[{"href":"https:\/\/calabizo.com\/de\/wp-json\/wp\/v2\/types\/page"}],"author":[{"embeddable":true,"href":"https:\/\/calabizo.com\/de\/wp-json\/wp\/v2\/users\/1"}],"replies":[{"embeddable":true,"href":"https:\/\/calabizo.com\/de\/wp-json\/wp\/v2\/comments?post=8118"}],"version-history":[{"count":6,"href":"https:\/\/calabizo.com\/de\/wp-json\/wp\/v2\/pages\/8118\/revisions"}],"predecessor-version":[{"id":14848,"href":"https:\/\/calabizo.com\/de\/wp-json\/wp\/v2\/pages\/8118\/revisions\/14848"}],"wp:attachment":[{"href":"https:\/\/calabizo.com\/de\/wp-json\/wp\/v2\/media?parent=8118"}],"curies":[{"name":"wp","href":"https:\/\/api.w.org\/{rel}","templated":true}]}}