{"id":11734,"date":"2021-01-29T10:47:41","date_gmt":"2021-01-29T09:47:41","guid":{"rendered":"https:\/\/calabizo.com\/kurze-beschreibung-des-projekts\/"},"modified":"2021-02-02T09:15:20","modified_gmt":"2021-02-02T08:15:20","slug":"kurze-beschreibung-des-projekts","status":"publish","type":"page","link":"https:\/\/calabizo.com\/de\/kurze-beschreibung-des-projekts\/","title":{"rendered":"Kurze Beschreibung des Projekts"},"content":{"rendered":"<div class=\"wpb-content-wrapper\"><p>[vc_row][vc_column][vc_column_text css=&#8220;.vc_custom_1474460620696{margin-top: 250px !important;}&#8220;]<\/p>\n<p style=\"text-align: center;\"><strong>Kurzbeschreibung des Projekts:<\/strong><\/p>\n<p>[\/vc_column_text][vc_column_text css=&#8220;.vc_custom_1474462096420{margin-top: 0px !important;margin-bottom: 150px !important;}&#8220;]<\/p>\n<p style=\"text-align: center;\">Investitionsprojekt f\u00fcr neue Unternehmer (GALICIA EMPRENDE), das vom Europ\u00e4ischen Fonds f\u00fcr regionale Entwicklung im Rahmen des operationellen Programms Feder Galicia 2014-2020 kofinanziert wird.<\/p>\n<p style=\"text-align: center;\">Das vorgenannte Projekt besteht aus der Inbetriebnahme einer neuen Anlage mit Maschinen, die an das hergestellte Produkt angepasst sind und die spezifischen Eigenschaften von Calabizo ber\u00fccksichtigen.<\/p>\n<p>[\/vc_column_text][\/vc_column][\/vc_row]<\/p>\n<\/div>","protected":false},"excerpt":{"rendered":"<p>[vc_row][vc_column][vc_column_text css=&#8220;.vc_custom_1474460620696{margin-top: 250px !important;}&#8220;] Kurzbeschreibung des Projekts: [\/vc_column_text][vc_column_text css=&#8220;.vc_custom_1474462096420{margin-top: 0px !important;margin-bottom: 150px !important;}&#8220;] Investitionsprojekt f\u00fcr neue Unternehmer (GALICIA EMPRENDE), das vom Europ\u00e4ischen Fonds f\u00fcr regionale Entwicklung im Rahmen des operationellen Programms Feder Galicia 2014-2020 kofinanziert wird. Das vorgenannte Projekt besteht aus der Inbetriebnahme einer neuen Anlage mit Maschinen, die an das hergestellte Produkt angepasst sind [&hellip;]<\/p>\n","protected":false},"author":3,"featured_media":0,"parent":0,"menu_order":0,"comment_status":"open","ping_status":"open","template":"","meta":{"_acf_changed":false,"footnotes":""},"class_list":["post-11734","page","type-page","status-publish","hentry"],"acf":[],"_links":{"self":[{"href":"https:\/\/calabizo.com\/de\/wp-json\/wp\/v2\/pages\/11734","targetHints":{"allow":["GET"]}}],"collection":[{"href":"https:\/\/calabizo.com\/de\/wp-json\/wp\/v2\/pages"}],"about":[{"href":"https:\/\/calabizo.com\/de\/wp-json\/wp\/v2\/types\/page"}],"author":[{"embeddable":true,"href":"https:\/\/calabizo.com\/de\/wp-json\/wp\/v2\/users\/3"}],"replies":[{"embeddable":true,"href":"https:\/\/calabizo.com\/de\/wp-json\/wp\/v2\/comments?post=11734"}],"version-history":[{"count":1,"href":"https:\/\/calabizo.com\/de\/wp-json\/wp\/v2\/pages\/11734\/revisions"}],"predecessor-version":[{"id":11736,"href":"https:\/\/calabizo.com\/de\/wp-json\/wp\/v2\/pages\/11734\/revisions\/11736"}],"wp:attachment":[{"href":"https:\/\/calabizo.com\/de\/wp-json\/wp\/v2\/media?parent=11734"}],"curies":[{"name":"wp","href":"https:\/\/api.w.org\/{rel}","templated":true}]}}